{"id":23542,"date":"2026-04-01T12:10:08","date_gmt":"2026-04-01T12:10:08","guid":{"rendered":"https:\/\/anges.pt\/?post_type=product&#038;p=23542"},"modified":"2026-04-01T12:52:09","modified_gmt":"2026-04-01T12:52:09","slug":"certificado-reunion-de-lideres-directores-tecnicos-y-tecnicos-del-ipss-en-sintra-copia","status":"publish","type":"product","link":"https:\/\/anges.pt\/es\/produto\/certificado-reunion-de-lideres-directores-tecnicos-y-tecnicos-del-ipss-en-sintra-copia\/","title":{"rendered":"Certificado | Reuni\u00f3n de L\u00edderes, Directores T\u00e9cnicos y T\u00e9cnicos del IPSS en Sintra (C\u00f3pia)"},"content":{"rendered":"<div id=\"wd-682508d66367a\" class=\"wd-text-block wd-wpb reset-last-child wd-rs-682508d66367a wd-width-100 text-left \">\n<h4>Programa<\/h4>\n<h5><span class=\"TextRun Highlight SCXW267949633 BCX0\" lang=\"PT-PT\" xml:lang=\"PT-PT\" data-contrast=\"auto\"><span class=\"NormalTextRun SCXW267949633 BCX0\"><strong>09h30<\/strong> | Momento musical<\/span><\/span><\/h5>\n<h5><span class=\"TextRun Highlight SCXW267949633 BCX0\" lang=\"PT-PT\" xml:lang=\"PT-PT\" data-contrast=\"auto\"><span class=\"NormalTextRun SCXW267949633 BCX0\">Momento musical<\/span><\/span><\/h5>\n<div>Jorge Castro - Director de AEVA<\/div>\n<div>Ricardo Pocinho - Presidente de ANGES<\/div>\n<div><\/div>\n<div><b>Concesi\u00f3n de la Bandera al M\u00e9rito Social a AEVA  <\/b><\/div>\n<\/div>\n<div id=\"wd-6825055b0d809\" class=\"wd-text-block wd-wpb reset-last-child wd-rs-6825055b0d809 wd-width-100 text-left \">\n<h5><strong>10h00<\/strong> | Espacio Talinamed<\/h5>\n<\/div>\n<div id=\"wd-682508f312266\" class=\"wd-text-block wd-wpb reset-last-child wd-rs-682508f312266 wd-width-100 text-left \">\n<h5><strong>10.30 h <\/strong>| Comunicaci\u00f3n: construir un prop\u00f3sito com\u00fan<\/h5>\n<p>Francisco Melo  | Profesor, Director General, Vicepresidente de ANGES<\/p>\n<\/div>\n<div id=\"wd-6825094b3a1f9\" class=\"wd-text-block wd-wpb reset-last-child wd-rs-6825094b3a1f9 wd-width-100 text-left \">\n<h5><strong>11h00<\/strong> | Comunicaci\u00f3n Digital<\/h5>\n<p>Jo\u00e3o Carlos Correia | Director de Impacto - ANGES<\/p>\n<\/div>\n<div id=\"wd-6825095463aa2\" class=\"wd-text-block wd-wpb reset-last-child wd-rs-6825095463aa2 wd-width-100 text-left \">\n<h5>11:20 | La relaci\u00f3n con los medios de comunicaci\u00f3n<\/h5>\n<p>Marta Catarina Rosa | Directora de Comunicaci\u00f3n - ANGES<\/p>\n<\/div>\n<div id=\"wd-682509753a9ea\" class=\"wd-text-block wd-wpb reset-last-child wd-rs-682509753a9ea wd-width-100 text-left \">\n<h5>11:40 | Trabajo en red y comunicaci\u00f3n<\/h5>\n<p>Hugo Miguel Carvalho | Profesor y Networker<\/p>\n<\/div>\n<div id=\"wd-6825062c3d492\" class=\"wd-text-block wd-wpb reset-last-child wd-rs-6825062c3d492 wd-width-100 text-left \">\n<h5>12:10 | Espacio MySenior<\/h5>\n<\/div>\n<div id=\"wd-68250672ebcb9\" class=\"wd-text-block wd-wpb reset-last-child wd-rs-68250672ebcb9 wd-width-100 text-left \">\n<h5>12:30 h | Almuerzo libre<\/h5>\n<div id=\"wd-682509ab022fa\" class=\"wd-text-block wd-wpb reset-last-child wd-rs-682509ab022fa wd-width-100 text-left \">\n<h5><strong>14:30 | La comunicaci\u00f3n con los equipos, el papel del Director T\u00e9cnico<\/strong><\/h5>\n<p>S\u00edlvia Silva | Profesora, Directora T\u00e9cnica, Tesorera de ANGES<\/p>\n<\/div>\n<div id=\"wd-682506e7c2e59\" class=\"wd-text-block wd-wpb reset-last-child wd-rs-682506e7c2e59 wd-width-100 text-left \">\n<h5><strong>15:00 | Espa\u00e7o O Varand\u00e3o<\/strong><\/h5>\n<\/div>\n<div id=\"wd-68250a3bb3f5e\" class=\"wd-text-block wd-wpb reset-last-child wd-rs-68250a3bb3f5e wd-width-100 text-left \">\n<h5><strong>15:20 | El papel del l\u00edder<\/strong><\/h5>\n<div>Ricardo Pocinho | Presidente de ANGES<\/div>\n<div><\/div>\n<div><strong style=\"color: #1b1919;\">16h00 | Honores<\/strong><\/div>\n<\/div>\n<div id=\"wd-68250a6a8afae\" class=\"wd-text-block wd-wpb reset-last-child wd-rs-68250a6a8afae wd-width-100 text-left \">\n<h5><strong>Medallas al M\u00e9rito Social - Grado Oro<\/strong><\/h5>\n<p>Jorge Castro | Presidente AEVA<\/p>\n<p>Carlos Vidal | M\u00e9dico y humorista<\/p>\n<p>Pedro Chagas Freitas | Escritor<\/p>\n<h5><strong>Medallas al M\u00e9rito Social - Grado Oro<\/strong><\/h5>\n<\/div>\n<div id=\"wd-6825079318639\" class=\"wd-text-block wd-wpb reset-last-child wd-rs-6825079318639 wd-width-100 text-left \">\n<h5><strong>16:30 | Clausura y sorteo de premios<\/strong><\/h5>\n<div>Bonos de formaci\u00f3n - ANGES<\/div>\n<div>1 Ordenador Port\u00e1til - Mys\u00e9nior<\/div>\n<div>2 cheques regalo (1 de 300\u20ac y otro de 150\u20ac, para productos SENI) - Talinamed<\/div>\n<\/div>\n<\/div>\n","protected":false},"excerpt":{"rendered":"<div dir=\"ltr\" data-setdir=\"false\">\n<div dir=\"ltr\"><b>REUNI\u00d3N DE DIRIGENTES, DIRECTORES T\u00c9CNICOS Y T\u00c9CNICOS DE LA IPSS EN SINTRA<\/b><\/div>\n<\/div>\n<div><\/div>\n<div>19 de septiembre de 2025 | 09h30 - 17h00<\/div>\n<div><\/div>\n<div><strong><strong>Lugar: Centro Cultural Olga Cadaval<\/strong><\/strong><\/div>\n<p><img decoding=\"async\" class=\"alignnone wp-image-5677 lazyload\" data-src=\"https:\/\/anges.pt\/wp-content\/uploads\/2024\/05\/logo_DGERT-300x261-1.png\" alt=\"\" width=\"138\" height=\"120\" data-srcset=\"https:\/\/anges.pt\/wp-content\/uploads\/2024\/05\/logo_DGERT-300x261-1.png 300w, https:\/\/anges.pt\/wp-content\/uploads\/2024\/05\/logo_DGERT-300x261-1-150x131.png 150w\" data-sizes=\"(max-width: 138px) 100vw, 138px\" src=\"data:image\/svg+xml;base64,PHN2ZyB3aWR0aD0iMSIgaGVpZ2h0PSIxIiB4bWxucz0iaHR0cDovL3d3dy53My5vcmcvMjAwMC9zdmciPjwvc3ZnPg==\" style=\"--smush-placeholder-width: 138px; --smush-placeholder-aspect-ratio: 138\/120;\" \/>                    <img decoding=\"async\" class=\"alignnone wp-image-5676 lazyload\" data-src=\"https:\/\/anges.pt\/wp-content\/uploads\/2024\/05\/Captura-de-ecra-2022-08-17-225607-300x100-1.png\" alt=\"\" width=\"240\" height=\"80\" data-srcset=\"https:\/\/anges.pt\/wp-content\/uploads\/2024\/05\/Captura-de-ecra-2022-08-17-225607-300x100-1.png 300w, https:\/\/anges.pt\/wp-content\/uploads\/2024\/05\/Captura-de-ecra-2022-08-17-225607-300x100-1-150x50.png 150w\" data-sizes=\"(max-width: 240px) 100vw, 240px\" src=\"data:image\/svg+xml;base64,PHN2ZyB3aWR0aD0iMSIgaGVpZ2h0PSIxIiB4bWxucz0iaHR0cDovL3d3dy53My5vcmcvMjAwMC9zdmciPjwvc3ZnPg==\" style=\"--smush-placeholder-width: 240px; --smush-placeholder-aspect-ratio: 240\/80;\" \/><\/p>\n","protected":false},"featured_media":23555,"comment_status":"closed","ping_status":"closed","template":"","meta":[],"product_brand":[],"product_cat":[146],"product_tag":[],"class_list":{"0":"post-23542","1":"product","2":"type-product","3":"status-publish","4":"has-post-thumbnail","6":"product_cat-certificado-es","8":"first","9":"instock","10":"featured","11":"taxable","12":"shipping-taxable","13":"purchasable","14":"product-type-variable","15":"has-default-attributes"},"yoast_head":"<!-- This site is optimized with the Yoast SEO Premium plugin v27.2 (Yoast SEO v27.2) - https:\/\/yoast.com\/product\/yoast-seo-premium-wordpress\/ -->\n<title>Certificado | Reuni\u00f3n de L\u00edderes, Directores T\u00e9cnicos y T\u00e9cnicos del IPSS en Sintra (C\u00f3pia) - Anges<\/title>\n<meta name=\"description\" content=\"Contenidos del programa - Gesti\u00f3n integrada de personas y recursos, gesti\u00f3n de la calidad. L\u00edderes - Francisco Melo, S\u00edlvia Silva y Ricardo Pocinho\" \/>\n<meta name=\"robots\" content=\"index, follow, max-snippet:-1, max-image-preview:large, max-video-preview:-1\" \/>\n<link rel=\"canonical\" href=\"https:\/\/anges.pt\/es\/produto\/certificado-reunion-de-lideres-directores-tecnicos-y-tecnicos-del-ipss-en-sintra-copia\/\" \/>\n<meta property=\"og:locale\" content=\"es_ES\" \/>\n<meta property=\"og:type\" content=\"article\" \/>\n<meta property=\"og:title\" content=\"Certificado | Reuni\u00f3n de L\u00edderes, Directores T\u00e9cnicos y T\u00e9cnicos del IPSS en Sintra (C\u00f3pia)\" \/>\n<meta property=\"og:description\" content=\"Contenidos del programa - Gesti\u00f3n integrada de personas y recursos, gesti\u00f3n de la calidad. L\u00edderes - Francisco Melo, S\u00edlvia Silva y Ricardo Pocinho\" \/>\n<meta property=\"og:url\" content=\"https:\/\/anges.pt\/es\/produto\/certificado-reunion-de-lideres-directores-tecnicos-y-tecnicos-del-ipss-en-sintra-copia\/\" \/>\n<meta property=\"og:site_name\" content=\"Anges\" \/>\n<meta property=\"article:publisher\" content=\"https:\/\/www.facebook.com\/anges.pt\" \/>\n<meta property=\"article:modified_time\" content=\"2026-04-01T12:52:09+00:00\" \/>\n<meta property=\"og:image\" content=\"https:\/\/anges.pt\/wp-content\/uploads\/2025\/05\/Publicacao-do-Instagram-1080x1080-px.-3-300x300.jpeg\" \/>\n<meta name=\"twitter:card\" content=\"summary_large_image\" \/>\n<meta name=\"twitter:label1\" content=\"Tiempo de lectura\" \/>\n\t<meta name=\"twitter:data1\" content=\"1 minuto\" \/>\n<script type=\"application\/ld+json\" class=\"yoast-schema-graph\">{\"@context\":\"https:\/\/schema.org\",\"@graph\":[{\"@type\":\"WebPage\",\"@id\":\"https:\/\/anges.pt\/es\/produto\/certificado-reunion-de-lideres-directores-tecnicos-y-tecnicos-del-ipss-en-sintra-copia\/\",\"url\":\"https:\/\/anges.pt\/es\/produto\/certificado-reunion-de-lideres-directores-tecnicos-y-tecnicos-del-ipss-en-sintra-copia\/\",\"name\":\"Certificado | Reuni\u00f3n de L\u00edderes, Directores T\u00e9cnicos y T\u00e9cnicos del IPSS en Sintra (C\u00f3pia) - Anges\",\"isPartOf\":{\"@id\":\"https:\/\/anges.pt\/es\/#website\"},\"primaryImageOfPage\":{\"@id\":\"https:\/\/anges.pt\/es\/produto\/certificado-reunion-de-lideres-directores-tecnicos-y-tecnicos-del-ipss-en-sintra-copia\/#primaryimage\"},\"image\":{\"@id\":\"https:\/\/anges.pt\/es\/produto\/certificado-reunion-de-lideres-directores-tecnicos-y-tecnicos-del-ipss-en-sintra-copia\/#primaryimage\"},\"thumbnailUrl\":\"https:\/\/anges.pt\/wp-content\/uploads\/2026\/04\/CIPA2026.png\",\"datePublished\":\"2026-04-01T12:10:08+00:00\",\"dateModified\":\"2026-04-01T12:52:09+00:00\",\"description\":\"Contenidos del programa - Gesti\u00f3n integrada de personas y recursos, gesti\u00f3n de la calidad. L\u00edderes - Francisco Melo, S\u00edlvia Silva y Ricardo Pocinho\",\"breadcrumb\":{\"@id\":\"https:\/\/anges.pt\/es\/produto\/certificado-reunion-de-lideres-directores-tecnicos-y-tecnicos-del-ipss-en-sintra-copia\/#breadcrumb\"},\"inLanguage\":\"es\",\"potentialAction\":[{\"@type\":\"ReadAction\",\"target\":[\"https:\/\/anges.pt\/es\/produto\/certificado-reunion-de-lideres-directores-tecnicos-y-tecnicos-del-ipss-en-sintra-copia\/\"]}]},{\"@type\":\"ImageObject\",\"inLanguage\":\"es\",\"@id\":\"https:\/\/anges.pt\/es\/produto\/certificado-reunion-de-lideres-directores-tecnicos-y-tecnicos-del-ipss-en-sintra-copia\/#primaryimage\",\"url\":\"https:\/\/anges.pt\/wp-content\/uploads\/2026\/04\/CIPA2026.png\",\"contentUrl\":\"https:\/\/anges.pt\/wp-content\/uploads\/2026\/04\/CIPA2026.png\",\"width\":1080,\"height\":1080},{\"@type\":\"BreadcrumbList\",\"@id\":\"https:\/\/anges.pt\/es\/produto\/certificado-reunion-de-lideres-directores-tecnicos-y-tecnicos-del-ipss-en-sintra-copia\/#breadcrumb\",\"itemListElement\":[{\"@type\":\"ListItem\",\"position\":1,\"name\":\"In\u00edcio\",\"item\":\"https:\/\/anges.pt\/es\/inicio\/\"},{\"@type\":\"ListItem\",\"position\":2,\"name\":\"Tienda\",\"item\":\"https:\/\/anges.pt\/es\/tienda\/\"},{\"@type\":\"ListItem\",\"position\":3,\"name\":\"Certificado | Reuni\u00f3n de L\u00edderes, Directores T\u00e9cnicos y T\u00e9cnicos del IPSS en Sintra (C\u00f3pia)\"}]},{\"@type\":\"WebSite\",\"@id\":\"https:\/\/anges.pt\/es\/#website\",\"url\":\"https:\/\/anges.pt\/es\/\",\"name\":\"Anges\",\"description\":\"Associa\u00e7\u00e3o Nacional de Gerontologia Social\",\"publisher\":{\"@id\":\"https:\/\/anges.pt\/es\/#organization\"},\"alternateName\":\"Associa\u00e7\u00e3o Nacional de Gerontologia Social\",\"potentialAction\":[{\"@type\":\"SearchAction\",\"target\":{\"@type\":\"EntryPoint\",\"urlTemplate\":\"https:\/\/anges.pt\/es\/?s={search_term_string}\"},\"query-input\":{\"@type\":\"PropertyValueSpecification\",\"valueRequired\":true,\"valueName\":\"search_term_string\"}}],\"inLanguage\":\"es\"},{\"@type\":\"Organization\",\"@id\":\"https:\/\/anges.pt\/es\/#organization\",\"name\":\"Anges\",\"alternateName\":\"Asociaci\u00f3n Nacional de Gerontolog\u00eda Social\",\"url\":\"https:\/\/anges.pt\/es\/\",\"logo\":{\"@type\":\"ImageObject\",\"inLanguage\":\"es\",\"@id\":\"https:\/\/anges.pt\/es\/#\/schema\/logo\/image\/\",\"url\":\"https:\/\/anges.pt\/wp-content\/uploads\/2024\/08\/Dimensoes-personalizadas-3x2-cm-4.jpeg\",\"contentUrl\":\"https:\/\/anges.pt\/wp-content\/uploads\/2024\/08\/Dimensoes-personalizadas-3x2-cm-4.jpeg\",\"width\":170,\"height\":114,\"caption\":\"Anges\"},\"image\":{\"@id\":\"https:\/\/anges.pt\/es\/#\/schema\/logo\/image\/\"},\"sameAs\":[\"https:\/\/www.facebook.com\/anges.pt\",\"https:\/\/www.instagram.com\/associacaoanges\/\"]}]}<\/script>\n<!-- \/ Yoast SEO Premium plugin. -->","yoast_head_json":{"title":"Certificado | Reuni\u00f3n de L\u00edderes, Directores T\u00e9cnicos y T\u00e9cnicos del IPSS en Sintra (C\u00f3pia) - Anges","description":"Contenidos del programa - Gesti\u00f3n integrada de personas y recursos, gesti\u00f3n de la calidad. L\u00edderes - Francisco Melo, S\u00edlvia Silva y Ricardo Pocinho","robots":{"index":"index","follow":"follow","max-snippet":"max-snippet:-1","max-image-preview":"max-image-preview:large","max-video-preview":"max-video-preview:-1"},"canonical":"https:\/\/anges.pt\/es\/produto\/certificado-reunion-de-lideres-directores-tecnicos-y-tecnicos-del-ipss-en-sintra-copia\/","og_locale":"es_ES","og_type":"article","og_title":"Certificado | Reuni\u00f3n de L\u00edderes, Directores T\u00e9cnicos y T\u00e9cnicos del IPSS en Sintra (C\u00f3pia)","og_description":"Contenidos del programa - Gesti\u00f3n integrada de personas y recursos, gesti\u00f3n de la calidad. L\u00edderes - Francisco Melo, S\u00edlvia Silva y Ricardo Pocinho","og_url":"https:\/\/anges.pt\/es\/produto\/certificado-reunion-de-lideres-directores-tecnicos-y-tecnicos-del-ipss-en-sintra-copia\/","og_site_name":"Anges","article_publisher":"https:\/\/www.facebook.com\/anges.pt","article_modified_time":"2026-04-01T12:52:09+00:00","og_image":[{"url":"https:\/\/anges.pt\/wp-content\/uploads\/2025\/05\/Publicacao-do-Instagram-1080x1080-px.-3-300x300.jpeg","type":"","width":"","height":""}],"twitter_card":"summary_large_image","twitter_misc":{"Tiempo de lectura":"1 minuto"},"schema":{"@context":"https:\/\/schema.org","@graph":[{"@type":"WebPage","@id":"https:\/\/anges.pt\/es\/produto\/certificado-reunion-de-lideres-directores-tecnicos-y-tecnicos-del-ipss-en-sintra-copia\/","url":"https:\/\/anges.pt\/es\/produto\/certificado-reunion-de-lideres-directores-tecnicos-y-tecnicos-del-ipss-en-sintra-copia\/","name":"Certificado | Reuni\u00f3n de L\u00edderes, Directores T\u00e9cnicos y T\u00e9cnicos del IPSS en Sintra (C\u00f3pia) - Anges","isPartOf":{"@id":"https:\/\/anges.pt\/es\/#website"},"primaryImageOfPage":{"@id":"https:\/\/anges.pt\/es\/produto\/certificado-reunion-de-lideres-directores-tecnicos-y-tecnicos-del-ipss-en-sintra-copia\/#primaryimage"},"image":{"@id":"https:\/\/anges.pt\/es\/produto\/certificado-reunion-de-lideres-directores-tecnicos-y-tecnicos-del-ipss-en-sintra-copia\/#primaryimage"},"thumbnailUrl":"https:\/\/anges.pt\/wp-content\/uploads\/2026\/04\/CIPA2026.png","datePublished":"2026-04-01T12:10:08+00:00","dateModified":"2026-04-01T12:52:09+00:00","description":"Contenidos del programa - Gesti\u00f3n integrada de personas y recursos, gesti\u00f3n de la calidad. L\u00edderes - Francisco Melo, S\u00edlvia Silva y Ricardo Pocinho","breadcrumb":{"@id":"https:\/\/anges.pt\/es\/produto\/certificado-reunion-de-lideres-directores-tecnicos-y-tecnicos-del-ipss-en-sintra-copia\/#breadcrumb"},"inLanguage":"es","potentialAction":[{"@type":"ReadAction","target":["https:\/\/anges.pt\/es\/produto\/certificado-reunion-de-lideres-directores-tecnicos-y-tecnicos-del-ipss-en-sintra-copia\/"]}]},{"@type":"ImageObject","inLanguage":"es","@id":"https:\/\/anges.pt\/es\/produto\/certificado-reunion-de-lideres-directores-tecnicos-y-tecnicos-del-ipss-en-sintra-copia\/#primaryimage","url":"https:\/\/anges.pt\/wp-content\/uploads\/2026\/04\/CIPA2026.png","contentUrl":"https:\/\/anges.pt\/wp-content\/uploads\/2026\/04\/CIPA2026.png","width":1080,"height":1080},{"@type":"BreadcrumbList","@id":"https:\/\/anges.pt\/es\/produto\/certificado-reunion-de-lideres-directores-tecnicos-y-tecnicos-del-ipss-en-sintra-copia\/#breadcrumb","itemListElement":[{"@type":"ListItem","position":1,"name":"In\u00edcio","item":"https:\/\/anges.pt\/es\/inicio\/"},{"@type":"ListItem","position":2,"name":"Tienda","item":"https:\/\/anges.pt\/es\/tienda\/"},{"@type":"ListItem","position":3,"name":"Certificado | Reuni\u00f3n de L\u00edderes, Directores T\u00e9cnicos y T\u00e9cnicos del IPSS en Sintra (C\u00f3pia)"}]},{"@type":"WebSite","@id":"https:\/\/anges.pt\/es\/#website","url":"https:\/\/anges.pt\/es\/","name":"Anges","description":"Associa\u00e7\u00e3o Nacional de Gerontologia Social","publisher":{"@id":"https:\/\/anges.pt\/es\/#organization"},"alternateName":"Associa\u00e7\u00e3o Nacional de Gerontologia Social","potentialAction":[{"@type":"SearchAction","target":{"@type":"EntryPoint","urlTemplate":"https:\/\/anges.pt\/es\/?s={search_term_string}"},"query-input":{"@type":"PropertyValueSpecification","valueRequired":true,"valueName":"search_term_string"}}],"inLanguage":"es"},{"@type":"Organization","@id":"https:\/\/anges.pt\/es\/#organization","name":"Anges","alternateName":"Asociaci\u00f3n Nacional de Gerontolog\u00eda Social","url":"https:\/\/anges.pt\/es\/","logo":{"@type":"ImageObject","inLanguage":"es","@id":"https:\/\/anges.pt\/es\/#\/schema\/logo\/image\/","url":"https:\/\/anges.pt\/wp-content\/uploads\/2024\/08\/Dimensoes-personalizadas-3x2-cm-4.jpeg","contentUrl":"https:\/\/anges.pt\/wp-content\/uploads\/2024\/08\/Dimensoes-personalizadas-3x2-cm-4.jpeg","width":170,"height":114,"caption":"Anges"},"image":{"@id":"https:\/\/anges.pt\/es\/#\/schema\/logo\/image\/"},"sameAs":["https:\/\/www.facebook.com\/anges.pt","https:\/\/www.instagram.com\/associacaoanges\/"]}]}},"_links":{"self":[{"href":"https:\/\/anges.pt\/es\/wp-json\/wp\/v2\/product\/23542","targetHints":{"allow":["GET"]}}],"collection":[{"href":"https:\/\/anges.pt\/es\/wp-json\/wp\/v2\/product"}],"about":[{"href":"https:\/\/anges.pt\/es\/wp-json\/wp\/v2\/types\/product"}],"replies":[{"embeddable":true,"href":"https:\/\/anges.pt\/es\/wp-json\/wp\/v2\/comments?post=23542"}],"wp:featuredmedia":[{"embeddable":true,"href":"https:\/\/anges.pt\/es\/wp-json\/wp\/v2\/media\/23555"}],"wp:attachment":[{"href":"https:\/\/anges.pt\/es\/wp-json\/wp\/v2\/media?parent=23542"}],"wp:term":[{"taxonomy":"product_brand","embeddable":true,"href":"https:\/\/anges.pt\/es\/wp-json\/wp\/v2\/product_brand?post=23542"},{"taxonomy":"product_cat","embeddable":true,"href":"https:\/\/anges.pt\/es\/wp-json\/wp\/v2\/product_cat?post=23542"},{"taxonomy":"product_tag","embeddable":true,"href":"https:\/\/anges.pt\/es\/wp-json\/wp\/v2\/product_tag?post=23542"}],"curies":[{"name":"wp","href":"https:\/\/api.w.org\/{rel}","templated":true}]}}