{"id":22664,"date":"2026-03-01T09:18:15","date_gmt":"2026-03-01T09:18:15","guid":{"rendered":"https:\/\/anges.pt\/?post_type=product&#038;p=22664"},"modified":"2026-02-25T19:22:50","modified_gmt":"2026-02-25T19:22:50","slug":"3-de-diciembre-cuidados-de-enfermeria-para-personas-mayores-copia-copia-copia-copia-copia-copia-copia-copia-6","status":"publish","type":"product","link":"https:\/\/anges.pt\/es\/produto\/3-de-diciembre-cuidados-de-enfermeria-para-personas-mayores-copia-copia-copia-copia-copia-copia-copia-copia-6\/","title":{"rendered":"3 de diciembre | Cuidados de enfermer\u00eda para personas mayores (C\u00f3pia) (C\u00f3pia) (C\u00f3pia) (C\u00f3pia) (C\u00f3pia) (C\u00f3pia) (C\u00f3pia) (C\u00f3pia)"},"content":{"rendered":"<p>Este curso est\u00e1 dise\u00f1ado para formar a cuidadores formales e informales, t\u00e9cnicos y profesionales del sector social en las pr\u00e1cticas fundamentales de apoyo a las personas mayores y dependientes. Con un enfoque pr\u00e1ctico, humanizado y centrado en la dignidad, el curso ofrece herramientas esenciales para mejorar la calidad de los cuidados, reforzar la comunicaci\u00f3n y prevenir los riesgos asociados a la dependencia y la fragilidad. <\/p>\n","protected":false},"excerpt":{"rendered":"<div dir=\"ltr\">\n<div class=\"x_x_elementToProof\">\n<p><strong>3 horas | 3 de diciembre| 10h00 a 13h00<\/strong><\/p>\n<\/div>\n<\/div>\n<p><strong>ONLINE<\/strong>  <strong>ENF. RICARDO PIRES<\/strong><\/p>\n<p><a href=\"https:\/\/atc.pt\/\"><img decoding=\"async\" class=\"alignnone wp-image-1727 lazyload\" data-src=\"https:\/\/anges.pt\/wp-content\/uploads\/2022\/08\/Captura-de-ecra-2022-08-17-225607-300x100.png\" alt=\"\" width=\"252\" height=\"84\" data-srcset=\"https:\/\/anges.pt\/wp-content\/uploads\/2022\/08\/Captura-de-ecra-2022-08-17-225607-300x100.png 300w, https:\/\/anges.pt\/wp-content\/uploads\/2022\/08\/Captura-de-ecra-2022-08-17-225607-150x50.png 150w, https:\/\/anges.pt\/wp-content\/uploads\/2022\/08\/Captura-de-ecra-2022-08-17-225607-768x256.png 768w, https:\/\/anges.pt\/wp-content\/uploads\/2022\/08\/Captura-de-ecra-2022-08-17-225607.png 814w\" data-sizes=\"(max-width: 252px) 100vw, 252px\" src=\"data:image\/svg+xml;base64,PHN2ZyB3aWR0aD0iMSIgaGVpZ2h0PSIxIiB4bWxucz0iaHR0cDovL3d3dy53My5vcmcvMjAwMC9zdmciPjwvc3ZnPg==\" style=\"--smush-placeholder-width: 252px; --smush-placeholder-aspect-ratio: 252\/84;\" \/><\/a>        <a href=\"https:\/\/www.dgert.gov.pt\/\"><img decoding=\"async\" class=\"alignnone wp-image-1726 lazyload\" data-src=\"https:\/\/anges.pt\/wp-content\/uploads\/2022\/08\/logo_DGERT-300x261.png\" alt=\"\" width=\"112\" height=\"97\" data-srcset=\"https:\/\/anges.pt\/wp-content\/uploads\/2022\/08\/logo_DGERT-300x261.png 300w, https:\/\/anges.pt\/wp-content\/uploads\/2022\/08\/logo_DGERT-150x130.png 150w, https:\/\/anges.pt\/wp-content\/uploads\/2022\/08\/logo_DGERT.png 520w\" data-sizes=\"(max-width: 112px) 100vw, 112px\" src=\"data:image\/svg+xml;base64,PHN2ZyB3aWR0aD0iMSIgaGVpZ2h0PSIxIiB4bWxucz0iaHR0cDovL3d3dy53My5vcmcvMjAwMC9zdmciPjwvc3ZnPg==\" style=\"--smush-placeholder-width: 112px; --smush-placeholder-aspect-ratio: 112\/97;\" \/><\/a><\/p>\n<p>&nbsp;<\/p>\n","protected":false},"featured_media":22681,"comment_status":"closed","ping_status":"closed","template":"","meta":[],"product_brand":[],"product_cat":[136,123,142],"product_tag":[],"class_list":{"0":"post-22664","1":"product","2":"type-product","3":"status-publish","4":"has-post-thumbnail","6":"product_cat-cursos-es","7":"product_cat-inscripcion","8":"product_cat-nuevo","10":"first","11":"instock","12":"featured","13":"taxable","14":"shipping-taxable","15":"purchasable","16":"product-type-variable"},"yoast_head":"<!-- This site is optimized with the Yoast SEO Premium plugin v27.2 (Yoast SEO v27.2) - https:\/\/yoast.com\/product\/yoast-seo-premium-wordpress\/ -->\n<title>3 de diciembre | Cuidados de enfermer\u00eda para personas mayores (C\u00f3pia) (C\u00f3pia) (C\u00f3pia) (C\u00f3pia) (C\u00f3pia) (C\u00f3pia) (C\u00f3pia) (C\u00f3pia) - Anges<\/title>\n<meta name=\"robots\" content=\"index, follow, max-snippet:-1, max-image-preview:large, max-video-preview:-1\" \/>\n<link rel=\"canonical\" href=\"https:\/\/anges.pt\/es\/produto\/3-de-diciembre-cuidados-de-enfermeria-para-personas-mayores-copia-copia-copia-copia-copia-copia-copia-copia-6\/\" \/>\n<meta property=\"og:locale\" content=\"es_ES\" \/>\n<meta property=\"og:type\" content=\"article\" \/>\n<meta property=\"og:title\" content=\"3 de diciembre | Cuidados de enfermer\u00eda para personas mayores (C\u00f3pia) (C\u00f3pia) (C\u00f3pia) (C\u00f3pia) (C\u00f3pia) (C\u00f3pia) (C\u00f3pia) (C\u00f3pia)\" \/>\n<meta property=\"og:description\" content=\"3 horas | 3 de diciembre| 10h00 a 13h00  ONLINE ENF. RICARDO PIRES      &nbsp;\" \/>\n<meta property=\"og:url\" content=\"https:\/\/anges.pt\/es\/produto\/3-de-diciembre-cuidados-de-enfermeria-para-personas-mayores-copia-copia-copia-copia-copia-copia-copia-copia-6\/\" \/>\n<meta property=\"og:site_name\" content=\"Anges\" \/>\n<meta property=\"article:publisher\" content=\"https:\/\/www.facebook.com\/anges.pt\" \/>\n<meta property=\"og:image\" content=\"https:\/\/anges.pt\/wp-content\/uploads\/2026\/02\/MasterSMOS.png\" \/>\n\t<meta property=\"og:image:width\" content=\"1080\" \/>\n\t<meta property=\"og:image:height\" content=\"1080\" \/>\n\t<meta property=\"og:image:type\" content=\"image\/png\" \/>\n<meta name=\"twitter:card\" content=\"summary_large_image\" \/>\n<script type=\"application\/ld+json\" class=\"yoast-schema-graph\">{\"@context\":\"https:\/\/schema.org\",\"@graph\":[{\"@type\":\"WebPage\",\"@id\":\"https:\/\/anges.pt\/es\/produto\/3-de-diciembre-cuidados-de-enfermeria-para-personas-mayores-copia-copia-copia-copia-copia-copia-copia-copia-6\/\",\"url\":\"https:\/\/anges.pt\/es\/produto\/3-de-diciembre-cuidados-de-enfermeria-para-personas-mayores-copia-copia-copia-copia-copia-copia-copia-copia-6\/\",\"name\":\"3 de diciembre | Cuidados de enfermer\u00eda para personas mayores (C\u00f3pia) (C\u00f3pia) (C\u00f3pia) (C\u00f3pia) (C\u00f3pia) (C\u00f3pia) (C\u00f3pia) (C\u00f3pia) - Anges\",\"isPartOf\":{\"@id\":\"https:\/\/anges.pt\/es\/#website\"},\"primaryImageOfPage\":{\"@id\":\"https:\/\/anges.pt\/es\/produto\/3-de-diciembre-cuidados-de-enfermeria-para-personas-mayores-copia-copia-copia-copia-copia-copia-copia-copia-6\/#primaryimage\"},\"image\":{\"@id\":\"https:\/\/anges.pt\/es\/produto\/3-de-diciembre-cuidados-de-enfermeria-para-personas-mayores-copia-copia-copia-copia-copia-copia-copia-copia-6\/#primaryimage\"},\"thumbnailUrl\":\"https:\/\/anges.pt\/wp-content\/uploads\/2026\/02\/MasterSMOS.png\",\"datePublished\":\"2026-03-01T09:18:15+00:00\",\"breadcrumb\":{\"@id\":\"https:\/\/anges.pt\/es\/produto\/3-de-diciembre-cuidados-de-enfermeria-para-personas-mayores-copia-copia-copia-copia-copia-copia-copia-copia-6\/#breadcrumb\"},\"inLanguage\":\"es\",\"potentialAction\":[{\"@type\":\"ReadAction\",\"target\":[\"https:\/\/anges.pt\/es\/produto\/3-de-diciembre-cuidados-de-enfermeria-para-personas-mayores-copia-copia-copia-copia-copia-copia-copia-copia-6\/\"]}]},{\"@type\":\"ImageObject\",\"inLanguage\":\"es\",\"@id\":\"https:\/\/anges.pt\/es\/produto\/3-de-diciembre-cuidados-de-enfermeria-para-personas-mayores-copia-copia-copia-copia-copia-copia-copia-copia-6\/#primaryimage\",\"url\":\"https:\/\/anges.pt\/wp-content\/uploads\/2026\/02\/MasterSMOS.png\",\"contentUrl\":\"https:\/\/anges.pt\/wp-content\/uploads\/2026\/02\/MasterSMOS.png\",\"width\":1080,\"height\":1080},{\"@type\":\"BreadcrumbList\",\"@id\":\"https:\/\/anges.pt\/es\/produto\/3-de-diciembre-cuidados-de-enfermeria-para-personas-mayores-copia-copia-copia-copia-copia-copia-copia-copia-6\/#breadcrumb\",\"itemListElement\":[{\"@type\":\"ListItem\",\"position\":1,\"name\":\"In\u00edcio\",\"item\":\"https:\/\/anges.pt\/es\/inicio\/\"},{\"@type\":\"ListItem\",\"position\":2,\"name\":\"Tienda\",\"item\":\"https:\/\/anges.pt\/es\/tienda\/\"},{\"@type\":\"ListItem\",\"position\":3,\"name\":\"3 de diciembre | Cuidados de enfermer\u00eda para personas mayores (C\u00f3pia) (C\u00f3pia) (C\u00f3pia) (C\u00f3pia) (C\u00f3pia) (C\u00f3pia) (C\u00f3pia) (C\u00f3pia)\"}]},{\"@type\":\"WebSite\",\"@id\":\"https:\/\/anges.pt\/es\/#website\",\"url\":\"https:\/\/anges.pt\/es\/\",\"name\":\"Anges\",\"description\":\"Associa\u00e7\u00e3o Nacional de Gerontologia Social\",\"publisher\":{\"@id\":\"https:\/\/anges.pt\/es\/#organization\"},\"alternateName\":\"Associa\u00e7\u00e3o Nacional de Gerontologia Social\",\"potentialAction\":[{\"@type\":\"SearchAction\",\"target\":{\"@type\":\"EntryPoint\",\"urlTemplate\":\"https:\/\/anges.pt\/es\/?s={search_term_string}\"},\"query-input\":{\"@type\":\"PropertyValueSpecification\",\"valueRequired\":true,\"valueName\":\"search_term_string\"}}],\"inLanguage\":\"es\"},{\"@type\":\"Organization\",\"@id\":\"https:\/\/anges.pt\/es\/#organization\",\"name\":\"Anges\",\"alternateName\":\"Asociaci\u00f3n Nacional de Gerontolog\u00eda Social\",\"url\":\"https:\/\/anges.pt\/es\/\",\"logo\":{\"@type\":\"ImageObject\",\"inLanguage\":\"es\",\"@id\":\"https:\/\/anges.pt\/es\/#\/schema\/logo\/image\/\",\"url\":\"https:\/\/anges.pt\/wp-content\/uploads\/2024\/08\/Dimensoes-personalizadas-3x2-cm-4.jpeg\",\"contentUrl\":\"https:\/\/anges.pt\/wp-content\/uploads\/2024\/08\/Dimensoes-personalizadas-3x2-cm-4.jpeg\",\"width\":170,\"height\":114,\"caption\":\"Anges\"},\"image\":{\"@id\":\"https:\/\/anges.pt\/es\/#\/schema\/logo\/image\/\"},\"sameAs\":[\"https:\/\/www.facebook.com\/anges.pt\",\"https:\/\/www.instagram.com\/associacaoanges\/\"]}]}<\/script>\n<!-- \/ Yoast SEO Premium plugin. -->","yoast_head_json":{"title":"3 de diciembre | Cuidados de enfermer\u00eda para personas mayores (C\u00f3pia) (C\u00f3pia) (C\u00f3pia) (C\u00f3pia) (C\u00f3pia) (C\u00f3pia) (C\u00f3pia) (C\u00f3pia) - Anges","robots":{"index":"index","follow":"follow","max-snippet":"max-snippet:-1","max-image-preview":"max-image-preview:large","max-video-preview":"max-video-preview:-1"},"canonical":"https:\/\/anges.pt\/es\/produto\/3-de-diciembre-cuidados-de-enfermeria-para-personas-mayores-copia-copia-copia-copia-copia-copia-copia-copia-6\/","og_locale":"es_ES","og_type":"article","og_title":"3 de diciembre | Cuidados de enfermer\u00eda para personas mayores (C\u00f3pia) (C\u00f3pia) (C\u00f3pia) (C\u00f3pia) (C\u00f3pia) (C\u00f3pia) (C\u00f3pia) (C\u00f3pia)","og_description":"3 horas | 3 de diciembre| 10h00 a 13h00  ONLINE ENF. RICARDO PIRES      &nbsp;","og_url":"https:\/\/anges.pt\/es\/produto\/3-de-diciembre-cuidados-de-enfermeria-para-personas-mayores-copia-copia-copia-copia-copia-copia-copia-copia-6\/","og_site_name":"Anges","article_publisher":"https:\/\/www.facebook.com\/anges.pt","og_image":[{"width":1080,"height":1080,"url":"https:\/\/anges.pt\/wp-content\/uploads\/2026\/02\/MasterSMOS.png","type":"image\/png"}],"twitter_card":"summary_large_image","schema":{"@context":"https:\/\/schema.org","@graph":[{"@type":"WebPage","@id":"https:\/\/anges.pt\/es\/produto\/3-de-diciembre-cuidados-de-enfermeria-para-personas-mayores-copia-copia-copia-copia-copia-copia-copia-copia-6\/","url":"https:\/\/anges.pt\/es\/produto\/3-de-diciembre-cuidados-de-enfermeria-para-personas-mayores-copia-copia-copia-copia-copia-copia-copia-copia-6\/","name":"3 de diciembre | Cuidados de enfermer\u00eda para personas mayores (C\u00f3pia) (C\u00f3pia) (C\u00f3pia) (C\u00f3pia) (C\u00f3pia) (C\u00f3pia) (C\u00f3pia) (C\u00f3pia) - Anges","isPartOf":{"@id":"https:\/\/anges.pt\/es\/#website"},"primaryImageOfPage":{"@id":"https:\/\/anges.pt\/es\/produto\/3-de-diciembre-cuidados-de-enfermeria-para-personas-mayores-copia-copia-copia-copia-copia-copia-copia-copia-6\/#primaryimage"},"image":{"@id":"https:\/\/anges.pt\/es\/produto\/3-de-diciembre-cuidados-de-enfermeria-para-personas-mayores-copia-copia-copia-copia-copia-copia-copia-copia-6\/#primaryimage"},"thumbnailUrl":"https:\/\/anges.pt\/wp-content\/uploads\/2026\/02\/MasterSMOS.png","datePublished":"2026-03-01T09:18:15+00:00","breadcrumb":{"@id":"https:\/\/anges.pt\/es\/produto\/3-de-diciembre-cuidados-de-enfermeria-para-personas-mayores-copia-copia-copia-copia-copia-copia-copia-copia-6\/#breadcrumb"},"inLanguage":"es","potentialAction":[{"@type":"ReadAction","target":["https:\/\/anges.pt\/es\/produto\/3-de-diciembre-cuidados-de-enfermeria-para-personas-mayores-copia-copia-copia-copia-copia-copia-copia-copia-6\/"]}]},{"@type":"ImageObject","inLanguage":"es","@id":"https:\/\/anges.pt\/es\/produto\/3-de-diciembre-cuidados-de-enfermeria-para-personas-mayores-copia-copia-copia-copia-copia-copia-copia-copia-6\/#primaryimage","url":"https:\/\/anges.pt\/wp-content\/uploads\/2026\/02\/MasterSMOS.png","contentUrl":"https:\/\/anges.pt\/wp-content\/uploads\/2026\/02\/MasterSMOS.png","width":1080,"height":1080},{"@type":"BreadcrumbList","@id":"https:\/\/anges.pt\/es\/produto\/3-de-diciembre-cuidados-de-enfermeria-para-personas-mayores-copia-copia-copia-copia-copia-copia-copia-copia-6\/#breadcrumb","itemListElement":[{"@type":"ListItem","position":1,"name":"In\u00edcio","item":"https:\/\/anges.pt\/es\/inicio\/"},{"@type":"ListItem","position":2,"name":"Tienda","item":"https:\/\/anges.pt\/es\/tienda\/"},{"@type":"ListItem","position":3,"name":"3 de diciembre | Cuidados de enfermer\u00eda para personas mayores (C\u00f3pia) (C\u00f3pia) (C\u00f3pia) (C\u00f3pia) (C\u00f3pia) (C\u00f3pia) (C\u00f3pia) (C\u00f3pia)"}]},{"@type":"WebSite","@id":"https:\/\/anges.pt\/es\/#website","url":"https:\/\/anges.pt\/es\/","name":"Anges","description":"Associa\u00e7\u00e3o Nacional de Gerontologia Social","publisher":{"@id":"https:\/\/anges.pt\/es\/#organization"},"alternateName":"Associa\u00e7\u00e3o Nacional de Gerontologia Social","potentialAction":[{"@type":"SearchAction","target":{"@type":"EntryPoint","urlTemplate":"https:\/\/anges.pt\/es\/?s={search_term_string}"},"query-input":{"@type":"PropertyValueSpecification","valueRequired":true,"valueName":"search_term_string"}}],"inLanguage":"es"},{"@type":"Organization","@id":"https:\/\/anges.pt\/es\/#organization","name":"Anges","alternateName":"Asociaci\u00f3n Nacional de Gerontolog\u00eda Social","url":"https:\/\/anges.pt\/es\/","logo":{"@type":"ImageObject","inLanguage":"es","@id":"https:\/\/anges.pt\/es\/#\/schema\/logo\/image\/","url":"https:\/\/anges.pt\/wp-content\/uploads\/2024\/08\/Dimensoes-personalizadas-3x2-cm-4.jpeg","contentUrl":"https:\/\/anges.pt\/wp-content\/uploads\/2024\/08\/Dimensoes-personalizadas-3x2-cm-4.jpeg","width":170,"height":114,"caption":"Anges"},"image":{"@id":"https:\/\/anges.pt\/es\/#\/schema\/logo\/image\/"},"sameAs":["https:\/\/www.facebook.com\/anges.pt","https:\/\/www.instagram.com\/associacaoanges\/"]}]}},"_links":{"self":[{"href":"https:\/\/anges.pt\/es\/wp-json\/wp\/v2\/product\/22664","targetHints":{"allow":["GET"]}}],"collection":[{"href":"https:\/\/anges.pt\/es\/wp-json\/wp\/v2\/product"}],"about":[{"href":"https:\/\/anges.pt\/es\/wp-json\/wp\/v2\/types\/product"}],"replies":[{"embeddable":true,"href":"https:\/\/anges.pt\/es\/wp-json\/wp\/v2\/comments?post=22664"}],"wp:featuredmedia":[{"embeddable":true,"href":"https:\/\/anges.pt\/es\/wp-json\/wp\/v2\/media\/22681"}],"wp:attachment":[{"href":"https:\/\/anges.pt\/es\/wp-json\/wp\/v2\/media?parent=22664"}],"wp:term":[{"taxonomy":"product_brand","embeddable":true,"href":"https:\/\/anges.pt\/es\/wp-json\/wp\/v2\/product_brand?post=22664"},{"taxonomy":"product_cat","embeddable":true,"href":"https:\/\/anges.pt\/es\/wp-json\/wp\/v2\/product_cat?post=22664"},{"taxonomy":"product_tag","embeddable":true,"href":"https:\/\/anges.pt\/es\/wp-json\/wp\/v2\/product_tag?post=22664"}],"curies":[{"name":"wp","href":"https:\/\/api.w.org\/{rel}","templated":true}]}}