{"id":21340,"date":"2025-10-09T09:40:39","date_gmt":"2025-10-09T09:40:39","guid":{"rendered":"https:\/\/anges.pt\/?post_type=product&#038;p=21340"},"modified":"2025-12-07T02:38:58","modified_gmt":"2025-12-07T02:38:58","slug":"16-de-diciembre-prevencion-de-caidas-en-personas-mayores-copia-2","status":"publish","type":"product","link":"https:\/\/anges.pt\/es\/produto\/16-de-diciembre-prevencion-de-caidas-en-personas-mayores-copia-2\/","title":{"rendered":"16 de diciembre | Prevenci\u00f3n de ca\u00eddas en personas mayores (C\u00f3pia)"},"content":{"rendered":"<p>Las ca\u00eddas entre las personas mayores tienen importantes repercusiones f\u00edsicas, psicol\u00f3gicas y sociales, y se producen tanto en las instituciones sanitarias como en el contexto comunitario, especialmente en el domicilio. Esta realidad, cada vez m\u00e1s frecuente, constituye un grave problema de salud p\u00fablica por sus consecuencias para el bienestar y la calidad de vida de la persona mayor, su familia y los profesionales implicados en su atenci\u00f3n, adem\u00e1s de ocasionar elevados costes sociales y econ\u00f3micos. Diversos factores de riesgo, muchos de ellos de naturaleza ambiental y modificables, est\u00e1n en el origen de estos incidentes. Por ello, la prevenci\u00f3n de las ca\u00eddas debe ser una prioridad, promoviendo entornos m\u00e1s seguros e intervenciones educativas.   <\/p>\n","protected":false},"excerpt":{"rendered":"<div dir=\"ltr\">\n<div class=\"x_x_elementToProof\">\n<p><strong>4 horas | 16 de diciembre| 18h00 a 22h00<\/strong><\/p>\n<\/div>\n<\/div>\n<p><strong>ONLINE<\/strong>  <strong>DRA. JOANA PAIVA<\/strong><\/p>\n<p><a href=\"https:\/\/atc.pt\/\"><img decoding=\"async\" class=\"alignnone wp-image-1727 lazyload\" data-src=\"https:\/\/anges.pt\/wp-content\/uploads\/2022\/08\/Captura-de-ecra-2022-08-17-225607-300x100.png\" alt=\"\" width=\"252\" height=\"84\" data-srcset=\"https:\/\/anges.pt\/wp-content\/uploads\/2022\/08\/Captura-de-ecra-2022-08-17-225607-300x100.png 300w, https:\/\/anges.pt\/wp-content\/uploads\/2022\/08\/Captura-de-ecra-2022-08-17-225607-150x50.png 150w, https:\/\/anges.pt\/wp-content\/uploads\/2022\/08\/Captura-de-ecra-2022-08-17-225607-768x256.png 768w, https:\/\/anges.pt\/wp-content\/uploads\/2022\/08\/Captura-de-ecra-2022-08-17-225607.png 814w\" data-sizes=\"(max-width: 252px) 100vw, 252px\" src=\"data:image\/svg+xml;base64,PHN2ZyB3aWR0aD0iMSIgaGVpZ2h0PSIxIiB4bWxucz0iaHR0cDovL3d3dy53My5vcmcvMjAwMC9zdmciPjwvc3ZnPg==\" style=\"--smush-placeholder-width: 252px; --smush-placeholder-aspect-ratio: 252\/84;\" \/><\/a>        <a href=\"https:\/\/www.dgert.gov.pt\/\"><img decoding=\"async\" class=\"alignnone wp-image-1726 lazyload\" data-src=\"https:\/\/anges.pt\/wp-content\/uploads\/2022\/08\/logo_DGERT-300x261.png\" alt=\"\" width=\"112\" height=\"97\" data-srcset=\"https:\/\/anges.pt\/wp-content\/uploads\/2022\/08\/logo_DGERT-300x261.png 300w, https:\/\/anges.pt\/wp-content\/uploads\/2022\/08\/logo_DGERT-150x130.png 150w, https:\/\/anges.pt\/wp-content\/uploads\/2022\/08\/logo_DGERT.png 520w\" data-sizes=\"(max-width: 112px) 100vw, 112px\" src=\"data:image\/svg+xml;base64,PHN2ZyB3aWR0aD0iMSIgaGVpZ2h0PSIxIiB4bWxucz0iaHR0cDovL3d3dy53My5vcmcvMjAwMC9zdmciPjwvc3ZnPg==\" style=\"--smush-placeholder-width: 112px; --smush-placeholder-aspect-ratio: 112\/97;\" \/><\/a><\/p>\n<p>&nbsp;<\/p>\n","protected":false},"featured_media":21347,"comment_status":"closed","ping_status":"closed","template":"","meta":[],"product_brand":[],"product_cat":[116],"product_tag":[],"class_list":{"0":"post-21340","1":"product","2":"type-product","3":"status-publish","4":"has-post-thumbnail","6":"product_cat-sin-categoria","8":"first","9":"outofstock","10":"featured","11":"taxable","12":"shipping-taxable","13":"purchasable","14":"product-type-variable"},"yoast_head":"<!-- This site is optimized with the Yoast SEO Premium plugin v27.2 (Yoast SEO v27.2) - https:\/\/yoast.com\/product\/yoast-seo-premium-wordpress\/ -->\n<title>16 de diciembre | Prevenci\u00f3n de ca\u00eddas en personas mayores (C\u00f3pia) - Anges<\/title>\n<meta name=\"robots\" content=\"index, follow, max-snippet:-1, max-image-preview:large, max-video-preview:-1\" \/>\n<link rel=\"canonical\" href=\"https:\/\/anges.pt\/es\/produto\/16-de-diciembre-prevencion-de-caidas-en-personas-mayores-copia-2\/\" \/>\n<meta property=\"og:locale\" content=\"es_ES\" \/>\n<meta property=\"og:type\" content=\"article\" \/>\n<meta property=\"og:title\" content=\"16 de diciembre | Prevenci\u00f3n de ca\u00eddas en personas mayores (C\u00f3pia)\" \/>\n<meta property=\"og:description\" content=\"4 horas | 16 de diciembre| 18h00 a 22h00  ONLINE DRA. JOANA PAIVA      &nbsp;\" \/>\n<meta property=\"og:url\" content=\"https:\/\/anges.pt\/es\/produto\/16-de-diciembre-prevencion-de-caidas-en-personas-mayores-copia-2\/\" \/>\n<meta property=\"og:site_name\" content=\"Anges\" \/>\n<meta property=\"article:publisher\" content=\"https:\/\/www.facebook.com\/anges.pt\" \/>\n<meta property=\"article:modified_time\" content=\"2025-12-07T02:38:58+00:00\" \/>\n<meta name=\"twitter:card\" content=\"summary_large_image\" \/>\n<meta name=\"twitter:label1\" content=\"Tiempo de lectura\" \/>\n\t<meta name=\"twitter:data1\" content=\"1 minuto\" \/>\n<script type=\"application\/ld+json\" class=\"yoast-schema-graph\">{\"@context\":\"https:\/\/schema.org\",\"@graph\":[{\"@type\":\"WebPage\",\"@id\":\"https:\/\/anges.pt\/es\/produto\/16-de-diciembre-prevencion-de-caidas-en-personas-mayores-copia-2\/\",\"url\":\"https:\/\/anges.pt\/es\/produto\/16-de-diciembre-prevencion-de-caidas-en-personas-mayores-copia-2\/\",\"name\":\"16 de diciembre | Prevenci\u00f3n de ca\u00eddas en personas mayores (C\u00f3pia) - Anges\",\"isPartOf\":{\"@id\":\"https:\/\/anges.pt\/es\/#website\"},\"primaryImageOfPage\":{\"@id\":\"https:\/\/anges.pt\/es\/produto\/16-de-diciembre-prevencion-de-caidas-en-personas-mayores-copia-2\/#primaryimage\"},\"image\":{\"@id\":\"https:\/\/anges.pt\/es\/produto\/16-de-diciembre-prevencion-de-caidas-en-personas-mayores-copia-2\/#primaryimage\"},\"thumbnailUrl\":\"https:\/\/anges.pt\/wp-content\/uploads\/2025\/10\/22.png\",\"datePublished\":\"2025-10-09T09:40:39+00:00\",\"dateModified\":\"2025-12-07T02:38:58+00:00\",\"breadcrumb\":{\"@id\":\"https:\/\/anges.pt\/es\/produto\/16-de-diciembre-prevencion-de-caidas-en-personas-mayores-copia-2\/#breadcrumb\"},\"inLanguage\":\"es\",\"potentialAction\":[{\"@type\":\"ReadAction\",\"target\":[\"https:\/\/anges.pt\/es\/produto\/16-de-diciembre-prevencion-de-caidas-en-personas-mayores-copia-2\/\"]}]},{\"@type\":\"ImageObject\",\"inLanguage\":\"es\",\"@id\":\"https:\/\/anges.pt\/es\/produto\/16-de-diciembre-prevencion-de-caidas-en-personas-mayores-copia-2\/#primaryimage\",\"url\":\"https:\/\/anges.pt\/wp-content\/uploads\/2025\/10\/22.png\",\"contentUrl\":\"https:\/\/anges.pt\/wp-content\/uploads\/2025\/10\/22.png\",\"width\":1080,\"height\":1080},{\"@type\":\"BreadcrumbList\",\"@id\":\"https:\/\/anges.pt\/es\/produto\/16-de-diciembre-prevencion-de-caidas-en-personas-mayores-copia-2\/#breadcrumb\",\"itemListElement\":[{\"@type\":\"ListItem\",\"position\":1,\"name\":\"In\u00edcio\",\"item\":\"https:\/\/anges.pt\/es\/inicio\/\"},{\"@type\":\"ListItem\",\"position\":2,\"name\":\"Tienda\",\"item\":\"https:\/\/anges.pt\/es\/tienda\/\"},{\"@type\":\"ListItem\",\"position\":3,\"name\":\"16 de diciembre | Prevenci\u00f3n de ca\u00eddas en personas mayores (C\u00f3pia)\"}]},{\"@type\":\"WebSite\",\"@id\":\"https:\/\/anges.pt\/es\/#website\",\"url\":\"https:\/\/anges.pt\/es\/\",\"name\":\"Anges\",\"description\":\"Associa\u00e7\u00e3o Nacional de Gerontologia Social\",\"publisher\":{\"@id\":\"https:\/\/anges.pt\/es\/#organization\"},\"alternateName\":\"Associa\u00e7\u00e3o Nacional de Gerontologia Social\",\"potentialAction\":[{\"@type\":\"SearchAction\",\"target\":{\"@type\":\"EntryPoint\",\"urlTemplate\":\"https:\/\/anges.pt\/es\/?s={search_term_string}\"},\"query-input\":{\"@type\":\"PropertyValueSpecification\",\"valueRequired\":true,\"valueName\":\"search_term_string\"}}],\"inLanguage\":\"es\"},{\"@type\":\"Organization\",\"@id\":\"https:\/\/anges.pt\/es\/#organization\",\"name\":\"Anges\",\"alternateName\":\"Asociaci\u00f3n Nacional de Gerontolog\u00eda Social\",\"url\":\"https:\/\/anges.pt\/es\/\",\"logo\":{\"@type\":\"ImageObject\",\"inLanguage\":\"es\",\"@id\":\"https:\/\/anges.pt\/es\/#\/schema\/logo\/image\/\",\"url\":\"https:\/\/anges.pt\/wp-content\/uploads\/2024\/08\/Dimensoes-personalizadas-3x2-cm-4.jpeg\",\"contentUrl\":\"https:\/\/anges.pt\/wp-content\/uploads\/2024\/08\/Dimensoes-personalizadas-3x2-cm-4.jpeg\",\"width\":170,\"height\":114,\"caption\":\"Anges\"},\"image\":{\"@id\":\"https:\/\/anges.pt\/es\/#\/schema\/logo\/image\/\"},\"sameAs\":[\"https:\/\/www.facebook.com\/anges.pt\",\"https:\/\/www.instagram.com\/associacaoanges\/\"]}]}<\/script>\n<!-- \/ Yoast SEO Premium plugin. -->","yoast_head_json":{"title":"16 de diciembre | Prevenci\u00f3n de ca\u00eddas en personas mayores (C\u00f3pia) - Anges","robots":{"index":"index","follow":"follow","max-snippet":"max-snippet:-1","max-image-preview":"max-image-preview:large","max-video-preview":"max-video-preview:-1"},"canonical":"https:\/\/anges.pt\/es\/produto\/16-de-diciembre-prevencion-de-caidas-en-personas-mayores-copia-2\/","og_locale":"es_ES","og_type":"article","og_title":"16 de diciembre | Prevenci\u00f3n de ca\u00eddas en personas mayores (C\u00f3pia)","og_description":"4 horas | 16 de diciembre| 18h00 a 22h00  ONLINE DRA. JOANA PAIVA      &nbsp;","og_url":"https:\/\/anges.pt\/es\/produto\/16-de-diciembre-prevencion-de-caidas-en-personas-mayores-copia-2\/","og_site_name":"Anges","article_publisher":"https:\/\/www.facebook.com\/anges.pt","article_modified_time":"2025-12-07T02:38:58+00:00","twitter_card":"summary_large_image","twitter_misc":{"Tiempo de lectura":"1 minuto"},"schema":{"@context":"https:\/\/schema.org","@graph":[{"@type":"WebPage","@id":"https:\/\/anges.pt\/es\/produto\/16-de-diciembre-prevencion-de-caidas-en-personas-mayores-copia-2\/","url":"https:\/\/anges.pt\/es\/produto\/16-de-diciembre-prevencion-de-caidas-en-personas-mayores-copia-2\/","name":"16 de diciembre | Prevenci\u00f3n de ca\u00eddas en personas mayores (C\u00f3pia) - Anges","isPartOf":{"@id":"https:\/\/anges.pt\/es\/#website"},"primaryImageOfPage":{"@id":"https:\/\/anges.pt\/es\/produto\/16-de-diciembre-prevencion-de-caidas-en-personas-mayores-copia-2\/#primaryimage"},"image":{"@id":"https:\/\/anges.pt\/es\/produto\/16-de-diciembre-prevencion-de-caidas-en-personas-mayores-copia-2\/#primaryimage"},"thumbnailUrl":"https:\/\/anges.pt\/wp-content\/uploads\/2025\/10\/22.png","datePublished":"2025-10-09T09:40:39+00:00","dateModified":"2025-12-07T02:38:58+00:00","breadcrumb":{"@id":"https:\/\/anges.pt\/es\/produto\/16-de-diciembre-prevencion-de-caidas-en-personas-mayores-copia-2\/#breadcrumb"},"inLanguage":"es","potentialAction":[{"@type":"ReadAction","target":["https:\/\/anges.pt\/es\/produto\/16-de-diciembre-prevencion-de-caidas-en-personas-mayores-copia-2\/"]}]},{"@type":"ImageObject","inLanguage":"es","@id":"https:\/\/anges.pt\/es\/produto\/16-de-diciembre-prevencion-de-caidas-en-personas-mayores-copia-2\/#primaryimage","url":"https:\/\/anges.pt\/wp-content\/uploads\/2025\/10\/22.png","contentUrl":"https:\/\/anges.pt\/wp-content\/uploads\/2025\/10\/22.png","width":1080,"height":1080},{"@type":"BreadcrumbList","@id":"https:\/\/anges.pt\/es\/produto\/16-de-diciembre-prevencion-de-caidas-en-personas-mayores-copia-2\/#breadcrumb","itemListElement":[{"@type":"ListItem","position":1,"name":"In\u00edcio","item":"https:\/\/anges.pt\/es\/inicio\/"},{"@type":"ListItem","position":2,"name":"Tienda","item":"https:\/\/anges.pt\/es\/tienda\/"},{"@type":"ListItem","position":3,"name":"16 de diciembre | Prevenci\u00f3n de ca\u00eddas en personas mayores (C\u00f3pia)"}]},{"@type":"WebSite","@id":"https:\/\/anges.pt\/es\/#website","url":"https:\/\/anges.pt\/es\/","name":"Anges","description":"Associa\u00e7\u00e3o Nacional de Gerontologia Social","publisher":{"@id":"https:\/\/anges.pt\/es\/#organization"},"alternateName":"Associa\u00e7\u00e3o Nacional de Gerontologia Social","potentialAction":[{"@type":"SearchAction","target":{"@type":"EntryPoint","urlTemplate":"https:\/\/anges.pt\/es\/?s={search_term_string}"},"query-input":{"@type":"PropertyValueSpecification","valueRequired":true,"valueName":"search_term_string"}}],"inLanguage":"es"},{"@type":"Organization","@id":"https:\/\/anges.pt\/es\/#organization","name":"Anges","alternateName":"Asociaci\u00f3n Nacional de Gerontolog\u00eda Social","url":"https:\/\/anges.pt\/es\/","logo":{"@type":"ImageObject","inLanguage":"es","@id":"https:\/\/anges.pt\/es\/#\/schema\/logo\/image\/","url":"https:\/\/anges.pt\/wp-content\/uploads\/2024\/08\/Dimensoes-personalizadas-3x2-cm-4.jpeg","contentUrl":"https:\/\/anges.pt\/wp-content\/uploads\/2024\/08\/Dimensoes-personalizadas-3x2-cm-4.jpeg","width":170,"height":114,"caption":"Anges"},"image":{"@id":"https:\/\/anges.pt\/es\/#\/schema\/logo\/image\/"},"sameAs":["https:\/\/www.facebook.com\/anges.pt","https:\/\/www.instagram.com\/associacaoanges\/"]}]}},"_links":{"self":[{"href":"https:\/\/anges.pt\/es\/wp-json\/wp\/v2\/product\/21340","targetHints":{"allow":["GET"]}}],"collection":[{"href":"https:\/\/anges.pt\/es\/wp-json\/wp\/v2\/product"}],"about":[{"href":"https:\/\/anges.pt\/es\/wp-json\/wp\/v2\/types\/product"}],"replies":[{"embeddable":true,"href":"https:\/\/anges.pt\/es\/wp-json\/wp\/v2\/comments?post=21340"}],"wp:featuredmedia":[{"embeddable":true,"href":"https:\/\/anges.pt\/es\/wp-json\/wp\/v2\/media\/21347"}],"wp:attachment":[{"href":"https:\/\/anges.pt\/es\/wp-json\/wp\/v2\/media?parent=21340"}],"wp:term":[{"taxonomy":"product_brand","embeddable":true,"href":"https:\/\/anges.pt\/es\/wp-json\/wp\/v2\/product_brand?post=21340"},{"taxonomy":"product_cat","embeddable":true,"href":"https:\/\/anges.pt\/es\/wp-json\/wp\/v2\/product_cat?post=21340"},{"taxonomy":"product_tag","embeddable":true,"href":"https:\/\/anges.pt\/es\/wp-json\/wp\/v2\/product_tag?post=21340"}],"curies":[{"name":"wp","href":"https:\/\/api.w.org\/{rel}","templated":true}]}}