{"id":14848,"date":"2024-12-05T21:52:49","date_gmt":"2024-12-05T21:52:49","guid":{"rendered":"https:\/\/anges.pt\/produto\/06-y-13-de-marzo-gestion-conductual-y-emocional-en-la-poblacion-discapacitada-3a-edicion\/"},"modified":"2025-03-07T15:42:24","modified_gmt":"2025-03-07T15:42:24","slug":"06-y-13-de-marzo-gestion-conductual-y-emocional-en-la-poblacion-discapacitada-3a-edicion","status":"publish","type":"product","link":"https:\/\/anges.pt\/es\/produto\/06-y-13-de-marzo-gestion-conductual-y-emocional-en-la-poblacion-discapacitada-3a-edicion\/","title":{"rendered":"06 y 13 de marzo | Gesti\u00f3n conductual y emocional en la poblaci\u00f3n discapacitada (3\u00aa Edici\u00f3n)"},"content":{"rendered":"","protected":false},"excerpt":{"rendered":"<div dir=\"ltr\">\n<div class=\"x_x_elementToProof\">\n<p><strong>06 DE MARZO<\/strong><\/p>\n<p>1. Adquirir conocimientos sobre las caracter\u00edsticas espec\u00edficas de los problemas de conducta;<\/p>\n<p>2. Identificar los factores de riesgo y los factores de protecci\u00f3n;<\/p>\n<p>3. Adquirir los conocimientos necesarios para tratar asertivamente los problemas de comportamiento;<\/p>\n<p>4. Aportar conocimientos para el desarrollo de estrategias conjuntas (profesores\/cuidadores y\/o padres).<\/p>\n<p><strong>13 DE MARZO<\/strong><\/p>\n<p>Discusi\u00f3n y resoluci\u00f3n de casos pr\u00e1cticos (basados en el m\u00e9todo del caso)<\/p>\n<p>GRUPO <strong>DESTINATARIO<\/strong>: Este curso de formaci\u00f3n est\u00e1 dirigido a educadores, psic\u00f3logos, monitores, auxiliares educativos, auxiliares de acci\u00f3n directa y otras personas que deseen desarrollar competencias en el \u00e1mbito de la gesti\u00f3n del comportamiento.<\/p>\n<p><strong>RESUMEN:<\/strong><\/p>\n<p>Seg\u00fan la bibliograf\u00eda (Parkes et al, 2008; Sigurdardottir et al, 2010), los ni\u00f1os con Necesidades Educativas Especiales (NEE) tienen un mayor riesgo de padecer problemas de salud mental en comparaci\u00f3n con sus compa\u00f1eros que no presentan ning\u00fan tipo de patolog\u00eda. Este mayor riesgo puede explicarse como resultado de la compleja interacci\u00f3n entre los factores biol\u00f3gicos del cerebro y el contexto psicosocial (Sigurdardottir et al, 2010; Parkes et al, 2008; Woolfson, 2004). <\/p>\n<p>Estos problemas tienden a afectar a los contextos vitales del ni\u00f1o, con especial repercusi\u00f3n en los padres y los profesionales que tratan con ni\u00f1os (profesores, entrenadores, cuidadores) (Parkes et al, 2008; Sigurdardottir et al, 2010) y tienden a ser persistentes en el tiempo (Woolfson, 2004).<\/p>\n<p>Los problemas de conducta, independientemente de su causa, afectan a la forma en que los ni\u00f1os aprenden y gestionan sus vidas, y en los ni\u00f1os con par\u00e1lisis cerebral u otros s\u00edndromes neuromotores tienen una importancia significativa debido al alto riesgo de problemas de conducta (Colver, 2010; Sigurdardottir et al, 2010; Parkes et al, 2008; Woolfson, 2004; Marinho, 2011).<\/p>\n<p>Saber gestionar estas cuestiones puede ser fundamental para prevenir el desarrollo de problemas emocionales y de conducta (Parkes et al, 2008; Sigurdardottir, 2010; Colver, 2010; Woolfson, 2004; Abebe y Hailemariam, 2007).<\/p>\n<p>&nbsp;<\/p>\n<p>4 horas | 06 y 13 de marzo | 18h30 a 20h30<\/p>\n<\/div>\n<\/div>\n<p><strong>ONLINE<\/strong>  <strong>DRA. CARLA MAGALH\u00c3ES <\/strong><\/p>\n<p><a href=\"https:\/\/atc.pt\/\"><img decoding=\"async\" class=\"alignnone wp-image-1727 lazyload\" data-src=\"https:\/\/anges.pt\/wp-content\/uploads\/2022\/08\/Captura-de-ecra-2022-08-17-225607-300x100.png\" alt=\"\" width=\"252\" height=\"84\" data-srcset=\"https:\/\/anges.pt\/wp-content\/uploads\/2022\/08\/Captura-de-ecra-2022-08-17-225607-300x100.png 300w, https:\/\/anges.pt\/wp-content\/uploads\/2022\/08\/Captura-de-ecra-2022-08-17-225607-150x50.png 150w, https:\/\/anges.pt\/wp-content\/uploads\/2022\/08\/Captura-de-ecra-2022-08-17-225607-768x256.png 768w, https:\/\/anges.pt\/wp-content\/uploads\/2022\/08\/Captura-de-ecra-2022-08-17-225607.png 814w\" data-sizes=\"(max-width: 252px) 100vw, 252px\" src=\"data:image\/svg+xml;base64,PHN2ZyB3aWR0aD0iMSIgaGVpZ2h0PSIxIiB4bWxucz0iaHR0cDovL3d3dy53My5vcmcvMjAwMC9zdmciPjwvc3ZnPg==\" style=\"--smush-placeholder-width: 252px; --smush-placeholder-aspect-ratio: 252\/84;\" \/><\/a>        <a href=\"https:\/\/www.dgert.gov.pt\/\"><img decoding=\"async\" class=\"alignnone wp-image-1726 lazyload\" data-src=\"https:\/\/anges.pt\/wp-content\/uploads\/2022\/08\/logo_DGERT-300x261.png\" alt=\"\" width=\"112\" height=\"97\" data-srcset=\"https:\/\/anges.pt\/wp-content\/uploads\/2022\/08\/logo_DGERT-300x261.png 300w, https:\/\/anges.pt\/wp-content\/uploads\/2022\/08\/logo_DGERT-150x130.png 150w, https:\/\/anges.pt\/wp-content\/uploads\/2022\/08\/logo_DGERT.png 520w\" data-sizes=\"(max-width: 112px) 100vw, 112px\" src=\"data:image\/svg+xml;base64,PHN2ZyB3aWR0aD0iMSIgaGVpZ2h0PSIxIiB4bWxucz0iaHR0cDovL3d3dy53My5vcmcvMjAwMC9zdmciPjwvc3ZnPg==\" style=\"--smush-placeholder-width: 112px; --smush-placeholder-aspect-ratio: 112\/97;\" \/><\/a><\/p>\n<p>&nbsp;<\/p>\n","protected":false},"featured_media":14955,"comment_status":"closed","ping_status":"closed","template":"","meta":[],"product_brand":[],"product_cat":[116],"product_tag":[],"class_list":{"0":"post-14848","1":"product","2":"type-product","3":"status-publish","4":"has-post-thumbnail","6":"product_cat-sin-categoria","8":"first","9":"instock","10":"featured","11":"taxable","12":"shipping-taxable","13":"purchasable","14":"product-type-variable"},"yoast_head":"<!-- This site is optimized with the Yoast SEO Premium plugin v27.2 (Yoast SEO v27.2) - https:\/\/yoast.com\/product\/yoast-seo-premium-wordpress\/ -->\n<title>06 y 13 de marzo | Gesti\u00f3n conductual y emocional en la poblaci\u00f3n discapacitada (3\u00aa Edici\u00f3n) - Anges<\/title>\n<meta name=\"robots\" content=\"index, follow, max-snippet:-1, max-image-preview:large, max-video-preview:-1\" \/>\n<link rel=\"canonical\" href=\"https:\/\/anges.pt\/es\/produto\/06-y-13-de-marzo-gestion-conductual-y-emocional-en-la-poblacion-discapacitada-3a-edicion\/\" \/>\n<meta property=\"og:locale\" content=\"es_ES\" \/>\n<meta property=\"og:type\" content=\"article\" \/>\n<meta property=\"og:title\" content=\"06 y 13 de marzo | Gesti\u00f3n conductual y emocional en la poblaci\u00f3n discapacitada (3\u00aa Edici\u00f3n)\" \/>\n<meta property=\"og:description\" content=\"06 DE MARZO 1. Adquirir conocimientos sobre las caracter\u00edsticas espec\u00edficas de los problemas de conducta; 2. Identificar los factores de riesgo y los factores de protecci\u00f3n; 3. Adquirir los conocimientos necesarios para tratar asertivamente los problemas de comportamiento; 4. Aportar conocimientos para el desarrollo de estrategias conjuntas (profesores\/cuidadores y\/o padres). 13 DE MARZO Discusi\u00f3n y resoluci\u00f3n de casos pr\u00e1cticos (basados en el m\u00e9todo del caso) GRUPO DESTINATARIO: Este curso de formaci\u00f3n est\u00e1 dirigido a educadores, psic\u00f3logos, monitores, auxiliares educativos, auxiliares de acci\u00f3n directa y otras personas que deseen desarrollar competencias en el \u00e1mbito de la gesti\u00f3n del comportamiento. RESUMEN: Seg\u00fan la bibliograf\u00eda (Parkes et al, 2008; Sigurdardottir et al, 2010), los ni\u00f1os con Necesidades Educativas Especiales (NEE) tienen un mayor riesgo de padecer problemas de salud mental en comparaci\u00f3n con sus compa\u00f1eros que no presentan ning\u00fan tipo de patolog\u00eda. Este mayor riesgo puede explicarse como resultado de la compleja interacci\u00f3n entre los factores biol\u00f3gicos del cerebro y el contexto psicosocial (Sigurdardottir et al, 2010; Parkes et al, 2008; Woolfson, 2004).  Estos problemas tienden a afectar a los contextos vitales del ni\u00f1o, con especial repercusi\u00f3n en los padres y los profesionales que tratan con ni\u00f1os (profesores, entrenadores, cuidadores) (Parkes et al, 2008; Sigurdardottir et al, 2010) y tienden a ser persistentes en el tiempo (Woolfson, 2004). Los problemas de conducta, independientemente de su causa, afectan a la forma en que los ni\u00f1os aprenden y gestionan sus vidas, y en los ni\u00f1os con par\u00e1lisis cerebral u otros s\u00edndromes neuromotores tienen una importancia significativa debido al alto riesgo de problemas de conducta (Colver, 2010; Sigurdardottir et al, 2010; Parkes et al, 2008; Woolfson, 2004; Marinho, 2011). Saber gestionar estas cuestiones puede ser fundamental para prevenir el desarrollo de problemas emocionales y de conducta (Parkes et al, 2008; Sigurdardottir, 2010; Colver, 2010; Woolfson, 2004; Abebe y Hailemariam, 2007). &nbsp; 4 horas | 06 y 13 de marzo | 18h30 a 20h30  ONLINE DRA. CARLA MAGALH\u00c3ES       &nbsp;\" \/>\n<meta property=\"og:url\" content=\"https:\/\/anges.pt\/es\/produto\/06-y-13-de-marzo-gestion-conductual-y-emocional-en-la-poblacion-discapacitada-3a-edicion\/\" \/>\n<meta property=\"og:site_name\" content=\"Anges\" \/>\n<meta property=\"article:publisher\" content=\"https:\/\/www.facebook.com\/anges.pt\" \/>\n<meta property=\"article:modified_time\" content=\"2025-03-07T15:42:24+00:00\" \/>\n<meta property=\"og:image\" content=\"https:\/\/anges.pt\/wp-content\/uploads\/2024\/12\/page-4-1.jpeg\" \/>\n\t<meta property=\"og:image:width\" content=\"1080\" \/>\n\t<meta property=\"og:image:height\" content=\"1080\" \/>\n\t<meta property=\"og:image:type\" content=\"image\/jpeg\" \/>\n<meta name=\"twitter:card\" content=\"summary_large_image\" \/>\n<script type=\"application\/ld+json\" class=\"yoast-schema-graph\">{\"@context\":\"https:\/\/schema.org\",\"@graph\":[{\"@type\":\"WebPage\",\"@id\":\"https:\/\/anges.pt\/es\/produto\/06-y-13-de-marzo-gestion-conductual-y-emocional-en-la-poblacion-discapacitada-3a-edicion\/\",\"url\":\"https:\/\/anges.pt\/es\/produto\/06-y-13-de-marzo-gestion-conductual-y-emocional-en-la-poblacion-discapacitada-3a-edicion\/\",\"name\":\"06 y 13 de marzo | Gesti\u00f3n conductual y emocional en la poblaci\u00f3n discapacitada (3\u00aa Edici\u00f3n) - Anges\",\"isPartOf\":{\"@id\":\"https:\/\/anges.pt\/es\/#website\"},\"primaryImageOfPage\":{\"@id\":\"https:\/\/anges.pt\/es\/produto\/06-y-13-de-marzo-gestion-conductual-y-emocional-en-la-poblacion-discapacitada-3a-edicion\/#primaryimage\"},\"image\":{\"@id\":\"https:\/\/anges.pt\/es\/produto\/06-y-13-de-marzo-gestion-conductual-y-emocional-en-la-poblacion-discapacitada-3a-edicion\/#primaryimage\"},\"thumbnailUrl\":\"https:\/\/anges.pt\/wp-content\/uploads\/2024\/12\/page-4-1.jpeg\",\"datePublished\":\"2024-12-05T21:52:49+00:00\",\"dateModified\":\"2025-03-07T15:42:24+00:00\",\"breadcrumb\":{\"@id\":\"https:\/\/anges.pt\/es\/produto\/06-y-13-de-marzo-gestion-conductual-y-emocional-en-la-poblacion-discapacitada-3a-edicion\/#breadcrumb\"},\"inLanguage\":\"es\",\"potentialAction\":[{\"@type\":\"ReadAction\",\"target\":[\"https:\/\/anges.pt\/es\/produto\/06-y-13-de-marzo-gestion-conductual-y-emocional-en-la-poblacion-discapacitada-3a-edicion\/\"]}]},{\"@type\":\"ImageObject\",\"inLanguage\":\"es\",\"@id\":\"https:\/\/anges.pt\/es\/produto\/06-y-13-de-marzo-gestion-conductual-y-emocional-en-la-poblacion-discapacitada-3a-edicion\/#primaryimage\",\"url\":\"https:\/\/anges.pt\/wp-content\/uploads\/2024\/12\/page-4-1.jpeg\",\"contentUrl\":\"https:\/\/anges.pt\/wp-content\/uploads\/2024\/12\/page-4-1.jpeg\",\"width\":1080,\"height\":1080},{\"@type\":\"BreadcrumbList\",\"@id\":\"https:\/\/anges.pt\/es\/produto\/06-y-13-de-marzo-gestion-conductual-y-emocional-en-la-poblacion-discapacitada-3a-edicion\/#breadcrumb\",\"itemListElement\":[{\"@type\":\"ListItem\",\"position\":1,\"name\":\"In\u00edcio\",\"item\":\"https:\/\/anges.pt\/es\/inicio\/\"},{\"@type\":\"ListItem\",\"position\":2,\"name\":\"Tienda\",\"item\":\"https:\/\/anges.pt\/es\/tienda\/\"},{\"@type\":\"ListItem\",\"position\":3,\"name\":\"06 y 13 de marzo | Gesti\u00f3n conductual y emocional en la poblaci\u00f3n discapacitada (3\u00aa Edici\u00f3n)\"}]},{\"@type\":\"WebSite\",\"@id\":\"https:\/\/anges.pt\/es\/#website\",\"url\":\"https:\/\/anges.pt\/es\/\",\"name\":\"Anges\",\"description\":\"Associa\u00e7\u00e3o Nacional de Gerontologia Social\",\"publisher\":{\"@id\":\"https:\/\/anges.pt\/es\/#organization\"},\"alternateName\":\"Associa\u00e7\u00e3o Nacional de Gerontologia Social\",\"potentialAction\":[{\"@type\":\"SearchAction\",\"target\":{\"@type\":\"EntryPoint\",\"urlTemplate\":\"https:\/\/anges.pt\/es\/?s={search_term_string}\"},\"query-input\":{\"@type\":\"PropertyValueSpecification\",\"valueRequired\":true,\"valueName\":\"search_term_string\"}}],\"inLanguage\":\"es\"},{\"@type\":\"Organization\",\"@id\":\"https:\/\/anges.pt\/es\/#organization\",\"name\":\"Anges\",\"alternateName\":\"Asociaci\u00f3n Nacional de Gerontolog\u00eda Social\",\"url\":\"https:\/\/anges.pt\/es\/\",\"logo\":{\"@type\":\"ImageObject\",\"inLanguage\":\"es\",\"@id\":\"https:\/\/anges.pt\/es\/#\/schema\/logo\/image\/\",\"url\":\"https:\/\/anges.pt\/wp-content\/uploads\/2024\/08\/Dimensoes-personalizadas-3x2-cm-4.jpeg\",\"contentUrl\":\"https:\/\/anges.pt\/wp-content\/uploads\/2024\/08\/Dimensoes-personalizadas-3x2-cm-4.jpeg\",\"width\":170,\"height\":114,\"caption\":\"Anges\"},\"image\":{\"@id\":\"https:\/\/anges.pt\/es\/#\/schema\/logo\/image\/\"},\"sameAs\":[\"https:\/\/www.facebook.com\/anges.pt\",\"https:\/\/www.instagram.com\/associacaoanges\/\"]}]}<\/script>\n<!-- \/ Yoast SEO Premium plugin. -->","yoast_head_json":{"title":"06 y 13 de marzo | Gesti\u00f3n conductual y emocional en la poblaci\u00f3n discapacitada (3\u00aa Edici\u00f3n) - Anges","robots":{"index":"index","follow":"follow","max-snippet":"max-snippet:-1","max-image-preview":"max-image-preview:large","max-video-preview":"max-video-preview:-1"},"canonical":"https:\/\/anges.pt\/es\/produto\/06-y-13-de-marzo-gestion-conductual-y-emocional-en-la-poblacion-discapacitada-3a-edicion\/","og_locale":"es_ES","og_type":"article","og_title":"06 y 13 de marzo | Gesti\u00f3n conductual y emocional en la poblaci\u00f3n discapacitada (3\u00aa Edici\u00f3n)","og_description":"06 DE MARZO 1. Adquirir conocimientos sobre las caracter\u00edsticas espec\u00edficas de los problemas de conducta; 2. Identificar los factores de riesgo y los factores de protecci\u00f3n; 3. Adquirir los conocimientos necesarios para tratar asertivamente los problemas de comportamiento; 4. Aportar conocimientos para el desarrollo de estrategias conjuntas (profesores\/cuidadores y\/o padres). 13 DE MARZO Discusi\u00f3n y resoluci\u00f3n de casos pr\u00e1cticos (basados en el m\u00e9todo del caso) GRUPO DESTINATARIO: Este curso de formaci\u00f3n est\u00e1 dirigido a educadores, psic\u00f3logos, monitores, auxiliares educativos, auxiliares de acci\u00f3n directa y otras personas que deseen desarrollar competencias en el \u00e1mbito de la gesti\u00f3n del comportamiento. RESUMEN: Seg\u00fan la bibliograf\u00eda (Parkes et al, 2008; Sigurdardottir et al, 2010), los ni\u00f1os con Necesidades Educativas Especiales (NEE) tienen un mayor riesgo de padecer problemas de salud mental en comparaci\u00f3n con sus compa\u00f1eros que no presentan ning\u00fan tipo de patolog\u00eda. Este mayor riesgo puede explicarse como resultado de la compleja interacci\u00f3n entre los factores biol\u00f3gicos del cerebro y el contexto psicosocial (Sigurdardottir et al, 2010; Parkes et al, 2008; Woolfson, 2004).  Estos problemas tienden a afectar a los contextos vitales del ni\u00f1o, con especial repercusi\u00f3n en los padres y los profesionales que tratan con ni\u00f1os (profesores, entrenadores, cuidadores) (Parkes et al, 2008; Sigurdardottir et al, 2010) y tienden a ser persistentes en el tiempo (Woolfson, 2004). Los problemas de conducta, independientemente de su causa, afectan a la forma en que los ni\u00f1os aprenden y gestionan sus vidas, y en los ni\u00f1os con par\u00e1lisis cerebral u otros s\u00edndromes neuromotores tienen una importancia significativa debido al alto riesgo de problemas de conducta (Colver, 2010; Sigurdardottir et al, 2010; Parkes et al, 2008; Woolfson, 2004; Marinho, 2011). Saber gestionar estas cuestiones puede ser fundamental para prevenir el desarrollo de problemas emocionales y de conducta (Parkes et al, 2008; Sigurdardottir, 2010; Colver, 2010; Woolfson, 2004; Abebe y Hailemariam, 2007). &nbsp; 4 horas | 06 y 13 de marzo | 18h30 a 20h30  ONLINE DRA. CARLA MAGALH\u00c3ES       &nbsp;","og_url":"https:\/\/anges.pt\/es\/produto\/06-y-13-de-marzo-gestion-conductual-y-emocional-en-la-poblacion-discapacitada-3a-edicion\/","og_site_name":"Anges","article_publisher":"https:\/\/www.facebook.com\/anges.pt","article_modified_time":"2025-03-07T15:42:24+00:00","og_image":[{"width":1080,"height":1080,"url":"https:\/\/anges.pt\/wp-content\/uploads\/2024\/12\/page-4-1.jpeg","type":"image\/jpeg"}],"twitter_card":"summary_large_image","schema":{"@context":"https:\/\/schema.org","@graph":[{"@type":"WebPage","@id":"https:\/\/anges.pt\/es\/produto\/06-y-13-de-marzo-gestion-conductual-y-emocional-en-la-poblacion-discapacitada-3a-edicion\/","url":"https:\/\/anges.pt\/es\/produto\/06-y-13-de-marzo-gestion-conductual-y-emocional-en-la-poblacion-discapacitada-3a-edicion\/","name":"06 y 13 de marzo | Gesti\u00f3n conductual y emocional en la poblaci\u00f3n discapacitada (3\u00aa Edici\u00f3n) - Anges","isPartOf":{"@id":"https:\/\/anges.pt\/es\/#website"},"primaryImageOfPage":{"@id":"https:\/\/anges.pt\/es\/produto\/06-y-13-de-marzo-gestion-conductual-y-emocional-en-la-poblacion-discapacitada-3a-edicion\/#primaryimage"},"image":{"@id":"https:\/\/anges.pt\/es\/produto\/06-y-13-de-marzo-gestion-conductual-y-emocional-en-la-poblacion-discapacitada-3a-edicion\/#primaryimage"},"thumbnailUrl":"https:\/\/anges.pt\/wp-content\/uploads\/2024\/12\/page-4-1.jpeg","datePublished":"2024-12-05T21:52:49+00:00","dateModified":"2025-03-07T15:42:24+00:00","breadcrumb":{"@id":"https:\/\/anges.pt\/es\/produto\/06-y-13-de-marzo-gestion-conductual-y-emocional-en-la-poblacion-discapacitada-3a-edicion\/#breadcrumb"},"inLanguage":"es","potentialAction":[{"@type":"ReadAction","target":["https:\/\/anges.pt\/es\/produto\/06-y-13-de-marzo-gestion-conductual-y-emocional-en-la-poblacion-discapacitada-3a-edicion\/"]}]},{"@type":"ImageObject","inLanguage":"es","@id":"https:\/\/anges.pt\/es\/produto\/06-y-13-de-marzo-gestion-conductual-y-emocional-en-la-poblacion-discapacitada-3a-edicion\/#primaryimage","url":"https:\/\/anges.pt\/wp-content\/uploads\/2024\/12\/page-4-1.jpeg","contentUrl":"https:\/\/anges.pt\/wp-content\/uploads\/2024\/12\/page-4-1.jpeg","width":1080,"height":1080},{"@type":"BreadcrumbList","@id":"https:\/\/anges.pt\/es\/produto\/06-y-13-de-marzo-gestion-conductual-y-emocional-en-la-poblacion-discapacitada-3a-edicion\/#breadcrumb","itemListElement":[{"@type":"ListItem","position":1,"name":"In\u00edcio","item":"https:\/\/anges.pt\/es\/inicio\/"},{"@type":"ListItem","position":2,"name":"Tienda","item":"https:\/\/anges.pt\/es\/tienda\/"},{"@type":"ListItem","position":3,"name":"06 y 13 de marzo | Gesti\u00f3n conductual y emocional en la poblaci\u00f3n discapacitada (3\u00aa Edici\u00f3n)"}]},{"@type":"WebSite","@id":"https:\/\/anges.pt\/es\/#website","url":"https:\/\/anges.pt\/es\/","name":"Anges","description":"Associa\u00e7\u00e3o Nacional de Gerontologia Social","publisher":{"@id":"https:\/\/anges.pt\/es\/#organization"},"alternateName":"Associa\u00e7\u00e3o Nacional de Gerontologia Social","potentialAction":[{"@type":"SearchAction","target":{"@type":"EntryPoint","urlTemplate":"https:\/\/anges.pt\/es\/?s={search_term_string}"},"query-input":{"@type":"PropertyValueSpecification","valueRequired":true,"valueName":"search_term_string"}}],"inLanguage":"es"},{"@type":"Organization","@id":"https:\/\/anges.pt\/es\/#organization","name":"Anges","alternateName":"Asociaci\u00f3n Nacional de Gerontolog\u00eda Social","url":"https:\/\/anges.pt\/es\/","logo":{"@type":"ImageObject","inLanguage":"es","@id":"https:\/\/anges.pt\/es\/#\/schema\/logo\/image\/","url":"https:\/\/anges.pt\/wp-content\/uploads\/2024\/08\/Dimensoes-personalizadas-3x2-cm-4.jpeg","contentUrl":"https:\/\/anges.pt\/wp-content\/uploads\/2024\/08\/Dimensoes-personalizadas-3x2-cm-4.jpeg","width":170,"height":114,"caption":"Anges"},"image":{"@id":"https:\/\/anges.pt\/es\/#\/schema\/logo\/image\/"},"sameAs":["https:\/\/www.facebook.com\/anges.pt","https:\/\/www.instagram.com\/associacaoanges\/"]}]}},"_links":{"self":[{"href":"https:\/\/anges.pt\/es\/wp-json\/wp\/v2\/product\/14848","targetHints":{"allow":["GET"]}}],"collection":[{"href":"https:\/\/anges.pt\/es\/wp-json\/wp\/v2\/product"}],"about":[{"href":"https:\/\/anges.pt\/es\/wp-json\/wp\/v2\/types\/product"}],"replies":[{"embeddable":true,"href":"https:\/\/anges.pt\/es\/wp-json\/wp\/v2\/comments?post=14848"}],"wp:featuredmedia":[{"embeddable":true,"href":"https:\/\/anges.pt\/es\/wp-json\/wp\/v2\/media\/14955"}],"wp:attachment":[{"href":"https:\/\/anges.pt\/es\/wp-json\/wp\/v2\/media?parent=14848"}],"wp:term":[{"taxonomy":"product_brand","embeddable":true,"href":"https:\/\/anges.pt\/es\/wp-json\/wp\/v2\/product_brand?post=14848"},{"taxonomy":"product_cat","embeddable":true,"href":"https:\/\/anges.pt\/es\/wp-json\/wp\/v2\/product_cat?post=14848"},{"taxonomy":"product_tag","embeddable":true,"href":"https:\/\/anges.pt\/es\/wp-json\/wp\/v2\/product_tag?post=14848"}],"curies":[{"name":"wp","href":"https:\/\/api.w.org\/{rel}","templated":true}]}}