{"id":13833,"date":"2022-04-19T13:16:07","date_gmt":"2022-04-19T13:16:07","guid":{"rendered":"https:\/\/anges.pt\/produto\/30a-edicion-master-en-direccion-tecnica-y-coordinacion-de-servicios-en-organizaciones-sociales\/"},"modified":"2022-04-19T13:16:07","modified_gmt":"2022-04-19T13:16:07","slug":"30a-edicion-master-en-direccion-tecnica-y-coordinacion-de-servicios-en-organizaciones-sociales","status":"publish","type":"product","link":"https:\/\/anges.pt\/es\/produto\/30a-edicion-master-en-direccion-tecnica-y-coordinacion-de-servicios-en-organizaciones-sociales\/","title":{"rendered":"30\u00aa Edici\u00f3n | M\u00e1ster en Direcci\u00f3n T\u00e9cnica y Coordinaci\u00f3n de Servicios en Organizaciones Sociales"},"content":{"rendered":"","protected":false},"excerpt":{"rendered":"<p><strong>Inversi\u00f3n:<\/strong> Socios ANGES: 650\u20ac | No Socios: 1000\u20ac<\/p>\n<p>La formaci\u00f3n se puede pagar en 8 plazos, entre septiembre de 2022 y abril de 2023<\/p>\n<p>Socios ANGES: 8 x 90\u20ac | No Socios: 8 x 135\u20ac<\/p>\n<p>Si deseas pagar a plazos, solicita un formulario de inscripci\u00f3n por correo electr\u00f3nico a geral@anges.pt<\/p>\n<p><img decoding=\"async\" class=\"alignnone wp-image-1727 lazyload\" data-src=\"https:\/\/anges.pt\/wp-content\/uploads\/2022\/08\/Captura-de-ecra-2022-08-17-225607-300x100.png\" alt=\"\" width=\"252\" height=\"84\" data-srcset=\"https:\/\/anges.pt\/wp-content\/uploads\/2022\/08\/Captura-de-ecra-2022-08-17-225607-300x100.png 300w, https:\/\/anges.pt\/wp-content\/uploads\/2022\/08\/Captura-de-ecra-2022-08-17-225607-150x50.png 150w, https:\/\/anges.pt\/wp-content\/uploads\/2022\/08\/Captura-de-ecra-2022-08-17-225607-768x256.png 768w, https:\/\/anges.pt\/wp-content\/uploads\/2022\/08\/Captura-de-ecra-2022-08-17-225607.png 814w\" data-sizes=\"(max-width: 252px) 100vw, 252px\" src=\"data:image\/svg+xml;base64,PHN2ZyB3aWR0aD0iMSIgaGVpZ2h0PSIxIiB4bWxucz0iaHR0cDovL3d3dy53My5vcmcvMjAwMC9zdmciPjwvc3ZnPg==\" style=\"--smush-placeholder-width: 252px; --smush-placeholder-aspect-ratio: 252\/84;\" \/>        <img decoding=\"async\" class=\"alignnone wp-image-1726 lazyload\" data-src=\"https:\/\/anges.pt\/wp-content\/uploads\/2022\/08\/logo_DGERT-300x261.png\" alt=\"\" width=\"113\" height=\"98\" data-srcset=\"https:\/\/anges.pt\/wp-content\/uploads\/2022\/08\/logo_DGERT-300x261.png 300w, https:\/\/anges.pt\/wp-content\/uploads\/2022\/08\/logo_DGERT-150x130.png 150w, https:\/\/anges.pt\/wp-content\/uploads\/2022\/08\/logo_DGERT.png 520w\" data-sizes=\"(max-width: 113px) 100vw, 113px\" src=\"data:image\/svg+xml;base64,PHN2ZyB3aWR0aD0iMSIgaGVpZ2h0PSIxIiB4bWxucz0iaHR0cDovL3d3dy53My5vcmcvMjAwMC9zdmciPjwvc3ZnPg==\" style=\"--smush-placeholder-width: 113px; --smush-placeholder-aspect-ratio: 113\/98;\" \/>        <img decoding=\"async\" class=\"alignnone wp-image-1728 lazyload\" data-src=\"https:\/\/anges.pt\/wp-content\/uploads\/2022\/04\/Publicacao-do-Facebook-940x788-px.-8-300x129.jpg\" alt=\"\" width=\"272\" height=\"117\" data-srcset=\"https:\/\/anges.pt\/wp-content\/uploads\/2022\/04\/Publicacao-do-Facebook-940x788-px.-8-300x129.jpg 300w, https:\/\/anges.pt\/wp-content\/uploads\/2022\/04\/Publicacao-do-Facebook-940x788-px.-8-150x65.jpg 150w, https:\/\/anges.pt\/wp-content\/uploads\/2022\/04\/Publicacao-do-Facebook-940x788-px.-8.jpg 458w\" data-sizes=\"(max-width: 272px) 100vw, 272px\" src=\"data:image\/svg+xml;base64,PHN2ZyB3aWR0aD0iMSIgaGVpZ2h0PSIxIiB4bWxucz0iaHR0cDovL3d3dy53My5vcmcvMjAwMC9zdmciPjwvc3ZnPg==\" style=\"--smush-placeholder-width: 272px; --smush-placeholder-aspect-ratio: 272\/117;\" \/><\/p>\n","protected":false},"featured_media":11187,"comment_status":"closed","ping_status":"closed","template":"","meta":[],"product_brand":[],"product_cat":[116],"product_tag":[],"class_list":{"0":"post-13833","1":"product","2":"type-product","3":"status-publish","4":"has-post-thumbnail","6":"product_cat-sin-categoria","8":"first","9":"outofstock","10":"taxable","11":"shipping-taxable","12":"purchasable","13":"product-type-variable"},"yoast_head":"<!-- This site is optimized with the Yoast SEO Premium plugin v27.2 (Yoast SEO v27.2) - https:\/\/yoast.com\/product\/yoast-seo-premium-wordpress\/ -->\n<title>30\u00aa Edici\u00f3n | M\u00e1ster en Direcci\u00f3n T\u00e9cnica y Coordinaci\u00f3n de Servicios en Organizaciones Sociales - Anges<\/title>\n<meta name=\"robots\" content=\"index, follow, max-snippet:-1, max-image-preview:large, max-video-preview:-1\" \/>\n<link rel=\"canonical\" href=\"https:\/\/anges.pt\/es\/produto\/30a-edicion-master-en-direccion-tecnica-y-coordinacion-de-servicios-en-organizaciones-sociales\/\" \/>\n<meta property=\"og:locale\" content=\"es_ES\" \/>\n<meta property=\"og:type\" content=\"article\" \/>\n<meta property=\"og:title\" content=\"30\u00aa Edici\u00f3n | M\u00e1ster en Direcci\u00f3n T\u00e9cnica y Coordinaci\u00f3n de Servicios en Organizaciones Sociales\" \/>\n<meta property=\"og:description\" content=\"Inversi\u00f3n: Socios ANGES: 650\u20ac | No Socios: 1000\u20ac La formaci\u00f3n se puede pagar en 8 plazos, entre septiembre de 2022 y abril de 2023 Socios ANGES: 8 x 90\u20ac | No Socios: 8 x 135\u20ac Si deseas pagar a plazos, solicita un formulario de inscripci\u00f3n por correo electr\u00f3nico a geral@anges.pt\" \/>\n<meta property=\"og:url\" content=\"https:\/\/anges.pt\/es\/produto\/30a-edicion-master-en-direccion-tecnica-y-coordinacion-de-servicios-en-organizaciones-sociales\/\" \/>\n<meta property=\"og:site_name\" content=\"Anges\" \/>\n<meta property=\"article:publisher\" content=\"https:\/\/www.facebook.com\/anges.pt\" \/>\n<meta property=\"og:image\" content=\"https:\/\/anges.pt\/wp-content\/uploads\/2022\/04\/Publicacao-do-Facebook-940x788-px.-2022-07-08T155930.325.png\" \/>\n\t<meta property=\"og:image:width\" content=\"940\" \/>\n\t<meta property=\"og:image:height\" content=\"788\" \/>\n\t<meta property=\"og:image:type\" content=\"image\/png\" \/>\n<meta name=\"twitter:card\" content=\"summary_large_image\" \/>\n<script type=\"application\/ld+json\" class=\"yoast-schema-graph\">{\"@context\":\"https:\/\/schema.org\",\"@graph\":[{\"@type\":\"WebPage\",\"@id\":\"https:\/\/anges.pt\/es\/produto\/30a-edicion-master-en-direccion-tecnica-y-coordinacion-de-servicios-en-organizaciones-sociales\/\",\"url\":\"https:\/\/anges.pt\/es\/produto\/30a-edicion-master-en-direccion-tecnica-y-coordinacion-de-servicios-en-organizaciones-sociales\/\",\"name\":\"30\u00aa Edici\u00f3n | M\u00e1ster en Direcci\u00f3n T\u00e9cnica y Coordinaci\u00f3n de Servicios en Organizaciones Sociales - Anges\",\"isPartOf\":{\"@id\":\"https:\/\/anges.pt\/es\/#website\"},\"primaryImageOfPage\":{\"@id\":\"https:\/\/anges.pt\/es\/produto\/30a-edicion-master-en-direccion-tecnica-y-coordinacion-de-servicios-en-organizaciones-sociales\/#primaryimage\"},\"image\":{\"@id\":\"https:\/\/anges.pt\/es\/produto\/30a-edicion-master-en-direccion-tecnica-y-coordinacion-de-servicios-en-organizaciones-sociales\/#primaryimage\"},\"thumbnailUrl\":\"https:\/\/anges.pt\/wp-content\/uploads\/2022\/04\/Publicacao-do-Facebook-940x788-px.-2022-07-08T155930.325.png\",\"datePublished\":\"2022-04-19T13:16:07+00:00\",\"breadcrumb\":{\"@id\":\"https:\/\/anges.pt\/es\/produto\/30a-edicion-master-en-direccion-tecnica-y-coordinacion-de-servicios-en-organizaciones-sociales\/#breadcrumb\"},\"inLanguage\":\"es\",\"potentialAction\":[{\"@type\":\"ReadAction\",\"target\":[\"https:\/\/anges.pt\/es\/produto\/30a-edicion-master-en-direccion-tecnica-y-coordinacion-de-servicios-en-organizaciones-sociales\/\"]}]},{\"@type\":\"ImageObject\",\"inLanguage\":\"es\",\"@id\":\"https:\/\/anges.pt\/es\/produto\/30a-edicion-master-en-direccion-tecnica-y-coordinacion-de-servicios-en-organizaciones-sociales\/#primaryimage\",\"url\":\"https:\/\/anges.pt\/wp-content\/uploads\/2022\/04\/Publicacao-do-Facebook-940x788-px.-2022-07-08T155930.325.png\",\"contentUrl\":\"https:\/\/anges.pt\/wp-content\/uploads\/2022\/04\/Publicacao-do-Facebook-940x788-px.-2022-07-08T155930.325.png\",\"width\":940,\"height\":788},{\"@type\":\"BreadcrumbList\",\"@id\":\"https:\/\/anges.pt\/es\/produto\/30a-edicion-master-en-direccion-tecnica-y-coordinacion-de-servicios-en-organizaciones-sociales\/#breadcrumb\",\"itemListElement\":[{\"@type\":\"ListItem\",\"position\":1,\"name\":\"In\u00edcio\",\"item\":\"https:\/\/anges.pt\/es\/inicio\/\"},{\"@type\":\"ListItem\",\"position\":2,\"name\":\"Tienda\",\"item\":\"https:\/\/anges.pt\/es\/tienda\/\"},{\"@type\":\"ListItem\",\"position\":3,\"name\":\"30\u00aa Edici\u00f3n | M\u00e1ster en Direcci\u00f3n T\u00e9cnica y Coordinaci\u00f3n de Servicios en Organizaciones Sociales\"}]},{\"@type\":\"WebSite\",\"@id\":\"https:\/\/anges.pt\/es\/#website\",\"url\":\"https:\/\/anges.pt\/es\/\",\"name\":\"Anges\",\"description\":\"Associa\u00e7\u00e3o Nacional de Gerontologia Social\",\"publisher\":{\"@id\":\"https:\/\/anges.pt\/es\/#organization\"},\"alternateName\":\"Associa\u00e7\u00e3o Nacional de Gerontologia Social\",\"potentialAction\":[{\"@type\":\"SearchAction\",\"target\":{\"@type\":\"EntryPoint\",\"urlTemplate\":\"https:\/\/anges.pt\/es\/?s={search_term_string}\"},\"query-input\":{\"@type\":\"PropertyValueSpecification\",\"valueRequired\":true,\"valueName\":\"search_term_string\"}}],\"inLanguage\":\"es\"},{\"@type\":\"Organization\",\"@id\":\"https:\/\/anges.pt\/es\/#organization\",\"name\":\"Anges\",\"alternateName\":\"Asociaci\u00f3n Nacional de Gerontolog\u00eda Social\",\"url\":\"https:\/\/anges.pt\/es\/\",\"logo\":{\"@type\":\"ImageObject\",\"inLanguage\":\"es\",\"@id\":\"https:\/\/anges.pt\/es\/#\/schema\/logo\/image\/\",\"url\":\"https:\/\/anges.pt\/wp-content\/uploads\/2024\/08\/Dimensoes-personalizadas-3x2-cm-4.jpeg\",\"contentUrl\":\"https:\/\/anges.pt\/wp-content\/uploads\/2024\/08\/Dimensoes-personalizadas-3x2-cm-4.jpeg\",\"width\":170,\"height\":114,\"caption\":\"Anges\"},\"image\":{\"@id\":\"https:\/\/anges.pt\/es\/#\/schema\/logo\/image\/\"},\"sameAs\":[\"https:\/\/www.facebook.com\/anges.pt\",\"https:\/\/www.instagram.com\/associacaoanges\/\"]}]}<\/script>\n<!-- \/ Yoast SEO Premium plugin. -->","yoast_head_json":{"title":"30\u00aa Edici\u00f3n | M\u00e1ster en Direcci\u00f3n T\u00e9cnica y Coordinaci\u00f3n de Servicios en Organizaciones Sociales - Anges","robots":{"index":"index","follow":"follow","max-snippet":"max-snippet:-1","max-image-preview":"max-image-preview:large","max-video-preview":"max-video-preview:-1"},"canonical":"https:\/\/anges.pt\/es\/produto\/30a-edicion-master-en-direccion-tecnica-y-coordinacion-de-servicios-en-organizaciones-sociales\/","og_locale":"es_ES","og_type":"article","og_title":"30\u00aa Edici\u00f3n | M\u00e1ster en Direcci\u00f3n T\u00e9cnica y Coordinaci\u00f3n de Servicios en Organizaciones Sociales","og_description":"Inversi\u00f3n: Socios ANGES: 650\u20ac | No Socios: 1000\u20ac La formaci\u00f3n se puede pagar en 8 plazos, entre septiembre de 2022 y abril de 2023 Socios ANGES: 8 x 90\u20ac | No Socios: 8 x 135\u20ac Si deseas pagar a plazos, solicita un formulario de inscripci\u00f3n por correo electr\u00f3nico a geral@anges.pt","og_url":"https:\/\/anges.pt\/es\/produto\/30a-edicion-master-en-direccion-tecnica-y-coordinacion-de-servicios-en-organizaciones-sociales\/","og_site_name":"Anges","article_publisher":"https:\/\/www.facebook.com\/anges.pt","og_image":[{"width":940,"height":788,"url":"https:\/\/anges.pt\/wp-content\/uploads\/2022\/04\/Publicacao-do-Facebook-940x788-px.-2022-07-08T155930.325.png","type":"image\/png"}],"twitter_card":"summary_large_image","schema":{"@context":"https:\/\/schema.org","@graph":[{"@type":"WebPage","@id":"https:\/\/anges.pt\/es\/produto\/30a-edicion-master-en-direccion-tecnica-y-coordinacion-de-servicios-en-organizaciones-sociales\/","url":"https:\/\/anges.pt\/es\/produto\/30a-edicion-master-en-direccion-tecnica-y-coordinacion-de-servicios-en-organizaciones-sociales\/","name":"30\u00aa Edici\u00f3n | M\u00e1ster en Direcci\u00f3n T\u00e9cnica y Coordinaci\u00f3n de Servicios en Organizaciones Sociales - Anges","isPartOf":{"@id":"https:\/\/anges.pt\/es\/#website"},"primaryImageOfPage":{"@id":"https:\/\/anges.pt\/es\/produto\/30a-edicion-master-en-direccion-tecnica-y-coordinacion-de-servicios-en-organizaciones-sociales\/#primaryimage"},"image":{"@id":"https:\/\/anges.pt\/es\/produto\/30a-edicion-master-en-direccion-tecnica-y-coordinacion-de-servicios-en-organizaciones-sociales\/#primaryimage"},"thumbnailUrl":"https:\/\/anges.pt\/wp-content\/uploads\/2022\/04\/Publicacao-do-Facebook-940x788-px.-2022-07-08T155930.325.png","datePublished":"2022-04-19T13:16:07+00:00","breadcrumb":{"@id":"https:\/\/anges.pt\/es\/produto\/30a-edicion-master-en-direccion-tecnica-y-coordinacion-de-servicios-en-organizaciones-sociales\/#breadcrumb"},"inLanguage":"es","potentialAction":[{"@type":"ReadAction","target":["https:\/\/anges.pt\/es\/produto\/30a-edicion-master-en-direccion-tecnica-y-coordinacion-de-servicios-en-organizaciones-sociales\/"]}]},{"@type":"ImageObject","inLanguage":"es","@id":"https:\/\/anges.pt\/es\/produto\/30a-edicion-master-en-direccion-tecnica-y-coordinacion-de-servicios-en-organizaciones-sociales\/#primaryimage","url":"https:\/\/anges.pt\/wp-content\/uploads\/2022\/04\/Publicacao-do-Facebook-940x788-px.-2022-07-08T155930.325.png","contentUrl":"https:\/\/anges.pt\/wp-content\/uploads\/2022\/04\/Publicacao-do-Facebook-940x788-px.-2022-07-08T155930.325.png","width":940,"height":788},{"@type":"BreadcrumbList","@id":"https:\/\/anges.pt\/es\/produto\/30a-edicion-master-en-direccion-tecnica-y-coordinacion-de-servicios-en-organizaciones-sociales\/#breadcrumb","itemListElement":[{"@type":"ListItem","position":1,"name":"In\u00edcio","item":"https:\/\/anges.pt\/es\/inicio\/"},{"@type":"ListItem","position":2,"name":"Tienda","item":"https:\/\/anges.pt\/es\/tienda\/"},{"@type":"ListItem","position":3,"name":"30\u00aa Edici\u00f3n | M\u00e1ster en Direcci\u00f3n T\u00e9cnica y Coordinaci\u00f3n de Servicios en Organizaciones Sociales"}]},{"@type":"WebSite","@id":"https:\/\/anges.pt\/es\/#website","url":"https:\/\/anges.pt\/es\/","name":"Anges","description":"Associa\u00e7\u00e3o Nacional de Gerontologia Social","publisher":{"@id":"https:\/\/anges.pt\/es\/#organization"},"alternateName":"Associa\u00e7\u00e3o Nacional de Gerontologia Social","potentialAction":[{"@type":"SearchAction","target":{"@type":"EntryPoint","urlTemplate":"https:\/\/anges.pt\/es\/?s={search_term_string}"},"query-input":{"@type":"PropertyValueSpecification","valueRequired":true,"valueName":"search_term_string"}}],"inLanguage":"es"},{"@type":"Organization","@id":"https:\/\/anges.pt\/es\/#organization","name":"Anges","alternateName":"Asociaci\u00f3n Nacional de Gerontolog\u00eda Social","url":"https:\/\/anges.pt\/es\/","logo":{"@type":"ImageObject","inLanguage":"es","@id":"https:\/\/anges.pt\/es\/#\/schema\/logo\/image\/","url":"https:\/\/anges.pt\/wp-content\/uploads\/2024\/08\/Dimensoes-personalizadas-3x2-cm-4.jpeg","contentUrl":"https:\/\/anges.pt\/wp-content\/uploads\/2024\/08\/Dimensoes-personalizadas-3x2-cm-4.jpeg","width":170,"height":114,"caption":"Anges"},"image":{"@id":"https:\/\/anges.pt\/es\/#\/schema\/logo\/image\/"},"sameAs":["https:\/\/www.facebook.com\/anges.pt","https:\/\/www.instagram.com\/associacaoanges\/"]}]}},"_links":{"self":[{"href":"https:\/\/anges.pt\/es\/wp-json\/wp\/v2\/product\/13833","targetHints":{"allow":["GET"]}}],"collection":[{"href":"https:\/\/anges.pt\/es\/wp-json\/wp\/v2\/product"}],"about":[{"href":"https:\/\/anges.pt\/es\/wp-json\/wp\/v2\/types\/product"}],"replies":[{"embeddable":true,"href":"https:\/\/anges.pt\/es\/wp-json\/wp\/v2\/comments?post=13833"}],"wp:featuredmedia":[{"embeddable":true,"href":"https:\/\/anges.pt\/es\/wp-json\/wp\/v2\/media\/11187"}],"wp:attachment":[{"href":"https:\/\/anges.pt\/es\/wp-json\/wp\/v2\/media?parent=13833"}],"wp:term":[{"taxonomy":"product_brand","embeddable":true,"href":"https:\/\/anges.pt\/es\/wp-json\/wp\/v2\/product_brand?post=13833"},{"taxonomy":"product_cat","embeddable":true,"href":"https:\/\/anges.pt\/es\/wp-json\/wp\/v2\/product_cat?post=13833"},{"taxonomy":"product_tag","embeddable":true,"href":"https:\/\/anges.pt\/es\/wp-json\/wp\/v2\/product_tag?post=13833"}],"curies":[{"name":"wp","href":"https:\/\/api.w.org\/{rel}","templated":true}]}}