{"id":13809,"date":"2022-08-16T22:12:42","date_gmt":"2022-08-16T22:12:42","guid":{"rendered":"https:\/\/anges.pt\/produto\/2a-edicion-master-ejecutivo-en-sistemas-de-gestion-de-la-calidad-en-las-organizaciones-sociales\/"},"modified":"2022-08-16T22:12:42","modified_gmt":"2022-08-16T22:12:42","slug":"2a-edicion-master-ejecutivo-en-sistemas-de-gestion-de-la-calidad-en-las-organizaciones-sociales","status":"publish","type":"product","link":"https:\/\/anges.pt\/es\/produto\/2a-edicion-master-ejecutivo-en-sistemas-de-gestion-de-la-calidad-en-las-organizaciones-sociales\/","title":{"rendered":"2\u00aa Edici\u00f3n | M\u00e1ster Ejecutivo en Sistemas de Gesti\u00f3n de la Calidad en las Organizaciones Sociales"},"content":{"rendered":"","protected":false},"excerpt":{"rendered":"<p>Posibilidad de ser contratado como auditor interno de APCER<\/p>\n<p>Socios de ANGES: 700\u20ac | No Socios: 1100\u20ac<\/p>\n<p>La formaci\u00f3n se puede pagar en 8 plazos, entre octubre de 2022 y mayo de 2023<\/p>\n<p>Socios de ANGES: 8 x 100\u20ac | No Socios: 8 x 150\u20ac<\/p>\n<p>Si deseas pagar a plazos, solicita un formulario de inscripci\u00f3n por correo electr\u00f3nico geral@anges.pt<\/p>\n<p>&nbsp;<\/p>\n<p><a href=\"https:\/\/atc.pt\/\"><img decoding=\"async\" class=\"alignnone wp-image-1727 lazyload\" data-src=\"https:\/\/anges.pt\/wp-content\/uploads\/2022\/08\/Captura-de-ecra-2022-08-17-225607-300x100.png\" alt=\"\" width=\"252\" height=\"84\" data-srcset=\"https:\/\/anges.pt\/wp-content\/uploads\/2022\/08\/Captura-de-ecra-2022-08-17-225607-300x100.png 300w, https:\/\/anges.pt\/wp-content\/uploads\/2022\/08\/Captura-de-ecra-2022-08-17-225607-150x50.png 150w, https:\/\/anges.pt\/wp-content\/uploads\/2022\/08\/Captura-de-ecra-2022-08-17-225607-768x256.png 768w, https:\/\/anges.pt\/wp-content\/uploads\/2022\/08\/Captura-de-ecra-2022-08-17-225607.png 814w\" data-sizes=\"(max-width: 252px) 100vw, 252px\" src=\"data:image\/svg+xml;base64,PHN2ZyB3aWR0aD0iMSIgaGVpZ2h0PSIxIiB4bWxucz0iaHR0cDovL3d3dy53My5vcmcvMjAwMC9zdmciPjwvc3ZnPg==\" style=\"--smush-placeholder-width: 252px; --smush-placeholder-aspect-ratio: 252\/84;\" \/><\/a>        <a href=\"https:\/\/www.dgert.gov.pt\/\"><img decoding=\"async\" class=\"alignnone wp-image-1726 lazyload\" data-src=\"https:\/\/anges.pt\/wp-content\/uploads\/2022\/08\/logo_DGERT-300x261.png\" alt=\"\" width=\"112\" height=\"97\" data-srcset=\"https:\/\/anges.pt\/wp-content\/uploads\/2022\/08\/logo_DGERT-300x261.png 300w, https:\/\/anges.pt\/wp-content\/uploads\/2022\/08\/logo_DGERT-150x130.png 150w, https:\/\/anges.pt\/wp-content\/uploads\/2022\/08\/logo_DGERT.png 520w\" data-sizes=\"(max-width: 112px) 100vw, 112px\" src=\"data:image\/svg+xml;base64,PHN2ZyB3aWR0aD0iMSIgaGVpZ2h0PSIxIiB4bWxucz0iaHR0cDovL3d3dy53My5vcmcvMjAwMC9zdmciPjwvc3ZnPg==\" style=\"--smush-placeholder-width: 112px; --smush-placeholder-aspect-ratio: 112\/97;\" \/><\/a>        <a href=\"https:\/\/www.apcergroup.com\/pt\/\"><img decoding=\"async\" class=\"alignnone size-medium wp-image-1725 lazyload\" data-src=\"https:\/\/anges.pt\/wp-content\/uploads\/2022\/08\/apcer-300x94.jpg\" alt=\"\" width=\"300\" height=\"94\" data-srcset=\"https:\/\/anges.pt\/wp-content\/uploads\/2022\/08\/apcer-300x94.jpg 300w, https:\/\/anges.pt\/wp-content\/uploads\/2022\/08\/apcer-150x47.jpg 150w, https:\/\/anges.pt\/wp-content\/uploads\/2022\/08\/apcer.jpg 541w\" data-sizes=\"(max-width: 300px) 100vw, 300px\" src=\"data:image\/svg+xml;base64,PHN2ZyB3aWR0aD0iMSIgaGVpZ2h0PSIxIiB4bWxucz0iaHR0cDovL3d3dy53My5vcmcvMjAwMC9zdmciPjwvc3ZnPg==\" style=\"--smush-placeholder-width: 300px; --smush-placeholder-aspect-ratio: 300\/94;\" \/><\/a><\/p>\n<p>&nbsp;<\/p>\n","protected":false},"featured_media":11405,"comment_status":"closed","ping_status":"closed","template":"","meta":[],"product_brand":[],"product_cat":[116],"product_tag":[],"class_list":{"0":"post-13809","1":"product","2":"type-product","3":"status-publish","4":"has-post-thumbnail","6":"product_cat-sin-categoria","8":"first","9":"outofstock","10":"taxable","11":"shipping-taxable","12":"purchasable","13":"product-type-variable"},"yoast_head":"<!-- This site is optimized with the Yoast SEO Premium plugin v27.2 (Yoast SEO v27.2) - https:\/\/yoast.com\/product\/yoast-seo-premium-wordpress\/ -->\n<title>2\u00aa Edici\u00f3n | M\u00e1ster Ejecutivo en Sistemas de Gesti\u00f3n de la Calidad en las Organizaciones Sociales - Anges<\/title>\n<meta name=\"robots\" content=\"index, follow, max-snippet:-1, max-image-preview:large, max-video-preview:-1\" \/>\n<link rel=\"canonical\" href=\"https:\/\/anges.pt\/es\/produto\/2a-edicion-master-ejecutivo-en-sistemas-de-gestion-de-la-calidad-en-las-organizaciones-sociales\/\" \/>\n<meta property=\"og:locale\" content=\"es_ES\" \/>\n<meta property=\"og:type\" content=\"article\" \/>\n<meta property=\"og:title\" content=\"2\u00aa Edici\u00f3n | M\u00e1ster Ejecutivo en Sistemas de Gesti\u00f3n de la Calidad en las Organizaciones Sociales\" \/>\n<meta property=\"og:description\" content=\"Posibilidad de ser contratado como auditor interno de APCER Socios de ANGES: 700\u20ac | No Socios: 1100\u20ac La formaci\u00f3n se puede pagar en 8 plazos, entre octubre de 2022 y mayo de 2023 Socios de ANGES: 8 x 100\u20ac | No Socios: 8 x 150\u20ac Si deseas pagar a plazos, solicita un formulario de inscripci\u00f3n por correo electr\u00f3nico geral@anges.pt &nbsp;          &nbsp;\" \/>\n<meta property=\"og:url\" content=\"https:\/\/anges.pt\/es\/produto\/2a-edicion-master-ejecutivo-en-sistemas-de-gestion-de-la-calidad-en-las-organizaciones-sociales\/\" \/>\n<meta property=\"og:site_name\" content=\"Anges\" \/>\n<meta property=\"article:publisher\" content=\"https:\/\/www.facebook.com\/anges.pt\" \/>\n<meta property=\"og:image\" content=\"https:\/\/anges.pt\/wp-content\/uploads\/2022\/08\/Publicacao-do-Facebook-940x788-px.-2022-10-25T220000.006.png\" \/>\n\t<meta property=\"og:image:width\" content=\"940\" \/>\n\t<meta property=\"og:image:height\" content=\"788\" \/>\n\t<meta property=\"og:image:type\" content=\"image\/png\" \/>\n<meta name=\"twitter:card\" content=\"summary_large_image\" \/>\n<script type=\"application\/ld+json\" class=\"yoast-schema-graph\">{\"@context\":\"https:\/\/schema.org\",\"@graph\":[{\"@type\":\"WebPage\",\"@id\":\"https:\/\/anges.pt\/es\/produto\/2a-edicion-master-ejecutivo-en-sistemas-de-gestion-de-la-calidad-en-las-organizaciones-sociales\/\",\"url\":\"https:\/\/anges.pt\/es\/produto\/2a-edicion-master-ejecutivo-en-sistemas-de-gestion-de-la-calidad-en-las-organizaciones-sociales\/\",\"name\":\"2\u00aa Edici\u00f3n | M\u00e1ster Ejecutivo en Sistemas de Gesti\u00f3n de la Calidad en las Organizaciones Sociales - Anges\",\"isPartOf\":{\"@id\":\"https:\/\/anges.pt\/es\/#website\"},\"primaryImageOfPage\":{\"@id\":\"https:\/\/anges.pt\/es\/produto\/2a-edicion-master-ejecutivo-en-sistemas-de-gestion-de-la-calidad-en-las-organizaciones-sociales\/#primaryimage\"},\"image\":{\"@id\":\"https:\/\/anges.pt\/es\/produto\/2a-edicion-master-ejecutivo-en-sistemas-de-gestion-de-la-calidad-en-las-organizaciones-sociales\/#primaryimage\"},\"thumbnailUrl\":\"https:\/\/anges.pt\/wp-content\/uploads\/2022\/08\/Publicacao-do-Facebook-940x788-px.-2022-10-25T220000.006.png\",\"datePublished\":\"2022-08-16T22:12:42+00:00\",\"breadcrumb\":{\"@id\":\"https:\/\/anges.pt\/es\/produto\/2a-edicion-master-ejecutivo-en-sistemas-de-gestion-de-la-calidad-en-las-organizaciones-sociales\/#breadcrumb\"},\"inLanguage\":\"es\",\"potentialAction\":[{\"@type\":\"ReadAction\",\"target\":[\"https:\/\/anges.pt\/es\/produto\/2a-edicion-master-ejecutivo-en-sistemas-de-gestion-de-la-calidad-en-las-organizaciones-sociales\/\"]}]},{\"@type\":\"ImageObject\",\"inLanguage\":\"es\",\"@id\":\"https:\/\/anges.pt\/es\/produto\/2a-edicion-master-ejecutivo-en-sistemas-de-gestion-de-la-calidad-en-las-organizaciones-sociales\/#primaryimage\",\"url\":\"https:\/\/anges.pt\/wp-content\/uploads\/2022\/08\/Publicacao-do-Facebook-940x788-px.-2022-10-25T220000.006.png\",\"contentUrl\":\"https:\/\/anges.pt\/wp-content\/uploads\/2022\/08\/Publicacao-do-Facebook-940x788-px.-2022-10-25T220000.006.png\",\"width\":940,\"height\":788},{\"@type\":\"BreadcrumbList\",\"@id\":\"https:\/\/anges.pt\/es\/produto\/2a-edicion-master-ejecutivo-en-sistemas-de-gestion-de-la-calidad-en-las-organizaciones-sociales\/#breadcrumb\",\"itemListElement\":[{\"@type\":\"ListItem\",\"position\":1,\"name\":\"In\u00edcio\",\"item\":\"https:\/\/anges.pt\/es\/inicio\/\"},{\"@type\":\"ListItem\",\"position\":2,\"name\":\"Tienda\",\"item\":\"https:\/\/anges.pt\/es\/tienda\/\"},{\"@type\":\"ListItem\",\"position\":3,\"name\":\"2\u00aa Edici\u00f3n | M\u00e1ster Ejecutivo en Sistemas de Gesti\u00f3n de la Calidad en las Organizaciones Sociales\"}]},{\"@type\":\"WebSite\",\"@id\":\"https:\/\/anges.pt\/es\/#website\",\"url\":\"https:\/\/anges.pt\/es\/\",\"name\":\"Anges\",\"description\":\"Associa\u00e7\u00e3o Nacional de Gerontologia Social\",\"publisher\":{\"@id\":\"https:\/\/anges.pt\/es\/#organization\"},\"alternateName\":\"Associa\u00e7\u00e3o Nacional de Gerontologia Social\",\"potentialAction\":[{\"@type\":\"SearchAction\",\"target\":{\"@type\":\"EntryPoint\",\"urlTemplate\":\"https:\/\/anges.pt\/es\/?s={search_term_string}\"},\"query-input\":{\"@type\":\"PropertyValueSpecification\",\"valueRequired\":true,\"valueName\":\"search_term_string\"}}],\"inLanguage\":\"es\"},{\"@type\":\"Organization\",\"@id\":\"https:\/\/anges.pt\/es\/#organization\",\"name\":\"Anges\",\"alternateName\":\"Asociaci\u00f3n Nacional de Gerontolog\u00eda Social\",\"url\":\"https:\/\/anges.pt\/es\/\",\"logo\":{\"@type\":\"ImageObject\",\"inLanguage\":\"es\",\"@id\":\"https:\/\/anges.pt\/es\/#\/schema\/logo\/image\/\",\"url\":\"https:\/\/anges.pt\/wp-content\/uploads\/2024\/08\/Dimensoes-personalizadas-3x2-cm-4.jpeg\",\"contentUrl\":\"https:\/\/anges.pt\/wp-content\/uploads\/2024\/08\/Dimensoes-personalizadas-3x2-cm-4.jpeg\",\"width\":170,\"height\":114,\"caption\":\"Anges\"},\"image\":{\"@id\":\"https:\/\/anges.pt\/es\/#\/schema\/logo\/image\/\"},\"sameAs\":[\"https:\/\/www.facebook.com\/anges.pt\",\"https:\/\/www.instagram.com\/associacaoanges\/\"]}]}<\/script>\n<!-- \/ Yoast SEO Premium plugin. -->","yoast_head_json":{"title":"2\u00aa Edici\u00f3n | M\u00e1ster Ejecutivo en Sistemas de Gesti\u00f3n de la Calidad en las Organizaciones Sociales - Anges","robots":{"index":"index","follow":"follow","max-snippet":"max-snippet:-1","max-image-preview":"max-image-preview:large","max-video-preview":"max-video-preview:-1"},"canonical":"https:\/\/anges.pt\/es\/produto\/2a-edicion-master-ejecutivo-en-sistemas-de-gestion-de-la-calidad-en-las-organizaciones-sociales\/","og_locale":"es_ES","og_type":"article","og_title":"2\u00aa Edici\u00f3n | M\u00e1ster Ejecutivo en Sistemas de Gesti\u00f3n de la Calidad en las Organizaciones Sociales","og_description":"Posibilidad de ser contratado como auditor interno de APCER Socios de ANGES: 700\u20ac | No Socios: 1100\u20ac La formaci\u00f3n se puede pagar en 8 plazos, entre octubre de 2022 y mayo de 2023 Socios de ANGES: 8 x 100\u20ac | No Socios: 8 x 150\u20ac Si deseas pagar a plazos, solicita un formulario de inscripci\u00f3n por correo electr\u00f3nico geral@anges.pt &nbsp;          &nbsp;","og_url":"https:\/\/anges.pt\/es\/produto\/2a-edicion-master-ejecutivo-en-sistemas-de-gestion-de-la-calidad-en-las-organizaciones-sociales\/","og_site_name":"Anges","article_publisher":"https:\/\/www.facebook.com\/anges.pt","og_image":[{"width":940,"height":788,"url":"https:\/\/anges.pt\/wp-content\/uploads\/2022\/08\/Publicacao-do-Facebook-940x788-px.-2022-10-25T220000.006.png","type":"image\/png"}],"twitter_card":"summary_large_image","schema":{"@context":"https:\/\/schema.org","@graph":[{"@type":"WebPage","@id":"https:\/\/anges.pt\/es\/produto\/2a-edicion-master-ejecutivo-en-sistemas-de-gestion-de-la-calidad-en-las-organizaciones-sociales\/","url":"https:\/\/anges.pt\/es\/produto\/2a-edicion-master-ejecutivo-en-sistemas-de-gestion-de-la-calidad-en-las-organizaciones-sociales\/","name":"2\u00aa Edici\u00f3n | M\u00e1ster Ejecutivo en Sistemas de Gesti\u00f3n de la Calidad en las Organizaciones Sociales - Anges","isPartOf":{"@id":"https:\/\/anges.pt\/es\/#website"},"primaryImageOfPage":{"@id":"https:\/\/anges.pt\/es\/produto\/2a-edicion-master-ejecutivo-en-sistemas-de-gestion-de-la-calidad-en-las-organizaciones-sociales\/#primaryimage"},"image":{"@id":"https:\/\/anges.pt\/es\/produto\/2a-edicion-master-ejecutivo-en-sistemas-de-gestion-de-la-calidad-en-las-organizaciones-sociales\/#primaryimage"},"thumbnailUrl":"https:\/\/anges.pt\/wp-content\/uploads\/2022\/08\/Publicacao-do-Facebook-940x788-px.-2022-10-25T220000.006.png","datePublished":"2022-08-16T22:12:42+00:00","breadcrumb":{"@id":"https:\/\/anges.pt\/es\/produto\/2a-edicion-master-ejecutivo-en-sistemas-de-gestion-de-la-calidad-en-las-organizaciones-sociales\/#breadcrumb"},"inLanguage":"es","potentialAction":[{"@type":"ReadAction","target":["https:\/\/anges.pt\/es\/produto\/2a-edicion-master-ejecutivo-en-sistemas-de-gestion-de-la-calidad-en-las-organizaciones-sociales\/"]}]},{"@type":"ImageObject","inLanguage":"es","@id":"https:\/\/anges.pt\/es\/produto\/2a-edicion-master-ejecutivo-en-sistemas-de-gestion-de-la-calidad-en-las-organizaciones-sociales\/#primaryimage","url":"https:\/\/anges.pt\/wp-content\/uploads\/2022\/08\/Publicacao-do-Facebook-940x788-px.-2022-10-25T220000.006.png","contentUrl":"https:\/\/anges.pt\/wp-content\/uploads\/2022\/08\/Publicacao-do-Facebook-940x788-px.-2022-10-25T220000.006.png","width":940,"height":788},{"@type":"BreadcrumbList","@id":"https:\/\/anges.pt\/es\/produto\/2a-edicion-master-ejecutivo-en-sistemas-de-gestion-de-la-calidad-en-las-organizaciones-sociales\/#breadcrumb","itemListElement":[{"@type":"ListItem","position":1,"name":"In\u00edcio","item":"https:\/\/anges.pt\/es\/inicio\/"},{"@type":"ListItem","position":2,"name":"Tienda","item":"https:\/\/anges.pt\/es\/tienda\/"},{"@type":"ListItem","position":3,"name":"2\u00aa Edici\u00f3n | M\u00e1ster Ejecutivo en Sistemas de Gesti\u00f3n de la Calidad en las Organizaciones Sociales"}]},{"@type":"WebSite","@id":"https:\/\/anges.pt\/es\/#website","url":"https:\/\/anges.pt\/es\/","name":"Anges","description":"Associa\u00e7\u00e3o Nacional de Gerontologia Social","publisher":{"@id":"https:\/\/anges.pt\/es\/#organization"},"alternateName":"Associa\u00e7\u00e3o Nacional de Gerontologia Social","potentialAction":[{"@type":"SearchAction","target":{"@type":"EntryPoint","urlTemplate":"https:\/\/anges.pt\/es\/?s={search_term_string}"},"query-input":{"@type":"PropertyValueSpecification","valueRequired":true,"valueName":"search_term_string"}}],"inLanguage":"es"},{"@type":"Organization","@id":"https:\/\/anges.pt\/es\/#organization","name":"Anges","alternateName":"Asociaci\u00f3n Nacional de Gerontolog\u00eda Social","url":"https:\/\/anges.pt\/es\/","logo":{"@type":"ImageObject","inLanguage":"es","@id":"https:\/\/anges.pt\/es\/#\/schema\/logo\/image\/","url":"https:\/\/anges.pt\/wp-content\/uploads\/2024\/08\/Dimensoes-personalizadas-3x2-cm-4.jpeg","contentUrl":"https:\/\/anges.pt\/wp-content\/uploads\/2024\/08\/Dimensoes-personalizadas-3x2-cm-4.jpeg","width":170,"height":114,"caption":"Anges"},"image":{"@id":"https:\/\/anges.pt\/es\/#\/schema\/logo\/image\/"},"sameAs":["https:\/\/www.facebook.com\/anges.pt","https:\/\/www.instagram.com\/associacaoanges\/"]}]}},"_links":{"self":[{"href":"https:\/\/anges.pt\/es\/wp-json\/wp\/v2\/product\/13809","targetHints":{"allow":["GET"]}}],"collection":[{"href":"https:\/\/anges.pt\/es\/wp-json\/wp\/v2\/product"}],"about":[{"href":"https:\/\/anges.pt\/es\/wp-json\/wp\/v2\/types\/product"}],"replies":[{"embeddable":true,"href":"https:\/\/anges.pt\/es\/wp-json\/wp\/v2\/comments?post=13809"}],"wp:featuredmedia":[{"embeddable":true,"href":"https:\/\/anges.pt\/es\/wp-json\/wp\/v2\/media\/11405"}],"wp:attachment":[{"href":"https:\/\/anges.pt\/es\/wp-json\/wp\/v2\/media?parent=13809"}],"wp:term":[{"taxonomy":"product_brand","embeddable":true,"href":"https:\/\/anges.pt\/es\/wp-json\/wp\/v2\/product_brand?post=13809"},{"taxonomy":"product_cat","embeddable":true,"href":"https:\/\/anges.pt\/es\/wp-json\/wp\/v2\/product_cat?post=13809"},{"taxonomy":"product_tag","embeddable":true,"href":"https:\/\/anges.pt\/es\/wp-json\/wp\/v2\/product_tag?post=13809"}],"curies":[{"name":"wp","href":"https:\/\/api.w.org\/{rel}","templated":true}]}}