{"id":13792,"date":"2022-08-21T14:25:58","date_gmt":"2022-08-21T14:25:58","guid":{"rendered":"https:\/\/anges.pt\/produto\/requisitos-legales-para-elaborar-el-presupuesto-2023-de-las-organizaciones-sociales\/"},"modified":"2022-08-21T14:25:58","modified_gmt":"2022-08-21T14:25:58","slug":"requisitos-legales-para-elaborar-el-presupuesto-2023-de-las-organizaciones-sociales","status":"publish","type":"product","link":"https:\/\/anges.pt\/es\/produto\/requisitos-legales-para-elaborar-el-presupuesto-2023-de-las-organizaciones-sociales\/","title":{"rendered":"Requisitos legales para elaborar el Presupuesto 2023 de las Organizaciones Sociales"},"content":{"rendered":"","protected":false},"excerpt":{"rendered":"<p class=\"x_ydp3c0b6b34MsoNormal\"><strong>Principales competencias a desarrollar:<\/strong><\/p>\n<div dir=\"ltr\">a) Ser h\u00e1bil en la interpretaci\u00f3n de la legislaci\u00f3n;<\/div>\n<div dir=\"ltr\">b) Ser capaz de reconocer los ep\u00edgrafes necesarios y su secuencia;<\/div>\n<div dir=\"ltr\">c) Principios fundamentales de la transparencia contable<\/div>\n<div dir=\"ltr\">d) Permitir la articulaci\u00f3n entre el alineamiento estrat\u00e9gico, la planificaci\u00f3n de las actividades de respuesta social y general y el presupuesto respectivo.<\/div>\n<p><img decoding=\"async\" class=\"alignnone wp-image-1726 lazyload\" data-src=\"https:\/\/anges.pt\/wp-content\/uploads\/2022\/08\/logo_DGERT-300x261.png\" alt=\"\" width=\"130\" height=\"113\" data-srcset=\"https:\/\/anges.pt\/wp-content\/uploads\/2022\/08\/logo_DGERT-300x261.png 300w, https:\/\/anges.pt\/wp-content\/uploads\/2022\/08\/logo_DGERT-150x130.png 150w, https:\/\/anges.pt\/wp-content\/uploads\/2022\/08\/logo_DGERT.png 520w\" data-sizes=\"(max-width: 130px) 100vw, 130px\" src=\"data:image\/svg+xml;base64,PHN2ZyB3aWR0aD0iMSIgaGVpZ2h0PSIxIiB4bWxucz0iaHR0cDovL3d3dy53My5vcmcvMjAwMC9zdmciPjwvc3ZnPg==\" style=\"--smush-placeholder-width: 130px; --smush-placeholder-aspect-ratio: 130\/113;\" \/>        <img decoding=\"async\" class=\"alignnone size-medium wp-image-1727 lazyload\" data-src=\"https:\/\/anges.pt\/wp-content\/uploads\/2022\/08\/Captura-de-ecra-2022-08-17-225607-300x100.png\" alt=\"\" width=\"300\" height=\"100\" data-srcset=\"https:\/\/anges.pt\/wp-content\/uploads\/2022\/08\/Captura-de-ecra-2022-08-17-225607-300x100.png 300w, https:\/\/anges.pt\/wp-content\/uploads\/2022\/08\/Captura-de-ecra-2022-08-17-225607-150x50.png 150w, https:\/\/anges.pt\/wp-content\/uploads\/2022\/08\/Captura-de-ecra-2022-08-17-225607-768x256.png 768w, https:\/\/anges.pt\/wp-content\/uploads\/2022\/08\/Captura-de-ecra-2022-08-17-225607.png 814w\" data-sizes=\"(max-width: 300px) 100vw, 300px\" src=\"data:image\/svg+xml;base64,PHN2ZyB3aWR0aD0iMSIgaGVpZ2h0PSIxIiB4bWxucz0iaHR0cDovL3d3dy53My5vcmcvMjAwMC9zdmciPjwvc3ZnPg==\" style=\"--smush-placeholder-width: 300px; --smush-placeholder-aspect-ratio: 300\/100;\" \/><\/p>\n","protected":false},"featured_media":11287,"comment_status":"closed","ping_status":"closed","template":"","meta":[],"product_brand":[],"product_cat":[116],"product_tag":[],"class_list":{"0":"post-13792","1":"product","2":"type-product","3":"status-publish","4":"has-post-thumbnail","6":"product_cat-sin-categoria","8":"first","9":"outofstock","10":"taxable","11":"shipping-taxable","12":"purchasable","13":"product-type-variable"},"yoast_head":"<!-- This site is optimized with the Yoast SEO Premium plugin v27.2 (Yoast SEO v27.2) - https:\/\/yoast.com\/product\/yoast-seo-premium-wordpress\/ -->\n<title>Requisitos legales para elaborar el Presupuesto 2023 de las Organizaciones Sociales - Anges<\/title>\n<meta name=\"robots\" content=\"index, follow, max-snippet:-1, max-image-preview:large, max-video-preview:-1\" \/>\n<link rel=\"canonical\" href=\"https:\/\/anges.pt\/es\/produto\/requisitos-legales-para-elaborar-el-presupuesto-2023-de-las-organizaciones-sociales\/\" \/>\n<meta property=\"og:locale\" content=\"es_ES\" \/>\n<meta property=\"og:type\" content=\"article\" \/>\n<meta property=\"og:title\" content=\"Requisitos legales para elaborar el Presupuesto 2023 de las Organizaciones Sociales\" \/>\n<meta property=\"og:description\" content=\"Principales competencias a desarrollar: a) Ser h\u00e1bil en la interpretaci\u00f3n de la legislaci\u00f3n; b) Ser capaz de reconocer los ep\u00edgrafes necesarios y su secuencia; c) Principios fundamentales de la transparencia contable d) Permitir la articulaci\u00f3n entre el alineamiento estrat\u00e9gico, la planificaci\u00f3n de las actividades de respuesta social y general y el presupuesto respectivo.\" \/>\n<meta property=\"og:url\" content=\"https:\/\/anges.pt\/es\/produto\/requisitos-legales-para-elaborar-el-presupuesto-2023-de-las-organizaciones-sociales\/\" \/>\n<meta property=\"og:site_name\" content=\"Anges\" \/>\n<meta property=\"article:publisher\" content=\"https:\/\/www.facebook.com\/anges.pt\" \/>\n<meta property=\"og:image\" content=\"https:\/\/anges.pt\/wp-content\/uploads\/2022\/08\/COPY-COPY-COPY-Publicacao-do-Facebook-940x788-px.-12.png\" \/>\n<meta name=\"twitter:card\" content=\"summary_large_image\" \/>\n<script type=\"application\/ld+json\" class=\"yoast-schema-graph\">{\"@context\":\"https:\/\/schema.org\",\"@graph\":[{\"@type\":\"WebPage\",\"@id\":\"https:\/\/anges.pt\/es\/produto\/requisitos-legales-para-elaborar-el-presupuesto-2023-de-las-organizaciones-sociales\/\",\"url\":\"https:\/\/anges.pt\/es\/produto\/requisitos-legales-para-elaborar-el-presupuesto-2023-de-las-organizaciones-sociales\/\",\"name\":\"Requisitos legales para elaborar el Presupuesto 2023 de las Organizaciones Sociales - Anges\",\"isPartOf\":{\"@id\":\"https:\/\/anges.pt\/es\/#website\"},\"primaryImageOfPage\":{\"@id\":\"https:\/\/anges.pt\/es\/produto\/requisitos-legales-para-elaborar-el-presupuesto-2023-de-las-organizaciones-sociales\/#primaryimage\"},\"image\":{\"@id\":\"https:\/\/anges.pt\/es\/produto\/requisitos-legales-para-elaborar-el-presupuesto-2023-de-las-organizaciones-sociales\/#primaryimage\"},\"thumbnailUrl\":\"https:\/\/anges.pt\/wp-content\/uploads\/2022\/08\/COPY-COPY-COPY-Publicacao-do-Facebook-940x788-px.-11.png\",\"datePublished\":\"2022-08-21T14:25:58+00:00\",\"breadcrumb\":{\"@id\":\"https:\/\/anges.pt\/es\/produto\/requisitos-legales-para-elaborar-el-presupuesto-2023-de-las-organizaciones-sociales\/#breadcrumb\"},\"inLanguage\":\"es\",\"potentialAction\":[{\"@type\":\"ReadAction\",\"target\":[\"https:\/\/anges.pt\/es\/produto\/requisitos-legales-para-elaborar-el-presupuesto-2023-de-las-organizaciones-sociales\/\"]}]},{\"@type\":\"ImageObject\",\"inLanguage\":\"es\",\"@id\":\"https:\/\/anges.pt\/es\/produto\/requisitos-legales-para-elaborar-el-presupuesto-2023-de-las-organizaciones-sociales\/#primaryimage\",\"url\":\"https:\/\/anges.pt\/wp-content\/uploads\/2022\/08\/COPY-COPY-COPY-Publicacao-do-Facebook-940x788-px.-11.png\",\"contentUrl\":\"https:\/\/anges.pt\/wp-content\/uploads\/2022\/08\/COPY-COPY-COPY-Publicacao-do-Facebook-940x788-px.-11.png\",\"width\":940,\"height\":788},{\"@type\":\"BreadcrumbList\",\"@id\":\"https:\/\/anges.pt\/es\/produto\/requisitos-legales-para-elaborar-el-presupuesto-2023-de-las-organizaciones-sociales\/#breadcrumb\",\"itemListElement\":[{\"@type\":\"ListItem\",\"position\":1,\"name\":\"In\u00edcio\",\"item\":\"https:\/\/anges.pt\/es\/inicio\/\"},{\"@type\":\"ListItem\",\"position\":2,\"name\":\"Tienda\",\"item\":\"https:\/\/anges.pt\/es\/tienda\/\"},{\"@type\":\"ListItem\",\"position\":3,\"name\":\"Requisitos legales para elaborar el Presupuesto 2023 de las Organizaciones Sociales\"}]},{\"@type\":\"WebSite\",\"@id\":\"https:\/\/anges.pt\/es\/#website\",\"url\":\"https:\/\/anges.pt\/es\/\",\"name\":\"Anges\",\"description\":\"Associa\u00e7\u00e3o Nacional de Gerontologia Social\",\"publisher\":{\"@id\":\"https:\/\/anges.pt\/es\/#organization\"},\"alternateName\":\"Associa\u00e7\u00e3o Nacional de Gerontologia Social\",\"potentialAction\":[{\"@type\":\"SearchAction\",\"target\":{\"@type\":\"EntryPoint\",\"urlTemplate\":\"https:\/\/anges.pt\/es\/?s={search_term_string}\"},\"query-input\":{\"@type\":\"PropertyValueSpecification\",\"valueRequired\":true,\"valueName\":\"search_term_string\"}}],\"inLanguage\":\"es\"},{\"@type\":\"Organization\",\"@id\":\"https:\/\/anges.pt\/es\/#organization\",\"name\":\"Anges\",\"alternateName\":\"Asociaci\u00f3n Nacional de Gerontolog\u00eda Social\",\"url\":\"https:\/\/anges.pt\/es\/\",\"logo\":{\"@type\":\"ImageObject\",\"inLanguage\":\"es\",\"@id\":\"https:\/\/anges.pt\/es\/#\/schema\/logo\/image\/\",\"url\":\"https:\/\/anges.pt\/wp-content\/uploads\/2024\/08\/Dimensoes-personalizadas-3x2-cm-4.jpeg\",\"contentUrl\":\"https:\/\/anges.pt\/wp-content\/uploads\/2024\/08\/Dimensoes-personalizadas-3x2-cm-4.jpeg\",\"width\":170,\"height\":114,\"caption\":\"Anges\"},\"image\":{\"@id\":\"https:\/\/anges.pt\/es\/#\/schema\/logo\/image\/\"},\"sameAs\":[\"https:\/\/www.facebook.com\/anges.pt\",\"https:\/\/www.instagram.com\/associacaoanges\/\"]}]}<\/script>\n<!-- \/ Yoast SEO Premium plugin. -->","yoast_head_json":{"title":"Requisitos legales para elaborar el Presupuesto 2023 de las Organizaciones Sociales - Anges","robots":{"index":"index","follow":"follow","max-snippet":"max-snippet:-1","max-image-preview":"max-image-preview:large","max-video-preview":"max-video-preview:-1"},"canonical":"https:\/\/anges.pt\/es\/produto\/requisitos-legales-para-elaborar-el-presupuesto-2023-de-las-organizaciones-sociales\/","og_locale":"es_ES","og_type":"article","og_title":"Requisitos legales para elaborar el Presupuesto 2023 de las Organizaciones Sociales","og_description":"Principales competencias a desarrollar: a) Ser h\u00e1bil en la interpretaci\u00f3n de la legislaci\u00f3n; b) Ser capaz de reconocer los ep\u00edgrafes necesarios y su secuencia; c) Principios fundamentales de la transparencia contable d) Permitir la articulaci\u00f3n entre el alineamiento estrat\u00e9gico, la planificaci\u00f3n de las actividades de respuesta social y general y el presupuesto respectivo.","og_url":"https:\/\/anges.pt\/es\/produto\/requisitos-legales-para-elaborar-el-presupuesto-2023-de-las-organizaciones-sociales\/","og_site_name":"Anges","article_publisher":"https:\/\/www.facebook.com\/anges.pt","og_image":[{"url":"https:\/\/anges.pt\/wp-content\/uploads\/2022\/08\/COPY-COPY-COPY-Publicacao-do-Facebook-940x788-px.-12.png","type":"","width":"","height":""}],"twitter_card":"summary_large_image","schema":{"@context":"https:\/\/schema.org","@graph":[{"@type":"WebPage","@id":"https:\/\/anges.pt\/es\/produto\/requisitos-legales-para-elaborar-el-presupuesto-2023-de-las-organizaciones-sociales\/","url":"https:\/\/anges.pt\/es\/produto\/requisitos-legales-para-elaborar-el-presupuesto-2023-de-las-organizaciones-sociales\/","name":"Requisitos legales para elaborar el Presupuesto 2023 de las Organizaciones Sociales - Anges","isPartOf":{"@id":"https:\/\/anges.pt\/es\/#website"},"primaryImageOfPage":{"@id":"https:\/\/anges.pt\/es\/produto\/requisitos-legales-para-elaborar-el-presupuesto-2023-de-las-organizaciones-sociales\/#primaryimage"},"image":{"@id":"https:\/\/anges.pt\/es\/produto\/requisitos-legales-para-elaborar-el-presupuesto-2023-de-las-organizaciones-sociales\/#primaryimage"},"thumbnailUrl":"https:\/\/anges.pt\/wp-content\/uploads\/2022\/08\/COPY-COPY-COPY-Publicacao-do-Facebook-940x788-px.-11.png","datePublished":"2022-08-21T14:25:58+00:00","breadcrumb":{"@id":"https:\/\/anges.pt\/es\/produto\/requisitos-legales-para-elaborar-el-presupuesto-2023-de-las-organizaciones-sociales\/#breadcrumb"},"inLanguage":"es","potentialAction":[{"@type":"ReadAction","target":["https:\/\/anges.pt\/es\/produto\/requisitos-legales-para-elaborar-el-presupuesto-2023-de-las-organizaciones-sociales\/"]}]},{"@type":"ImageObject","inLanguage":"es","@id":"https:\/\/anges.pt\/es\/produto\/requisitos-legales-para-elaborar-el-presupuesto-2023-de-las-organizaciones-sociales\/#primaryimage","url":"https:\/\/anges.pt\/wp-content\/uploads\/2022\/08\/COPY-COPY-COPY-Publicacao-do-Facebook-940x788-px.-11.png","contentUrl":"https:\/\/anges.pt\/wp-content\/uploads\/2022\/08\/COPY-COPY-COPY-Publicacao-do-Facebook-940x788-px.-11.png","width":940,"height":788},{"@type":"BreadcrumbList","@id":"https:\/\/anges.pt\/es\/produto\/requisitos-legales-para-elaborar-el-presupuesto-2023-de-las-organizaciones-sociales\/#breadcrumb","itemListElement":[{"@type":"ListItem","position":1,"name":"In\u00edcio","item":"https:\/\/anges.pt\/es\/inicio\/"},{"@type":"ListItem","position":2,"name":"Tienda","item":"https:\/\/anges.pt\/es\/tienda\/"},{"@type":"ListItem","position":3,"name":"Requisitos legales para elaborar el Presupuesto 2023 de las Organizaciones Sociales"}]},{"@type":"WebSite","@id":"https:\/\/anges.pt\/es\/#website","url":"https:\/\/anges.pt\/es\/","name":"Anges","description":"Associa\u00e7\u00e3o Nacional de Gerontologia Social","publisher":{"@id":"https:\/\/anges.pt\/es\/#organization"},"alternateName":"Associa\u00e7\u00e3o Nacional de Gerontologia Social","potentialAction":[{"@type":"SearchAction","target":{"@type":"EntryPoint","urlTemplate":"https:\/\/anges.pt\/es\/?s={search_term_string}"},"query-input":{"@type":"PropertyValueSpecification","valueRequired":true,"valueName":"search_term_string"}}],"inLanguage":"es"},{"@type":"Organization","@id":"https:\/\/anges.pt\/es\/#organization","name":"Anges","alternateName":"Asociaci\u00f3n Nacional de Gerontolog\u00eda Social","url":"https:\/\/anges.pt\/es\/","logo":{"@type":"ImageObject","inLanguage":"es","@id":"https:\/\/anges.pt\/es\/#\/schema\/logo\/image\/","url":"https:\/\/anges.pt\/wp-content\/uploads\/2024\/08\/Dimensoes-personalizadas-3x2-cm-4.jpeg","contentUrl":"https:\/\/anges.pt\/wp-content\/uploads\/2024\/08\/Dimensoes-personalizadas-3x2-cm-4.jpeg","width":170,"height":114,"caption":"Anges"},"image":{"@id":"https:\/\/anges.pt\/es\/#\/schema\/logo\/image\/"},"sameAs":["https:\/\/www.facebook.com\/anges.pt","https:\/\/www.instagram.com\/associacaoanges\/"]}]}},"_links":{"self":[{"href":"https:\/\/anges.pt\/es\/wp-json\/wp\/v2\/product\/13792","targetHints":{"allow":["GET"]}}],"collection":[{"href":"https:\/\/anges.pt\/es\/wp-json\/wp\/v2\/product"}],"about":[{"href":"https:\/\/anges.pt\/es\/wp-json\/wp\/v2\/types\/product"}],"replies":[{"embeddable":true,"href":"https:\/\/anges.pt\/es\/wp-json\/wp\/v2\/comments?post=13792"}],"wp:featuredmedia":[{"embeddable":true,"href":"https:\/\/anges.pt\/es\/wp-json\/wp\/v2\/media\/11287"}],"wp:attachment":[{"href":"https:\/\/anges.pt\/es\/wp-json\/wp\/v2\/media?parent=13792"}],"wp:term":[{"taxonomy":"product_brand","embeddable":true,"href":"https:\/\/anges.pt\/es\/wp-json\/wp\/v2\/product_brand?post=13792"},{"taxonomy":"product_cat","embeddable":true,"href":"https:\/\/anges.pt\/es\/wp-json\/wp\/v2\/product_cat?post=13792"},{"taxonomy":"product_tag","embeddable":true,"href":"https:\/\/anges.pt\/es\/wp-json\/wp\/v2\/product_tag?post=13792"}],"curies":[{"name":"wp","href":"https:\/\/api.w.org\/{rel}","templated":true}]}}