{"id":20680,"date":"2025-09-25T14:16:39","date_gmt":"2025-09-25T14:16:39","guid":{"rendered":"https:\/\/anges.pt\/?page_id=20680"},"modified":"2025-10-03T11:15:39","modified_gmt":"2025-10-03T11:15:39","slug":"reunion-de-lideres-directores-tecnicos-y-tecnicos-de-sintra","status":"publish","type":"page","link":"https:\/\/anges.pt\/es\/reunion-de-lideres-directores-tecnicos-y-tecnicos-de-sintra\/","title":{"rendered":"Simulador de envejecimiento ANGES"},"content":{"rendered":"<div class=\"wpb-content-wrapper\"><p>[vc_row css=\u00bb.vc_custom_1739048382548{margin-bottom: 20px !important;}\u00bb woodmart_css_id=\u00bb67a7c5b50a95d\u00bb responsive_spacing=\u00bbeyJwYXJhbV90eXBlIjoid29vZG1hcnRfcmVzcG9uc2l2ZV9zcGFjaW5nIiwic2VsZWN0b3JfaWQiOiI2N2E3YzViNTBhOTVkIiwic2hvcnRjb2RlIjoidmNfcm93IiwiZGF0YSI6eyJ0YWJsZXQiOnt9LCJtb2JpbGUiOnt9fX0=\u00bb mobile_bg_img_hidden=\u00bbno\u00bb tablet_bg_img_hidden=\u00bbno\u00bb woodmart_parallax=\u00bb0&#8243; woodmart_gradient_switch=\u00bbno\u00bb woodmart_box_shadow=\u00bbno\u00bb wd_z_index=\u00bbno\u00bb woodmart_disable_overflow=\u00bb0&#8243; row_reverse_mobile=\u00bb0&#8243; row_reverse_tablet=\u00bb0&#8243;][vc_column]\n\t\t<div id=\"wd-68d66da0aeb1d\" class=\"title-wrapper wd-wpb set-mb-s reset-last-child  wd-rs-68d66da0aeb1d wd-title-color-primary wd-title-style-overlined wd-width-100 text-center vc_custom_1758883239038 wd-underline-colored\">\n\t\t\t\t\t\t\t<div class=\"title-subtitle  subtitle-color-primary font-default subtitle-style-background wd-font-weight- wd-fontsize-xs\">DISPONIBLES PARA SENSIBILIZACI\u00d3N O FORMACI\u00d3N<\/div>\n\t\t\t\n\t\t\t<div class=\"liner-continer\">\n\t\t\t\t<h4 class=\"woodmart-title-container title  wd-font-weight-700 wd-fontsize-l\" >SIMULADOR DE ENVEJECIMIENTO<\/h4>\n\t\t\t\t\t\t\t<\/div>\n\t\t\t\n\t\t\t\t\t\t\t<div class=\"title-after_title  set-cont-mb-s reset-last-child  wd-fontsize-xs\">DESAF\u00cdO DEL ENVEJECIMIENTO<\/div>\n\t\t\t\n\t\t\t\n\t\t<\/div>\n\t\t\n\t\t[\/vc_column][\/vc_row][vc_row css=\u00bb.vc_custom_1738950710055{margin-bottom: 40px !important;}\u00bb woodmart_css_id=\u00bb67a6483391409&#8243; responsive_spacing=\u00bbeyJwYXJhbV90eXBlIjoid29vZG1hcnRfcmVzcG9uc2l2ZV9zcGFjaW5nIiwic2VsZWN0b3JfaWQiOiI2N2E2NDgzMzkxNDA5Iiwic2hvcnRjb2RlIjoidmNfcm93IiwiZGF0YSI6eyJ0YWJsZXQiOnt9LCJtb2JpbGUiOnt9fX0=\u00bb mobile_bg_img_hidden=\u00bbno\u00bb tablet_bg_img_hidden=\u00bbno\u00bb woodmart_parallax=\u00bb0&#8243; woodmart_gradient_switch=\u00bbno\u00bb woodmart_box_shadow=\u00bbno\u00bb wd_z_index=\u00bbno\u00bb woodmart_disable_overflow=\u00bb0&#8243; row_reverse_mobile=\u00bb0&#8243; row_reverse_tablet=\u00bb0&#8243;][vc_column]\n\t\t<div id=\"wd-68d54e746d35f\" class=\"title-wrapper wd-wpb set-mb-s reset-last-child  wd-rs-68d54e746d35f wd-title-color-primary wd-title-style-bordered wd-width-100 text-left vc_custom_1758809739467 wd-underline-colored\">\n\t\t\t\n\t\t\t<div class=\"liner-continer\">\n\t\t\t\t<h4 class=\"woodmart-title-container title  wd-font-weight- wd-fontsize-l\" >\u00bfQu\u00e9 es el Simulador de Envejecimiento?<\/h4>\n\t\t\t\t\t\t\t<\/div>\n\t\t\t\n\t\t\t\n\t\t\t\n\t\t<\/div>\n\t\t\n\t\t\t\t<div id=\"wd-68d5549ad69b5\" class=\"wd-text-block wd-wpb reset-last-child wd-rs-68d5549ad69b5 wd-width-100 text-left \">\n\t\t\t<div>\n<p data-source-line=\"8-8\">El <strong>Simulador de Envejecimiento ANGES<\/strong> es una revolucionaria herramienta educativa que permite experimentar, de forma segura y controlada, las principales limitaciones f\u00edsicas y sensoriales asociadas al proceso natural de envejecimiento. Este innovador equipo forma parte de la prestigiosa red internacional del <strong>proyecto alem\u00e1n Wolfgang Moll - Age Simulation Suit GERT<\/strong>. <\/p>\n<p data-source-line=\"10-10\">Mediante un conjunto de dispositivos anal\u00f3gicos validados cient\u00edficamente, el simulador recrea con precisi\u00f3n los cambios que se producen de forma natural con el avance de la edad, proporcionando una experiencia \u00fanica de concienciaci\u00f3n y aprendizaje.<\/p>\n<\/div>\n\t\t<\/div>\n\t\t[\/vc_column][\/vc_row][vc_row equal_height=\u00bbyes\u00bb wd_z_index=\u00bbno\u00bb woodmart_css_id=\u00bb67a6481860fa8&#8243; responsive_spacing=\u00bbeyJwYXJhbV90eXBlIjoid29vZG1hcnRfcmVzcG9uc2l2ZV9zcGFjaW5nIiwic2VsZWN0b3JfaWQiOiI2N2E2NDgxODYwZmE4Iiwic2hvcnRjb2RlIjoidmNfcm93IiwiZGF0YSI6eyJ0YWJsZXQiOnt9LCJtb2JpbGUiOnsibWFyZ2luLWJvdHRvbSI6IjMwcHgifX19&#8243; mobile_bg_img_hidden=\u00bbno\u00bb tablet_bg_img_hidden=\u00bbno\u00bb woodmart_parallax=\u00bb0&#8243; woodmart_gradient_switch=\u00bbno\u00bb row_reverse_mobile=\u00bb0&#8243; row_reverse_tablet=\u00bb0&#8243; woodmart_disable_overflow=\u00bb0&#8243; woodmart_box_shadow=\u00bbno\u00bb][vc_column width=\u00bb1\/2&#8243; css=\u00bb.vc_custom_1484657119633{padding-top: 0px !important;}\u00bb]\n\t\t<div id=\"wd-68d54f19644d5\" class=\"title-wrapper wd-wpb set-mb-s reset-last-child  wd-rs-68d54f19644d5 wd-title-color-primary wd-title-style-bordered wd-width-100 text-left vc_custom_1758809888165 wd-underline-colored\">\n\t\t\t\n\t\t\t<div class=\"liner-continer\">\n\t\t\t\t<h4 class=\"woodmart-title-container title  wd-font-weight- wd-fontsize-l\" >Objetivos del simulador:<\/h4>\n\t\t\t\t\t\t\t<\/div>\n\t\t\t\n\t\t\t\n\t\t\t\n\t\t<\/div>\n\t\t\n\t\t\t\t<div id=\"wd-68d553ae325b9\" class=\"wd-text-block wd-wpb reset-last-child wd-rs-68d553ae325b9 wd-width-100 text-left \">\n\t\t\t<p id=\"sensibiliza%C3%A7%C3%A3o-e-empatia\" tabindex=\"-1\" data-source-line=\"14-14\"><strong>Sensibilizaci\u00f3n y empat\u00eda<\/strong><\/p>\n<ul data-source-line=\"15-18\">\n<li data-source-line=\"15-15\">Proporcionar una <strong>experiencia transformadora en primera persona<\/strong>;<\/li>\n<li data-source-line=\"16-16\">Desarrollar una aut\u00e9ntica empat\u00eda experimentando las limitaciones del envejecimiento;<\/li>\n<li data-source-line=\"17-18\">Acabar con los estereotipos y prejuicios relacionados con la vejez.<\/li>\n<\/ul>\n<p id=\"forma%C3%A7%C3%A3o-e-capacita%C3%A7%C3%A3o\" tabindex=\"-1\" data-source-line=\"19-19\"><strong>Formaci\u00f3n y capacitaci\u00f3n<\/strong><\/p>\n<ul data-source-line=\"20-23\">\n<li data-source-line=\"20-20\"><strong>Formar a los cuidadores<\/strong> formales e <strong>informales<\/strong> para que presten unos cuidados m\u00e1s humanizados;<\/li>\n<li data-source-line=\"21-21\"><strong>Formar a futuros profesionales de<\/strong> la salud, el trabajo social y la gerontolog\u00eda;<\/li>\n<li data-source-line=\"22-23\">Mejorar las t\u00e9cnicas de <strong>comunicaci\u00f3n y acercamiento<\/strong> con las personas mayores.<\/li>\n<\/ul>\n<p id=\"preven%C3%A7%C3%A3o-e-seguran%C3%A7a\" tabindex=\"-1\" data-source-line=\"24-24\"><strong>Prevenci\u00f3n y seguridad<\/strong><\/p>\n<ul data-source-line=\"25-28\">\n<li data-source-line=\"25-25\"><strong>Anticipar situaciones de riesgo<\/strong> en la prestaci\u00f3n de cuidados inadecuados;<\/li>\n<li data-source-line=\"26-26\">Prevenci\u00f3n de <strong>lesiones osteoarticulares y musculoesquel\u00e9ticas<\/strong> en ancianos;<\/li>\n<li data-source-line=\"27-28\">Desarrollar estrategias para <strong>prevenir ca\u00eddas<\/strong> y accidentes.<\/li>\n<\/ul>\n<p id=\"compreens%C3%A3o-cient%C3%ADfica\" tabindex=\"-1\" data-source-line=\"29-29\"><strong>Comprensi\u00f3n cient\u00edfica<\/strong><\/p>\n<ul data-source-line=\"30-33\">\n<li data-source-line=\"30-30\">Demostrar los <strong>cambios fisiol\u00f3gicos naturales del<\/strong> envejecimiento;<\/li>\n<li data-source-line=\"31-31\">Validar las limitaciones funcionales de la edad mediante <strong>protocolos<\/strong> cient\u00edficos;<\/li>\n<li data-source-line=\"32-33\">Distinguir entre <strong>envejecimiento natural y patol\u00f3gico<\/strong>.<\/li>\n<\/ul>\n\t\t<\/div>\n\t\t[\/vc_column][vc_column width=\u00bb1\/2&#8243; css=\u00bb.vc_custom_1484657123074{padding-top: 0px !important;}\u00bb][vc_single_image image=\u00bb20739&#8243; img_size=\u00bb700&#215;300&#8243; css=\u00bb\u00bb parallax_scroll=\u00bbno\u00bb woodmart_inline=\u00bbno\u00bb]\n\t\t<div id=\"wd-68d54fd441bfb\" class=\"title-wrapper wd-wpb set-mb-s reset-last-child  wd-rs-68d54fd441bfb wd-title-color-primary wd-title-style-bordered wd-width-100 text-left vc_custom_1758810075128 wd-underline-colored\">\n\t\t\t\n\t\t\t<div class=\"liner-continer\">\n\t\t\t\t<h4 class=\"woodmart-title-container title  wd-font-weight- wd-fontsize-l\" >Componentes del simulador:<\/h4>\n\t\t\t\t\t\t\t<\/div>\n\t\t\t\n\t\t\t\n\t\t\t\n\t\t<\/div>\n\t\t\n\t\t\t\t<div id=\"wd-68d55808923ef\" class=\"wd-text-block wd-wpb reset-last-child wd-rs-68d55808923ef wd-width-100 text-left \">\n\t\t\t<ul data-source-line=\"19-24\">\n<li data-source-line=\"19-19\"><strong>Pesas espec\u00edficas<\/strong> para la zona lumbar y las mu\u00f1ecas (simulan la p\u00e9rdida de masa muscular y la rigidez);<\/li>\n<li data-source-line=\"20-20\"><strong>Dispositivos de tracci\u00f3n mec\u00e1nica<\/strong> para las articulaciones de la mano, el codo, la rodilla y el pie;<\/li>\n<li data-source-line=\"21-21\"><strong>Accesorios del pie<\/strong> que causan desequilibrio;<\/li>\n<li data-source-line=\"22-22\"><strong>Gafas especiales<\/strong> que nublan la visi\u00f3n;<\/li>\n<li data-source-line=\"23-24\"><strong>Auriculares<\/strong> que simulan una p\u00e9rdida de audici\u00f3n.<\/li>\n<\/ul>\n\t\t<\/div>\n\t\t[\/vc_column][\/vc_row][vc_row equal_height=\u00bbyes\u00bb wd_z_index=\u00bbno\u00bb woodmart_css_id=\u00bb67a6481860fa8&#8243; responsive_spacing=\u00bbeyJwYXJhbV90eXBlIjoid29vZG1hcnRfcmVzcG9uc2l2ZV9zcGFjaW5nIiwic2VsZWN0b3JfaWQiOiI2N2E2NDgxODYwZmE4Iiwic2hvcnRjb2RlIjoidmNfcm93IiwiZGF0YSI6eyJ0YWJsZXQiOnt9LCJtb2JpbGUiOnsibWFyZ2luLWJvdHRvbSI6IjMwcHgifX19&#8243; mobile_bg_img_hidden=\u00bbno\u00bb tablet_bg_img_hidden=\u00bbno\u00bb woodmart_parallax=\u00bb0&#8243; woodmart_gradient_switch=\u00bbno\u00bb row_reverse_mobile=\u00bb0&#8243; row_reverse_tablet=\u00bb0&#8243; woodmart_disable_overflow=\u00bb0&#8243; woodmart_box_shadow=\u00bbno\u00bb][vc_column width=\u00bb1\/2&#8243; css=\u00bb.vc_custom_1484657119633{padding-top: 0px !important;}\u00bb]\n\t\t<div id=\"wd-68d55049b9f89\" class=\"title-wrapper wd-wpb set-mb-s reset-last-child  wd-rs-68d55049b9f89 wd-title-color-primary wd-title-style-bordered wd-width-100 text-left vc_custom_1758810194053 wd-underline-colored\">\n\t\t\t\n\t\t\t<div class=\"liner-continer\">\n\t\t\t\t<h4 class=\"woodmart-title-container title  wd-font-weight- wd-fontsize-l\" >Capacidades de simulaci\u00f3n<\/h4>\n\t\t\t\t\t\t\t<\/div>\n\t\t\t\n\t\t\t\n\t\t\t\n\t\t<\/div>\n\t\t\n\t\t\t\t<div id=\"wd-68d5559987033\" class=\"wd-text-block wd-wpb reset-last-child wd-rs-68d5559987033 wd-width-100 text-left \">\n\t\t\t<div>\n<p data-source-line=\"49-49\"><strong>El simulador te permite recrear:<\/strong><\/p>\n<ul data-source-line=\"50-54\">\n<li data-source-line=\"50-50\">Cambios en la <strong>audici\u00f3n y la visi\u00f3n<\/strong> (que comienzan de forma natural a partir de los 40 a\u00f1os);<\/li>\n<li data-source-line=\"51-51\">Limitaciones <strong>articulares y musculares<\/strong> influidas por la edad;<\/li>\n<li data-source-line=\"52-52\">Dificultades de <strong>equilibrio y coordinaci\u00f3n<\/strong>;<\/li>\n<li data-source-line=\"53-54\">Dificultades en las <strong>actividades de la vida diaria<\/strong>.<\/li>\n<\/ul>\n<\/div>\n\t\t<\/div>\n\t\t[\/vc_column][vc_column width=\u00bb1\/2&#8243; css=\u00bb.vc_custom_1484657123074{padding-top: 0px !important;}\u00bb]\n\t\t<div id=\"wd-68d555b564ff5\" class=\"title-wrapper wd-wpb set-mb-s reset-last-child  wd-rs-68d555b564ff5 wd-title-color-primary wd-title-style-bordered wd-width-100 text-left vc_custom_1758811608400 wd-underline-colored\">\n\t\t\t\n\t\t\t<div class=\"liner-continer\">\n\t\t\t\t<h4 class=\"woodmart-title-container title  wd-font-weight- wd-fontsize-l\" >Investigaci\u00f3n y desarrollo<\/h4>\n\t\t\t\t\t\t\t<\/div>\n\t\t\t\n\t\t\t\n\t\t\t\n\t\t<\/div>\n\t\t\n\t\t\t\t<div id=\"wd-68d559783e071\" class=\"wd-text-block wd-wpb reset-last-child wd-rs-68d559783e071 wd-width-100 text-left \">\n\t\t\t<p data-source-line=\"140-140\">ANGES realiza continuamente <strong>estudios de validaci\u00f3n<\/strong> que lo demuestran:<\/p>\n<ul data-source-line=\"141-145\">\n<li data-source-line=\"141-141\">La <strong>eficacia pedag\u00f3gica<\/strong> del simulador;<\/li>\n<li data-source-line=\"142-142\">El <strong>impacto en el cambio de actitudes<\/strong> profesionales;<\/li>\n<li data-source-line=\"142-142\"><strong>Mejorar la calidad de la<\/strong> asistencia;<\/li>\n<li data-source-line=\"144-145\">La <strong>satisfacci\u00f3n de los participantes<\/strong> en los cursos de formaci\u00f3n.<\/li>\n<\/ul>\n\t\t<\/div>\n\t\t[\/vc_column][\/vc_row][vc_row css=\u00bb.vc_custom_1738950710055{margin-bottom: 40px !important;}\u00bb woodmart_css_id=\u00bb67a6483391409&#8243; responsive_spacing=\u00bbeyJwYXJhbV90eXBlIjoid29vZG1hcnRfcmVzcG9uc2l2ZV9zcGFjaW5nIiwic2VsZWN0b3JfaWQiOiI2N2E2NDgzMzkxNDA5Iiwic2hvcnRjb2RlIjoidmNfcm93IiwiZGF0YSI6eyJ0YWJsZXQiOnt9LCJtb2JpbGUiOnt9fX0=\u00bb mobile_bg_img_hidden=\u00bbno\u00bb tablet_bg_img_hidden=\u00bbno\u00bb woodmart_parallax=\u00bb0&#8243; woodmart_gradient_switch=\u00bbno\u00bb woodmart_box_shadow=\u00bbno\u00bb wd_z_index=\u00bbno\u00bb woodmart_disable_overflow=\u00bb0&#8243; row_reverse_mobile=\u00bb0&#8243; row_reverse_tablet=\u00bb0&#8243;][vc_column]\n\t\t<div id=\"wd-68d55534a4feb\" class=\"title-wrapper wd-wpb set-mb-s reset-last-child  wd-rs-68d55534a4feb wd-title-color-primary wd-title-style-bordered wd-width-100 text-left vc_custom_1758811449504 wd-underline-colored\">\n\t\t\t\n\t\t\t<div class=\"liner-continer\">\n\t\t\t\t<h4 class=\"woodmart-title-container title  wd-font-weight- wd-fontsize-l\" >\u00danete a la revoluci\u00f3n solidaria<\/h4>\n\t\t\t\t\t\t\t<\/div>\n\t\t\t\n\t\t\t\n\t\t\t\n\t\t<\/div>\n\t\t\n\t\t\t\t<div id=\"wd-68d5590a85579\" class=\"wd-text-block wd-wpb reset-last-child wd-rs-68d5590a85579 wd-width-100 text-left \">\n\t\t\t<p data-source-line=\"258-258\">El Simulador de Envejecimiento ANGES es m\u00e1s que una herramienta de formaci\u00f3n: es una <strong>filosof\u00eda de cuidados<\/strong> que sit\u00faa <strong>la empat\u00eda y la comprensi\u00f3n<\/strong> en el centro de las relaciones con las personas mayores.<\/p>\n<p data-source-line=\"262-262\"><strong>Ponte en contacto con nosotros hoy mismo <\/strong>y descubre c\u00f3mo podemos <strong>transformar nuestra forma de ver el envejecimiento en Portugal.<\/strong><\/p>\n<p>ANGES est\u00e1 disponible para llevar a cabo actividades de formaci\u00f3n y\/o sensibilizaci\u00f3n adaptadas a las necesidades espec\u00edficas de cada organizaci\u00f3n, proporcionando una experiencia educativa \u00fanica que transforma la forma en que entendemos y cuidamos a las personas mayores.<\/p>\n<p>Para m\u00e1s informaci\u00f3n sobre c\u00f3mo reservar formaci\u00f3n con el Simulador de Envejecimiento, ponte en contacto con nosotros. Esta iniciativa representa un hito en la promoci\u00f3n de un envejecimiento activo, positivo y satisfactorio. <\/p>\n<h5 data-source-line=\"262-262\"><strong>+351 911 997 434 | geral@anges.pt<\/strong><\/h5>\n\t\t<\/div>\n\t\t[\/vc_column][\/vc_row][vc_row][vc_column]\n\t\t<div id=\"wd-68dc53735dffc\" class=\"title-wrapper wd-wpb set-mb-s reset-last-child  wd-rs-68dc53735dffc wd-title-color-primary wd-title-style-bordered wd-width-100 text-left vc_custom_1759269766919 wd-underline-colored\">\n\t\t\t\n\t\t\t<div class=\"liner-continer\">\n\t\t\t\t<h4 class=\"woodmart-title-container title  wd-font-weight- wd-fontsize-l\" >patrocinadores<\/h4>\n\t\t\t\t\t\t\t<\/div>\n\t\t\t\n\t\t\t\n\t\t\t\n\t\t<\/div>\n\t\t\n\t\t[\/vc_column][\/vc_row][vc_row][vc_column width=\u00bb1\/5&#8243;][vc_single_image image=\u00bb8502&#8243; img_size=\u00bbmedium\u00bb css=\u00bb\u00bb parallax_scroll=\u00bbno\u00bb woodmart_inline=\u00bbno\u00bb][\/vc_column][vc_column width=\u00bb1\/5&#8243;][vc_single_image image=\u00bb17694&#8243; img_size=\u00bbmedium\u00bb css=\u00bb\u00bb parallax_scroll=\u00bbno\u00bb woodmart_inline=\u00bbno\u00bb][\/vc_column][vc_column width=\u00bb1\/5&#8243;][\/vc_column][vc_column width=\u00bb1\/5&#8243;][\/vc_column][vc_column width=\u00bb1\/5&#8243;][\/vc_column][\/vc_row]<\/p>\n<\/div>","protected":false},"excerpt":{"rendered":"<p>[vc_row css=\u00bb.vc_custom_1739048382548{margin-bottom: 20px !important;}\u00bb woodmart_css_id=\u00bb67a7c5b50a95d\u00bb responsive_spacing=\u00bbeyJwYXJhbV90eXBlIjoid29vZG1hcnRfcmVzcG9uc2l2ZV9zcGFjaW5nIiwic2VsZWN0b3JfaWQiOiI2N2E3YzViNTBhOTVkIiwic2hvcnRjb2RlIjoidmNfcm93IiwiZGF0YSI6eyJ0YWJsZXQiOnt9LCJtb2JpbGUiOnt9fX0=\u00bb mobile_bg_img_hidden=\u00bbno\u00bb tablet_bg_img_hidden=\u00bbno\u00bb woodmart_parallax=\u00bb0&#8243; woodmart_gradient_switch=\u00bbno\u00bb woodmart_box_shadow=\u00bbno\u00bb wd_z_index=\u00bbno\u00bb woodmart_disable_overflow=\u00bb0&#8243; row_reverse_mobile=\u00bb0&#8243; row_reverse_tablet=\u00bb0&#8243;][vc_column][\/vc_column][\/vc_row][vc_row css=\u00bb.vc_custom_1738950710055{margin-bottom: 40px !important;}\u00bb woodmart_css_id=\u00bb67a6483391409&#8243; responsive_spacing=\u00bbeyJwYXJhbV90eXBlIjoid29vZG1hcnRfcmVzcG9uc2l2ZV9zcGFjaW5nIiwic2VsZWN0b3JfaWQiOiI2N2E2NDgzMzkxNDA5Iiwic2hvcnRjb2RlIjoidmNfcm93IiwiZGF0YSI6eyJ0YWJsZXQiOnt9LCJtb2JpbGUiOnt9fX0=\u00bb<\/p>\n","protected":false},"author":1,"featured_media":0,"parent":0,"menu_order":0,"comment_status":"closed","ping_status":"closed","template":"","meta":{"footnotes":""},"class_list":["post-20680","page","type-page","status-publish","hentry"],"yoast_head":"<!-- This site is optimized with the Yoast SEO Premium plugin v27.5 (Yoast SEO v27.5) - https:\/\/yoast.com\/product\/yoast-seo-premium-wordpress\/ -->\n<title>Simulador de envejecimiento ANGES - Anges<\/title>\n<meta name=\"robots\" content=\"index, follow, max-snippet:-1, max-image-preview:large, max-video-preview:-1\" \/>\n<link rel=\"canonical\" href=\"https:\/\/anges.pt\/es\/reunion-de-lideres-directores-tecnicos-y-tecnicos-de-sintra\/\" \/>\n<meta property=\"og:locale\" content=\"es_ES\" \/>\n<meta property=\"og:type\" content=\"article\" \/>\n<meta property=\"og:title\" content=\"Simulador de envejecimiento ANGES\" \/>\n<meta property=\"og:description\" content=\"[vc_row css=\u00bb.vc_custom_1739048382548{margin-bottom: 20px !important;}\u00bb woodmart_css_id=\u00bb67a7c5b50a95d\u00bb responsive_spacing=\u00bbeyJwYXJhbV90eXBlIjoid29vZG1hcnRfcmVzcG9uc2l2ZV9zcGFjaW5nIiwic2VsZWN0b3JfaWQiOiI2N2E3YzViNTBhOTVkIiwic2hvcnRjb2RlIjoidmNfcm93IiwiZGF0YSI6eyJ0YWJsZXQiOnt9LCJtb2JpbGUiOnt9fX0=\u00bb mobile_bg_img_hidden=\u00bbno\u00bb tablet_bg_img_hidden=\u00bbno\u00bb woodmart_parallax=\u00bb0&#8243; woodmart_gradient_switch=\u00bbno\u00bb woodmart_box_shadow=\u00bbno\u00bb wd_z_index=\u00bbno\u00bb woodmart_disable_overflow=\u00bb0&#8243; row_reverse_mobile=\u00bb0&#8243; row_reverse_tablet=\u00bb0&#8243;][vc_column][\/vc_column][\/vc_row][vc_row css=\u00bb.vc_custom_1738950710055{margin-bottom: 40px !important;}\u00bb woodmart_css_id=\u00bb67a6483391409&#8243; responsive_spacing=\u00bbeyJwYXJhbV90eXBlIjoid29vZG1hcnRfcmVzcG9uc2l2ZV9zcGFjaW5nIiwic2VsZWN0b3JfaWQiOiI2N2E2NDgzMzkxNDA5Iiwic2hvcnRjb2RlIjoidmNfcm93IiwiZGF0YSI6eyJ0YWJsZXQiOnt9LCJtb2JpbGUiOnt9fX0=\u00bb\" \/>\n<meta property=\"og:url\" content=\"https:\/\/anges.pt\/es\/reunion-de-lideres-directores-tecnicos-y-tecnicos-de-sintra\/\" \/>\n<meta property=\"og:site_name\" content=\"Anges\" \/>\n<meta property=\"article:publisher\" content=\"https:\/\/www.facebook.com\/anges.pt\" \/>\n<meta property=\"article:modified_time\" content=\"2025-10-03T11:15:39+00:00\" \/>\n<meta name=\"twitter:card\" content=\"summary_large_image\" \/>\n<meta name=\"twitter:label1\" content=\"Tiempo de lectura\" \/>\n\t<meta name=\"twitter:data1\" content=\"11 minutos\" \/>\n<script type=\"application\/ld+json\" class=\"yoast-schema-graph\">{\"@context\":\"https:\\\/\\\/schema.org\",\"@graph\":[{\"@type\":\"WebPage\",\"@id\":\"https:\\\/\\\/anges.pt\\\/es\\\/reunion-de-lideres-directores-tecnicos-y-tecnicos-de-sintra\\\/\",\"url\":\"https:\\\/\\\/anges.pt\\\/es\\\/reunion-de-lideres-directores-tecnicos-y-tecnicos-de-sintra\\\/\",\"name\":\"Simulador de envejecimiento ANGES - Anges\",\"isPartOf\":{\"@id\":\"https:\\\/\\\/anges.pt\\\/es\\\/#website\"},\"datePublished\":\"2025-09-25T14:16:39+00:00\",\"dateModified\":\"2025-10-03T11:15:39+00:00\",\"breadcrumb\":{\"@id\":\"https:\\\/\\\/anges.pt\\\/es\\\/reunion-de-lideres-directores-tecnicos-y-tecnicos-de-sintra\\\/#breadcrumb\"},\"inLanguage\":\"es\",\"potentialAction\":[{\"@type\":\"ReadAction\",\"target\":[\"https:\\\/\\\/anges.pt\\\/es\\\/reunion-de-lideres-directores-tecnicos-y-tecnicos-de-sintra\\\/\"]}]},{\"@type\":\"BreadcrumbList\",\"@id\":\"https:\\\/\\\/anges.pt\\\/es\\\/reunion-de-lideres-directores-tecnicos-y-tecnicos-de-sintra\\\/#breadcrumb\",\"itemListElement\":[{\"@type\":\"ListItem\",\"position\":1,\"name\":\"In\u00edcio\",\"item\":\"https:\\\/\\\/anges.pt\\\/es\\\/inicio\\\/\"},{\"@type\":\"ListItem\",\"position\":2,\"name\":\"Simulador de envejecimiento ANGES\"}]},{\"@type\":\"WebSite\",\"@id\":\"https:\\\/\\\/anges.pt\\\/es\\\/#website\",\"url\":\"https:\\\/\\\/anges.pt\\\/es\\\/\",\"name\":\"Anges\",\"description\":\"Associa\u00e7\u00e3o Nacional de Gerontologia Social\",\"publisher\":{\"@id\":\"https:\\\/\\\/anges.pt\\\/es\\\/#organization\"},\"alternateName\":\"Associa\u00e7\u00e3o Nacional de Gerontologia Social\",\"potentialAction\":[{\"@type\":\"SearchAction\",\"target\":{\"@type\":\"EntryPoint\",\"urlTemplate\":\"https:\\\/\\\/anges.pt\\\/es\\\/?s={search_term_string}\"},\"query-input\":{\"@type\":\"PropertyValueSpecification\",\"valueRequired\":true,\"valueName\":\"search_term_string\"}}],\"inLanguage\":\"es\"},{\"@type\":\"Organization\",\"@id\":\"https:\\\/\\\/anges.pt\\\/es\\\/#organization\",\"name\":\"Anges\",\"alternateName\":\"Asociaci\u00f3n Nacional de Gerontolog\u00eda Social\",\"url\":\"https:\\\/\\\/anges.pt\\\/es\\\/\",\"logo\":{\"@type\":\"ImageObject\",\"inLanguage\":\"es\",\"@id\":\"https:\\\/\\\/anges.pt\\\/es\\\/#\\\/schema\\\/logo\\\/image\\\/\",\"url\":\"https:\\\/\\\/anges.pt\\\/wp-content\\\/uploads\\\/2024\\\/08\\\/Dimensoes-personalizadas-3x2-cm-4.jpeg\",\"contentUrl\":\"https:\\\/\\\/anges.pt\\\/wp-content\\\/uploads\\\/2024\\\/08\\\/Dimensoes-personalizadas-3x2-cm-4.jpeg\",\"width\":170,\"height\":114,\"caption\":\"Anges\"},\"image\":{\"@id\":\"https:\\\/\\\/anges.pt\\\/es\\\/#\\\/schema\\\/logo\\\/image\\\/\"},\"sameAs\":[\"https:\\\/\\\/www.facebook.com\\\/anges.pt\",\"https:\\\/\\\/www.instagram.com\\\/associacaoanges\\\/\"]}]}<\/script>\n<!-- \/ Yoast SEO Premium plugin. -->","yoast_head_json":{"title":"Simulador de envejecimiento ANGES - Anges","robots":{"index":"index","follow":"follow","max-snippet":"max-snippet:-1","max-image-preview":"max-image-preview:large","max-video-preview":"max-video-preview:-1"},"canonical":"https:\/\/anges.pt\/es\/reunion-de-lideres-directores-tecnicos-y-tecnicos-de-sintra\/","og_locale":"es_ES","og_type":"article","og_title":"Simulador de envejecimiento ANGES","og_description":"[vc_row css=\u00bb.vc_custom_1739048382548{margin-bottom: 20px !important;}\u00bb woodmart_css_id=\u00bb67a7c5b50a95d\u00bb responsive_spacing=\u00bbeyJwYXJhbV90eXBlIjoid29vZG1hcnRfcmVzcG9uc2l2ZV9zcGFjaW5nIiwic2VsZWN0b3JfaWQiOiI2N2E3YzViNTBhOTVkIiwic2hvcnRjb2RlIjoidmNfcm93IiwiZGF0YSI6eyJ0YWJsZXQiOnt9LCJtb2JpbGUiOnt9fX0=\u00bb mobile_bg_img_hidden=\u00bbno\u00bb tablet_bg_img_hidden=\u00bbno\u00bb woodmart_parallax=\u00bb0&#8243; woodmart_gradient_switch=\u00bbno\u00bb woodmart_box_shadow=\u00bbno\u00bb wd_z_index=\u00bbno\u00bb woodmart_disable_overflow=\u00bb0&#8243; row_reverse_mobile=\u00bb0&#8243; row_reverse_tablet=\u00bb0&#8243;][vc_column][\/vc_column][\/vc_row][vc_row css=\u00bb.vc_custom_1738950710055{margin-bottom: 40px !important;}\u00bb woodmart_css_id=\u00bb67a6483391409&#8243; responsive_spacing=\u00bbeyJwYXJhbV90eXBlIjoid29vZG1hcnRfcmVzcG9uc2l2ZV9zcGFjaW5nIiwic2VsZWN0b3JfaWQiOiI2N2E2NDgzMzkxNDA5Iiwic2hvcnRjb2RlIjoidmNfcm93IiwiZGF0YSI6eyJ0YWJsZXQiOnt9LCJtb2JpbGUiOnt9fX0=\u00bb","og_url":"https:\/\/anges.pt\/es\/reunion-de-lideres-directores-tecnicos-y-tecnicos-de-sintra\/","og_site_name":"Anges","article_publisher":"https:\/\/www.facebook.com\/anges.pt","article_modified_time":"2025-10-03T11:15:39+00:00","twitter_card":"summary_large_image","twitter_misc":{"Tiempo de lectura":"11 minutos"},"schema":{"@context":"https:\/\/schema.org","@graph":[{"@type":"WebPage","@id":"https:\/\/anges.pt\/es\/reunion-de-lideres-directores-tecnicos-y-tecnicos-de-sintra\/","url":"https:\/\/anges.pt\/es\/reunion-de-lideres-directores-tecnicos-y-tecnicos-de-sintra\/","name":"Simulador de envejecimiento ANGES - Anges","isPartOf":{"@id":"https:\/\/anges.pt\/es\/#website"},"datePublished":"2025-09-25T14:16:39+00:00","dateModified":"2025-10-03T11:15:39+00:00","breadcrumb":{"@id":"https:\/\/anges.pt\/es\/reunion-de-lideres-directores-tecnicos-y-tecnicos-de-sintra\/#breadcrumb"},"inLanguage":"es","potentialAction":[{"@type":"ReadAction","target":["https:\/\/anges.pt\/es\/reunion-de-lideres-directores-tecnicos-y-tecnicos-de-sintra\/"]}]},{"@type":"BreadcrumbList","@id":"https:\/\/anges.pt\/es\/reunion-de-lideres-directores-tecnicos-y-tecnicos-de-sintra\/#breadcrumb","itemListElement":[{"@type":"ListItem","position":1,"name":"In\u00edcio","item":"https:\/\/anges.pt\/es\/inicio\/"},{"@type":"ListItem","position":2,"name":"Simulador de envejecimiento ANGES"}]},{"@type":"WebSite","@id":"https:\/\/anges.pt\/es\/#website","url":"https:\/\/anges.pt\/es\/","name":"Anges","description":"Associa\u00e7\u00e3o Nacional de Gerontologia Social","publisher":{"@id":"https:\/\/anges.pt\/es\/#organization"},"alternateName":"Associa\u00e7\u00e3o Nacional de Gerontologia Social","potentialAction":[{"@type":"SearchAction","target":{"@type":"EntryPoint","urlTemplate":"https:\/\/anges.pt\/es\/?s={search_term_string}"},"query-input":{"@type":"PropertyValueSpecification","valueRequired":true,"valueName":"search_term_string"}}],"inLanguage":"es"},{"@type":"Organization","@id":"https:\/\/anges.pt\/es\/#organization","name":"Anges","alternateName":"Asociaci\u00f3n Nacional de Gerontolog\u00eda Social","url":"https:\/\/anges.pt\/es\/","logo":{"@type":"ImageObject","inLanguage":"es","@id":"https:\/\/anges.pt\/es\/#\/schema\/logo\/image\/","url":"https:\/\/anges.pt\/wp-content\/uploads\/2024\/08\/Dimensoes-personalizadas-3x2-cm-4.jpeg","contentUrl":"https:\/\/anges.pt\/wp-content\/uploads\/2024\/08\/Dimensoes-personalizadas-3x2-cm-4.jpeg","width":170,"height":114,"caption":"Anges"},"image":{"@id":"https:\/\/anges.pt\/es\/#\/schema\/logo\/image\/"},"sameAs":["https:\/\/www.facebook.com\/anges.pt","https:\/\/www.instagram.com\/associacaoanges\/"]}]}},"_links":{"self":[{"href":"https:\/\/anges.pt\/es\/wp-json\/wp\/v2\/pages\/20680","targetHints":{"allow":["GET"]}}],"collection":[{"href":"https:\/\/anges.pt\/es\/wp-json\/wp\/v2\/pages"}],"about":[{"href":"https:\/\/anges.pt\/es\/wp-json\/wp\/v2\/types\/page"}],"author":[{"embeddable":true,"href":"https:\/\/anges.pt\/es\/wp-json\/wp\/v2\/users\/1"}],"replies":[{"embeddable":true,"href":"https:\/\/anges.pt\/es\/wp-json\/wp\/v2\/comments?post=20680"}],"version-history":[{"count":89,"href":"https:\/\/anges.pt\/es\/wp-json\/wp\/v2\/pages\/20680\/revisions"}],"predecessor-version":[{"id":21158,"href":"https:\/\/anges.pt\/es\/wp-json\/wp\/v2\/pages\/20680\/revisions\/21158"}],"wp:attachment":[{"href":"https:\/\/anges.pt\/es\/wp-json\/wp\/v2\/media?parent=20680"}],"curies":[{"name":"wp","href":"https:\/\/api.w.org\/{rel}","templated":true}]}}