{"id":14534,"date":"2024-10-18T21:21:16","date_gmt":"2024-10-18T21:21:16","guid":{"rendered":"https:\/\/anges.pt\/noticias-avisos-y-oportunidades\/"},"modified":"2025-02-24T10:50:17","modified_gmt":"2025-02-24T10:50:17","slug":"noticias-avisos-y-oportunidades","status":"publish","type":"page","link":"https:\/\/anges.pt\/es\/noticias-avisos-y-oportunidades\/","title":{"rendered":"Noticias, avisos y oportunidades"},"content":{"rendered":"<div class=\"wpb-content-wrapper\"><p>[vc_column css=\u00bb.vc_custom_1621609950225{margin-top: 30px !important;margin-bottom: 0px !important;padding-top: 0px !important;}\u00bb mobile_bg_img_hidden=\u00bbno\u00bb tablet_bg_img_hidden=\u00bbno\u00bb woodmart_parallax=\u00bb0&#8243; woodmart_sticky_column=\u00bbfalse\u00bb parallax_scroll=\u00bbno\u00bb mobile_reset_margin=\u00bbno\u00bb tablet_reset_margin=\u00bbno\u00bb][\/vc_column][vc_column][\/vc_column][vc_row][vc_column][\/vc_column][\/vc_row][vc_row][vc_column][vc_column_text css=\u00bb.vc_custom_1729286382889{margin-bottom: 20px !important;}\u00bb text_larger=\u00bbno\u00bb woodmart_inline=\u00bbno\u00bb]<\/p>\n<h1 class=\"product_title entry-title wd-entities-title\">Noticias, avisos y oportunidades<\/h1>\n<p>[\/vc_column_text][vc_column_text css=\u00bb\u00bb woodmart_inline=\u00bbno\u00bb text_larger=\u00bbno\u00bb]<strong>AVISO: 2\/2025<\/strong><\/p>\n<p><strong>Concurso para el dise\u00f1o\/creaci\u00f3n del logotipo de la incubadora de innovaci\u00f3n social Viseu D\u00e3o Laf\u00f5es<\/strong><\/p>\n<p>El objetivo de este concurso es crear y seleccionar un logotipo para la Incubadora de Innovaci\u00f3n Social de Viseu D\u00e3o Laf\u00f5es, que se utilizar\u00e1 en todos los documentos oficiales, a nivel administrativo, as\u00ed como en materiales promocionales, p\u00e1ginas web y acciones promocionales en redes sociales y\/o otros medios.<\/p>\n<p>Consulta las bases del concurso.<\/p>\n<p><strong>Regulaci\u00f3n<\/strong><\/p>\n<p><a href=\"https:\/\/anges.pt\/wp-content\/uploads\/2025\/02\/REGULAMENTO_CONCURSO_LOGOTIPO.pdf\" target=\"_blank\" rel=\"noopener\"><img decoding=\"async\" class=\"alignnone wp-image-10378 lazyload\" role=\"img\" data-src=\"https:\/\/anges.pt\/wp-content\/uploads\/2025\/02\/book-svg.svg\" alt=\"\" width=\"105\" height=\"211\" src=\"data:image\/svg+xml;base64,PHN2ZyB3aWR0aD0iMSIgaGVpZ2h0PSIxIiB4bWxucz0iaHR0cDovL3d3dy53My5vcmcvMjAwMC9zdmciPjwvc3ZnPg==\" style=\"--smush-placeholder-width: 105px; --smush-placeholder-aspect-ratio: 105\/211;\"><\/a><\/p>\n<p>Pombal, 18 de febrero de 2025<\/p>\n<p>Ricardo Pocinho<\/p>\n<p>Presidente del Consejo de Administraci\u00f3n de ANGES<\/p>\n<p>&nbsp;<\/p>\n<p><strong>AVISO: 1\/2025<\/strong><\/p>\n<p><strong>Adquisici\u00f3n de servicios de Formaci\u00f3n Modular del Programa Tem\u00e1tico Demograf\u00eda, Cualificaciones e Inclusi\u00f3n (Personas 2030)<\/strong><\/p>\n<p>En vista de la aprobaci\u00f3n de la solicitud n.\u00ba PESSOAS-FSE+-01131300 del Programa Tem\u00e1tico Demograf\u00eda, Cualificaciones e Inclusi\u00f3n - Personas 2030, cuyo objeto principal son los servicios de formaci\u00f3n, en los \u00e1mbitos de la educaci\u00f3n y la formaci\u00f3n (346 - Secretariado y trabajo administrativo, 729 - Salud - programas no clasificados en otro \u00e1mbito de formaci\u00f3n y 762 - Trabajo Social y Orientaci\u00f3n), por un total de 8.300 horas y 4.256 aprendices, ANGES - ASOCIACI\u00d3N NACIONAL DE NTOLOG\u00cdA SOCIAL invita a todos los interesados \u200b\u200ba presentar una propuesta en un plazo de siete d\u00edas.<\/p>\n<p>Las especificaciones del procedimiento se pueden solicitar a trav\u00e9s del correo electr\u00f3nico geral@anges.pt o consultar en nuestra sede.<\/p>\n<p>Pombal, 8 de enero de 2025<\/p>\n<p>Ricardo Pocinho<\/p>\n<p>Presidente del Consejo de Administraci\u00f3n de ANGES<\/p>\n<p dir=\"ltr\"><strong>AVISO 2\/2024<\/strong><\/p>\n<p>Incubadora de Innovaci\u00f3n Social Viseu D\u00e3o Laf\u00f5es<\/p>\n<p><strong>Reclutamiento 3 puestos de trabajo<\/strong><\/p>\n<p><strong>Gerente de proyecto;<\/strong><\/p>\n<p><strong>Gestor de comunicaci\u00f3n y community manager;<\/strong><\/p>\n<p><strong>Gestor de impacto.<\/strong><\/p>\n<p>Estamos reclutando personas con titulaci\u00f3n superior adecuada a los puestos, experiencia profesional, autonom\u00eda, sentido de responsabilidad y compromiso. Que posean Certificado de Competencia Pedag\u00f3gica, tengan veh\u00edculo propio y est\u00e9n disponibles para desplazarse dentro del territorio del CIM D\u00e3o Laf\u00f5es. <\/p>\n<p>Inicio de funciones, 1 de enero de 2025, lugar de trabajo CIM D\u00e3o Laf\u00f5es, Tondela.<\/p>\n<p>Semana laboral de 35 horas, salario 1.213,00 \u20ac, m\u00e1s 6 \u20ac de dietas por cada d\u00eda trabajado.<\/p>\n<p><strong>Gerente de proyecto<\/strong><\/p>\n<p>Responsable de: operacionalizar todo el proyecto, en contacto directo con los beneficiarios, reconocer necesidades y asumir estrategias para llenar brechas; implementar el componente de Incubaci\u00f3n y Aceleraci\u00f3n; Apoyar a los beneficiarios en la gesti\u00f3n de sus proyectos, explorando y apoyando la aplicaci\u00f3n de pr\u00e1cticas y herramientas de gesti\u00f3n; Apoyar el desarrollo de todas las actividades, en todas sus fases, junto con los dem\u00e1s miembros del equipo y los representantes de la cu\u00e1druple h\u00e9lice (Universidad, Empresas, Gobierno y Comunidad) involucrados.<\/p>\n<p><strong>Gestor de Comunicaci\u00f3n y Comunidad<\/strong><\/p>\n<p>Responsable de: operacionalizar la actividad de \u201cActivaci\u00f3n de la Red\u201d, que ocurre de manera continua durante todo el proyecto, y el componente de Capacitaci\u00f3n; operacionalizar el involucramiento y creaci\u00f3n de una red con representantes de la cu\u00e1druple h\u00e9lice (Universidad, Empresa, Gobierno y Comunidad) que estar\u00e1n continuamente involucrados en el proyecto; operacionalizar la creaci\u00f3n de puentes y contactos entre los empresarios (beneficiarios) y los elementos de la cu\u00e1druple h\u00e9lice; operacionalizar la comunicaci\u00f3n, difusi\u00f3n y promoci\u00f3n, ajustando la estrategia a cada fase y prop\u00f3sito e involucrando siempre a los beneficiarios en el intercambio de resultados y experiencias; Apoyar a los beneficiarios en los procesos de comunicaci\u00f3n y visibilizaci\u00f3n de sus proyectos e ideales.<\/p>\n<p><strong>Gerente de Impacto<\/strong><\/p>\n<p>Responsable de: operacionalizar la metodolog\u00eda de evaluaci\u00f3n de impacto, incluyendo los procesos de monitoreo y seguimiento de la IIES (INICIATIVA DE INNOVACI\u00d3N SOCIAL Y EMPRENDIMIENTO) y de todos los proyectos desarrollados en su \u00e1mbito, en sinton\u00eda con la entidad subcontratada para tal efecto; definir y operacionalizar la estrategia de evaluaci\u00f3n de impacto, en coordinaci\u00f3n con la entidad subcontratada para tal efecto; operacionalizar todas las tareas asociadas a la evaluaci\u00f3n de impacto de los proyectos e ideas desarrollados en el IIES, en apoyo directo a los beneficiarios.<\/p>\n<p>Env\u00ede su CV antes del 30 de noviembre a recrutamento@anges.pt<\/p>\n<p dir=\"ltr\"><strong>AVISO 1\/2024<\/strong><\/p>\n<p dir=\"ltr\"><span data-olk-copy-source=\"MessageBody\">A ANGES - ASSOCIA\u00c7\u00c3O NACIONAL DE GERONTOLOGIA SOCIAL, encontra-se a preparar uma candidatura ao AVISO PESSOAS-2024-21, Tipologia de Opera\u00e7\u00e3o 4034 - Cursos de Educa\u00e7\u00e3o e Forma\u00e7\u00e3o de Adultos (EFA).<\/span><\/p>\n<p dir=\"ltr\">Para tal efecto, y no siendo una entidad de formaci\u00f3n certificada, informa a todos los interesados \u200b\u200bque, por un plazo de cinco d\u00edas, acepta propuestas para la prestaci\u00f3n de servicios de formaci\u00f3n profesional para el desarrollo de nueve cursos EFA, incluyendo la presentaci\u00f3n de solicitudes de aprobaci\u00f3n en SIGO, asistencia en la preparaci\u00f3n de la solicitud y posterior ejecuci\u00f3n, en caso de ser aprobada.<\/p>\n<p>Para acceder al programa y obtener m\u00e1s informaci\u00f3n, por favor env\u00ede un correo electr\u00f3nico a <a id=\"LPlnk343372\" href=\"mailto:geral@anges.pt\" data-linkindex=\"0\">geral@anges.pt<\/a><\/p>\n<p>Pombal, 18 de octubre de 2024<\/p>\n<p>Ricardo Pocinho<\/p>\n<p>Presidente del Consejo de Administraci\u00f3n de ANGES[\/vc_column_text][\/vc_column][\/vc_row]<\/p>\n<\/div>","protected":false},"excerpt":{"rendered":"<p>[vc_column css=\u00bb.vc_custom_1621609950225{margin-top: 30px !important;margin-bottom: 0px !important;padding-top: 0px !important;}\u00bb mobile_bg_img_hidden=\u00bbno\u00bb tablet_bg_img_hidden=\u00bbno\u00bb woodmart_parallax=\u00bb0&#8243; woodmart_sticky_column=\u00bbfalse\u00bb parallax_scroll=\u00bbno\u00bb mobile_reset_margin=\u00bbno\u00bb tablet_reset_margin=\u00bbno\u00bb][\/vc_column][vc_column][\/vc_column][vc_row][vc_column][\/vc_column][\/vc_row][vc_row][vc_column][vc_column_text css=\u00bb.vc_custom_1729286382889{margin-bottom: 20px !important;}\u00bb text_larger=\u00bbno\u00bb woodmart_inline=\u00bbno\u00bb]<\/p>\n","protected":false},"author":1,"featured_media":0,"parent":0,"menu_order":0,"comment_status":"closed","ping_status":"closed","template":"","meta":{"footnotes":""},"class_list":["post-14534","page","type-page","status-publish","hentry"],"yoast_head":"<!-- This site is optimized with the Yoast SEO Premium plugin v27.5 (Yoast SEO v27.5) - https:\/\/yoast.com\/product\/yoast-seo-premium-wordpress\/ -->\n<title>Noticias, avisos y oportunidades - Anges<\/title>\n<meta name=\"robots\" content=\"index, follow, max-snippet:-1, max-image-preview:large, max-video-preview:-1\" \/>\n<link rel=\"canonical\" href=\"https:\/\/anges.pt\/es\/noticias-avisos-y-oportunidades\/\" \/>\n<meta property=\"og:locale\" content=\"es_ES\" \/>\n<meta property=\"og:type\" content=\"article\" \/>\n<meta property=\"og:title\" content=\"Noticias, avisos y oportunidades\" \/>\n<meta property=\"og:description\" content=\"[vc_column css=\u00bb.vc_custom_1621609950225{margin-top: 30px !important;margin-bottom: 0px !important;padding-top: 0px !important;}\u00bb mobile_bg_img_hidden=\u00bbno\u00bb tablet_bg_img_hidden=\u00bbno\u00bb woodmart_parallax=\u00bb0&#8243; woodmart_sticky_column=\u00bbfalse\u00bb parallax_scroll=\u00bbno\u00bb mobile_reset_margin=\u00bbno\u00bb tablet_reset_margin=\u00bbno\u00bb][\/vc_column][vc_column][\/vc_column][vc_row][vc_column][\/vc_column][\/vc_row][vc_row][vc_column][vc_column_text css=\u00bb.vc_custom_1729286382889{margin-bottom: 20px !important;}\u00bb text_larger=\u00bbno\u00bb woodmart_inline=\u00bbno\u00bb]\" \/>\n<meta property=\"og:url\" content=\"https:\/\/anges.pt\/es\/noticias-avisos-y-oportunidades\/\" \/>\n<meta property=\"og:site_name\" content=\"Anges\" \/>\n<meta property=\"article:publisher\" content=\"https:\/\/www.facebook.com\/anges.pt\" \/>\n<meta property=\"article:modified_time\" content=\"2025-02-24T10:50:17+00:00\" \/>\n<meta property=\"og:image\" content=\"https:\/\/anges.pt\/wp-content\/uploads\/2024\/10\/old-newspaper-350376_1280-1024x682.jpg\" \/>\n<meta name=\"twitter:card\" content=\"summary_large_image\" \/>\n<meta name=\"twitter:label1\" content=\"Tiempo de lectura\" \/>\n\t<meta name=\"twitter:data1\" content=\"5 minutos\" \/>\n<script type=\"application\/ld+json\" class=\"yoast-schema-graph\">{\"@context\":\"https:\\\/\\\/schema.org\",\"@graph\":[{\"@type\":\"WebPage\",\"@id\":\"https:\\\/\\\/anges.pt\\\/es\\\/noticias-avisos-y-oportunidades\\\/\",\"url\":\"https:\\\/\\\/anges.pt\\\/es\\\/noticias-avisos-y-oportunidades\\\/\",\"name\":\"Noticias, avisos y oportunidades - Anges\",\"isPartOf\":{\"@id\":\"https:\\\/\\\/anges.pt\\\/es\\\/#website\"},\"primaryImageOfPage\":{\"@id\":\"https:\\\/\\\/anges.pt\\\/es\\\/noticias-avisos-y-oportunidades\\\/#primaryimage\"},\"image\":{\"@id\":\"https:\\\/\\\/anges.pt\\\/es\\\/noticias-avisos-y-oportunidades\\\/#primaryimage\"},\"thumbnailUrl\":\"https:\\\/\\\/anges.pt\\\/wp-content\\\/uploads\\\/2025\\\/02\\\/book-svg.svg\",\"datePublished\":\"2024-10-18T21:21:16+00:00\",\"dateModified\":\"2025-02-24T10:50:17+00:00\",\"breadcrumb\":{\"@id\":\"https:\\\/\\\/anges.pt\\\/es\\\/noticias-avisos-y-oportunidades\\\/#breadcrumb\"},\"inLanguage\":\"es\",\"potentialAction\":[{\"@type\":\"ReadAction\",\"target\":[\"https:\\\/\\\/anges.pt\\\/es\\\/noticias-avisos-y-oportunidades\\\/\"]}]},{\"@type\":\"ImageObject\",\"inLanguage\":\"es\",\"@id\":\"https:\\\/\\\/anges.pt\\\/es\\\/noticias-avisos-y-oportunidades\\\/#primaryimage\",\"url\":\"https:\\\/\\\/anges.pt\\\/wp-content\\\/uploads\\\/2025\\\/02\\\/book-svg.svg\",\"contentUrl\":\"https:\\\/\\\/anges.pt\\\/wp-content\\\/uploads\\\/2025\\\/02\\\/book-svg.svg\"},{\"@type\":\"BreadcrumbList\",\"@id\":\"https:\\\/\\\/anges.pt\\\/es\\\/noticias-avisos-y-oportunidades\\\/#breadcrumb\",\"itemListElement\":[{\"@type\":\"ListItem\",\"position\":1,\"name\":\"In\u00edcio\",\"item\":\"https:\\\/\\\/anges.pt\\\/es\\\/inicio\\\/\"},{\"@type\":\"ListItem\",\"position\":2,\"name\":\"Noticias, avisos y oportunidades\"}]},{\"@type\":\"WebSite\",\"@id\":\"https:\\\/\\\/anges.pt\\\/es\\\/#website\",\"url\":\"https:\\\/\\\/anges.pt\\\/es\\\/\",\"name\":\"Anges\",\"description\":\"Associa\u00e7\u00e3o Nacional de Gerontologia Social\",\"publisher\":{\"@id\":\"https:\\\/\\\/anges.pt\\\/es\\\/#organization\"},\"alternateName\":\"Associa\u00e7\u00e3o Nacional de Gerontologia Social\",\"potentialAction\":[{\"@type\":\"SearchAction\",\"target\":{\"@type\":\"EntryPoint\",\"urlTemplate\":\"https:\\\/\\\/anges.pt\\\/es\\\/?s={search_term_string}\"},\"query-input\":{\"@type\":\"PropertyValueSpecification\",\"valueRequired\":true,\"valueName\":\"search_term_string\"}}],\"inLanguage\":\"es\"},{\"@type\":\"Organization\",\"@id\":\"https:\\\/\\\/anges.pt\\\/es\\\/#organization\",\"name\":\"Anges\",\"alternateName\":\"Asociaci\u00f3n Nacional de Gerontolog\u00eda Social\",\"url\":\"https:\\\/\\\/anges.pt\\\/es\\\/\",\"logo\":{\"@type\":\"ImageObject\",\"inLanguage\":\"es\",\"@id\":\"https:\\\/\\\/anges.pt\\\/es\\\/#\\\/schema\\\/logo\\\/image\\\/\",\"url\":\"https:\\\/\\\/anges.pt\\\/wp-content\\\/uploads\\\/2024\\\/08\\\/Dimensoes-personalizadas-3x2-cm-4.jpeg\",\"contentUrl\":\"https:\\\/\\\/anges.pt\\\/wp-content\\\/uploads\\\/2024\\\/08\\\/Dimensoes-personalizadas-3x2-cm-4.jpeg\",\"width\":170,\"height\":114,\"caption\":\"Anges\"},\"image\":{\"@id\":\"https:\\\/\\\/anges.pt\\\/es\\\/#\\\/schema\\\/logo\\\/image\\\/\"},\"sameAs\":[\"https:\\\/\\\/www.facebook.com\\\/anges.pt\",\"https:\\\/\\\/www.instagram.com\\\/associacaoanges\\\/\"]}]}<\/script>\n<!-- \/ Yoast SEO Premium plugin. -->","yoast_head_json":{"title":"Noticias, avisos y oportunidades - Anges","robots":{"index":"index","follow":"follow","max-snippet":"max-snippet:-1","max-image-preview":"max-image-preview:large","max-video-preview":"max-video-preview:-1"},"canonical":"https:\/\/anges.pt\/es\/noticias-avisos-y-oportunidades\/","og_locale":"es_ES","og_type":"article","og_title":"Noticias, avisos y oportunidades","og_description":"[vc_column css=\u00bb.vc_custom_1621609950225{margin-top: 30px !important;margin-bottom: 0px !important;padding-top: 0px !important;}\u00bb mobile_bg_img_hidden=\u00bbno\u00bb tablet_bg_img_hidden=\u00bbno\u00bb woodmart_parallax=\u00bb0&#8243; woodmart_sticky_column=\u00bbfalse\u00bb parallax_scroll=\u00bbno\u00bb mobile_reset_margin=\u00bbno\u00bb tablet_reset_margin=\u00bbno\u00bb][\/vc_column][vc_column][\/vc_column][vc_row][vc_column][\/vc_column][\/vc_row][vc_row][vc_column][vc_column_text css=\u00bb.vc_custom_1729286382889{margin-bottom: 20px !important;}\u00bb text_larger=\u00bbno\u00bb woodmart_inline=\u00bbno\u00bb]","og_url":"https:\/\/anges.pt\/es\/noticias-avisos-y-oportunidades\/","og_site_name":"Anges","article_publisher":"https:\/\/www.facebook.com\/anges.pt","article_modified_time":"2025-02-24T10:50:17+00:00","og_image":[{"url":"https:\/\/anges.pt\/wp-content\/uploads\/2024\/10\/old-newspaper-350376_1280-1024x682.jpg","type":"","width":"","height":""}],"twitter_card":"summary_large_image","twitter_misc":{"Tiempo de lectura":"5 minutos"},"schema":{"@context":"https:\/\/schema.org","@graph":[{"@type":"WebPage","@id":"https:\/\/anges.pt\/es\/noticias-avisos-y-oportunidades\/","url":"https:\/\/anges.pt\/es\/noticias-avisos-y-oportunidades\/","name":"Noticias, avisos y oportunidades - Anges","isPartOf":{"@id":"https:\/\/anges.pt\/es\/#website"},"primaryImageOfPage":{"@id":"https:\/\/anges.pt\/es\/noticias-avisos-y-oportunidades\/#primaryimage"},"image":{"@id":"https:\/\/anges.pt\/es\/noticias-avisos-y-oportunidades\/#primaryimage"},"thumbnailUrl":"https:\/\/anges.pt\/wp-content\/uploads\/2025\/02\/book-svg.svg","datePublished":"2024-10-18T21:21:16+00:00","dateModified":"2025-02-24T10:50:17+00:00","breadcrumb":{"@id":"https:\/\/anges.pt\/es\/noticias-avisos-y-oportunidades\/#breadcrumb"},"inLanguage":"es","potentialAction":[{"@type":"ReadAction","target":["https:\/\/anges.pt\/es\/noticias-avisos-y-oportunidades\/"]}]},{"@type":"ImageObject","inLanguage":"es","@id":"https:\/\/anges.pt\/es\/noticias-avisos-y-oportunidades\/#primaryimage","url":"https:\/\/anges.pt\/wp-content\/uploads\/2025\/02\/book-svg.svg","contentUrl":"https:\/\/anges.pt\/wp-content\/uploads\/2025\/02\/book-svg.svg"},{"@type":"BreadcrumbList","@id":"https:\/\/anges.pt\/es\/noticias-avisos-y-oportunidades\/#breadcrumb","itemListElement":[{"@type":"ListItem","position":1,"name":"In\u00edcio","item":"https:\/\/anges.pt\/es\/inicio\/"},{"@type":"ListItem","position":2,"name":"Noticias, avisos y oportunidades"}]},{"@type":"WebSite","@id":"https:\/\/anges.pt\/es\/#website","url":"https:\/\/anges.pt\/es\/","name":"Anges","description":"Associa\u00e7\u00e3o Nacional de Gerontologia Social","publisher":{"@id":"https:\/\/anges.pt\/es\/#organization"},"alternateName":"Associa\u00e7\u00e3o Nacional de Gerontologia Social","potentialAction":[{"@type":"SearchAction","target":{"@type":"EntryPoint","urlTemplate":"https:\/\/anges.pt\/es\/?s={search_term_string}"},"query-input":{"@type":"PropertyValueSpecification","valueRequired":true,"valueName":"search_term_string"}}],"inLanguage":"es"},{"@type":"Organization","@id":"https:\/\/anges.pt\/es\/#organization","name":"Anges","alternateName":"Asociaci\u00f3n Nacional de Gerontolog\u00eda Social","url":"https:\/\/anges.pt\/es\/","logo":{"@type":"ImageObject","inLanguage":"es","@id":"https:\/\/anges.pt\/es\/#\/schema\/logo\/image\/","url":"https:\/\/anges.pt\/wp-content\/uploads\/2024\/08\/Dimensoes-personalizadas-3x2-cm-4.jpeg","contentUrl":"https:\/\/anges.pt\/wp-content\/uploads\/2024\/08\/Dimensoes-personalizadas-3x2-cm-4.jpeg","width":170,"height":114,"caption":"Anges"},"image":{"@id":"https:\/\/anges.pt\/es\/#\/schema\/logo\/image\/"},"sameAs":["https:\/\/www.facebook.com\/anges.pt","https:\/\/www.instagram.com\/associacaoanges\/"]}]}},"_links":{"self":[{"href":"https:\/\/anges.pt\/es\/wp-json\/wp\/v2\/pages\/14534","targetHints":{"allow":["GET"]}}],"collection":[{"href":"https:\/\/anges.pt\/es\/wp-json\/wp\/v2\/pages"}],"about":[{"href":"https:\/\/anges.pt\/es\/wp-json\/wp\/v2\/types\/page"}],"author":[{"embeddable":true,"href":"https:\/\/anges.pt\/es\/wp-json\/wp\/v2\/users\/1"}],"replies":[{"embeddable":true,"href":"https:\/\/anges.pt\/es\/wp-json\/wp\/v2\/comments?post=14534"}],"version-history":[{"count":2,"href":"https:\/\/anges.pt\/es\/wp-json\/wp\/v2\/pages\/14534\/revisions"}],"predecessor-version":[{"id":14536,"href":"https:\/\/anges.pt\/es\/wp-json\/wp\/v2\/pages\/14534\/revisions\/14536"}],"wp:attachment":[{"href":"https:\/\/anges.pt\/es\/wp-json\/wp\/v2\/media?parent=14534"}],"curies":[{"name":"wp","href":"https:\/\/api.w.org\/{rel}","templated":true}]}}