{"id":14103,"date":"2023-09-28T09:41:14","date_gmt":"2023-09-28T09:41:14","guid":{"rendered":"https:\/\/anges.pt\/2o-congreso-miran-a-los-cuidados-paliativos\/"},"modified":"2025-02-22T09:41:32","modified_gmt":"2025-02-22T09:41:32","slug":"2o-congreso-miran-a-los-cuidados-paliativos","status":"publish","type":"page","link":"https:\/\/anges.pt\/es\/2o-congreso-miran-a-los-cuidados-paliativos\/","title":{"rendered":"2\u00ba Congreso, mira(n) a los cuidados paliativos"},"content":{"rendered":"<div class=\"wpb-content-wrapper\"><p>[vc_row][vc_column]\n\t\t<div id=\"wd-6548a65c9e62d\" class=\"title-wrapper wd-wpb set-mb-s reset-last-child  wd-rs-6548a65c9e62d wd-title-color-primary wd-title-style-bordered wd-width-100 text-center vc_custom_1699259999466 wd-underline-colored\">\n\t\t\t\n\t\t\t<div class=\"liner-continer\">\n\t\t\t\t<h4 class=\"woodmart-title-container title  wd-font-weight- wd-fontsize-l\" ><strong>2\u00ba CONGRESO, MIRADA(S) A LOS CUIDADOS PALIATIVOS<\/strong><\/p>\n<p>16 de noviembre - Comunicaciones Libres | ONLINE<\/p>\n<p>17 de noviembre - Instituto Superior de Engenharia de Coimbra y ONLINE<\/h4>\n\t\t\t\t\t\t\t<\/div>\n\t\t\t\n\t\t\t\n\t\t\t\n\t\t<\/div>\n\t\t\n\t\t[\/vc_column][vc_column][vc_empty_space woodmart_hide_large=\u00bb0&#8243; woodmart_hide_medium=\u00bb0&#8243; woodmart_hide_small=\u00bb0&#8243; woodmart_hide_extra_small=\u00bb0&#8243;][\/vc_column][\/vc_row][vc_row][vc_column]\t\t\t<div class=\"wd-countdown-timer  color-scheme-light text-center timer-size-xlarge timer-style-active\">\n\t\t\t\t<div class=\"wd-timer woodmart-timer\" data-end-date=\"2023-11-16 09:00\" data-timezone=\"GMT\"><\/div>\n\t\t\t<\/div>\n\t\t[\/vc_column][\/vc_row][vc_row][vc_column][vc_empty_space woodmart_hide_large=\u00bb0&#8243; woodmart_hide_medium=\u00bb0&#8243; woodmart_hide_small=\u00bb0&#8243; woodmart_hide_extra_small=\u00bb0&#8243;][\/vc_column][\/vc_row][vc_row][vc_column][vc_cta h2=\u00bb16 de noviembre de 2023 - COMUNICACIONES GRATUITAS EN L\u00cdNEA - ENV\u00cdO DE RES\u00daMENES HASTA EL 12 DE NOVIEMBRE\u00bb h4=\u00bbPublicaci\u00f3n en la revista RIAGE (internacional e indexada ISI) https:\/\/www.riagejournal.com\u00bb txt_align=\u00bbcenter\u00bb][PT]  Informaci\u00f3n, escribir a riage@anges.pt<\/p>\n<p>[ES] Informaci\u00f3n, escribir a riage@anges.pt<\/p>\n<p>[EN] Informaci\u00f3n, escribir a riage@anges.pt[\/vc_cta][\/vc_column][\/vc_row][vc_row][vc_column][vc_btn title=\u00bbPROGRAMA D\u00cdA 16 - PONENCIAS LIBRES | EN L\u00cdNEA\u00bb color=\u00bbwarning\u00bb size=\u00bblg\u00bb align=\u00bbcenter\u00bb][\/vc_column][\/vc_row][vc_row][vc_column][vc_separator][vc_column_text woodmart_inline=\u00bbno\u00bb text_larger=\u00bbno\u00bb]<\/p>\n<table width=\"1855\">\n<tbody>\n<tr>\n<td colspan=\"4\" width=\"1855\"><\/td>\n<\/tr>\n<tr>\n<td>Horario<\/td>\n<td>T\u00edtulo de la comunicaci\u00f3n<\/td>\n<td>Presentado por<\/td>\n<td>Autores<\/td>\n<\/tr>\n<tr>\n<td>10h00<\/td>\n<td>Intervenci\u00f3n del equipo de cuidados paliativos en una residencia de ancianos - un caso cl\u00ednico<\/td>\n<td>Helena Magalh\u00e3es<\/td>\n<td width=\"857\">Monica Guardado; Lu\u00edsa Empis; Helena Magalh\u00e3es; Andreia Coutinho<\/td>\n<\/tr>\n<tr>\n<td>10h15<\/td>\n<td width=\"742\">Nivel de conocimiento en cuidados paliativos, preparaci\u00f3n y capacidad para la atenci\u00f3n al final de la vida por parte de los profesionales sanitarios<\/td>\n<td>Lurdes Martins<\/td>\n<td width=\"857\">Maria de Lurdes da Costa Martins; Ana Paula Rodrigues; Carlos Duarte Coelho Peixeira Marques; Rui Miguel Barros Cunha Carvalho<\/td>\n<\/tr>\n<tr>\n<td>10h30<\/td>\n<td width=\"742\">Equipos directivos en cuidados paliativos - un camino para permanecer en casa<\/td>\n<td>Cristina Cunha<\/td>\n<td width=\"857\">Cristina Cunha; Paulo Zo\u00e9 Costa; Rui Teixeira; Rui Ven\u00e2ncio; Sofia Ramos; S\u00f3nia Rodrigues; Susana Abreu; Cec\u00edlia Almeida<\/td>\n<\/tr>\n<tr>\n<td>10h45<\/td>\n<td>La percepci\u00f3n de la llamada en los profesionales de cuidados paliativos y el efecto en sus pr\u00e1cticas profesionales<\/td>\n<td>Telma Alves<\/td>\n<td width=\"857\">Carla Pinto; Telma Alves<\/td>\n<\/tr>\n<tr>\n<td>11h00<\/td>\n<td>Abordaje paliativo de las personas con demencia que viven en erpi - un protocolo de intervenci\u00f3n psicol\u00f3gica<\/td>\n<td>Vera Fialho Martins<\/td>\n<td width=\"857\">V. Martins; I. Amorim; C. Martins; M.A. Silva; A.R. Alves; A.C Alexandre; G. Cerullo<\/td>\n<\/tr>\n<tr>\n<td>11h15<\/td>\n<td>Comunicar malas noticias en cuidados paliativos<\/td>\n<td>Catarina Mateus<\/td>\n<td width=\"857\">Catarina Mateus; C\u00e1tia Ganchinho; Margarida Arez; Raquel Lopes ; Raquel Natal<\/td>\n<\/tr>\n<tr>\n<td>11h30<\/td>\n<td>Deprescripci\u00f3n en ancianos polimedicados: un programa de atenci\u00f3n centrado en la persona (dePresCriPtOld)<\/td>\n<td>Olivia Pereira<\/td>\n<td width=\"857\">Mariana Silva Rocha; Liseta Gon\u00e7alves; Hugo Ribeiro; In\u00eas Rodrigues; Isabel Pinto; Lu\u00eds Miguel Nascimento; Carlos Pires Magalh\u00e3es; Ol\u00edvia R. Pereira<\/td>\n<\/tr>\n<tr>\n<td>11h45<\/td>\n<td>Principios bio\u00e9ticos en el proceso de comunicaci\u00f3n en cuidados paliativos<\/td>\n<td>Sofia Pinto Bernardino<\/td>\n<td width=\"857\">C\u00e1tia Sofia Rodrigues; Sofia Pinto Bernardino<\/td>\n<\/tr>\n<tr>\n<td>12h00<\/td>\n<td>Intervenci\u00f3n para cuidadores de personas mayores dependientes con demencia<\/td>\n<td>Silvia Pacheco<\/td>\n<td>Silvia Pacheco; Jo\u00e3o Roque<\/td>\n<\/tr>\n<tr>\n<td>12h15<\/td>\n<td>Los cuidados paliativos en el centro del pa\u00eds, una propuesta para mejorar su funcionamiento con la integraci\u00f3n de los ERPI, un nuevo paradigma.<\/td>\n<td>Laura Sousa<\/td>\n<td>Laura Sousa<\/td>\n<\/tr>\n<tr>\n<td colspan=\"4\"><\/td>\n<\/tr>\n<tr>\n<td>14h00<\/td>\n<td>Cuidados paliativos en cuidados intensivos, \u00bfcu\u00e1les son las oportunidades?<\/td>\n<td>Helena Pires<\/td>\n<td>Helena Pires; Vera Bizarro; Ana Margarida Andrade Costa Fran\u00e7a; L\u00facia Maria Sim\u00f5es Martins; Pedro Manuel de Matos Lopes Pinto; Cristina Isabel Gaspar Santos\u00bb.<\/td>\n<\/tr>\n<tr>\n<td>14h15<\/td>\n<td>Promoci\u00f3n del bienestar emocional en el paciente paliativo<\/td>\n<td>Rita Figueiredo<\/td>\n<td width=\"857\">Ana Rita Sousa Figueiredo; Lu\u00eds Miguel Mendes Canas; Nuno Filipe Raposeiro Torres; Tiago Emanuel Pais Alves; Jo\u00e3o Daniel Carvalho Borges; Alexandre David Rosa Frutuoso; Eduardo Manuel Figueiredo Cardoso<\/td>\n<\/tr>\n<tr>\n<td>14h30<\/td>\n<td>Proyecto: m\u00fasica + paliaci\u00f3n = bienestar<\/td>\n<td>Ana Galv\u00e3o<\/td>\n<td width=\"857\">Vasco Alves; Maria Jos\u00e9 Gomes; Ana Galv\u00e3o; Gorete Batista<\/td>\n<\/tr>\n<tr>\n<td>14h45<\/td>\n<td>Alfabetizaci\u00f3n en competencias human\u00edsticas en el contexto de los cuidados paliativos: scoping review<\/td>\n<td>Ana Galv\u00e3o<\/td>\n<td width=\"857\">Gorete Batista; Ana Galv\u00e3o; Maria Jos\u00e9 Gomes<\/td>\n<\/tr>\n<tr>\n<td>15h00<\/td>\n<td>Cuidados paliativos pedi\u00e1tricos a domicilio: \u00bfqu\u00e9 retos?<\/td>\n<td>Vera Bizarro<\/td>\n<td width=\"857\">Helena Pires; Pedro Pinto; Sandra Lopes; Tiago Fl\u00f3rido; Vera Bizarro<\/td>\n<\/tr>\n<tr>\n<td>15h15<\/td>\n<td>Remisi\u00f3n a un ECSCP: \u00bfcu\u00e1ntas miradas?<\/td>\n<td>Sara Carvalho<\/td>\n<td width=\"857\">Sara Carvalho; C\u00e9lia Oliveira<\/td>\n<\/tr>\n<tr>\n<td>15h30<\/td>\n<td>\u00bfCu\u00e1les son las experiencias de gesti\u00f3n emocional de los padres\/cuidadores en cuidados paliativos pedi\u00e1tricos? Una revisi\u00f3n bibliogr\u00e1fica sistem\u00e1tica\u00bb. <\/td>\n<td>Catarina Ferraz<\/td>\n<td width=\"857\">Catarina Ferraz; In\u00eas Saraiva; Nice Estevens; Wandi Camala; Andreia Ferreri Cerqueira<\/td>\n<\/tr>\n<tr>\n<td>15h45<\/td>\n<td>Urgencias en cuidados paliativos - variables contextuales en el acto de paliar\u00bb.<\/td>\n<td>Mariana Rodrigues<\/td>\n<td width=\"857\">Rodrigues, M. J. R.; Branco, M. A. R. V.; Rodrigues, S. F. G. B<\/td>\n<\/tr>\n<\/tbody>\n<\/table>\n<p>[\/vc_column_text][vc_separator][\/vc_column][\/vc_row][vc_row][vc_column][vc_btn title=\u00bbPROGRAMA D\u00cdA 16 - CONGRESO | PRESENCIAL Y ONLINE\u00bb color=\u00bbwarning\u00bb size=\u00bblg\u00bb align=\u00bbcenter\u00bb][\/vc_column][\/vc_row][vc_row][vc_column][vc_separator][vc_column_text woodmart_inline=\u00bbno\u00bb text_larger=\u00bbno\u00bb]<strong>Programa<\/strong><\/p>\n<p><strong>8.30 - Apertura de la secretar\u00eda<\/strong><\/p>\n<p><strong>9.00 h - Sesi\u00f3n de apertura<\/strong><\/p>\n<p>Presidenta del Congreso - Enfermera Andreia Andrade - IPOCFG \/ ANGES<\/p>\n<p>Asociaci\u00f3n Portuguesa de Cuidados Paliativos - Enfermera Joana Rente<\/p>\n<p>Concejala del Ayuntamiento de Coimbra - Dra. Ana Cortez Vaz<\/p>\n<p>Presidente del ISEC - Instituto Superior de Engenharia do Polit\u00e9cnico de Coimbra - Profesor M\u00e1rio Velindro<\/p>\n<p><strong>9.30 h - Panel I<\/strong><\/p>\n<p>Moderador: Enfermero Nuno Salgado - IPOCFG<\/p>\n<p>Paciente cr\u00f3nico complejo: el reto actual para los profesionales - Dra. F\u00e1tima Seabra, Unidade Local de Sa\u00fade de Matosinhos<\/p>\n<p>Transici\u00f3n a los Cuidados Paliativos - Dra. Marta Amaral, IPOCFG<\/p>\n<p>Fragilidad del Anciano - Profesora Dra. Anabela Pereira, Universidad de Aveiro<\/p>\n<p><strong>11h00 - Pausa caf\u00e9<\/strong><\/p>\n<p><strong>11.15 h - Actuaci\u00f3n del Coro AGEING@Lab - Centro de Educaci\u00f3n Pombal  <\/strong><\/p>\n<p><strong>11.30 h - Mesa redonda II<\/strong><\/p>\n<p>Moderadora: Enfermera Andreia Andrade - IPOCFG \/ ANGES<\/p>\n<p>Urgencias paliativas, puentes a la respuesta - Enfermero Rui Campos, INEM - Instituto Nacional de Emergencias M\u00e9dicas<\/p>\n<p>Ambulancia M\u00e1gica - Cruz Roja Portuguesa - Coimbra<\/p>\n<p>Leiria Compassiva - \u00a1Con pasi\u00f3n por los tuyos! - Servicio de Cuidados Paliativos del Centro Hospitalario de Leiria <\/p>\n<p>Conversaciones con la Vida - Unidad de Cuidados Paliativos del Centro Hospitalario del Bajo Vouga<\/p>\n<p>Humanitude - Enfermera Liliana Henriques, Instituto Gineste-Marescotti Portugal<\/p>\n<p>\u00abV\u00eda Verde: Cuidados Paliativos\u00bb, Enfermera Joana Rente, Hospital Dr. Francisco Zagalo, Ovar<\/p>\n<p>Proyecto MiMI - Dr Rui Carneiro, Hospital Luz Arr\u00e1bida<\/p>\n<p><strong>13.00 - Pausa para comer <\/strong>(libre)<\/p>\n<p><strong>14.30 - Panel III<\/strong><\/p>\n<p>Moderadora: Dra. Sara Gordo - ANGES<\/p>\n<p>Construir el esp\u00edritu de trabajo en equipo - Profesor Pedro Melo ESEP - Escola Superior de Enfermagem do Porto<\/p>\n<p>Gesti\u00f3n del talento en equipo - Enfermera S\u00edlvia Gomes - Asesor\u00eda Menber Cleveland Clinic Londres<\/p>\n<p>Cuidar (tambi\u00e9n) de m\u00ed misma - Dra. Patr\u00edcia Neves (Growinner)<\/p>\n<p><strong>15.45 - Pausa caf\u00e9<\/strong><\/p>\n<p><strong>16.00 h - Panel IV<\/strong><\/p>\n<p>Moderadora: Profesora Cristiana Mid\u00f5es - Escola Superior de Sa\u00fade do Instituto Polit\u00e9cnico da Guarda<\/p>\n<p>Alfabetizaci\u00f3n sanitaria: oportunidades y desaf\u00edos - Enfermera T\u00e2nia Morgado, Sociedad Portuguesa de Alfabetizaci\u00f3n Sanitaria<\/p>\n<p>Promoci\u00f3n de la Alfabetizaci\u00f3n en Cuidados Paliativos - Enfermera Margarida Alvarenga - IPO do Porto<\/p>\n<p>La contribuci\u00f3n de los medios de comunicaci\u00f3n a la alfabetizaci\u00f3n - Profesor Miguel Mid\u00f5es, Escuela Supervisora de Educaci\u00f3n de Viseu \/ Facultad de Letras, Universidad de Coimbra<\/p>\n<p><strong>17h:00- Sesi\u00f3n de clausura y entrega de premios a las mejores comunicaciones libres<br \/>\n<\/strong><\/p>\n<p>Profesor Ricardo Pocinho - Presidente de ANGES<\/p>\n<p>Presidenta del Congreso - Andreia Andrade - IPOCFG \/ ANGES[\/vc_column_text][vc_separator][\/vc_column][\/vc_row][vc_row][vc_column][vc_btn title=\u00bbINSCRIPCI\u00d3N\u00bb color=\u00bbviolet\u00bb align=\u00bbcenter\u00bb link=\u00bburl:https%3A%2F%2Fanges.pt%2Fproduto%2Fcongressopaliativos%2F|\u00bb][\/vc_column][\/vc_row][vc_row][vc_column][vc_empty_space woodmart_hide_large=\u00bb0&#8243; woodmart_hide_medium=\u00bb0&#8243; woodmart_hide_small=\u00bb0&#8243; woodmart_hide_extra_small=\u00bb0&#8243;][\/vc_column][\/vc_row][vc_row][vc_column][vc_separator][vc_cta h2=\u00bbCOMIT\u00c9 ORGANIZADOR\u00bb txt_align=\u00bbcenter\u00bb]<a href=\"http:\/\/www.anges.pt\">ANGES - Asociaci\u00f3n Nacional de Gerontolog\u00eda Social<\/a><\/p>\n<p>[\/vc_cta][\/vc_column][\/vc_row][vc_row][vc_column][vc_empty_space woodmart_hide_large=\u00bb0&#8243; woodmart_hide_medium=\u00bb0&#8243; woodmart_hide_small=\u00bb0&#8243; woodmart_hide_extra_small=\u00bb0&#8243;][\/vc_column][\/vc_row][vc_row][vc_column][vc_cta h2=\u00bbCOMIT\u00c9 CIENT\u00cdFICO\u00bb txt_align=\u00bbcenter\u00bb]<a href=\"https:\/\/www.cics.nova.fcsh.unl.pt\/polos\/cics-nova-ipleiria\">CICS.NOVA.IPLeiria<\/a><\/p>\n<p>[\/vc_cta][\/vc_column][\/vc_row]<\/p>\n<\/div>","protected":false},"excerpt":{"rendered":"<p>[vc_row][vc_column][\/vc_column][vc_column][vc_empty_space woodmart_hide_large=\u00bb0&#8243; woodmart_hide_medium=\u00bb0&#8243; woodmart_hide_small=\u00bb0&#8243; woodmart_hide_extra_small=\u00bb0&#8243;][\/vc_column][\/vc_row][vc_row][vc_column][\/vc_column][\/vc_row][vc_row][vc_column][vc_empty_space woodmart_hide_large=\u00bb0&#8243; woodmart_hide_medium=\u00bb0&#8243; woodmart_hide_small=\u00bb0&#8243; woodmart_hide_extra_small=\u00bb0&#8243;][\/vc_column][\/vc_row][vc_row][vc_column][vc_cta h2=\u00bb16 de noviembre de 2023 - COMUNICACIONES GRATUITAS EN L\u00cdNEA -<\/p>\n","protected":false},"author":1,"featured_media":0,"parent":0,"menu_order":0,"comment_status":"closed","ping_status":"closed","template":"","meta":{"footnotes":""},"class_list":["post-14103","page","type-page","status-publish","hentry"],"yoast_head":"<!-- This site is optimized with the Yoast SEO Premium plugin v27.2 (Yoast SEO v27.2) - https:\/\/yoast.com\/product\/yoast-seo-premium-wordpress\/ -->\n<title>2\u00ba Congreso, mira(n) a los cuidados paliativos - Anges<\/title>\n<meta name=\"robots\" content=\"index, follow, max-snippet:-1, max-image-preview:large, max-video-preview:-1\" \/>\n<link rel=\"canonical\" href=\"https:\/\/anges.pt\/es\/2o-congreso-miran-a-los-cuidados-paliativos\/\" \/>\n<meta property=\"og:locale\" content=\"es_ES\" \/>\n<meta property=\"og:type\" content=\"article\" \/>\n<meta property=\"og:title\" content=\"2\u00ba Congreso, mira(n) a los cuidados paliativos\" \/>\n<meta property=\"og:description\" content=\"[vc_row][vc_column][\/vc_column][vc_column][vc_empty_space woodmart_hide_large=\u00bb0&#8243; woodmart_hide_medium=\u00bb0&#8243; woodmart_hide_small=\u00bb0&#8243; woodmart_hide_extra_small=\u00bb0&#8243;][\/vc_column][\/vc_row][vc_row][vc_column][\/vc_column][\/vc_row][vc_row][vc_column][vc_empty_space woodmart_hide_large=\u00bb0&#8243; woodmart_hide_medium=\u00bb0&#8243; woodmart_hide_small=\u00bb0&#8243; woodmart_hide_extra_small=\u00bb0&#8243;][\/vc_column][\/vc_row][vc_row][vc_column][vc_cta h2=\u00bb16 de noviembre de 2023 - COMUNICACIONES GRATUITAS EN L\u00cdNEA -\" \/>\n<meta property=\"og:url\" content=\"https:\/\/anges.pt\/es\/2o-congreso-miran-a-los-cuidados-paliativos\/\" \/>\n<meta property=\"og:site_name\" content=\"Anges\" \/>\n<meta property=\"article:publisher\" content=\"https:\/\/www.facebook.com\/anges.pt\" \/>\n<meta property=\"article:modified_time\" content=\"2025-02-22T09:41:32+00:00\" \/>\n<meta name=\"twitter:card\" content=\"summary_large_image\" \/>\n<meta name=\"twitter:label1\" content=\"Tiempo de lectura\" \/>\n\t<meta name=\"twitter:data1\" content=\"7 minutos\" \/>\n<script type=\"application\/ld+json\" class=\"yoast-schema-graph\">{\"@context\":\"https:\/\/schema.org\",\"@graph\":[{\"@type\":\"WebPage\",\"@id\":\"https:\/\/anges.pt\/es\/2o-congreso-miran-a-los-cuidados-paliativos\/\",\"url\":\"https:\/\/anges.pt\/es\/2o-congreso-miran-a-los-cuidados-paliativos\/\",\"name\":\"2\u00ba Congreso, mira(n) a los cuidados paliativos - Anges\",\"isPartOf\":{\"@id\":\"https:\/\/anges.pt\/es\/#website\"},\"datePublished\":\"2023-09-28T09:41:14+00:00\",\"dateModified\":\"2025-02-22T09:41:32+00:00\",\"breadcrumb\":{\"@id\":\"https:\/\/anges.pt\/es\/2o-congreso-miran-a-los-cuidados-paliativos\/#breadcrumb\"},\"inLanguage\":\"es\",\"potentialAction\":[{\"@type\":\"ReadAction\",\"target\":[\"https:\/\/anges.pt\/es\/2o-congreso-miran-a-los-cuidados-paliativos\/\"]}]},{\"@type\":\"BreadcrumbList\",\"@id\":\"https:\/\/anges.pt\/es\/2o-congreso-miran-a-los-cuidados-paliativos\/#breadcrumb\",\"itemListElement\":[{\"@type\":\"ListItem\",\"position\":1,\"name\":\"In\u00edcio\",\"item\":\"https:\/\/anges.pt\/es\/inicio\/\"},{\"@type\":\"ListItem\",\"position\":2,\"name\":\"2\u00ba Congreso, mira(n) a los cuidados paliativos\"}]},{\"@type\":\"WebSite\",\"@id\":\"https:\/\/anges.pt\/es\/#website\",\"url\":\"https:\/\/anges.pt\/es\/\",\"name\":\"Anges\",\"description\":\"Associa\u00e7\u00e3o Nacional de Gerontologia Social\",\"publisher\":{\"@id\":\"https:\/\/anges.pt\/es\/#organization\"},\"alternateName\":\"Associa\u00e7\u00e3o Nacional de Gerontologia Social\",\"potentialAction\":[{\"@type\":\"SearchAction\",\"target\":{\"@type\":\"EntryPoint\",\"urlTemplate\":\"https:\/\/anges.pt\/es\/?s={search_term_string}\"},\"query-input\":{\"@type\":\"PropertyValueSpecification\",\"valueRequired\":true,\"valueName\":\"search_term_string\"}}],\"inLanguage\":\"es\"},{\"@type\":\"Organization\",\"@id\":\"https:\/\/anges.pt\/es\/#organization\",\"name\":\"Anges\",\"alternateName\":\"Asociaci\u00f3n Nacional de Gerontolog\u00eda Social\",\"url\":\"https:\/\/anges.pt\/es\/\",\"logo\":{\"@type\":\"ImageObject\",\"inLanguage\":\"es\",\"@id\":\"https:\/\/anges.pt\/es\/#\/schema\/logo\/image\/\",\"url\":\"https:\/\/anges.pt\/wp-content\/uploads\/2024\/08\/Dimensoes-personalizadas-3x2-cm-4.jpeg\",\"contentUrl\":\"https:\/\/anges.pt\/wp-content\/uploads\/2024\/08\/Dimensoes-personalizadas-3x2-cm-4.jpeg\",\"width\":170,\"height\":114,\"caption\":\"Anges\"},\"image\":{\"@id\":\"https:\/\/anges.pt\/es\/#\/schema\/logo\/image\/\"},\"sameAs\":[\"https:\/\/www.facebook.com\/anges.pt\",\"https:\/\/www.instagram.com\/associacaoanges\/\"]}]}<\/script>\n<!-- \/ Yoast SEO Premium plugin. -->","yoast_head_json":{"title":"2\u00ba Congreso, mira(n) a los cuidados paliativos - Anges","robots":{"index":"index","follow":"follow","max-snippet":"max-snippet:-1","max-image-preview":"max-image-preview:large","max-video-preview":"max-video-preview:-1"},"canonical":"https:\/\/anges.pt\/es\/2o-congreso-miran-a-los-cuidados-paliativos\/","og_locale":"es_ES","og_type":"article","og_title":"2\u00ba Congreso, mira(n) a los cuidados paliativos","og_description":"[vc_row][vc_column][\/vc_column][vc_column][vc_empty_space woodmart_hide_large=\u00bb0&#8243; woodmart_hide_medium=\u00bb0&#8243; woodmart_hide_small=\u00bb0&#8243; woodmart_hide_extra_small=\u00bb0&#8243;][\/vc_column][\/vc_row][vc_row][vc_column][\/vc_column][\/vc_row][vc_row][vc_column][vc_empty_space woodmart_hide_large=\u00bb0&#8243; woodmart_hide_medium=\u00bb0&#8243; woodmart_hide_small=\u00bb0&#8243; woodmart_hide_extra_small=\u00bb0&#8243;][\/vc_column][\/vc_row][vc_row][vc_column][vc_cta h2=\u00bb16 de noviembre de 2023 - COMUNICACIONES GRATUITAS EN L\u00cdNEA -","og_url":"https:\/\/anges.pt\/es\/2o-congreso-miran-a-los-cuidados-paliativos\/","og_site_name":"Anges","article_publisher":"https:\/\/www.facebook.com\/anges.pt","article_modified_time":"2025-02-22T09:41:32+00:00","twitter_card":"summary_large_image","twitter_misc":{"Tiempo de lectura":"7 minutos"},"schema":{"@context":"https:\/\/schema.org","@graph":[{"@type":"WebPage","@id":"https:\/\/anges.pt\/es\/2o-congreso-miran-a-los-cuidados-paliativos\/","url":"https:\/\/anges.pt\/es\/2o-congreso-miran-a-los-cuidados-paliativos\/","name":"2\u00ba Congreso, mira(n) a los cuidados paliativos - Anges","isPartOf":{"@id":"https:\/\/anges.pt\/es\/#website"},"datePublished":"2023-09-28T09:41:14+00:00","dateModified":"2025-02-22T09:41:32+00:00","breadcrumb":{"@id":"https:\/\/anges.pt\/es\/2o-congreso-miran-a-los-cuidados-paliativos\/#breadcrumb"},"inLanguage":"es","potentialAction":[{"@type":"ReadAction","target":["https:\/\/anges.pt\/es\/2o-congreso-miran-a-los-cuidados-paliativos\/"]}]},{"@type":"BreadcrumbList","@id":"https:\/\/anges.pt\/es\/2o-congreso-miran-a-los-cuidados-paliativos\/#breadcrumb","itemListElement":[{"@type":"ListItem","position":1,"name":"In\u00edcio","item":"https:\/\/anges.pt\/es\/inicio\/"},{"@type":"ListItem","position":2,"name":"2\u00ba Congreso, mira(n) a los cuidados paliativos"}]},{"@type":"WebSite","@id":"https:\/\/anges.pt\/es\/#website","url":"https:\/\/anges.pt\/es\/","name":"Anges","description":"Associa\u00e7\u00e3o Nacional de Gerontologia Social","publisher":{"@id":"https:\/\/anges.pt\/es\/#organization"},"alternateName":"Associa\u00e7\u00e3o Nacional de Gerontologia Social","potentialAction":[{"@type":"SearchAction","target":{"@type":"EntryPoint","urlTemplate":"https:\/\/anges.pt\/es\/?s={search_term_string}"},"query-input":{"@type":"PropertyValueSpecification","valueRequired":true,"valueName":"search_term_string"}}],"inLanguage":"es"},{"@type":"Organization","@id":"https:\/\/anges.pt\/es\/#organization","name":"Anges","alternateName":"Asociaci\u00f3n Nacional de Gerontolog\u00eda Social","url":"https:\/\/anges.pt\/es\/","logo":{"@type":"ImageObject","inLanguage":"es","@id":"https:\/\/anges.pt\/es\/#\/schema\/logo\/image\/","url":"https:\/\/anges.pt\/wp-content\/uploads\/2024\/08\/Dimensoes-personalizadas-3x2-cm-4.jpeg","contentUrl":"https:\/\/anges.pt\/wp-content\/uploads\/2024\/08\/Dimensoes-personalizadas-3x2-cm-4.jpeg","width":170,"height":114,"caption":"Anges"},"image":{"@id":"https:\/\/anges.pt\/es\/#\/schema\/logo\/image\/"},"sameAs":["https:\/\/www.facebook.com\/anges.pt","https:\/\/www.instagram.com\/associacaoanges\/"]}]}},"_links":{"self":[{"href":"https:\/\/anges.pt\/es\/wp-json\/wp\/v2\/pages\/14103","targetHints":{"allow":["GET"]}}],"collection":[{"href":"https:\/\/anges.pt\/es\/wp-json\/wp\/v2\/pages"}],"about":[{"href":"https:\/\/anges.pt\/es\/wp-json\/wp\/v2\/types\/page"}],"author":[{"embeddable":true,"href":"https:\/\/anges.pt\/es\/wp-json\/wp\/v2\/users\/1"}],"replies":[{"embeddable":true,"href":"https:\/\/anges.pt\/es\/wp-json\/wp\/v2\/comments?post=14103"}],"version-history":[{"count":1,"href":"https:\/\/anges.pt\/es\/wp-json\/wp\/v2\/pages\/14103\/revisions"}],"predecessor-version":[{"id":14110,"href":"https:\/\/anges.pt\/es\/wp-json\/wp\/v2\/pages\/14103\/revisions\/14110"}],"wp:attachment":[{"href":"https:\/\/anges.pt\/es\/wp-json\/wp\/v2\/media?parent=14103"}],"curies":[{"name":"wp","href":"https:\/\/api.w.org\/{rel}","templated":true}]}}