{"id":14069,"date":"2024-02-03T23:15:04","date_gmt":"2024-02-03T23:15:04","guid":{"rendered":"https:\/\/anges.pt\/premio-al-cuidado-de-los-cuidadores\/"},"modified":"2025-02-22T09:41:31","modified_gmt":"2025-02-22T09:41:31","slug":"premio-al-cuidado-de-los-cuidadores","status":"publish","type":"page","link":"https:\/\/anges.pt\/es\/premio-al-cuidado-de-los-cuidadores\/","title":{"rendered":"Premio al cuidado de los cuidadores"},"content":{"rendered":"<div class=\"wpb-content-wrapper\"><p>[vc_row content_placement=\u00bbmiddle\u00bb css=\u00bb.vc_custom_1739400101852{margin-bottom: 5vh !important;}\u00bb mobile_bg_img_hidden=\u00bbno\u00bb tablet_bg_img_hidden=\u00bbno\u00bb woodmart_parallax=\u00bb0&#8243; woodmart_gradient_switch=\u00bbno\u00bb row_reverse_mobile=\u00bb0&#8243; row_reverse_tablet=\u00bb0&#8243; woodmart_disable_overflow=\u00bb0&#8243; woodmart_css_id=\u00bb67ad239ee62de\u00bb responsive_spacing=\u00bbeyJwYXJhbV90eXBlIjoid29vZG1hcnRfcmVzcG9uc2l2ZV9zcGFjaW5nIiwic2VsZWN0b3JfaWQiOiI2N2FkMjM5ZWU2MmRlIiwic2hvcnRjb2RlIjoidmNfcm93IiwiZGF0YSI6eyJ0YWJsZXQiOnt9LCJtb2JpbGUiOnt9fX0=\u00bb woodmart_box_shadow=\u00bbno\u00bb wd_z_index=\u00bbno\u00bb][vc_column css=\u00bb.vc_custom_1646217901431{margin-bottom: 50px !important;}\u00bb mobile_bg_img_hidden=\u00bbno\u00bb tablet_bg_img_hidden=\u00bbno\u00bb woodmart_parallax=\u00bb0&#8243; woodmart_sticky_column=\u00bbfalse\u00bb parallax_scroll=\u00bbno\u00bb mobile_reset_margin=\u00bbno\u00bb tablet_reset_margin=\u00bbno\u00bb]\t\t\t<div id=\"wd-67ad237f4253c\" class=\"wd-text-block-wrapper wd-wpb wd-rs-67ad237f4253c color-scheme-custom wd-width-100 text-center vc_custom_1739400072811\">\n\t\t\t\t<div class=\"woodmart-title-container woodmart-text-block reset-last-child font-primary wd-font-weight-400 \">\n\t\t\t\t\t<\/p>\n<h2><strong>Reconocemos a quienes cuidan de los dem\u00e1s.<\/strong><\/h2>\n<p>\t\t\t\t<\/div>\n\n\t\t\t\t\t\t\t<\/div>\n\t\t[\/vc_column][vc_column offset=\u00bbvc_col-md-6&#8243;]\t\t<div id=\"gallery_778\" class=\"wd-images-gallery wd-rs-6615135db00e6 wd-justify-center wd-items-middle view-grid photoswipe-images\" >\n\t\t\t<div class=\"gallery-images row wd-spacing-2\">\n\t\t\t\t\t\t\t\t\t\t\t\t\t\t\t<div class=\"wd-gallery-item col-6\">\n\t\t\t\t\t\t\t\t\t\t\t\t\t\t<a href=\"https:\/\/anges.pt\/wp-content\/uploads\/2024\/04\/Publicacao-do-Facebook-940x788-px.-Publicacao-do-Instagram-2-1.jpeg\" data-elementor-open-lightbox=\"no\" data-index=\"1\" data-width=\"2160\" data-height=\"2160\"  >\n\t\t\t\t\t\t\t\t\n\t\t\t\t\t\t\t\t\t\t\t\t\t\t\t\t\t<img decoding=\"async\" width=\"1024\" height=\"1024\" data-src=\"https:\/\/anges.pt\/wp-content\/uploads\/2024\/04\/Publicacao-do-Facebook-940x788-px.-Publicacao-do-Instagram-2-1-1024x1024.jpeg\" class=\"wd-gallery-image image-1 attachment-large lazyload\" alt=\"\" title=\"Publica\u00e7\u00e3o do Facebook 940x788 px. - Publica\u00e7\u00e3o do Instagram (2) (1)\" data-srcset=\"https:\/\/anges.pt\/wp-content\/uploads\/2024\/04\/Publicacao-do-Facebook-940x788-px.-Publicacao-do-Instagram-2-1-1024x1024.jpeg 1024w, https:\/\/anges.pt\/wp-content\/uploads\/2024\/04\/Publicacao-do-Facebook-940x788-px.-Publicacao-do-Instagram-2-1-600x600.jpeg 600w, https:\/\/anges.pt\/wp-content\/uploads\/2024\/04\/Publicacao-do-Facebook-940x788-px.-Publicacao-do-Instagram-2-1-150x150.jpeg 150w, https:\/\/anges.pt\/wp-content\/uploads\/2024\/04\/Publicacao-do-Facebook-940x788-px.-Publicacao-do-Instagram-2-1-1200x1200.jpeg 1200w, https:\/\/anges.pt\/wp-content\/uploads\/2024\/04\/Publicacao-do-Facebook-940x788-px.-Publicacao-do-Instagram-2-1-300x300.jpeg 300w, https:\/\/anges.pt\/wp-content\/uploads\/2024\/04\/Publicacao-do-Facebook-940x788-px.-Publicacao-do-Instagram-2-1-768x768.jpeg 768w, https:\/\/anges.pt\/wp-content\/uploads\/2024\/04\/Publicacao-do-Facebook-940x788-px.-Publicacao-do-Instagram-2-1-1536x1536.jpeg 1536w, https:\/\/anges.pt\/wp-content\/uploads\/2024\/04\/Publicacao-do-Facebook-940x788-px.-Publicacao-do-Instagram-2-1-2048x2048.jpeg 2048w\" data-sizes=\"(max-width: 1024px) 100vw, 1024px\" src=\"data:image\/svg+xml;base64,PHN2ZyB3aWR0aD0iMSIgaGVpZ2h0PSIxIiB4bWxucz0iaHR0cDovL3d3dy53My5vcmcvMjAwMC9zdmciPjwvc3ZnPg==\" style=\"--smush-placeholder-width: 1024px; --smush-placeholder-aspect-ratio: 1024\/1024;\" \/>\t\t\t\t\t\t\t\t\n\n\t\t\t\t\t\t\t\t\t\t\t\t\t\t\t<\/a>\n\t\t\t\t\t\t\t\t\t\t\t\t<\/div>\n\t\t\t\t\t\t\t\t\t\t\t\t<\/div>\n\t\t<\/div>\n\t\t\t\t[\/vc_column][vc_column woodmart_color_scheme=\u00bbdark\u00bb css=\u00bb.vc_custom_1505897347535{padding-top: 2vh !important;padding-bottom: 2vh !important;background-position: 0 0 !important;background-repeat: no-repeat !important;}\u00bb offset=\u00bbvc_col-md-6 vc_col-xs-12&#8243;][vc_row_inner css=\u00bb.vc_custom_1497001704725{margin-bottom: 10px !important;}\u00bb][vc_column_inner][vc_column_text css=\u00bb.vc_custom_1712656877686{margin-bottom: 20px !important;}\u00bb text_larger=\u00bbno\u00bb woodmart_inline=\u00bbno\u00bb]El Premio Cuidar de Quem Cuida se cre\u00f3 en 2024, fruto de una sinergia entre ANGES y la marca SENI, representada en Portugal por la empresa Talinamed.<\/p>\n<p>Cada a\u00f1o, y durante el AGEINGCONGRESS, distinguir\u00e1 a una instituci\u00f3n por las buenas pr\u00e1cticas perpetuadas en el cuidado de los dem\u00e1s.[\/vc_column_text][\/vc_column_inner][\/vc_row_inner][vc_row_inner css=\u00bb.vc_custom_1497001704725{margin-bottom: 10px !important;}\u00bb][vc_column_inner]<div id=\"wd-67ad23b44ce9f\" class=\" wd-rs-67ad23b44ce9f  wd-button-wrapper woodmart-button-wrapper text-center\"><a href=\"https:\/\/forms.gle\/24xeFS51mVijaSA68\" title=\"\" target=\"_blank\" class=\"btn btn-color-primary btn-style-default btn-style-rectangle btn-size-default\">PARTICIPA<\/a><\/div>[vc_column_text css=\u00bb.vc_custom_1712657040852{margin-bottom: 20px !important;}\u00bb text_larger=\u00bbno\u00bb woodmart_inline=\u00bbno\u00bb][\/vc_column_text][\/vc_column_inner][\/vc_row_inner][\/vc_column][\/vc_row][vc_row full_width=\u00bbstretch_row_content_no_spaces\u00bb css=\u00bb.vc_custom_1500281055592{margin-bottom: -70px !important;}\u00bb][vc_column]\t\t<div id=\"gallery_579\" class=\"wd-images-gallery wd-rs-6615137e168b8 wd-justify-center wd-items-middle view-carousel photoswipe-images wd-carousel-spacing-2 wd-carousel-container\" data-owl-carousel data-wrap=\"no\" data-hide_pagination_control=\"yes\" data-hide_prev_next_buttons=\"yes\" data-desktop=\"3\" data-tablet_landscape=\"3\" data-tablet=\"2\" data-mobile=\"1\">\n\t\t\t<div class=\"gallery-images owl-carousel owl-items-lg-3 owl-items-md-3 owl-items-sm-2 owl-items-xs-1\">\n\t\t\t\t\t\t\t\t\t\t\t\t\t\t\t\t<\/div>\n\t\t<\/div>\n\t\t\t\t[\/vc_column][\/vc_row]<\/p>\n<\/div>","protected":false},"excerpt":{"rendered":"<p>[vc_row content_placement=\u00bbmiddle\u00bb css=\u00bb.vc_custom_1739400101852{margin-bottom: 5vh !important;}\u00bb mobile_bg_img_hidden=\u00bbno\u00bb tablet_bg_img_hidden=\u00bbno\u00bb woodmart_parallax=\u00bb0&#8243; woodmart_gradient_switch=\u00bbno\u00bb row_reverse_mobile=\u00bb0&#8243; row_reverse_tablet=\u00bb0&#8243; woodmart_disable_overflow=\u00bb0&#8243; woodmart_css_id=\u00bb67ad239ee62de\u00bb responsive_spacing=\u00bbeyJwYXJhbV90eXBlIjoid29vZG1hcnRfcmVzcG9uc2l2ZV9zcGFjaW5nIiwic2VsZWN0b3JfaWQiOiI2N2FkMjM5ZWU2MmRlIiwic2hvcnRjb2RlIjoidmNfcm93IiwiZGF0YSI6eyJ0YWJsZXQiOnt9LCJtb2JpbGUiOnt9fX0=\u00bb woodmart_box_shadow=\u00bbno\u00bb wd_z_index=\u00bbno\u00bb][vc_column css=\u00bb.vc_custom_1646217901431{margin-bottom: 50px !important;}\u00bb mobile_bg_img_hidden=\u00bbno\u00bb<\/p>\n","protected":false},"author":1,"featured_media":0,"parent":0,"menu_order":0,"comment_status":"closed","ping_status":"open","template":"","meta":{"footnotes":""},"class_list":["post-14069","page","type-page","status-publish","hentry"],"yoast_head":"<!-- This site is optimized with the Yoast SEO Premium plugin v27.5 (Yoast SEO v27.5) - https:\/\/yoast.com\/product\/yoast-seo-premium-wordpress\/ -->\n<title>Premio al cuidado de los cuidadores - Anges<\/title>\n<meta name=\"robots\" content=\"index, follow, max-snippet:-1, max-image-preview:large, max-video-preview:-1\" \/>\n<link rel=\"canonical\" href=\"https:\/\/anges.pt\/es\/premio-al-cuidado-de-los-cuidadores\/\" \/>\n<meta property=\"og:locale\" content=\"es_ES\" \/>\n<meta property=\"og:type\" content=\"article\" \/>\n<meta property=\"og:title\" content=\"Premio al cuidado de los cuidadores\" \/>\n<meta property=\"og:description\" content=\"[vc_row content_placement=\u00bbmiddle\u00bb css=\u00bb.vc_custom_1739400101852{margin-bottom: 5vh !important;}\u00bb mobile_bg_img_hidden=\u00bbno\u00bb tablet_bg_img_hidden=\u00bbno\u00bb woodmart_parallax=\u00bb0&#8243; woodmart_gradient_switch=\u00bbno\u00bb row_reverse_mobile=\u00bb0&#8243; row_reverse_tablet=\u00bb0&#8243; woodmart_disable_overflow=\u00bb0&#8243; woodmart_css_id=\u00bb67ad239ee62de\u00bb responsive_spacing=\u00bbeyJwYXJhbV90eXBlIjoid29vZG1hcnRfcmVzcG9uc2l2ZV9zcGFjaW5nIiwic2VsZWN0b3JfaWQiOiI2N2FkMjM5ZWU2MmRlIiwic2hvcnRjb2RlIjoidmNfcm93IiwiZGF0YSI6eyJ0YWJsZXQiOnt9LCJtb2JpbGUiOnt9fX0=\u00bb woodmart_box_shadow=\u00bbno\u00bb wd_z_index=\u00bbno\u00bb][vc_column css=\u00bb.vc_custom_1646217901431{margin-bottom: 50px !important;}\u00bb mobile_bg_img_hidden=\u00bbno\u00bb\" \/>\n<meta property=\"og:url\" content=\"https:\/\/anges.pt\/es\/premio-al-cuidado-de-los-cuidadores\/\" \/>\n<meta property=\"og:site_name\" content=\"Anges\" \/>\n<meta property=\"article:publisher\" content=\"https:\/\/www.facebook.com\/anges.pt\" \/>\n<meta property=\"article:modified_time\" content=\"2025-02-22T09:41:31+00:00\" \/>\n<meta name=\"twitter:card\" content=\"summary_large_image\" \/>\n<meta name=\"twitter:label1\" content=\"Tiempo de lectura\" \/>\n\t<meta name=\"twitter:data1\" content=\"3 minutos\" \/>\n<script type=\"application\/ld+json\" class=\"yoast-schema-graph\">{\"@context\":\"https:\\\/\\\/schema.org\",\"@graph\":[{\"@type\":\"WebPage\",\"@id\":\"https:\\\/\\\/anges.pt\\\/es\\\/premio-al-cuidado-de-los-cuidadores\\\/\",\"url\":\"https:\\\/\\\/anges.pt\\\/es\\\/premio-al-cuidado-de-los-cuidadores\\\/\",\"name\":\"Premio al cuidado de los cuidadores - Anges\",\"isPartOf\":{\"@id\":\"https:\\\/\\\/anges.pt\\\/es\\\/#website\"},\"datePublished\":\"2024-02-03T23:15:04+00:00\",\"dateModified\":\"2025-02-22T09:41:31+00:00\",\"breadcrumb\":{\"@id\":\"https:\\\/\\\/anges.pt\\\/es\\\/premio-al-cuidado-de-los-cuidadores\\\/#breadcrumb\"},\"inLanguage\":\"es\",\"potentialAction\":[{\"@type\":\"ReadAction\",\"target\":[\"https:\\\/\\\/anges.pt\\\/es\\\/premio-al-cuidado-de-los-cuidadores\\\/\"]}]},{\"@type\":\"BreadcrumbList\",\"@id\":\"https:\\\/\\\/anges.pt\\\/es\\\/premio-al-cuidado-de-los-cuidadores\\\/#breadcrumb\",\"itemListElement\":[{\"@type\":\"ListItem\",\"position\":1,\"name\":\"In\u00edcio\",\"item\":\"https:\\\/\\\/anges.pt\\\/es\\\/inicio\\\/\"},{\"@type\":\"ListItem\",\"position\":2,\"name\":\"Premio al cuidado de los cuidadores\"}]},{\"@type\":\"WebSite\",\"@id\":\"https:\\\/\\\/anges.pt\\\/es\\\/#website\",\"url\":\"https:\\\/\\\/anges.pt\\\/es\\\/\",\"name\":\"Anges\",\"description\":\"Associa\u00e7\u00e3o Nacional de Gerontologia Social\",\"publisher\":{\"@id\":\"https:\\\/\\\/anges.pt\\\/es\\\/#organization\"},\"alternateName\":\"Associa\u00e7\u00e3o Nacional de Gerontologia Social\",\"potentialAction\":[{\"@type\":\"SearchAction\",\"target\":{\"@type\":\"EntryPoint\",\"urlTemplate\":\"https:\\\/\\\/anges.pt\\\/es\\\/?s={search_term_string}\"},\"query-input\":{\"@type\":\"PropertyValueSpecification\",\"valueRequired\":true,\"valueName\":\"search_term_string\"}}],\"inLanguage\":\"es\"},{\"@type\":\"Organization\",\"@id\":\"https:\\\/\\\/anges.pt\\\/es\\\/#organization\",\"name\":\"Anges\",\"alternateName\":\"Asociaci\u00f3n Nacional de Gerontolog\u00eda Social\",\"url\":\"https:\\\/\\\/anges.pt\\\/es\\\/\",\"logo\":{\"@type\":\"ImageObject\",\"inLanguage\":\"es\",\"@id\":\"https:\\\/\\\/anges.pt\\\/es\\\/#\\\/schema\\\/logo\\\/image\\\/\",\"url\":\"https:\\\/\\\/anges.pt\\\/wp-content\\\/uploads\\\/2024\\\/08\\\/Dimensoes-personalizadas-3x2-cm-4.jpeg\",\"contentUrl\":\"https:\\\/\\\/anges.pt\\\/wp-content\\\/uploads\\\/2024\\\/08\\\/Dimensoes-personalizadas-3x2-cm-4.jpeg\",\"width\":170,\"height\":114,\"caption\":\"Anges\"},\"image\":{\"@id\":\"https:\\\/\\\/anges.pt\\\/es\\\/#\\\/schema\\\/logo\\\/image\\\/\"},\"sameAs\":[\"https:\\\/\\\/www.facebook.com\\\/anges.pt\",\"https:\\\/\\\/www.instagram.com\\\/associacaoanges\\\/\"]}]}<\/script>\n<!-- \/ Yoast SEO Premium plugin. -->","yoast_head_json":{"title":"Premio al cuidado de los cuidadores - Anges","robots":{"index":"index","follow":"follow","max-snippet":"max-snippet:-1","max-image-preview":"max-image-preview:large","max-video-preview":"max-video-preview:-1"},"canonical":"https:\/\/anges.pt\/es\/premio-al-cuidado-de-los-cuidadores\/","og_locale":"es_ES","og_type":"article","og_title":"Premio al cuidado de los cuidadores","og_description":"[vc_row content_placement=\u00bbmiddle\u00bb css=\u00bb.vc_custom_1739400101852{margin-bottom: 5vh !important;}\u00bb mobile_bg_img_hidden=\u00bbno\u00bb tablet_bg_img_hidden=\u00bbno\u00bb woodmart_parallax=\u00bb0&#8243; woodmart_gradient_switch=\u00bbno\u00bb row_reverse_mobile=\u00bb0&#8243; row_reverse_tablet=\u00bb0&#8243; woodmart_disable_overflow=\u00bb0&#8243; woodmart_css_id=\u00bb67ad239ee62de\u00bb responsive_spacing=\u00bbeyJwYXJhbV90eXBlIjoid29vZG1hcnRfcmVzcG9uc2l2ZV9zcGFjaW5nIiwic2VsZWN0b3JfaWQiOiI2N2FkMjM5ZWU2MmRlIiwic2hvcnRjb2RlIjoidmNfcm93IiwiZGF0YSI6eyJ0YWJsZXQiOnt9LCJtb2JpbGUiOnt9fX0=\u00bb woodmart_box_shadow=\u00bbno\u00bb wd_z_index=\u00bbno\u00bb][vc_column css=\u00bb.vc_custom_1646217901431{margin-bottom: 50px !important;}\u00bb mobile_bg_img_hidden=\u00bbno\u00bb","og_url":"https:\/\/anges.pt\/es\/premio-al-cuidado-de-los-cuidadores\/","og_site_name":"Anges","article_publisher":"https:\/\/www.facebook.com\/anges.pt","article_modified_time":"2025-02-22T09:41:31+00:00","twitter_card":"summary_large_image","twitter_misc":{"Tiempo de lectura":"3 minutos"},"schema":{"@context":"https:\/\/schema.org","@graph":[{"@type":"WebPage","@id":"https:\/\/anges.pt\/es\/premio-al-cuidado-de-los-cuidadores\/","url":"https:\/\/anges.pt\/es\/premio-al-cuidado-de-los-cuidadores\/","name":"Premio al cuidado de los cuidadores - Anges","isPartOf":{"@id":"https:\/\/anges.pt\/es\/#website"},"datePublished":"2024-02-03T23:15:04+00:00","dateModified":"2025-02-22T09:41:31+00:00","breadcrumb":{"@id":"https:\/\/anges.pt\/es\/premio-al-cuidado-de-los-cuidadores\/#breadcrumb"},"inLanguage":"es","potentialAction":[{"@type":"ReadAction","target":["https:\/\/anges.pt\/es\/premio-al-cuidado-de-los-cuidadores\/"]}]},{"@type":"BreadcrumbList","@id":"https:\/\/anges.pt\/es\/premio-al-cuidado-de-los-cuidadores\/#breadcrumb","itemListElement":[{"@type":"ListItem","position":1,"name":"In\u00edcio","item":"https:\/\/anges.pt\/es\/inicio\/"},{"@type":"ListItem","position":2,"name":"Premio al cuidado de los cuidadores"}]},{"@type":"WebSite","@id":"https:\/\/anges.pt\/es\/#website","url":"https:\/\/anges.pt\/es\/","name":"Anges","description":"Associa\u00e7\u00e3o Nacional de Gerontologia Social","publisher":{"@id":"https:\/\/anges.pt\/es\/#organization"},"alternateName":"Associa\u00e7\u00e3o Nacional de Gerontologia Social","potentialAction":[{"@type":"SearchAction","target":{"@type":"EntryPoint","urlTemplate":"https:\/\/anges.pt\/es\/?s={search_term_string}"},"query-input":{"@type":"PropertyValueSpecification","valueRequired":true,"valueName":"search_term_string"}}],"inLanguage":"es"},{"@type":"Organization","@id":"https:\/\/anges.pt\/es\/#organization","name":"Anges","alternateName":"Asociaci\u00f3n Nacional de Gerontolog\u00eda Social","url":"https:\/\/anges.pt\/es\/","logo":{"@type":"ImageObject","inLanguage":"es","@id":"https:\/\/anges.pt\/es\/#\/schema\/logo\/image\/","url":"https:\/\/anges.pt\/wp-content\/uploads\/2024\/08\/Dimensoes-personalizadas-3x2-cm-4.jpeg","contentUrl":"https:\/\/anges.pt\/wp-content\/uploads\/2024\/08\/Dimensoes-personalizadas-3x2-cm-4.jpeg","width":170,"height":114,"caption":"Anges"},"image":{"@id":"https:\/\/anges.pt\/es\/#\/schema\/logo\/image\/"},"sameAs":["https:\/\/www.facebook.com\/anges.pt","https:\/\/www.instagram.com\/associacaoanges\/"]}]}},"_links":{"self":[{"href":"https:\/\/anges.pt\/es\/wp-json\/wp\/v2\/pages\/14069","targetHints":{"allow":["GET"]}}],"collection":[{"href":"https:\/\/anges.pt\/es\/wp-json\/wp\/v2\/pages"}],"about":[{"href":"https:\/\/anges.pt\/es\/wp-json\/wp\/v2\/types\/page"}],"author":[{"embeddable":true,"href":"https:\/\/anges.pt\/es\/wp-json\/wp\/v2\/users\/1"}],"replies":[{"embeddable":true,"href":"https:\/\/anges.pt\/es\/wp-json\/wp\/v2\/comments?post=14069"}],"version-history":[{"count":10,"href":"https:\/\/anges.pt\/es\/wp-json\/wp\/v2\/pages\/14069\/revisions"}],"predecessor-version":[{"id":14108,"href":"https:\/\/anges.pt\/es\/wp-json\/wp\/v2\/pages\/14069\/revisions\/14108"}],"wp:attachment":[{"href":"https:\/\/anges.pt\/es\/wp-json\/wp\/v2\/media?parent=14069"}],"curies":[{"name":"wp","href":"https:\/\/api.w.org\/{rel}","templated":true}]}}