{"id":13700,"date":"2022-05-25T14:01:14","date_gmt":"2022-05-25T14:01:14","guid":{"rendered":"https:\/\/anges.pt\/para-los-autores\/"},"modified":"2025-02-22T09:36:29","modified_gmt":"2025-02-22T09:36:29","slug":"para-los-autores","status":"publish","type":"page","link":"https:\/\/anges.pt\/es\/para-los-autores\/","title":{"rendered":"Para los autores"},"content":{"rendered":"<div class=\"wpb-content-wrapper\"><p>[vc_row][vc_column][vc_empty_space height=\u00bb40px\u00bb woodmart_hide_large=\u00bb0&#8243; woodmart_hide_medium=\u00bb0&#8243; woodmart_hide_small=\u00bb0&#8243; woodmart_hide_extra_small=\u00bb0&#8243;][\/vc_column][\/vc_row][vc_row][vc_column][vc_column_text]<\/p>\n<h3><\/h3>\n<h3><\/h3>\n<h3 style=\"text-align: center;\"><span style=\"color: #ff9900;\">INSTRUCCIONES PARA LOS AUTORES<\/span><\/h3>\n<h4 style=\"text-align: left;\"><span style=\"color: #ff9900;\">Objetivos y alcance<\/span><\/h4>\n<p style=\"text-align: left;\">RIAGE es una revista interdisciplinar, revisada por pares y de acceso abierto. Se aceptar\u00e1n para su revisi\u00f3n art\u00edculos en el campo del envejecimiento con un enfoque interdisciplinar.<br \/>Se aceptan env\u00edos de art\u00edculos en portugu\u00e9s, ingl\u00e9s o espa\u00f1ol. El p\u00fablico objetivo de la revista incluye a investigadores, profesionales y estudiantes de las \u00e1reas mencionadas. Los autores deben tener en cuenta que la RIAGE dar\u00e1 preferencia a los env\u00edos con relevancia global, centr\u00e1ndose en las prioridades nacionales e internacionales.   <\/p>\n<p style=\"text-align: left;\">La RIAGE acepta el env\u00edo de art\u00edculos originales, art\u00edculos de revisi\u00f3n, comunicaciones breves, art\u00edculos especiales y\/o informes de casos. En casos concretos, tambi\u00e9n se aceptar\u00e1n protocolos de estudio. <\/p>\n<p style=\"text-align: left;\">La revista recibe preferentemente manuscritos en los que la recogida de datos se llev\u00f3 a cabo hace menos de cinco a\u00f1os. Los editores evaluar\u00e1n las excepciones caso por caso cuando los autores aporten una justificaci\u00f3n aceptable. <\/p>\n<p>&nbsp;<\/p>\n<h4><span style=\"color: #ff9900;\">\u00c9tica en la edici\u00f3n<\/span><\/h4>\n<p>RIAGE sigue los principios \u00e9ticos de transparencia e independencia editorial. No se aceptar\u00e1n manuscritos reeditados a partir de art\u00edculos publicados anteriormente en otras revistas. RIAGE no acepta la presentaci\u00f3n de manuscritos o resultados parciales de una misma investigaci\u00f3n.  <\/p>\n<p>Los conceptos y la informaci\u00f3n publicados en los art\u00edculos de la RIAGE son responsabilidad exclusiva del autor o autores y no reflejan necesariamente la opini\u00f3n del consejo editorial.<\/p>\n<p>&nbsp;<\/p>\n<h4><span style=\"color: #ff9900;\">Condiciones de la licencia<\/span><\/h4>\n<p>Los autores que publican en RIAGE conservan los derechos a seguir utilizando su trabajo para apoyar el avance cient\u00edfico, la ense\u00f1anza y la comunicaci\u00f3n acad\u00e9mica. Al enviar sus manuscritos, los autores conceden a RIAGE derechos irrevocables y no exclusivos para incluir el material en las siguientes fuentes de difusi\u00f3n: <\/p>\n<p>- Reproducir y autorizar la reproducci\u00f3n total o parcial del manuscrito por terceros, incluidas reimpresiones y fotocopias;<\/p>\n<p>- Permite que los servicios de entrega de documentos y los servicios de resumen e indexaci\u00f3n incluyan la totalidad o parte del art\u00edculo;<\/p>\n<p>- Utilizar o permitir que otros utilicen (con el debido cr\u00e9dito y cita) partes del art\u00edculo en otros trabajos.<\/p>\n<p>- Traduce o haz traducir el art\u00edculo a cualquier idioma y publica el art\u00edculo traducido o permite que terceros traduzcan y publiquen el art\u00edculo.<\/p>\n<p>&nbsp;<\/p>\n<h3 style=\"text-align: center;\"><span style=\"color: #ff9900;\">PREPARACI\u00d3N DEL MANUSCRITO<\/span><\/h3>\n<p>Los manuscritos deben estar escritos en Calibri de 12 puntos, fuente negra, interlineado de 1,5 y m\u00e1rgenes de 3 cm. Para tablas, gr\u00e1ficos, figuras y ap\u00e9ndices: fuente Calibri de 8 puntos. La extensi\u00f3n total del manuscrito debe ser de un m\u00ednimo de 10 p\u00e1ginas y un m\u00e1ximo de 15.  <\/p>\n<p>&nbsp;<\/p>\n<h4><span style=\"color: #ff9900;\">Portada<\/span><\/h4>\n<p>- T\u00edtulo completo del manuscrito de no m\u00e1s de 150 caracteres (espacios incluidos) en portugu\u00e9s, ingl\u00e9s o espa\u00f1ol;<\/p>\n<p>- T\u00edtulo breve del manuscrito, versi\u00f3n abreviada del t\u00edtulo completo, de no m\u00e1s de 50 caracteres (espacios incluidos) en portugu\u00e9s, ingl\u00e9s o portugu\u00e9s;<\/p>\n<p>- Nombres completos de todos los autores, indicando sus afiliaciones institucionales, correos electr\u00f3nicos e ID ORCID. Los autores pueden ocupar cualquier posici\u00f3n en el orden de autor\u00eda (primer o \u00faltimo autor). RIAGE considera que el autor principal es el autor correspondiente. El autor principal debe   <\/p>\n<p> <span style=\"color: #ff9900;\"> i)<\/span> Asegurarse de que los dem\u00e1s autores reciben y est\u00e1n de acuerdo con la versi\u00f3n final del manuscrito;<\/p>\n<p> <span style=\"color: #ff9900;\"> ii)<\/span> Responsabilizarse de que el art\u00edculo cumpla las normas y reglamentos de la revista;<\/p>\n<p><span style=\"color: #ff9900;\">iii)<\/span> Garantizar que los datos se conservan de acuerdo con las buenas pr\u00e1cticas sobre el terreno;<\/p>\n<p><span style=\"color: #ff9900;\">iv)<\/span> Confirma que los datos presentados reflejan fielmente el original;<\/p>\n<p> <span style=\"color: #ff9900;\"> v)<\/span> Asegurarse de que todos los autores tienen un registro de identificaci\u00f3n (ORCID - www.orcid.org).<\/p>\n<p>- Los agradecimientos deben redactarse en un p\u00e1rrafo de un m\u00e1ximo de tres l\u00edneas y deben mencionar instituciones o personas que hayan contribuido realmente al trabajo.<\/p>\n<p>&nbsp;<\/p>\n<h4><span style=\"color: #ff9900;\">Manuscrito<\/span><\/h4>\n<h4><span style=\"color: #ff9900;\">Resumen<\/span><\/h4>\n<p>Un resumen debe limitarse a un m\u00ednimo de 150 palabras y un m\u00e1ximo de 250 palabras (con espacios). Es preferible que los res\u00famenes no contengan abreviaturas y no incluyan referencias. Al final de cada resumen deben incluirse un m\u00ednimo de tres y un m\u00e1ximo de seis palabras clave.  <\/p>\n<h4><span style=\"color: #ff9900;\">Texto<\/span><\/h4>\n<p>Los manuscritos deben tener la siguiente estructura:<\/p>\n<p>Introducci\u00f3n: Esta secci\u00f3n debe contener una revisi\u00f3n bibliogr\u00e1fica actualizada, ser adecuada al tema y al problema presentados y hacer hincapi\u00e9 en la relevancia del tema. Los objetivos del estudio deben describirse claramente al final de la introducci\u00f3n. <\/p>\n<p><span style=\"color: #ff9900;\">M\u00e9todos:<\/span> Esta secci\u00f3n debe contener una descripci\u00f3n clara y sucinta de los procedimientos utilizados, la muestra, los criterios de selecci\u00f3n, los instrumentos, el an\u00e1lisis estad\u00edstico y otros recursos.<\/p>\n<p><span style=\"color: #ff9900;\">Resultados:<\/span> Esta secci\u00f3n debe contener una descripci\u00f3n de los resultados encontrados, sin hacer interpretaciones ni comparaciones. Siempre que sea posible, los resultados deben presentarse en tablas o figuras para que sean autoexplicativos y se analicen estad\u00edsticamente. <\/p>\n<p><span style=\"color: #ff9900;\">Discusi\u00f3n:<\/span> Esta secci\u00f3n debe explorar y discutir objetivamente los resultados, teniendo en cuenta otras observaciones ya identificadas por otros autores\/investigadores. Deben se\u00f1alarse las limitaciones del estudio. La discusi\u00f3n debe culminar con conclusiones que indiquen v\u00edas para futuras investigaciones, buenas pr\u00e1cticas o implicaciones para la pr\u00e1ctica profesional.  <\/p>\n<p><span style=\"color: #ff9900;\">Conclusi\u00f3n:<\/span> Esta secci\u00f3n debe ser breve y no contener m\u00e1s de dos p\u00e1rrafos.<\/p>\n<p>&nbsp;<\/p>\n<h4><span style=\"color: #ff9900;\">Referencias<\/span><\/h4>\n<p>Aseg\u00farate de que todas las referencias citadas en el texto est\u00e9n tambi\u00e9n presentes en la lista de referencias (y viceversa).<br \/>Las referencias deben enumerarse al final del art\u00edculo y numerarse consecutivamente con n\u00fameros ar\u00e1bigos en super\u00edndice (por ejemplo, 1) en el orden en que se citaron por primera vez en el texto, seg\u00fan las normas APA. Este n\u00famero puede aparecer despu\u00e9s del nombre del autor o autores o de los signos de puntuaci\u00f3n, como se muestra a continuaci\u00f3n (Pereira 1) En las referencias con un m\u00e1ximo de seis autores, enumera a todos los autores; en las que tengan m\u00e1s de seis autores, enumera a los 6 primeros seguidos de et al. Cuando cites a dos autores, utiliza los nombres de ambos autores junto con la \u00abe\u00bb comercial (&amp;); cuando cites a m\u00e1s de tres, cita el nombre del primer autor seguido de et al.  <\/p>\n<p>Se recomienda encarecidamente el uso del DOI. Los autores son responsables de la exactitud y adecuaci\u00f3n<br \/>de las referencias consultadas y citadas en el texto. <\/p>\n<p>&nbsp;<\/p>\n<h3 style=\"text-align: center;\"><span style=\"color: #ff9900;\">DECLARACI\u00d3N DE CONFLICTO DE INTERESES<\/span><\/h3>\n<p>Es pol\u00edtica de la RIAGE exigir a todos los autores una declaraci\u00f3n de conflicto de intereses, incluida al final del manuscrito. Si no hay conflicto, indica que \u00abEl autor o autores declaran que no hay conflicto de intereses\u00bb. <\/p>\n<p>&nbsp;<\/p>\n<h3 style=\"text-align: center;\"><span style=\"color: #ff9900;\">EVALUACI\u00d3N DEL MANUSCRITO<\/span><\/h3>\n<p>Los art\u00edculos enviados a la RIAGE pasan por un proceso de revisi\u00f3n externa por pares en el que ni los revisores ni los autores conocen la identidad de los dem\u00e1s (revisi\u00f3n doble ciega).<\/p>\n<p>Se anima a todos los revisores a declarar que no tienen ning\u00fan conflicto de intereses que declarar antes de participar en el proceso de revisi\u00f3n por pares. Cuando un revisor externo identifique un posible conflicto de intereses, el editor responsable enviar\u00e1 el manuscrito a otro revisor. Tras la evaluaci\u00f3n, los revisores pueden tomar una de las siguientes decisiones, de acuerdo con las recomendaciones disponibles en las Instrucciones para revisores de RIAGE:  <\/p>\n<p><span style=\"color: #ff9900;\">i)<\/span> Acepta;<\/p>\n<p><span style=\"color: #ff9900;\">ii)<\/span> Se necesita una revisi\u00f3n a fondo;<\/p>\n<p><span style=\"color: #ff9900;\">iii)<\/span> Se requiere una revisi\u00f3n menor;<\/p>\n<p> <span style=\"color: #ff9900;\"> iv)<\/span> Rechazar.<\/p>\n<p>Cuando haya diferencias entre las opiniones de los revisores externos, el editor responsable emitir\u00e1 una opini\u00f3n como revisor adicional y, cuando sea necesario, podr\u00e1 consultar a otro revisor. Independientemente de la decisi\u00f3n, la RIAGE lo notificar\u00e1 electr\u00f3nicamente a los autores. <\/p>\n<p>El sistema de env\u00edo permite a los autores seguir el progreso del proceso de revisi\u00f3n. Los autores deben presentar manuscritos revisados en un plazo m\u00e1ximo de 30 d\u00edas y enviar una respuesta a todos los comentarios proporcionados por los revisores, con los cambios realizados en el texto resaltados de alg\u00fan modo (por ejemplo, en un color diferente). Si la RIAGE no recibe respuesta de los autores, se retirar\u00e1 el env\u00edo. Los autores deben enviar sus respuestas a los revisores en un archivo separado del texto principal.   <\/p>\n<p>La decisi\u00f3n final sobre la publicaci\u00f3n o no del manuscrito corresponde al redactor jefe. Si se detectan deficiencias \u00e9ticas significativas en la realizaci\u00f3n del estudio o en la difusi\u00f3n de los datos de la investigaci\u00f3n tras la aprobaci\u00f3n o publicaci\u00f3n del manuscrito, los editores se reservan el derecho de aplicar las sanciones necesarias. <\/p>\n<p>Antes de su publicaci\u00f3n, los manuscritos aceptados pueden devolverse a los autores para su aprobaci\u00f3n si se introducen cambios con fines editoriales y de normalizaci\u00f3n, de acuerdo con el estilo de la revista.<\/p>\n<p>Durante el proceso de revisi\u00f3n, los editores y revisores evaluar\u00e1n el car\u00e1cter innovador, el estado de la t\u00e9cnica, la metodolog\u00eda, los m\u00e9todos utilizados y el impacto. Tras su aprobaci\u00f3n, todos los manuscritos se someter\u00e1n a un sistema de detecci\u00f3n de plagio mediante una herramienta de similitud de contenidos. Los editores evaluar\u00e1n los resultados individualmente y los resultados se enviar\u00e1n a los autores con las citas oportunas, esperando su opini\u00f3n antes de definir el acto como plagio, haciendo que el documento no sea apto para su publicaci\u00f3n (si procede).  [\/vc_column_text][\/vc_column][\/vc_row]<\/p>\n<\/div>","protected":false},"excerpt":{"rendered":"<p>[vc_row][vc_column][vc_empty_space height=\u00bb40px\u00bb woodmart_hide_large=\u00bb0&#8243; woodmart_hide_medium=\u00bb0&#8243; woodmart_hide_small=\u00bb0&#8243; woodmart_hide_extra_small=\u00bb0&#8243;][\/vc_column][\/vc_row][vc_row][vc_column][vc_column_text] INSTRUCCIONES PARA LOS AUTORES Objetivos y alcance RIAGE es una revista interdisciplinar, revisada por<\/p>\n","protected":false},"author":1,"featured_media":0,"parent":0,"menu_order":0,"comment_status":"closed","ping_status":"closed","template":"","meta":{"footnotes":""},"class_list":["post-13700","page","type-page","status-publish","hentry"],"yoast_head":"<!-- This site is optimized with the Yoast SEO Premium plugin v27.2 (Yoast SEO v27.2) - https:\/\/yoast.com\/product\/yoast-seo-premium-wordpress\/ -->\n<title>Para los autores - Anges<\/title>\n<meta name=\"robots\" content=\"index, follow, max-snippet:-1, max-image-preview:large, max-video-preview:-1\" \/>\n<link rel=\"canonical\" href=\"https:\/\/anges.pt\/es\/para-los-autores\/\" \/>\n<meta property=\"og:locale\" content=\"es_ES\" \/>\n<meta property=\"og:type\" content=\"article\" \/>\n<meta property=\"og:title\" content=\"Para los autores\" \/>\n<meta property=\"og:description\" content=\"[vc_row][vc_column][vc_empty_space height=\u00bb40px\u00bb woodmart_hide_large=\u00bb0&#8243; woodmart_hide_medium=\u00bb0&#8243; woodmart_hide_small=\u00bb0&#8243; woodmart_hide_extra_small=\u00bb0&#8243;][\/vc_column][\/vc_row][vc_row][vc_column][vc_column_text] INSTRUCCIONES PARA LOS AUTORES Objetivos y alcance RIAGE es una revista interdisciplinar, revisada por\" \/>\n<meta property=\"og:url\" content=\"https:\/\/anges.pt\/es\/para-los-autores\/\" \/>\n<meta property=\"og:site_name\" content=\"Anges\" \/>\n<meta property=\"article:publisher\" content=\"https:\/\/www.facebook.com\/anges.pt\" \/>\n<meta property=\"article:modified_time\" content=\"2025-02-22T09:36:29+00:00\" \/>\n<meta name=\"twitter:card\" content=\"summary_large_image\" \/>\n<meta name=\"twitter:label1\" content=\"Tiempo de lectura\" \/>\n\t<meta name=\"twitter:data1\" content=\"8 minutos\" \/>\n<script type=\"application\/ld+json\" class=\"yoast-schema-graph\">{\"@context\":\"https:\/\/schema.org\",\"@graph\":[{\"@type\":\"WebPage\",\"@id\":\"https:\/\/anges.pt\/es\/para-los-autores\/\",\"url\":\"https:\/\/anges.pt\/es\/para-los-autores\/\",\"name\":\"Para los autores - Anges\",\"isPartOf\":{\"@id\":\"https:\/\/anges.pt\/es\/#website\"},\"datePublished\":\"2022-05-25T14:01:14+00:00\",\"dateModified\":\"2025-02-22T09:36:29+00:00\",\"breadcrumb\":{\"@id\":\"https:\/\/anges.pt\/es\/para-los-autores\/#breadcrumb\"},\"inLanguage\":\"es\",\"potentialAction\":[{\"@type\":\"ReadAction\",\"target\":[\"https:\/\/anges.pt\/es\/para-los-autores\/\"]}]},{\"@type\":\"BreadcrumbList\",\"@id\":\"https:\/\/anges.pt\/es\/para-los-autores\/#breadcrumb\",\"itemListElement\":[{\"@type\":\"ListItem\",\"position\":1,\"name\":\"In\u00edcio\",\"item\":\"https:\/\/anges.pt\/es\/inicio\/\"},{\"@type\":\"ListItem\",\"position\":2,\"name\":\"Para los autores\"}]},{\"@type\":\"WebSite\",\"@id\":\"https:\/\/anges.pt\/es\/#website\",\"url\":\"https:\/\/anges.pt\/es\/\",\"name\":\"Anges\",\"description\":\"Associa\u00e7\u00e3o Nacional de Gerontologia Social\",\"publisher\":{\"@id\":\"https:\/\/anges.pt\/es\/#organization\"},\"alternateName\":\"Associa\u00e7\u00e3o Nacional de Gerontologia Social\",\"potentialAction\":[{\"@type\":\"SearchAction\",\"target\":{\"@type\":\"EntryPoint\",\"urlTemplate\":\"https:\/\/anges.pt\/es\/?s={search_term_string}\"},\"query-input\":{\"@type\":\"PropertyValueSpecification\",\"valueRequired\":true,\"valueName\":\"search_term_string\"}}],\"inLanguage\":\"es\"},{\"@type\":\"Organization\",\"@id\":\"https:\/\/anges.pt\/es\/#organization\",\"name\":\"Anges\",\"alternateName\":\"Asociaci\u00f3n Nacional de Gerontolog\u00eda Social\",\"url\":\"https:\/\/anges.pt\/es\/\",\"logo\":{\"@type\":\"ImageObject\",\"inLanguage\":\"es\",\"@id\":\"https:\/\/anges.pt\/es\/#\/schema\/logo\/image\/\",\"url\":\"https:\/\/anges.pt\/wp-content\/uploads\/2024\/08\/Dimensoes-personalizadas-3x2-cm-4.jpeg\",\"contentUrl\":\"https:\/\/anges.pt\/wp-content\/uploads\/2024\/08\/Dimensoes-personalizadas-3x2-cm-4.jpeg\",\"width\":170,\"height\":114,\"caption\":\"Anges\"},\"image\":{\"@id\":\"https:\/\/anges.pt\/es\/#\/schema\/logo\/image\/\"},\"sameAs\":[\"https:\/\/www.facebook.com\/anges.pt\",\"https:\/\/www.instagram.com\/associacaoanges\/\"]}]}<\/script>\n<!-- \/ Yoast SEO Premium plugin. -->","yoast_head_json":{"title":"Para los autores - Anges","robots":{"index":"index","follow":"follow","max-snippet":"max-snippet:-1","max-image-preview":"max-image-preview:large","max-video-preview":"max-video-preview:-1"},"canonical":"https:\/\/anges.pt\/es\/para-los-autores\/","og_locale":"es_ES","og_type":"article","og_title":"Para los autores","og_description":"[vc_row][vc_column][vc_empty_space height=\u00bb40px\u00bb woodmart_hide_large=\u00bb0&#8243; woodmart_hide_medium=\u00bb0&#8243; woodmart_hide_small=\u00bb0&#8243; woodmart_hide_extra_small=\u00bb0&#8243;][\/vc_column][\/vc_row][vc_row][vc_column][vc_column_text] INSTRUCCIONES PARA LOS AUTORES Objetivos y alcance RIAGE es una revista interdisciplinar, revisada por","og_url":"https:\/\/anges.pt\/es\/para-los-autores\/","og_site_name":"Anges","article_publisher":"https:\/\/www.facebook.com\/anges.pt","article_modified_time":"2025-02-22T09:36:29+00:00","twitter_card":"summary_large_image","twitter_misc":{"Tiempo de lectura":"8 minutos"},"schema":{"@context":"https:\/\/schema.org","@graph":[{"@type":"WebPage","@id":"https:\/\/anges.pt\/es\/para-los-autores\/","url":"https:\/\/anges.pt\/es\/para-los-autores\/","name":"Para los autores - Anges","isPartOf":{"@id":"https:\/\/anges.pt\/es\/#website"},"datePublished":"2022-05-25T14:01:14+00:00","dateModified":"2025-02-22T09:36:29+00:00","breadcrumb":{"@id":"https:\/\/anges.pt\/es\/para-los-autores\/#breadcrumb"},"inLanguage":"es","potentialAction":[{"@type":"ReadAction","target":["https:\/\/anges.pt\/es\/para-los-autores\/"]}]},{"@type":"BreadcrumbList","@id":"https:\/\/anges.pt\/es\/para-los-autores\/#breadcrumb","itemListElement":[{"@type":"ListItem","position":1,"name":"In\u00edcio","item":"https:\/\/anges.pt\/es\/inicio\/"},{"@type":"ListItem","position":2,"name":"Para los autores"}]},{"@type":"WebSite","@id":"https:\/\/anges.pt\/es\/#website","url":"https:\/\/anges.pt\/es\/","name":"Anges","description":"Associa\u00e7\u00e3o Nacional de Gerontologia Social","publisher":{"@id":"https:\/\/anges.pt\/es\/#organization"},"alternateName":"Associa\u00e7\u00e3o Nacional de Gerontologia Social","potentialAction":[{"@type":"SearchAction","target":{"@type":"EntryPoint","urlTemplate":"https:\/\/anges.pt\/es\/?s={search_term_string}"},"query-input":{"@type":"PropertyValueSpecification","valueRequired":true,"valueName":"search_term_string"}}],"inLanguage":"es"},{"@type":"Organization","@id":"https:\/\/anges.pt\/es\/#organization","name":"Anges","alternateName":"Asociaci\u00f3n Nacional de Gerontolog\u00eda Social","url":"https:\/\/anges.pt\/es\/","logo":{"@type":"ImageObject","inLanguage":"es","@id":"https:\/\/anges.pt\/es\/#\/schema\/logo\/image\/","url":"https:\/\/anges.pt\/wp-content\/uploads\/2024\/08\/Dimensoes-personalizadas-3x2-cm-4.jpeg","contentUrl":"https:\/\/anges.pt\/wp-content\/uploads\/2024\/08\/Dimensoes-personalizadas-3x2-cm-4.jpeg","width":170,"height":114,"caption":"Anges"},"image":{"@id":"https:\/\/anges.pt\/es\/#\/schema\/logo\/image\/"},"sameAs":["https:\/\/www.facebook.com\/anges.pt","https:\/\/www.instagram.com\/associacaoanges\/"]}]}},"_links":{"self":[{"href":"https:\/\/anges.pt\/es\/wp-json\/wp\/v2\/pages\/13700","targetHints":{"allow":["GET"]}}],"collection":[{"href":"https:\/\/anges.pt\/es\/wp-json\/wp\/v2\/pages"}],"about":[{"href":"https:\/\/anges.pt\/es\/wp-json\/wp\/v2\/types\/page"}],"author":[{"embeddable":true,"href":"https:\/\/anges.pt\/es\/wp-json\/wp\/v2\/users\/1"}],"replies":[{"embeddable":true,"href":"https:\/\/anges.pt\/es\/wp-json\/wp\/v2\/comments?post=13700"}],"version-history":[{"count":1,"href":"https:\/\/anges.pt\/es\/wp-json\/wp\/v2\/pages\/13700\/revisions"}],"predecessor-version":[{"id":13701,"href":"https:\/\/anges.pt\/es\/wp-json\/wp\/v2\/pages\/13700\/revisions\/13701"}],"wp:attachment":[{"href":"https:\/\/anges.pt\/es\/wp-json\/wp\/v2\/media?parent=13700"}],"curies":[{"name":"wp","href":"https:\/\/api.w.org\/{rel}","templated":true}]}}