{"id":13696,"date":"2022-05-25T14:10:21","date_gmt":"2022-05-25T14:10:21","guid":{"rendered":"https:\/\/anges.pt\/la-revista\/"},"modified":"2025-02-22T09:36:28","modified_gmt":"2025-02-22T09:36:28","slug":"la-revista","status":"publish","type":"page","link":"https:\/\/anges.pt\/es\/la-revista\/","title":{"rendered":"La revista"},"content":{"rendered":"<div class=\"wpb-content-wrapper\"><p>[vc_row][vc_column][vc_empty_space height=\u00bb40px\u00bb woodmart_hide_large=\u00bb0&#8243; woodmart_hide_medium=\u00bb0&#8243; woodmart_hide_small=\u00bb0&#8243; woodmart_hide_extra_small=\u00bb0&#8243;][\/vc_column][\/vc_row][vc_row][vc_column][vc_single_image image=\u00bb3043&#8243; img_size=\u00bblarge\u00bb alignment=\u00bbcenter\u00bb onclick=\u00bbcustom_link\u00bb parallax_scroll=\u00bbno\u00bb woodmart_inline=\u00bbno\u00bb link=\u00bbhttps:\/\/isindexing.com\/isi\/journaldetails.php?id=16768&#8243;][\/vc_column][\/vc_row][vc_row][vc_column][vc_empty_space height=\u00bb40px\u00bb woodmart_hide_large=\u00bb0&#8243; woodmart_hide_medium=\u00bb0&#8243; woodmart_hide_small=\u00bb0&#8243; woodmart_hide_extra_small=\u00bb0&#8243;][\/vc_column][\/vc_row][vc_row][vc_column width=\u00bb1\/4&#8243;][vc_single_image image=\u00bb4258&#8243; img_size=\u00bbfull\u00bb alignment=\u00bbcenter\u00bb onclick=\u00bbcustom_link\u00bb parallax_scroll=\u00bbno\u00bb woodmart_inline=\u00bbno\u00bb link=\u00bbhttps:\/\/anges.pt\/wp-content\/uploads\/2023\/12\/RIAGE4-4.pdf\u00bb][\/vc_column][vc_column width=\u00bb1\/4&#8243;][vc_single_image image=\u00bb3396&#8243; img_size=\u00bbfull\u00bb alignment=\u00bbcenter\u00bb onclick=\u00bbcustom_link\u00bb parallax_scroll=\u00bbno\u00bb woodmart_inline=\u00bbno\u00bb link=\u00bbhttps:\/\/anges.pt\/wp-content\/uploads\/2023\/07\/RIAGE_3.pdf\u00bb][\/vc_column][vc_column width=\u00bb1\/4&#8243;][\/vc_column][vc_column width=\u00bb1\/4&#8243;][\/vc_column][\/vc_row][vc_row][vc_column][vc_empty_space height=\u00bb40px\u00bb woodmart_hide_large=\u00bb0&#8243; woodmart_hide_medium=\u00bb0&#8243; woodmart_hide_small=\u00bb0&#8243; woodmart_hide_extra_small=\u00bb0&#8243;][\/vc_column][\/vc_row][vc_row][vc_column width=\u00bb1\/4&#8243;][vc_single_image image=\u00bb2408&#8243; img_size=\u00bbfull\u00bb alignment=\u00bbcenter\u00bb onclick=\u00bbcustom_link\u00bb parallax_scroll=\u00bbno\u00bb woodmart_inline=\u00bbno\u00bb link=\u00bbhttps:\/\/anges.pt\/wp-content\/uploads\/2023\/01\/RIAGE2.pdf\u00bb][\/vc_column][vc_column width=\u00bb1\/4&#8243;][vc_single_image image=\u00bb1597&#8243; img_size=\u00bbfull\u00bb onclick=\u00bbcustom_link\u00bb parallax_scroll=\u00bbno\u00bb woodmart_inline=\u00bbno\u00bb link=\u00bbhttps:\/\/anges.pt\/wp-content\/uploads\/2022\/07\/RIAGE1.pdf\u00bb][\/vc_column][vc_column width=\u00bb1\/4&#8243;][vc_single_image image=\u00bb1603&#8243; img_size=\u00bbfull\u00bb onclick=\u00bbcustom_link\u00bb parallax_scroll=\u00bbno\u00bb woodmart_inline=\u00bbno\u00bb link=\u00bbhttps:\/\/anges.pt\/wp-content\/uploads\/2022\/07\/RIAG2.pdf\u00bb][\/vc_column][vc_column width=\u00bb1\/4&#8243;][vc_single_image image=\u00bb1608&#8243; img_size=\u00bbfull\u00bb onclick=\u00bbcustom_link\u00bb parallax_scroll=\u00bbno\u00bb woodmart_inline=\u00bbno\u00bb link=\u00bbhttps:\/\/anges.pt\/wp-content\/uploads\/2022\/07\/RIAG.pdf\u00bb][\/vc_column][\/vc_row][vc_row][vc_column][vc_empty_space height=\u00bb40px\u00bb woodmart_hide_large=\u00bb0&#8243; woodmart_hide_medium=\u00bb0&#8243; woodmart_hide_small=\u00bb0&#8243; woodmart_hide_extra_small=\u00bb0&#8243;][vc_column_text woodmart_inline=\u00bbno\u00bb text_larger=\u00bbno\u00bb]<\/p>\n<h2 style=\"text-align: center;\"><span style=\"color: #ff9900;\">Gesti\u00f3n<\/span><\/h2>\n<p><span style=\"color: #ff9900;\"><strong>Director <\/strong><\/span>- Ricardo Filipe da Silva Pocinho | Portugal<br \/>\n<span style=\"color: #ff9900;\"><strong>Directora Adjunta <\/strong><\/span>- Maria Arl\u00e9n Gonz\u00e1lez Murillo | Costa Rica<br \/>\n<span style=\"color: #ff9900;\"><strong>Directora Adjunta <\/strong><\/span>- Lisa Val\u00e9ria Vieira Torres | Brasil<br \/>\n<span style=\"color: #ff9900;\"><strong>Editor <\/strong><\/span>- Margarita In\u00e9s Cigar\u00e1n M\u00e9ndez | Espa\u00f1a<\/p>\n<p><span style=\"color: #ff9900;\">Sede Editorial -<\/span> Avenida de Atenas, s\/n, 28922 Alcorc\u00f3n, Madrid, Espa\u00f1a<\/p>\n<h2 style=\"text-align: center;\"><span style=\"color: #ff9900;\">Consejo editorial<\/span><\/h2>\n<p><strong><span style=\"color: #ff9900;\">Alberto Ortiz L\u00f3pez<\/span><\/strong> - Universidad de Salamanca | Espa\u00f1a<\/p>\n<p><span style=\"color: #ff9900;\"><strong>Ana Elza Oliveira de Mendon\u00e7a<\/strong><\/span> - Universidade do Rio Grande do Norte I Brasil<\/p>\n<p><strong><span style=\"color: #ff9900;\">Ana F\u00e1tima Pereira<\/span><\/strong> - Instituto Polit\u00e9cnico de Set\u00fabal | Portugal<\/p>\n<p><strong><span style=\"color: #ff9900;\">Ana Maria Vieira<\/span><\/strong> - Instituto Polit\u00e9cnico de Leiria | Portugal<\/p>\n<p><strong><span style=\"color: #ff9900;\">Ana T\u00e2nia Lopes Sampaio<\/span><\/strong> - Universidade do Rio Grande do Norte I Brasil<\/p>\n<p><strong><span style=\"color: #ff9900;\">Bruno Trindade<\/span><\/strong> - ANGES | Portugal<\/p>\n<p><strong><span style=\"color: #ff9900;\">Carla Dam\u00e1sio<\/span><\/strong> - CiTechCare, Instituto Polit\u00e9cnico de Leiria | Portugal<\/p>\n<p><strong><span style=\"color: #ff9900;\">Carla Ribeirinho<\/span><\/strong> - ISCSP - Universidad de Lisboa | Portugal<\/p>\n<p><strong><span style=\"color: #ff9900;\">Carlos Alberto da Cruz Sequeira<\/span><\/strong> - Escuela de Enfermer\u00eda de Oporto | Portugal<\/p>\n<p><strong><span style=\"color: #ff9900;\">Carmelo Sergio G\u00f3mez Mart\u00ednez <\/span><\/strong><span style=\"color: #ff9900;\"><span style=\"color: #000000;\">-<\/span><\/span> Universidad Cat\u00f3lica de Murcia | Espa\u00f1a<\/p>\n<p><strong><span style=\"color: #ff9900;\">C\u00e9lia Soares<\/span><\/strong> - Instituto Polit\u00e9cnico de Set\u00fabal | Portugal<\/p>\n<p><strong><span style=\"color: #ff9900;\">Claudia Ram\u00edrez - <\/span><\/strong><span style=\"color: #ff9900;\"><span style=\"color: #000000;\">Universidad Aut\u00f3noma de Tlaxcala | M\u00e9xico<\/span><\/span><\/p>\n<p><strong><span style=\"color: #ff9900;\">Cristina Calero<\/span><\/strong> - Universidad Rey Juan Carlos | Espa\u00f1a<\/p>\n<p><strong><span style=\"color: #ff9900;\">Cristina Cruz<\/span><\/strong> - Fundaci\u00f3n ADFP | Portugal<\/p>\n<p><strong><span style=\"color: #ff9900;\">Cristov\u00e3o Margarido<\/span><\/strong> - Instituto Polit\u00e9cnico de Leiria | Portugal<\/p>\n<p><strong><span style=\"color: #ff9900;\">Flam\u00ednia Lodovici<\/span><\/strong> - Pontificia Universidad Cat\u00f3lica de S\u00e3o Paulo | Brasil<\/p>\n<p><strong><span style=\"color: #ff9900;\">Gabriel Rodr\u00edguez<\/span><\/strong> - Hospital Calder\u00f3n Guardia | Costa Rica<\/p>\n<p><span style=\"color: #ff9900;\"><strong>Gilson de Vasconcelos Torres<\/strong><\/span> - Universidad Federal de Rio Grande do Norte | Brasil<\/p>\n<p><strong><span style=\"color: #ff9900;\">Herlita Del Castillo<\/span><\/strong> - Bienestar y Mente Clinic| Per\u00fa<\/p>\n<p><strong><span style=\"color: #ff9900;\">Jos\u00e9 Carlos Marques<\/span><\/strong> - Instituto Polit\u00e9cnico de Leiria | Portugal<\/p>\n<p><strong><span style=\"color: #ff9900;\">Jos\u00e9 Manuel Azcona<\/span><\/strong> - Universidad Rey Juan Carlos | Espa\u00f1a<\/p>\n<p><strong><span style=\"color: #ff9900;\">Juan Jos\u00e9 Fern\u00e1ndez Mu\u00f1oz<\/span><\/strong> - Universidad Rey Juan Carlos | Espa\u00f1a<\/p>\n<p><strong><span style=\"color: #ff9900;\">Juan Manuel Garc\u00eda Gonz\u00e1lez<\/span><\/strong> - Universidad Pablo de Olavide | Espa\u00f1a<\/p>\n<p><span style=\"color: #ff9900;\"><b>Luis Alberto Aguilar Cuevas<\/b><\/span> - Universidad Peruana Los Andes | Per\u00fa<\/p>\n<p><span style=\"color: #ff9900;\"><strong>Leticia Rocha Machado<\/strong><\/span> - Universidad Federal de Rio Grande do Sul | Brasil<\/p>\n<p><strong><span style=\"color: #ff9900;\">Maria Cristina Faria<\/span><\/strong> - Instituto Polit\u00e9cnico de Beja | Portugal<\/p>\n<p><strong><span style=\"color: #ff9900;\">Maria Irene Carvalho<\/span><\/strong> - ISCSP - Universidad de Lisboa | Portugal<\/p>\n<p><strong><span style=\"color: #ff9900;\">Marisa Jos\u00e9 Roriz Leiras Ferreira<\/span><\/strong> - Instituto Polit\u00e9cnico de Oporto | Portugal<\/p>\n<p><strong><span style=\"color: #ff9900;\">M\u00f3nica Le\u00e3o<\/span><\/strong> - Instituto Polit\u00e9cnico de Leiria | Portugal<\/p>\n<p><strong><span style=\"color: #ff9900;\">Nanci Soares<\/span><\/strong> - Universidad Estatal Paulista | Brasil<\/p>\n<p><strong><span style=\"color: #ff9900;\">Pedro Belo<\/span><\/strong> - Instituto Polit\u00e9cnico de Set\u00fabal | Portugal<\/p>\n<p><strong><span style=\"color: #ff9900;\">Pedro Morou\u00e7o<\/span><\/strong> - Instituto Polit\u00e9cnico de Leiria | Portugal<\/p>\n<p><strong><span style=\"color: #ff9900;\">Raul Antunes<\/span><\/strong> - Instituto Polit\u00e9cnico de Leiria | Portugal<\/p>\n<p><strong><span style=\"color: #ff9900;\">Ricardo Iacub<\/span><\/strong> - UBA y UMSA- Universidad del Museo Social | Argentina<\/p>\n<p><strong><span style=\"color: #ff9900;\">Ricardo Vieira<\/span><\/strong> - Instituto Polit\u00e9cnico de Leiria | Portugal<\/p>\n<p><strong><span style=\"color: #ff9900;\">Rui Santos<\/span><\/strong> - Instituto Polit\u00e9cnico de Leiria | Portugal<\/p>\n<p><strong><span style=\"color: #ff9900;\">Susana Cust\u00f3dio<\/span><\/strong> - Instituto Polit\u00e9cnico de Leiria | Portugal<\/p>\n<p><strong><span style=\"color: #ff9900;\">Susana Olmos Miguel\u00e1\u00f1ez<\/span><\/strong> - Universidad de Salamanca | Espa\u00f1a<\/p>\n<p><strong><span style=\"color: #ff9900;\">T\u00e1ssia Priscila Fagundes Grande<\/span><\/strong> - Universidad Federal de Rio Grande do Sul | Brasil<\/p>\n<p><strong><span style=\"color: #ff9900;\">Thaiza Teixeira Xavier Nobre<\/span><\/strong> - Universidad Federal de Rio Grande do Norte | Brasil<\/p>\n<p><strong><span style=\"color: #ff9900;\">Vilani Medeiros de Ara\u00fajo Nunes<\/span><\/strong> - Universidad Federal de Rio Grande do Norte | Brasil<\/p>\n<h2 style=\"text-align: center;\"><span style=\"color: #ff9900;\">Equipo t\u00e9cnico<\/span><\/h2>\n<p>Coordinadora Ejecutiva <span style=\"color: #ff9900;\"><strong>S\u00edlvia Silva<\/strong><\/span>- ANGES | Portugal <\/p>\n<p>Coordinaci\u00f3n de Contenidos - <span style=\"color: #ff9900;\"><strong>Sara Gordo<\/strong><\/span> - ANGES | Portugal<\/p>\n<p><strong><span style=\"color: #ff9900;\">Ana Salom\u00e9<\/span><\/strong> - Universidad de Salamanca | Espa\u00f1a<\/p>\n<p><strong><span style=\"color: #ff9900;\">Bibiana Pedrosa<\/span><\/strong> - Universidad de Salamanca | Espa\u00f1a<\/p>\n<p><strong><span style=\"color: #ff9900;\">Lu\u00eds Pato<\/span><\/strong> - Universidad de Salamanca | Espa\u00f1a~<\/p>\n<p><strong><span style=\"color: #ff9900;\">Lu\u00eds Vicente<\/span><\/strong> - Universidad de Salamanca | Espa\u00f1a<\/p>\n<p><strong><span style=\"color: #ff9900;\">Milene Abreu<\/span><\/strong> - ANGES | Portugal<\/p>\n<p><strong><span style=\"color: #ff9900;\">Norberto D\u00edaz V\u00e1squez <\/span><\/strong>- Universidad Peruana Los Andes | Per\u00fa<\/p>\n<p><strong><span style=\"color: #ff9900;\">S\u00f3nia Pereira<\/span><\/strong> - Universidad de Salamanca | Espa\u00f1a<\/p>\n<p><strong><span style=\"color: #ff9900;\">T\u00e2nia Cardoso<\/span><\/strong> - ANGES | Portugal<\/p>\n<p><strong><span style=\"color: #ff9900;\">Vanessa P\u00f3voa<\/span><\/strong> - Universidad de Salamanca | Espa\u00f1a<\/p>\n<h4><span style=\"color: #ff9900;\">SEDE Y REGISTRO<\/span><\/h4>\n<p>Avenida de Atenas, s\/n, 28922 Alcorc\u00f3n, Madrid, Espa\u00f1a<br \/>\nRegistrado en la Autoridad Reguladora de los Medios de Comunicaci\u00f3n: n\u00ba 127802 - 8 de marzo de 2022<br \/>\nPropiedad de Associa\u00e7\u00e3o Nacional de Gerontologia Social (ANGES): NIPC 510347029<br \/>\nISSN - 2795-5559 - Periodicidad Semestral | formato online<\/p>\n<h4><span style=\"color: #ff9900;\">ESTATUTOS EDITORIALES<\/span><\/h4>\n<p>RIAGE - Revista Iberoamericana de Gerontolog\u00eda se publicar\u00e1 regularmente cada seis meses.<\/p>\n<ul>\n<li>  Est\u00e1 sujeta a criterios de indexaci\u00f3n y revisi\u00f3n por pares.<\/li>\n<li>  Se gestionar\u00e1 \u00edntegramente en una plataforma digital en l\u00ednea y estar\u00e1 dirigida por un Consejo de Administraci\u00f3n, un Consejo Editorial y un Equipo T\u00e9cnico.<\/li>\n<li>La presentaci\u00f3n de manuscritos se regir\u00e1 por las condiciones de admisi\u00f3n y se ajustar\u00e1 a las normas de publicaci\u00f3n que se dar\u00e1n a conocer a los autores en su sitio web.<\/li>\n<li>Desde el punto de vista de los derechos de autor, se respetar\u00e1n escrupulosamente las disposiciones legales vigentes.<\/li>\n<\/ul>\n<p>&nbsp;<\/p>\n<h4><span style=\"color: #ff9900;\">SINOPSIS<\/span><\/h4>\n<p>RIAGE - Revista Ibero-Americana de Gerontologia es una revista abierta a la colaboraci\u00f3n de investigadores y especialistas nacionales e internacionales en el campo de estudio y trabajo de las Organizaciones Sociales, Respuestas Sociales, Sociedad y Envejecimiento.<\/p>\n<p>Su estrategia editorial y su misi\u00f3n pretenden contribuir al debate de ideas, investigaciones y experiencias en estos campos de actuaci\u00f3n e investigaci\u00f3n, promoviendo un di\u00e1logo abierto con \u00e1reas de conocimiento afines como la antropolog\u00eda, la ciencia pol\u00edtica, la filosof\u00eda, la historia, la psicolog\u00eda, la sociolog\u00eda, el trabajo social, la educaci\u00f3n, las ciencias de la salud y<br \/>\nlas nuevas tecnolog\u00edas.<\/p>\n<p>RIAGE favorecer\u00e1 enfoques interdisciplinares que promuevan la multiculturalidad del mundo iberoamericano en este \u00e1mbito de conocimiento e intervenci\u00f3n, y ser\u00e1 una plataforma para la publicaci\u00f3n y el desarrollo de proyectos cient\u00edficos y sociales.[\/vc_column_text][\/vc_column][\/vc_row]<\/p>\n<\/div>","protected":false},"excerpt":{"rendered":"<p>[vc_row][vc_column][vc_empty_space height=\u00bb40px\u00bb woodmart_hide_large=\u00bb0&#8243; woodmart_hide_medium=\u00bb0&#8243; woodmart_hide_small=\u00bb0&#8243; woodmart_hide_extra_small=\u00bb0&#8243;][\/vc_column][\/vc_row][vc_row][vc_column][vc_single_image image=\u00bb3043&#8243; img_size=\u00bblarge\u00bb alignment=\u00bbcenter\u00bb onclick=\u00bbcustom_link\u00bb parallax_scroll=\u00bbno\u00bb woodmart_inline=\u00bbno\u00bb link=\u00bbhttps:\/\/isindexing.com\/isi\/journaldetails.php?id=16768&#8243;][\/vc_column][\/vc_row][vc_row][vc_column][vc_empty_space height=\u00bb40px\u00bb woodmart_hide_large=\u00bb0&#8243; woodmart_hide_medium=\u00bb0&#8243; woodmart_hide_small=\u00bb0&#8243; woodmart_hide_extra_small=\u00bb0&#8243;][\/vc_column][\/vc_row][vc_row][vc_column width=\u00bb1\/4&#8243;][vc_single_image image=\u00bb4258&#8243;<\/p>\n","protected":false},"author":1,"featured_media":0,"parent":0,"menu_order":0,"comment_status":"closed","ping_status":"closed","template":"","meta":{"footnotes":""},"class_list":["post-13696","page","type-page","status-publish","hentry"],"yoast_head":"<!-- This site is optimized with the Yoast SEO Premium plugin v27.5 (Yoast SEO v27.5) - https:\/\/yoast.com\/product\/yoast-seo-premium-wordpress\/ -->\n<title>La revista - Anges<\/title>\n<meta name=\"robots\" content=\"index, follow, max-snippet:-1, max-image-preview:large, max-video-preview:-1\" \/>\n<link rel=\"canonical\" href=\"https:\/\/anges.pt\/es\/la-revista\/\" \/>\n<meta property=\"og:locale\" content=\"es_ES\" \/>\n<meta property=\"og:type\" content=\"article\" \/>\n<meta property=\"og:title\" content=\"La revista\" \/>\n<meta property=\"og:description\" content=\"[vc_row][vc_column][vc_empty_space height=\u00bb40px\u00bb woodmart_hide_large=\u00bb0&#8243; woodmart_hide_medium=\u00bb0&#8243; woodmart_hide_small=\u00bb0&#8243; woodmart_hide_extra_small=\u00bb0&#8243;][\/vc_column][\/vc_row][vc_row][vc_column][vc_single_image image=\u00bb3043&#8243; img_size=\u00bblarge\u00bb alignment=\u00bbcenter\u00bb onclick=\u00bbcustom_link\u00bb parallax_scroll=\u00bbno\u00bb woodmart_inline=\u00bbno\u00bb link=\u00bbhttps:\/\/isindexing.com\/isi\/journaldetails.php?id=16768&#8243;][\/vc_column][\/vc_row][vc_row][vc_column][vc_empty_space height=\u00bb40px\u00bb woodmart_hide_large=\u00bb0&#8243; woodmart_hide_medium=\u00bb0&#8243; woodmart_hide_small=\u00bb0&#8243; woodmart_hide_extra_small=\u00bb0&#8243;][\/vc_column][\/vc_row][vc_row][vc_column width=\u00bb1\/4&#8243;][vc_single_image image=\u00bb4258&#8243;\" \/>\n<meta property=\"og:url\" content=\"https:\/\/anges.pt\/es\/la-revista\/\" \/>\n<meta property=\"og:site_name\" content=\"Anges\" \/>\n<meta property=\"article:publisher\" content=\"https:\/\/www.facebook.com\/anges.pt\" \/>\n<meta property=\"article:modified_time\" content=\"2025-02-22T09:36:28+00:00\" \/>\n<meta name=\"twitter:card\" content=\"summary_large_image\" \/>\n<meta name=\"twitter:label1\" content=\"Tiempo de lectura\" \/>\n\t<meta name=\"twitter:data1\" content=\"6 minutos\" \/>\n<script type=\"application\/ld+json\" class=\"yoast-schema-graph\">{\"@context\":\"https:\\\/\\\/schema.org\",\"@graph\":[{\"@type\":\"WebPage\",\"@id\":\"https:\\\/\\\/anges.pt\\\/es\\\/la-revista\\\/\",\"url\":\"https:\\\/\\\/anges.pt\\\/es\\\/la-revista\\\/\",\"name\":\"La revista - Anges\",\"isPartOf\":{\"@id\":\"https:\\\/\\\/anges.pt\\\/es\\\/#website\"},\"datePublished\":\"2022-05-25T14:10:21+00:00\",\"dateModified\":\"2025-02-22T09:36:28+00:00\",\"breadcrumb\":{\"@id\":\"https:\\\/\\\/anges.pt\\\/es\\\/la-revista\\\/#breadcrumb\"},\"inLanguage\":\"es\",\"potentialAction\":[{\"@type\":\"ReadAction\",\"target\":[\"https:\\\/\\\/anges.pt\\\/es\\\/la-revista\\\/\"]}]},{\"@type\":\"BreadcrumbList\",\"@id\":\"https:\\\/\\\/anges.pt\\\/es\\\/la-revista\\\/#breadcrumb\",\"itemListElement\":[{\"@type\":\"ListItem\",\"position\":1,\"name\":\"In\u00edcio\",\"item\":\"https:\\\/\\\/anges.pt\\\/es\\\/inicio\\\/\"},{\"@type\":\"ListItem\",\"position\":2,\"name\":\"La revista\"}]},{\"@type\":\"WebSite\",\"@id\":\"https:\\\/\\\/anges.pt\\\/es\\\/#website\",\"url\":\"https:\\\/\\\/anges.pt\\\/es\\\/\",\"name\":\"Anges\",\"description\":\"Associa\u00e7\u00e3o Nacional de Gerontologia Social\",\"publisher\":{\"@id\":\"https:\\\/\\\/anges.pt\\\/es\\\/#organization\"},\"alternateName\":\"Associa\u00e7\u00e3o Nacional de Gerontologia Social\",\"potentialAction\":[{\"@type\":\"SearchAction\",\"target\":{\"@type\":\"EntryPoint\",\"urlTemplate\":\"https:\\\/\\\/anges.pt\\\/es\\\/?s={search_term_string}\"},\"query-input\":{\"@type\":\"PropertyValueSpecification\",\"valueRequired\":true,\"valueName\":\"search_term_string\"}}],\"inLanguage\":\"es\"},{\"@type\":\"Organization\",\"@id\":\"https:\\\/\\\/anges.pt\\\/es\\\/#organization\",\"name\":\"Anges\",\"alternateName\":\"Asociaci\u00f3n Nacional de Gerontolog\u00eda Social\",\"url\":\"https:\\\/\\\/anges.pt\\\/es\\\/\",\"logo\":{\"@type\":\"ImageObject\",\"inLanguage\":\"es\",\"@id\":\"https:\\\/\\\/anges.pt\\\/es\\\/#\\\/schema\\\/logo\\\/image\\\/\",\"url\":\"https:\\\/\\\/anges.pt\\\/wp-content\\\/uploads\\\/2024\\\/08\\\/Dimensoes-personalizadas-3x2-cm-4.jpeg\",\"contentUrl\":\"https:\\\/\\\/anges.pt\\\/wp-content\\\/uploads\\\/2024\\\/08\\\/Dimensoes-personalizadas-3x2-cm-4.jpeg\",\"width\":170,\"height\":114,\"caption\":\"Anges\"},\"image\":{\"@id\":\"https:\\\/\\\/anges.pt\\\/es\\\/#\\\/schema\\\/logo\\\/image\\\/\"},\"sameAs\":[\"https:\\\/\\\/www.facebook.com\\\/anges.pt\",\"https:\\\/\\\/www.instagram.com\\\/associacaoanges\\\/\"]}]}<\/script>\n<!-- \/ Yoast SEO Premium plugin. -->","yoast_head_json":{"title":"La revista - Anges","robots":{"index":"index","follow":"follow","max-snippet":"max-snippet:-1","max-image-preview":"max-image-preview:large","max-video-preview":"max-video-preview:-1"},"canonical":"https:\/\/anges.pt\/es\/la-revista\/","og_locale":"es_ES","og_type":"article","og_title":"La revista","og_description":"[vc_row][vc_column][vc_empty_space height=\u00bb40px\u00bb woodmart_hide_large=\u00bb0&#8243; woodmart_hide_medium=\u00bb0&#8243; woodmart_hide_small=\u00bb0&#8243; woodmart_hide_extra_small=\u00bb0&#8243;][\/vc_column][\/vc_row][vc_row][vc_column][vc_single_image image=\u00bb3043&#8243; img_size=\u00bblarge\u00bb alignment=\u00bbcenter\u00bb onclick=\u00bbcustom_link\u00bb parallax_scroll=\u00bbno\u00bb woodmart_inline=\u00bbno\u00bb link=\u00bbhttps:\/\/isindexing.com\/isi\/journaldetails.php?id=16768&#8243;][\/vc_column][\/vc_row][vc_row][vc_column][vc_empty_space height=\u00bb40px\u00bb woodmart_hide_large=\u00bb0&#8243; woodmart_hide_medium=\u00bb0&#8243; woodmart_hide_small=\u00bb0&#8243; woodmart_hide_extra_small=\u00bb0&#8243;][\/vc_column][\/vc_row][vc_row][vc_column width=\u00bb1\/4&#8243;][vc_single_image image=\u00bb4258&#8243;","og_url":"https:\/\/anges.pt\/es\/la-revista\/","og_site_name":"Anges","article_publisher":"https:\/\/www.facebook.com\/anges.pt","article_modified_time":"2025-02-22T09:36:28+00:00","twitter_card":"summary_large_image","twitter_misc":{"Tiempo de lectura":"6 minutos"},"schema":{"@context":"https:\/\/schema.org","@graph":[{"@type":"WebPage","@id":"https:\/\/anges.pt\/es\/la-revista\/","url":"https:\/\/anges.pt\/es\/la-revista\/","name":"La revista - Anges","isPartOf":{"@id":"https:\/\/anges.pt\/es\/#website"},"datePublished":"2022-05-25T14:10:21+00:00","dateModified":"2025-02-22T09:36:28+00:00","breadcrumb":{"@id":"https:\/\/anges.pt\/es\/la-revista\/#breadcrumb"},"inLanguage":"es","potentialAction":[{"@type":"ReadAction","target":["https:\/\/anges.pt\/es\/la-revista\/"]}]},{"@type":"BreadcrumbList","@id":"https:\/\/anges.pt\/es\/la-revista\/#breadcrumb","itemListElement":[{"@type":"ListItem","position":1,"name":"In\u00edcio","item":"https:\/\/anges.pt\/es\/inicio\/"},{"@type":"ListItem","position":2,"name":"La revista"}]},{"@type":"WebSite","@id":"https:\/\/anges.pt\/es\/#website","url":"https:\/\/anges.pt\/es\/","name":"Anges","description":"Associa\u00e7\u00e3o Nacional de Gerontologia Social","publisher":{"@id":"https:\/\/anges.pt\/es\/#organization"},"alternateName":"Associa\u00e7\u00e3o Nacional de Gerontologia Social","potentialAction":[{"@type":"SearchAction","target":{"@type":"EntryPoint","urlTemplate":"https:\/\/anges.pt\/es\/?s={search_term_string}"},"query-input":{"@type":"PropertyValueSpecification","valueRequired":true,"valueName":"search_term_string"}}],"inLanguage":"es"},{"@type":"Organization","@id":"https:\/\/anges.pt\/es\/#organization","name":"Anges","alternateName":"Asociaci\u00f3n Nacional de Gerontolog\u00eda Social","url":"https:\/\/anges.pt\/es\/","logo":{"@type":"ImageObject","inLanguage":"es","@id":"https:\/\/anges.pt\/es\/#\/schema\/logo\/image\/","url":"https:\/\/anges.pt\/wp-content\/uploads\/2024\/08\/Dimensoes-personalizadas-3x2-cm-4.jpeg","contentUrl":"https:\/\/anges.pt\/wp-content\/uploads\/2024\/08\/Dimensoes-personalizadas-3x2-cm-4.jpeg","width":170,"height":114,"caption":"Anges"},"image":{"@id":"https:\/\/anges.pt\/es\/#\/schema\/logo\/image\/"},"sameAs":["https:\/\/www.facebook.com\/anges.pt","https:\/\/www.instagram.com\/associacaoanges\/"]}]}},"_links":{"self":[{"href":"https:\/\/anges.pt\/es\/wp-json\/wp\/v2\/pages\/13696","targetHints":{"allow":["GET"]}}],"collection":[{"href":"https:\/\/anges.pt\/es\/wp-json\/wp\/v2\/pages"}],"about":[{"href":"https:\/\/anges.pt\/es\/wp-json\/wp\/v2\/types\/page"}],"author":[{"embeddable":true,"href":"https:\/\/anges.pt\/es\/wp-json\/wp\/v2\/users\/1"}],"replies":[{"embeddable":true,"href":"https:\/\/anges.pt\/es\/wp-json\/wp\/v2\/comments?post=13696"}],"version-history":[{"count":1,"href":"https:\/\/anges.pt\/es\/wp-json\/wp\/v2\/pages\/13696\/revisions"}],"predecessor-version":[{"id":13697,"href":"https:\/\/anges.pt\/es\/wp-json\/wp\/v2\/pages\/13696\/revisions\/13697"}],"wp:attachment":[{"href":"https:\/\/anges.pt\/es\/wp-json\/wp\/v2\/media?parent=13696"}],"curies":[{"name":"wp","href":"https:\/\/api.w.org\/{rel}","templated":true}]}}