{"id":13630,"date":"2022-03-25T14:13:52","date_gmt":"2022-03-25T14:13:52","guid":{"rendered":"https:\/\/anges.pt\/politica-de-privacidad\/"},"modified":"2022-03-25T14:13:52","modified_gmt":"2022-03-25T14:13:52","slug":"politica-de-privacidad","status":"publish","type":"page","link":"https:\/\/anges.pt\/es\/politica-de-privacidad\/","title":{"rendered":"Pol\u00edtica de privacidad"},"content":{"rendered":"<h2><\/h2>\n<p>&nbsp;<\/p>\n<p>Tu privacidad es importante para nosotros. La pol\u00edtica de Anges es respetar tu privacidad con respecto a cualquier informaci\u00f3n que podamos recopilar de ti a trav\u00e9s de nuestro sitio web, Anges, y otros sitios que poseemos y gestionamos. <\/p>\n<p>S\u00f3lo solicitamos informaci\u00f3n personal cuando realmente la necesitamos para prestarte un servicio. Lo hacemos por medios justos y legales, con tu conocimiento y consentimiento. Tambi\u00e9n te decimos por qu\u00e9 la recogemos y c\u00f3mo se utilizar\u00e1.  <\/p>\n<p>S\u00f3lo conservamos la informaci\u00f3n recopilada durante el tiempo necesario para prestar el servicio solicitado. Cuando almacenamos datos, los protegemos con medios comercialmente aceptables para evitar p\u00e9rdidas y robos, as\u00ed como el acceso, la divulgaci\u00f3n, la copia, el uso o la modificaci\u00f3n no autorizados. <\/p>\n<p>No compartimos informaci\u00f3n personal identificable p\u00fablicamente ni con terceros, excepto cuando lo exige la ley.<\/p>\n<p>Nuestro sitio web puede contener enlaces a sitios web externos no gestionados por nosotros. Ten en cuenta que no tenemos control sobre el contenido y las pr\u00e1cticas de estos sitios y no podemos aceptar responsabilidad alguna por sus respectivas pol\u00edticas de privacidad. <\/p>\n<p>Eres libre de rechazar nuestra solicitud de informaci\u00f3n personal, entendiendo que es posible que no podamos prestarte algunos de los servicios que necesitas.<\/p>\n<p>Tu uso continuado de nuestro sitio web se considerar\u00e1 una aceptaci\u00f3n de nuestras pr\u00e1cticas en torno al Aviso de privacidad y la informaci\u00f3n personal. Si tienes alguna pregunta sobre c\u00f3mo tratamos los datos de los usuarios y la informaci\u00f3n personal, ponte en contacto con nosotros. <\/p>\n<p>&nbsp;<\/p>\n<h2>Pol\u00edtica de cookies de Anges<\/h2>\n<h3>\u00bfQu\u00e9 son las cookies?<\/h3>\n<p>Como es pr\u00e1ctica habitual en casi todos los sitios web profesionales, este sitio utiliza cookies, que son peque\u00f1os archivos que se descargan en tu ordenador, para mejorar tu experiencia. Esta p\u00e1gina describe qu\u00e9 informaci\u00f3n recogen, c\u00f3mo la utilizamos y por qu\u00e9 a veces necesitamos almacenar estas cookies. Tambi\u00e9n te explicaremos c\u00f3mo puedes evitar que se almacenen estas cookies, aunque esto puede degradar o \u00abromper\u00bb ciertos elementos de la funcionalidad del sitio.  <\/p>\n<p>&nbsp;<\/p>\n<h3>\u00bfC\u00f3mo utilizamos las cookies?<\/h3>\n<p>Utilizamos cookies por varias razones, detalladas a continuaci\u00f3n. Lamentablemente, en la mayor\u00eda de los casos, no existen opciones est\u00e1ndar en la industria para desactivar las cookies sin inhabilitar por completo la funcionalidad y las caracter\u00edsticas que a\u00f1aden a este sitio web. Se recomienda que abandones todas las cookies si no est\u00e1s seguro de si las necesitas o no, en caso de que se utilicen para prestar un servicio que utilizas.  <\/p>\n<p>&nbsp;<\/p>\n<h3>Desactivar las cookies<\/h3>\n<p>Puedes impedir la instalaci\u00f3n de cookies ajustando la configuraci\u00f3n de tu navegador (consulta la Ayuda de tu navegador para saber c\u00f3mo hacerlo). Ten en cuenta que deshabilitar las cookies afectar\u00e1 a la funcionalidad de \u00e9ste y de muchos otros sitios web que visites. Deshabilitar las cookies generalmente conllevar\u00e1 la desactivaci\u00f3n de ciertas funcionalidades y caracter\u00edsticas de este sitio web. Por lo tanto, se recomienda que no desactives las cookies.   <\/p>\n<p>&nbsp;<\/p>\n<h3>Cookies que instalamos<\/h3>\n<ul>\n<li>Cookies relacionadas con la cuentaSi creas una cuenta con nosotros, utilizaremos cookies para la gesti\u00f3n del proceso de inscripci\u00f3n y la administraci\u00f3n general. Estas cookies se eliminar\u00e1n normalmente cuando cierres la sesi\u00f3n, pero en algunos casos pueden permanecer despu\u00e9s para recordar tus preferencias en el sitio web cuando te vayas. <\/li>\n<li>Cookies relacionadas con el inicio de sesi\u00f3nUtilizamos cookies cuando inicias sesi\u00f3n para que podamos recordar esta acci\u00f3n. Esto evita que tengas que iniciar sesi\u00f3n cada vez que visitas una p\u00e1gina nueva. Estas cookies suelen eliminarse o borrarse cuando cierras la sesi\u00f3n para garantizar que s\u00f3lo puedas acceder a las funciones y \u00e1reas restringidas cuando inicies la sesi\u00f3n.  <\/li>\n<li>Cookies relacionadas con boletines por correo electr\u00f3nicoEste sitio ofrece servicios de bolet\u00edn o suscripci\u00f3n por correo electr\u00f3nico y se pueden utilizar cookies para recordar si ya est\u00e1s registrado y para mostrar ciertas notificaciones v\u00e1lidas s\u00f3lo para usuarios suscritos\/no suscritos.<\/li>\n<li>Cookies relacionadas con el procesamiento de pedidosEste sitio web ofrece facilidades de comercio electr\u00f3nico o de pago y algunas cookies son esenciales para garantizar que tu pedido se recuerde entre p\u00e1ginas para que podamos procesarlo adecuadamente.<\/li>\n<li>Cookies relacionadas con encuestasPeri\u00f3dicamente ofrecemos encuestas y cuestionarios para proporcionar informaci\u00f3n interesante, herramientas \u00fatiles o para comprender mejor a nuestra base de usuarios. Estas encuestas pueden utilizar cookies para recordar qui\u00e9n ha participado ya en una encuesta o para proporcionar resultados precisos despu\u00e9s de cambiar de p\u00e1gina. <\/li>\n<li>Cookies relacionadas con formulariosCuando env\u00edas datos a trav\u00e9s de un formulario, como los que se encuentran en las p\u00e1ginas de contacto o en los formularios de comentarios, se pueden establecer cookies para recordar los datos del usuario para futuras correspondencias.<\/li>\n<li>Cookies de preferencias del sitioPara proporcionarte una gran experiencia en este sitio, ofrecemos la funcionalidad de establecer tus preferencias sobre c\u00f3mo funciona este sitio cuando lo utilizas. Para recordar tus preferencias, necesitamos establecer cookies de modo que esta informaci\u00f3n pueda ser llamada cada vez que interact\u00faes con una p\u00e1gina afectada por tus preferencias. <\/li>\n<\/ul>\n<p>&nbsp;<\/p>\n<h3>Cookies de terceros<\/h3>\n<p>En algunos casos especiales, tambi\u00e9n utilizamos cookies proporcionadas por terceros de confianza. La siguiente secci\u00f3n detalla qu\u00e9 cookies de terceros puedes encontrar a trav\u00e9s de este sitio web. <\/p>\n<ul>\n<li>Este sitio utiliza Google Analytics, que es una de las soluciones de an\u00e1lisis m\u00e1s extendidas y fiables de la web, para ayudarnos a comprender c\u00f3mo utilizas el sitio y c\u00f3mo podemos mejorar tu experiencia. Estas cookies pueden rastrear cosas como el tiempo que pasas en el sitio y las p\u00e1ginas que visitas, para que podamos seguir produciendo contenidos atractivos. <\/li>\n<\/ul>\n<p>Para obtener m\u00e1s informaci\u00f3n sobre las cookies de Google Analytics, consulta la p\u00e1gina oficial de Google Analytics.<\/p>\n<ul>\n<li>Los an\u00e1lisis de terceros se utilizan para rastrear y medir el uso de este sitio web, de modo que podamos seguir produciendo contenidos atractivos. Estas cookies pueden rastrear elementos como el tiempo que pasas en el sitio o las p\u00e1ginas que visitas, lo que nos ayuda a entender c\u00f3mo podemos mejorar el sitio para ti. <\/li>\n<li>Peri\u00f3dicamente probamos nuevas funciones y hacemos cambios sutiles en el aspecto del sitio. Cuando todav\u00eda estamos probando nuevas funciones, estas cookies pueden utilizarse para garantizar que recibes una experiencia consistente mientras est\u00e1s en el sitio, mientras comprendemos qu\u00e9 optimizaciones aprecian m\u00e1s nuestros usuarios. <\/li>\n<li>Como vendemos productos, es importante que conozcamos las estad\u00edsticas sobre cu\u00e1ntos visitantes de nuestro sitio compran realmente, por lo que este es el tipo de datos que rastrear\u00e1n estas cookies. Esto es importante para ti, ya que significa que podemos hacer previsiones comerciales precisas que nos permitan analizar nuestros costes de publicidad y productos para garantizar el mejor precio posible. <\/li>\n<\/ul>\n<p>&nbsp;<\/p>\n<h3>Compromiso del usuario<\/h3>\n<p>El usuario se compromete a hacer un uso adecuado de los contenidos e informaciones ofrecidos por Anges en el sitio web, y ello con car\u00e1cter enunciativo pero no limitativo:<\/p>\n<ul>\n<li>A) No realices actividades ilegales o contrarias a la buena fe o al orden p\u00fablico;<\/li>\n<li>B) No difundas propaganda o contenidos de car\u00e1cter racista, xen\u00f3fobo, <a style=\"color: inherit !important; text-decoration: none !important;\" href=\"https:\/\/ondeapostar.pt\/onde-da-a-bola\/\">donde se vea la Bola<\/a> o la mala suerte, cualquier tipo de pornograf\u00eda ilegal, o que haga apolog\u00eda del terrorismo o de los derechos humanos;<\/li>\n<li>C) No provocar da\u00f1os en los sistemas f\u00edsicos (hardware) y l\u00f3gicos (software) de Anges, de sus proveedores o de terceras personas, introducir o difundir en la red virus inform\u00e1ticos o cualesquiera otros sistemas f\u00edsicos o l\u00f3gicos que sean susceptibles de provocar los da\u00f1os anteriormente mencionados.<\/li>\n<\/ul>\n<p>&nbsp;<\/p>\n<h3>M\u00e1s informaci\u00f3n<\/h3>\n<p>Esperemos que esto se haya aclarado y, como se ha mencionado antes, si hay algo que no est\u00e1s seguro de si necesitas o no, generalmente es m\u00e1s seguro dejar las cookies activadas si interact\u00faas con una de las funciones que utilizas en nuestro sitio.<\/p>\n<p>Esta pol\u00edtica es efectiva a partir de <strong>julio\/2022<\/strong>.<\/p>\n","protected":false},"excerpt":{"rendered":"<p>&nbsp; Tu privacidad es importante para nosotros. La pol\u00edtica de Anges es respetar tu privacidad con respecto a cualquier informaci\u00f3n<\/p>\n","protected":false},"author":1,"featured_media":0,"parent":0,"menu_order":0,"comment_status":"closed","ping_status":"open","template":"","meta":{"footnotes":""},"class_list":["post-13630","page","type-page","status-publish","hentry"],"yoast_head":"<!-- This site is optimized with the Yoast SEO Premium plugin v27.5 (Yoast SEO v27.5) - https:\/\/yoast.com\/product\/yoast-seo-premium-wordpress\/ -->\n<title>Pol\u00edtica de privacidad - Anges<\/title>\n<meta name=\"robots\" content=\"index, follow, max-snippet:-1, max-image-preview:large, max-video-preview:-1\" \/>\n<link rel=\"canonical\" href=\"https:\/\/anges.pt\/es\/politica-de-privacidad\/\" \/>\n<meta property=\"og:locale\" content=\"es_ES\" \/>\n<meta property=\"og:type\" content=\"article\" \/>\n<meta property=\"og:title\" content=\"Pol\u00edtica de privacidad\" \/>\n<meta property=\"og:description\" content=\"&nbsp; Tu privacidad es importante para nosotros. La pol\u00edtica de Anges es respetar tu privacidad con respecto a cualquier informaci\u00f3n\" \/>\n<meta property=\"og:url\" content=\"https:\/\/anges.pt\/es\/politica-de-privacidad\/\" \/>\n<meta property=\"og:site_name\" content=\"Anges\" \/>\n<meta property=\"article:publisher\" content=\"https:\/\/www.facebook.com\/anges.pt\" \/>\n<meta name=\"twitter:card\" content=\"summary_large_image\" \/>\n<meta name=\"twitter:label1\" content=\"Tiempo de lectura\" \/>\n\t<meta name=\"twitter:data1\" content=\"7 minutos\" \/>\n<script type=\"application\/ld+json\" class=\"yoast-schema-graph\">{\"@context\":\"https:\\\/\\\/schema.org\",\"@graph\":[{\"@type\":\"WebPage\",\"@id\":\"https:\\\/\\\/anges.pt\\\/es\\\/politica-de-privacidad\\\/\",\"url\":\"https:\\\/\\\/anges.pt\\\/es\\\/politica-de-privacidad\\\/\",\"name\":\"Pol\u00edtica de privacidad - Anges\",\"isPartOf\":{\"@id\":\"https:\\\/\\\/anges.pt\\\/es\\\/#website\"},\"datePublished\":\"2022-03-25T14:13:52+00:00\",\"breadcrumb\":{\"@id\":\"https:\\\/\\\/anges.pt\\\/es\\\/politica-de-privacidad\\\/#breadcrumb\"},\"inLanguage\":\"es\",\"potentialAction\":[{\"@type\":\"ReadAction\",\"target\":[\"https:\\\/\\\/anges.pt\\\/es\\\/politica-de-privacidad\\\/\"]}]},{\"@type\":\"BreadcrumbList\",\"@id\":\"https:\\\/\\\/anges.pt\\\/es\\\/politica-de-privacidad\\\/#breadcrumb\",\"itemListElement\":[{\"@type\":\"ListItem\",\"position\":1,\"name\":\"In\u00edcio\",\"item\":\"https:\\\/\\\/anges.pt\\\/es\\\/inicio\\\/\"},{\"@type\":\"ListItem\",\"position\":2,\"name\":\"Pol\u00edtica de privacidad\"}]},{\"@type\":\"WebSite\",\"@id\":\"https:\\\/\\\/anges.pt\\\/es\\\/#website\",\"url\":\"https:\\\/\\\/anges.pt\\\/es\\\/\",\"name\":\"Anges\",\"description\":\"Associa\u00e7\u00e3o Nacional de Gerontologia Social\",\"publisher\":{\"@id\":\"https:\\\/\\\/anges.pt\\\/es\\\/#organization\"},\"alternateName\":\"Associa\u00e7\u00e3o Nacional de Gerontologia Social\",\"potentialAction\":[{\"@type\":\"SearchAction\",\"target\":{\"@type\":\"EntryPoint\",\"urlTemplate\":\"https:\\\/\\\/anges.pt\\\/es\\\/?s={search_term_string}\"},\"query-input\":{\"@type\":\"PropertyValueSpecification\",\"valueRequired\":true,\"valueName\":\"search_term_string\"}}],\"inLanguage\":\"es\"},{\"@type\":\"Organization\",\"@id\":\"https:\\\/\\\/anges.pt\\\/es\\\/#organization\",\"name\":\"Anges\",\"alternateName\":\"Asociaci\u00f3n Nacional de Gerontolog\u00eda Social\",\"url\":\"https:\\\/\\\/anges.pt\\\/es\\\/\",\"logo\":{\"@type\":\"ImageObject\",\"inLanguage\":\"es\",\"@id\":\"https:\\\/\\\/anges.pt\\\/es\\\/#\\\/schema\\\/logo\\\/image\\\/\",\"url\":\"https:\\\/\\\/anges.pt\\\/wp-content\\\/uploads\\\/2024\\\/08\\\/Dimensoes-personalizadas-3x2-cm-4.jpeg\",\"contentUrl\":\"https:\\\/\\\/anges.pt\\\/wp-content\\\/uploads\\\/2024\\\/08\\\/Dimensoes-personalizadas-3x2-cm-4.jpeg\",\"width\":170,\"height\":114,\"caption\":\"Anges\"},\"image\":{\"@id\":\"https:\\\/\\\/anges.pt\\\/es\\\/#\\\/schema\\\/logo\\\/image\\\/\"},\"sameAs\":[\"https:\\\/\\\/www.facebook.com\\\/anges.pt\",\"https:\\\/\\\/www.instagram.com\\\/associacaoanges\\\/\"]}]}<\/script>\n<!-- \/ Yoast SEO Premium plugin. -->","yoast_head_json":{"title":"Pol\u00edtica de privacidad - Anges","robots":{"index":"index","follow":"follow","max-snippet":"max-snippet:-1","max-image-preview":"max-image-preview:large","max-video-preview":"max-video-preview:-1"},"canonical":"https:\/\/anges.pt\/es\/politica-de-privacidad\/","og_locale":"es_ES","og_type":"article","og_title":"Pol\u00edtica de privacidad","og_description":"&nbsp; Tu privacidad es importante para nosotros. La pol\u00edtica de Anges es respetar tu privacidad con respecto a cualquier informaci\u00f3n","og_url":"https:\/\/anges.pt\/es\/politica-de-privacidad\/","og_site_name":"Anges","article_publisher":"https:\/\/www.facebook.com\/anges.pt","twitter_card":"summary_large_image","twitter_misc":{"Tiempo de lectura":"7 minutos"},"schema":{"@context":"https:\/\/schema.org","@graph":[{"@type":"WebPage","@id":"https:\/\/anges.pt\/es\/politica-de-privacidad\/","url":"https:\/\/anges.pt\/es\/politica-de-privacidad\/","name":"Pol\u00edtica de privacidad - Anges","isPartOf":{"@id":"https:\/\/anges.pt\/es\/#website"},"datePublished":"2022-03-25T14:13:52+00:00","breadcrumb":{"@id":"https:\/\/anges.pt\/es\/politica-de-privacidad\/#breadcrumb"},"inLanguage":"es","potentialAction":[{"@type":"ReadAction","target":["https:\/\/anges.pt\/es\/politica-de-privacidad\/"]}]},{"@type":"BreadcrumbList","@id":"https:\/\/anges.pt\/es\/politica-de-privacidad\/#breadcrumb","itemListElement":[{"@type":"ListItem","position":1,"name":"In\u00edcio","item":"https:\/\/anges.pt\/es\/inicio\/"},{"@type":"ListItem","position":2,"name":"Pol\u00edtica de privacidad"}]},{"@type":"WebSite","@id":"https:\/\/anges.pt\/es\/#website","url":"https:\/\/anges.pt\/es\/","name":"Anges","description":"Associa\u00e7\u00e3o Nacional de Gerontologia Social","publisher":{"@id":"https:\/\/anges.pt\/es\/#organization"},"alternateName":"Associa\u00e7\u00e3o Nacional de Gerontologia Social","potentialAction":[{"@type":"SearchAction","target":{"@type":"EntryPoint","urlTemplate":"https:\/\/anges.pt\/es\/?s={search_term_string}"},"query-input":{"@type":"PropertyValueSpecification","valueRequired":true,"valueName":"search_term_string"}}],"inLanguage":"es"},{"@type":"Organization","@id":"https:\/\/anges.pt\/es\/#organization","name":"Anges","alternateName":"Asociaci\u00f3n Nacional de Gerontolog\u00eda Social","url":"https:\/\/anges.pt\/es\/","logo":{"@type":"ImageObject","inLanguage":"es","@id":"https:\/\/anges.pt\/es\/#\/schema\/logo\/image\/","url":"https:\/\/anges.pt\/wp-content\/uploads\/2024\/08\/Dimensoes-personalizadas-3x2-cm-4.jpeg","contentUrl":"https:\/\/anges.pt\/wp-content\/uploads\/2024\/08\/Dimensoes-personalizadas-3x2-cm-4.jpeg","width":170,"height":114,"caption":"Anges"},"image":{"@id":"https:\/\/anges.pt\/es\/#\/schema\/logo\/image\/"},"sameAs":["https:\/\/www.facebook.com\/anges.pt","https:\/\/www.instagram.com\/associacaoanges\/"]}]}},"_links":{"self":[{"href":"https:\/\/anges.pt\/es\/wp-json\/wp\/v2\/pages\/13630","targetHints":{"allow":["GET"]}}],"collection":[{"href":"https:\/\/anges.pt\/es\/wp-json\/wp\/v2\/pages"}],"about":[{"href":"https:\/\/anges.pt\/es\/wp-json\/wp\/v2\/types\/page"}],"author":[{"embeddable":true,"href":"https:\/\/anges.pt\/es\/wp-json\/wp\/v2\/users\/1"}],"replies":[{"embeddable":true,"href":"https:\/\/anges.pt\/es\/wp-json\/wp\/v2\/comments?post=13630"}],"version-history":[{"count":0,"href":"https:\/\/anges.pt\/es\/wp-json\/wp\/v2\/pages\/13630\/revisions"}],"wp:attachment":[{"href":"https:\/\/anges.pt\/es\/wp-json\/wp\/v2\/media?parent=13630"}],"curies":[{"name":"wp","href":"https:\/\/api.w.org\/{rel}","templated":true}]}}