{"id":22722,"date":"2026-03-30T13:21:46","date_gmt":"2026-03-30T13:21:46","guid":{"rendered":"https:\/\/anges.pt\/?post_type=product&#038;p=22722"},"modified":"2026-02-27T15:45:19","modified_gmt":"2026-02-27T15:45:19","slug":"december-3-nursing-care-for-the-elderly-copia-copia-copia-copia-copia-copia-copia-copia-copia-copia","status":"publish","type":"product","link":"https:\/\/anges.pt\/en\/produto\/december-3-nursing-care-for-the-elderly-copia-copia-copia-copia-copia-copia-copia-copia-copia-copia\/","title":{"rendered":"December 3 | Nursing care for the elderly (C\u00f3pia) (C\u00f3pia) (C\u00f3pia) (C\u00f3pia) (C\u00f3pia) (C\u00f3pia) (C\u00f3pia) (C\u00f3pia) (C\u00f3pia) (C\u00f3pia)"},"content":{"rendered":"<p>This course is designed to train formal and informal caregivers, technicians and professionals from the social sector in the fundamental practices of supporting older and dependent people. With a practical, humanized and dignity-centered approach, the course offers essential tools to improve the quality of care, strengthen communication and prevent risks associated with dependency and frailty. <\/p>\n","protected":false},"excerpt":{"rendered":"<div dir=\"ltr\">\n<div class=\"x_x_elementToProof\">\n<p><strong>3 hours | December 3| 10h00 to 13h00<\/strong><\/p>\n<\/div>\n<\/div>\n<p><strong>ONLINE<\/strong> |  <strong>ENF. RICARDO PIRES<\/strong><\/p>\n<p><a href=\"https:\/\/atc.pt\/\"><img decoding=\"async\" class=\"alignnone wp-image-1727 lazyload\" data-src=\"https:\/\/anges.pt\/wp-content\/uploads\/2022\/08\/Captura-de-ecra-2022-08-17-225607-300x100.png\" alt=\"\" width=\"252\" height=\"84\" data-srcset=\"https:\/\/anges.pt\/wp-content\/uploads\/2022\/08\/Captura-de-ecra-2022-08-17-225607-300x100.png 300w, https:\/\/anges.pt\/wp-content\/uploads\/2022\/08\/Captura-de-ecra-2022-08-17-225607-150x50.png 150w, https:\/\/anges.pt\/wp-content\/uploads\/2022\/08\/Captura-de-ecra-2022-08-17-225607-768x256.png 768w, https:\/\/anges.pt\/wp-content\/uploads\/2022\/08\/Captura-de-ecra-2022-08-17-225607.png 814w\" data-sizes=\"(max-width: 252px) 100vw, 252px\" src=\"data:image\/svg+xml;base64,PHN2ZyB3aWR0aD0iMSIgaGVpZ2h0PSIxIiB4bWxucz0iaHR0cDovL3d3dy53My5vcmcvMjAwMC9zdmciPjwvc3ZnPg==\" style=\"--smush-placeholder-width: 252px; --smush-placeholder-aspect-ratio: 252\/84;\" \/><\/a>        <a href=\"https:\/\/www.dgert.gov.pt\/\"><img decoding=\"async\" class=\"alignnone wp-image-1726 lazyload\" data-src=\"https:\/\/anges.pt\/wp-content\/uploads\/2022\/08\/logo_DGERT-300x261.png\" alt=\"\" width=\"112\" height=\"97\" data-srcset=\"https:\/\/anges.pt\/wp-content\/uploads\/2022\/08\/logo_DGERT-300x261.png 300w, https:\/\/anges.pt\/wp-content\/uploads\/2022\/08\/logo_DGERT-150x130.png 150w, https:\/\/anges.pt\/wp-content\/uploads\/2022\/08\/logo_DGERT.png 520w\" data-sizes=\"(max-width: 112px) 100vw, 112px\" src=\"data:image\/svg+xml;base64,PHN2ZyB3aWR0aD0iMSIgaGVpZ2h0PSIxIiB4bWxucz0iaHR0cDovL3d3dy53My5vcmcvMjAwMC9zdmciPjwvc3ZnPg==\" style=\"--smush-placeholder-width: 112px; --smush-placeholder-aspect-ratio: 112\/97;\" \/><\/a><\/p>\n<p>&nbsp;<\/p>\n","protected":false},"featured_media":22740,"comment_status":"closed","ping_status":"closed","template":"","meta":[],"product_brand":[],"product_cat":[139,143,124,115],"product_tag":[],"class_list":{"0":"post-22722","1":"product","2":"type-product","3":"status-publish","4":"has-post-thumbnail","6":"product_cat-courses","7":"product_cat-new","8":"product_cat-registration","9":"product_cat-sem-categoria","11":"first","12":"instock","13":"featured","14":"taxable","15":"shipping-taxable","16":"purchasable","17":"product-type-variable"},"yoast_head":"<!-- This site is optimized with the Yoast SEO Premium plugin v27.2 (Yoast SEO v27.2) - https:\/\/yoast.com\/product\/yoast-seo-premium-wordpress\/ -->\n<title>December 3 | Nursing care for the elderly (C\u00f3pia) (C\u00f3pia) (C\u00f3pia) (C\u00f3pia) (C\u00f3pia) (C\u00f3pia) (C\u00f3pia) (C\u00f3pia) (C\u00f3pia) (C\u00f3pia) - Anges<\/title>\n<meta name=\"robots\" content=\"index, follow, max-snippet:-1, max-image-preview:large, max-video-preview:-1\" \/>\n<link rel=\"canonical\" href=\"https:\/\/anges.pt\/en\/produto\/december-3-nursing-care-for-the-elderly-copia-copia-copia-copia-copia-copia-copia-copia-copia-copia\/\" \/>\n<meta property=\"og:locale\" content=\"en_US\" \/>\n<meta property=\"og:type\" content=\"article\" \/>\n<meta property=\"og:title\" content=\"December 3 | Nursing care for the elderly (C\u00f3pia) (C\u00f3pia) (C\u00f3pia) (C\u00f3pia) (C\u00f3pia) (C\u00f3pia) (C\u00f3pia) (C\u00f3pia) (C\u00f3pia) (C\u00f3pia)\" \/>\n<meta property=\"og:description\" content=\"3 hours | December 3| 10h00 to 13h00  ONLINE | ENF. RICARDO PIRES      &nbsp;\" \/>\n<meta property=\"og:url\" content=\"https:\/\/anges.pt\/en\/produto\/december-3-nursing-care-for-the-elderly-copia-copia-copia-copia-copia-copia-copia-copia-copia-copia\/\" \/>\n<meta property=\"og:site_name\" content=\"Anges\" \/>\n<meta property=\"article:publisher\" content=\"https:\/\/www.facebook.com\/anges.pt\" \/>\n<meta property=\"og:image\" content=\"https:\/\/anges.pt\/wp-content\/uploads\/2026\/02\/11.03.2026.jpg\" \/>\n\t<meta property=\"og:image:width\" content=\"1080\" \/>\n\t<meta property=\"og:image:height\" content=\"1080\" \/>\n\t<meta property=\"og:image:type\" content=\"image\/jpeg\" \/>\n<meta name=\"twitter:card\" content=\"summary_large_image\" \/>\n<script type=\"application\/ld+json\" class=\"yoast-schema-graph\">{\"@context\":\"https:\/\/schema.org\",\"@graph\":[{\"@type\":\"WebPage\",\"@id\":\"https:\/\/anges.pt\/en\/produto\/december-3-nursing-care-for-the-elderly-copia-copia-copia-copia-copia-copia-copia-copia-copia-copia\/\",\"url\":\"https:\/\/anges.pt\/en\/produto\/december-3-nursing-care-for-the-elderly-copia-copia-copia-copia-copia-copia-copia-copia-copia-copia\/\",\"name\":\"December 3 | Nursing care for the elderly (C\u00f3pia) (C\u00f3pia) (C\u00f3pia) (C\u00f3pia) (C\u00f3pia) (C\u00f3pia) (C\u00f3pia) (C\u00f3pia) (C\u00f3pia) (C\u00f3pia) - Anges\",\"isPartOf\":{\"@id\":\"https:\/\/anges.pt\/en\/#website\"},\"primaryImageOfPage\":{\"@id\":\"https:\/\/anges.pt\/en\/produto\/december-3-nursing-care-for-the-elderly-copia-copia-copia-copia-copia-copia-copia-copia-copia-copia\/#primaryimage\"},\"image\":{\"@id\":\"https:\/\/anges.pt\/en\/produto\/december-3-nursing-care-for-the-elderly-copia-copia-copia-copia-copia-copia-copia-copia-copia-copia\/#primaryimage\"},\"thumbnailUrl\":\"https:\/\/anges.pt\/wp-content\/uploads\/2026\/02\/11.03.2026.jpg\",\"datePublished\":\"2026-03-30T13:21:46+00:00\",\"breadcrumb\":{\"@id\":\"https:\/\/anges.pt\/en\/produto\/december-3-nursing-care-for-the-elderly-copia-copia-copia-copia-copia-copia-copia-copia-copia-copia\/#breadcrumb\"},\"inLanguage\":\"en-US\",\"potentialAction\":[{\"@type\":\"ReadAction\",\"target\":[\"https:\/\/anges.pt\/en\/produto\/december-3-nursing-care-for-the-elderly-copia-copia-copia-copia-copia-copia-copia-copia-copia-copia\/\"]}]},{\"@type\":\"ImageObject\",\"inLanguage\":\"en-US\",\"@id\":\"https:\/\/anges.pt\/en\/produto\/december-3-nursing-care-for-the-elderly-copia-copia-copia-copia-copia-copia-copia-copia-copia-copia\/#primaryimage\",\"url\":\"https:\/\/anges.pt\/wp-content\/uploads\/2026\/02\/11.03.2026.jpg\",\"contentUrl\":\"https:\/\/anges.pt\/wp-content\/uploads\/2026\/02\/11.03.2026.jpg\",\"width\":1080,\"height\":1080},{\"@type\":\"BreadcrumbList\",\"@id\":\"https:\/\/anges.pt\/en\/produto\/december-3-nursing-care-for-the-elderly-copia-copia-copia-copia-copia-copia-copia-copia-copia-copia\/#breadcrumb\",\"itemListElement\":[{\"@type\":\"ListItem\",\"position\":1,\"name\":\"In\u00edcio\",\"item\":\"https:\/\/anges.pt\/en\/home\/\"},{\"@type\":\"ListItem\",\"position\":2,\"name\":\"Shop\",\"item\":\"https:\/\/anges.pt\/en\/shop\/\"},{\"@type\":\"ListItem\",\"position\":3,\"name\":\"December 3 | Nursing care for the elderly (C\u00f3pia) (C\u00f3pia) (C\u00f3pia) (C\u00f3pia) (C\u00f3pia) (C\u00f3pia) (C\u00f3pia) (C\u00f3pia) (C\u00f3pia) (C\u00f3pia)\"}]},{\"@type\":\"WebSite\",\"@id\":\"https:\/\/anges.pt\/en\/#website\",\"url\":\"https:\/\/anges.pt\/en\/\",\"name\":\"Anges\",\"description\":\"Associa\u00e7\u00e3o Nacional de Gerontologia Social\",\"publisher\":{\"@id\":\"https:\/\/anges.pt\/en\/#organization\"},\"alternateName\":\"Associa\u00e7\u00e3o Nacional de Gerontologia Social\",\"potentialAction\":[{\"@type\":\"SearchAction\",\"target\":{\"@type\":\"EntryPoint\",\"urlTemplate\":\"https:\/\/anges.pt\/en\/?s={search_term_string}\"},\"query-input\":{\"@type\":\"PropertyValueSpecification\",\"valueRequired\":true,\"valueName\":\"search_term_string\"}}],\"inLanguage\":\"en-US\"},{\"@type\":\"Organization\",\"@id\":\"https:\/\/anges.pt\/en\/#organization\",\"name\":\"Anges\",\"alternateName\":\"Associa\u00e7\u00e3o Nacional de Gerontologia Social\",\"url\":\"https:\/\/anges.pt\/en\/\",\"logo\":{\"@type\":\"ImageObject\",\"inLanguage\":\"en-US\",\"@id\":\"https:\/\/anges.pt\/en\/#\/schema\/logo\/image\/\",\"url\":\"https:\/\/anges.pt\/wp-content\/uploads\/2024\/08\/Dimensoes-personalizadas-3x2-cm-4.jpeg\",\"contentUrl\":\"https:\/\/anges.pt\/wp-content\/uploads\/2024\/08\/Dimensoes-personalizadas-3x2-cm-4.jpeg\",\"width\":170,\"height\":114,\"caption\":\"Anges\"},\"image\":{\"@id\":\"https:\/\/anges.pt\/en\/#\/schema\/logo\/image\/\"},\"sameAs\":[\"https:\/\/www.facebook.com\/anges.pt\",\"https:\/\/www.instagram.com\/associacaoanges\/\"]}]}<\/script>\n<!-- \/ Yoast SEO Premium plugin. -->","yoast_head_json":{"title":"December 3 | Nursing care for the elderly (C\u00f3pia) (C\u00f3pia) (C\u00f3pia) (C\u00f3pia) (C\u00f3pia) (C\u00f3pia) (C\u00f3pia) (C\u00f3pia) (C\u00f3pia) (C\u00f3pia) - Anges","robots":{"index":"index","follow":"follow","max-snippet":"max-snippet:-1","max-image-preview":"max-image-preview:large","max-video-preview":"max-video-preview:-1"},"canonical":"https:\/\/anges.pt\/en\/produto\/december-3-nursing-care-for-the-elderly-copia-copia-copia-copia-copia-copia-copia-copia-copia-copia\/","og_locale":"en_US","og_type":"article","og_title":"December 3 | Nursing care for the elderly (C\u00f3pia) (C\u00f3pia) (C\u00f3pia) (C\u00f3pia) (C\u00f3pia) (C\u00f3pia) (C\u00f3pia) (C\u00f3pia) (C\u00f3pia) (C\u00f3pia)","og_description":"3 hours | December 3| 10h00 to 13h00  ONLINE | ENF. RICARDO PIRES      &nbsp;","og_url":"https:\/\/anges.pt\/en\/produto\/december-3-nursing-care-for-the-elderly-copia-copia-copia-copia-copia-copia-copia-copia-copia-copia\/","og_site_name":"Anges","article_publisher":"https:\/\/www.facebook.com\/anges.pt","og_image":[{"width":1080,"height":1080,"url":"https:\/\/anges.pt\/wp-content\/uploads\/2026\/02\/11.03.2026.jpg","type":"image\/jpeg"}],"twitter_card":"summary_large_image","schema":{"@context":"https:\/\/schema.org","@graph":[{"@type":"WebPage","@id":"https:\/\/anges.pt\/en\/produto\/december-3-nursing-care-for-the-elderly-copia-copia-copia-copia-copia-copia-copia-copia-copia-copia\/","url":"https:\/\/anges.pt\/en\/produto\/december-3-nursing-care-for-the-elderly-copia-copia-copia-copia-copia-copia-copia-copia-copia-copia\/","name":"December 3 | Nursing care for the elderly (C\u00f3pia) (C\u00f3pia) (C\u00f3pia) (C\u00f3pia) (C\u00f3pia) (C\u00f3pia) (C\u00f3pia) (C\u00f3pia) (C\u00f3pia) (C\u00f3pia) - Anges","isPartOf":{"@id":"https:\/\/anges.pt\/en\/#website"},"primaryImageOfPage":{"@id":"https:\/\/anges.pt\/en\/produto\/december-3-nursing-care-for-the-elderly-copia-copia-copia-copia-copia-copia-copia-copia-copia-copia\/#primaryimage"},"image":{"@id":"https:\/\/anges.pt\/en\/produto\/december-3-nursing-care-for-the-elderly-copia-copia-copia-copia-copia-copia-copia-copia-copia-copia\/#primaryimage"},"thumbnailUrl":"https:\/\/anges.pt\/wp-content\/uploads\/2026\/02\/11.03.2026.jpg","datePublished":"2026-03-30T13:21:46+00:00","breadcrumb":{"@id":"https:\/\/anges.pt\/en\/produto\/december-3-nursing-care-for-the-elderly-copia-copia-copia-copia-copia-copia-copia-copia-copia-copia\/#breadcrumb"},"inLanguage":"en-US","potentialAction":[{"@type":"ReadAction","target":["https:\/\/anges.pt\/en\/produto\/december-3-nursing-care-for-the-elderly-copia-copia-copia-copia-copia-copia-copia-copia-copia-copia\/"]}]},{"@type":"ImageObject","inLanguage":"en-US","@id":"https:\/\/anges.pt\/en\/produto\/december-3-nursing-care-for-the-elderly-copia-copia-copia-copia-copia-copia-copia-copia-copia-copia\/#primaryimage","url":"https:\/\/anges.pt\/wp-content\/uploads\/2026\/02\/11.03.2026.jpg","contentUrl":"https:\/\/anges.pt\/wp-content\/uploads\/2026\/02\/11.03.2026.jpg","width":1080,"height":1080},{"@type":"BreadcrumbList","@id":"https:\/\/anges.pt\/en\/produto\/december-3-nursing-care-for-the-elderly-copia-copia-copia-copia-copia-copia-copia-copia-copia-copia\/#breadcrumb","itemListElement":[{"@type":"ListItem","position":1,"name":"In\u00edcio","item":"https:\/\/anges.pt\/en\/home\/"},{"@type":"ListItem","position":2,"name":"Shop","item":"https:\/\/anges.pt\/en\/shop\/"},{"@type":"ListItem","position":3,"name":"December 3 | Nursing care for the elderly (C\u00f3pia) (C\u00f3pia) (C\u00f3pia) (C\u00f3pia) (C\u00f3pia) (C\u00f3pia) (C\u00f3pia) (C\u00f3pia) (C\u00f3pia) (C\u00f3pia)"}]},{"@type":"WebSite","@id":"https:\/\/anges.pt\/en\/#website","url":"https:\/\/anges.pt\/en\/","name":"Anges","description":"Associa\u00e7\u00e3o Nacional de Gerontologia Social","publisher":{"@id":"https:\/\/anges.pt\/en\/#organization"},"alternateName":"Associa\u00e7\u00e3o Nacional de Gerontologia Social","potentialAction":[{"@type":"SearchAction","target":{"@type":"EntryPoint","urlTemplate":"https:\/\/anges.pt\/en\/?s={search_term_string}"},"query-input":{"@type":"PropertyValueSpecification","valueRequired":true,"valueName":"search_term_string"}}],"inLanguage":"en-US"},{"@type":"Organization","@id":"https:\/\/anges.pt\/en\/#organization","name":"Anges","alternateName":"Associa\u00e7\u00e3o Nacional de Gerontologia Social","url":"https:\/\/anges.pt\/en\/","logo":{"@type":"ImageObject","inLanguage":"en-US","@id":"https:\/\/anges.pt\/en\/#\/schema\/logo\/image\/","url":"https:\/\/anges.pt\/wp-content\/uploads\/2024\/08\/Dimensoes-personalizadas-3x2-cm-4.jpeg","contentUrl":"https:\/\/anges.pt\/wp-content\/uploads\/2024\/08\/Dimensoes-personalizadas-3x2-cm-4.jpeg","width":170,"height":114,"caption":"Anges"},"image":{"@id":"https:\/\/anges.pt\/en\/#\/schema\/logo\/image\/"},"sameAs":["https:\/\/www.facebook.com\/anges.pt","https:\/\/www.instagram.com\/associacaoanges\/"]}]}},"_links":{"self":[{"href":"https:\/\/anges.pt\/en\/wp-json\/wp\/v2\/product\/22722","targetHints":{"allow":["GET"]}}],"collection":[{"href":"https:\/\/anges.pt\/en\/wp-json\/wp\/v2\/product"}],"about":[{"href":"https:\/\/anges.pt\/en\/wp-json\/wp\/v2\/types\/product"}],"replies":[{"embeddable":true,"href":"https:\/\/anges.pt\/en\/wp-json\/wp\/v2\/comments?post=22722"}],"wp:featuredmedia":[{"embeddable":true,"href":"https:\/\/anges.pt\/en\/wp-json\/wp\/v2\/media\/22740"}],"wp:attachment":[{"href":"https:\/\/anges.pt\/en\/wp-json\/wp\/v2\/media?parent=22722"}],"wp:term":[{"taxonomy":"product_brand","embeddable":true,"href":"https:\/\/anges.pt\/en\/wp-json\/wp\/v2\/product_brand?post=22722"},{"taxonomy":"product_cat","embeddable":true,"href":"https:\/\/anges.pt\/en\/wp-json\/wp\/v2\/product_cat?post=22722"},{"taxonomy":"product_tag","embeddable":true,"href":"https:\/\/anges.pt\/en\/wp-json\/wp\/v2\/product_tag?post=22722"}],"curies":[{"name":"wp","href":"https:\/\/api.w.org\/{rel}","templated":true}]}}