{"id":18505,"date":"2025-06-04T22:02:51","date_gmt":"2025-06-04T22:02:51","guid":{"rendered":"https:\/\/anges.pt\/?page_id=18505"},"modified":"2025-06-24T13:55:25","modified_gmt":"2025-06-24T13:55:25","slug":"ageingazores2025-3","status":"publish","type":"page","link":"https:\/\/anges.pt\/en\/ageingazores2025-3\/","title":{"rendered":"Entrepreneurship and Social Innovation Seminar"},"content":{"rendered":"<div class=\"wpb-content-wrapper\"><p>[vc_row css=&#8221;.vc_custom_1739048382548{margin-bottom: 20px !important;}&#8221; woodmart_css_id=&#8221;67a7c5b50a95d&#8221; responsive_spacing=&#8221;eyJwYXJhbV90eXBlIjoid29vZG1hcnRfcmVzcG9uc2l2ZV9zcGFjaW5nIiwic2VsZWN0b3JfaWQiOiI2N2E3YzViNTBhOTVkIiwic2hvcnRjb2RlIjoidmNfcm93IiwiZGF0YSI6eyJ0YWJsZXQiOnt9LCJtb2JpbGUiOnt9fX0=&#8221; mobile_bg_img_hidden=&#8221;no&#8221; tablet_bg_img_hidden=&#8221;no&#8221; woodmart_parallax=&#8221;0&#8243; woodmart_gradient_switch=&#8221;no&#8221; woodmart_box_shadow=&#8221;no&#8221; wd_z_index=&#8221;no&#8221; woodmart_disable_overflow=&#8221;0&#8243; row_reverse_mobile=&#8221;0&#8243; row_reverse_tablet=&#8221;0&#8243;][vc_column]\n\t\t<div id=\"wd-6840c20bbacb9\" class=\"title-wrapper wd-wpb set-mb-s reset-last-child  wd-rs-6840c20bbacb9 wd-title-color-primary wd-title-style-overlined wd-width-100 text-center vc_custom_1749074567454 wd-underline-colored\">\n\t\t\t\t\t\t\t<div class=\"title-subtitle  subtitle-color-primary font-default subtitle-style-background wd-font-weight- wd-fontsize-xs\">JULY 3, 2025 | IN PERSON<\/div>\n\t\t\t\n\t\t\t<div class=\"liner-continer\">\n\t\t\t\t<h4 class=\"woodmart-title-container title  wd-font-weight-700 wd-fontsize-l\" >ENTREPRENEURSHIP AND SOCIAL INNOVATION SEMINAR | SOLUTIONS FOR THE INTERIOR<\/h4>\n\t\t\t\t\t\t\t<\/div>\n\t\t\t\n\t\t\t\t\t\t\t<div class=\"title-after_title  set-cont-mb-s reset-last-child  wd-fontsize-xs\">AUDITORIUM OF THE SCHOOL OF TECHNOLOGY AND MANAGEMENT | VISEU POLYTECHNIC INSTITUTE<\/div>\n\t\t\t\n\t\t\t\n\t\t<\/div>\n\t\t\n\t\t[\/vc_column][\/vc_row][vc_row woodmart_css_id=&#8221;67a7c5c5da65f&#8221; responsive_spacing=&#8221;eyJwYXJhbV90eXBlIjoid29vZG1hcnRfcmVzcG9uc2l2ZV9zcGFjaW5nIiwic2VsZWN0b3JfaWQiOiI2N2E3YzVjNWRhNjVmIiwic2hvcnRjb2RlIjoidmNfcm93IiwiZGF0YSI6eyJ0YWJsZXQiOnt9LCJtb2JpbGUiOnt9fX0=&#8221; mobile_bg_img_hidden=&#8221;no&#8221; tablet_bg_img_hidden=&#8221;no&#8221; woodmart_parallax=&#8221;0&#8243; woodmart_gradient_switch=&#8221;no&#8221; woodmart_box_shadow=&#8221;no&#8221; wd_z_index=&#8221;no&#8221; woodmart_disable_overflow=&#8221;0&#8243; row_reverse_mobile=&#8221;0&#8243; row_reverse_tablet=&#8221;0&#8243; css=&#8221;.vc_custom_1739048399721{margin-bottom: 20px !important;}&#8221;][vc_column][vc_btn title=&#8221;REGISTRATION&#8221; style=&#8221;classic&#8221; size=&#8221;lg&#8221; align=&#8221;center&#8221; i_icon_fontawesome=&#8221;fas fa-file-signature&#8221; css=&#8221;&#8221; add_icon=&#8221;true&#8221; link=&#8221;url:https%3A%2F%2Fdocs.google.com%2Fforms%2Fd%2Fe%2F1FAIpQLSeLJNsUjyPEe388nZw4CkpMHLALmdLYvUFxGwLMnywc57-8jQ%2Fviewform|target:_blank|&#8221;][\/vc_column][\/vc_row][vc_row css=&#8221;.vc_custom_1738950710055{margin-bottom: 40px !important;}&#8221; woodmart_css_id=&#8221;67a6483391409&#8243; responsive_spacing=&#8221;eyJwYXJhbV90eXBlIjoid29vZG1hcnRfcmVzcG9uc2l2ZV9zcGFjaW5nIiwic2VsZWN0b3JfaWQiOiI2N2E2NDgzMzkxNDA5Iiwic2hvcnRjb2RlIjoidmNfcm93IiwiZGF0YSI6eyJ0YWJsZXQiOnt9LCJtb2JpbGUiOnt9fX0=&#8221; mobile_bg_img_hidden=&#8221;no&#8221; tablet_bg_img_hidden=&#8221;no&#8221; woodmart_parallax=&#8221;0&#8243; woodmart_gradient_switch=&#8221;no&#8221; woodmart_box_shadow=&#8221;no&#8221; wd_z_index=&#8221;no&#8221; woodmart_disable_overflow=&#8221;0&#8243; row_reverse_mobile=&#8221;0&#8243; row_reverse_tablet=&#8221;0&#8243;][vc_column]\n\t\t<div id=\"wd-6840c40de0880\" class=\"title-wrapper wd-wpb set-mb-s reset-last-child  wd-rs-6840c40de0880 wd-title-color-primary wd-title-style-bordered wd-width-100 text-left vc_custom_1749074966212 wd-underline-colored\">\n\t\t\t\n\t\t\t<div class=\"liner-continer\">\n\t\t\t\t<h4 class=\"woodmart-title-container title  wd-font-weight- wd-fontsize-l\" >PROGRAM<\/h4>\n\t\t\t\t\t\t\t<\/div>\n\t\t\t\n\t\t\t\n\t\t\t\n\t\t<\/div>\n\t\t\n\t\t[\/vc_column][\/vc_row][vc_row equal_height=&#8221;yes&#8221; wd_z_index=&#8221;no&#8221; woodmart_css_id=&#8221;67a6481860fa8&#8243; responsive_spacing=&#8221;eyJwYXJhbV90eXBlIjoid29vZG1hcnRfcmVzcG9uc2l2ZV9zcGFjaW5nIiwic2VsZWN0b3JfaWQiOiI2N2E2NDgxODYwZmE4Iiwic2hvcnRjb2RlIjoidmNfcm93IiwiZGF0YSI6eyJ0YWJsZXQiOnt9LCJtb2JpbGUiOnsibWFyZ2luLWJvdHRvbSI6IjMwcHgifX19&#8243; mobile_bg_img_hidden=&#8221;no&#8221; tablet_bg_img_hidden=&#8221;no&#8221; woodmart_parallax=&#8221;0&#8243; woodmart_gradient_switch=&#8221;no&#8221; row_reverse_mobile=&#8221;0&#8243; row_reverse_tablet=&#8221;0&#8243; woodmart_disable_overflow=&#8221;0&#8243; woodmart_box_shadow=&#8221;no&#8221;][vc_column width=&#8221;1\/2&#8243; css=&#8221;.vc_custom_1484657119633{padding-top: 0px !important;}&#8221;]\t\t<div id=\"wd-68455e1112328\" class=\"wd-text-block wd-wpb reset-last-child wd-rs-68455e1112328 wd-width-100 text-left \">\n\t\t\t<h5><strong>09:00 | Opening of the secretariat<\/strong><\/h5>\n\t\t<\/div>\n\t\t\n\t\t<div id=\"wd-6852bbf11ab05\" class=\"title-wrapper wd-wpb set-mb-s reset-last-child  wd-rs-6852bbf11ab05 wd-title-color-default wd-title-style-bordered wd-width-100 text-left  wd-underline-colored\">\n\t\t\t\n\t\t\t<div class=\"liner-continer\">\n\t\t\t\t<h4 class=\"woodmart-title-container title  wd-font-weight-800 wd-fontsize-m\" >09:30 | Opening session<\/h4>\n\t\t\t\t\t\t\t<\/div>\n\t\t\t\n\t\t\t\n\t\t\t\n\t\t<\/div>\n\t\t\n\t\t\t\t<div id=\"wd-6852c23c4f1a1\" class=\"wd-text-block wd-wpb reset-last-child wd-rs-6852c23c4f1a1 wd-width-100 text-left \">\n\t\t\t<p><strong>Jos\u00e9 dos Santos Costa<\/strong> | President of the Polytechnic Institute of Viseu<\/p>\n\t\t<\/div>\n\t\t\t\t<div id=\"wd-6852c2449d657\" class=\"wd-text-block wd-wpb reset-last-child wd-rs-6852c2449d657 wd-width-100 text-left \">\n\t\t\t<p><span class=\"OYPEnA font-feature-liga-off font-feature-clig-off font-feature-calt-off text-decoration-none text-strikethrough-none\"><strong>Nuno Martinho<\/strong> | Executive Secretary of CIM Viseu D\u00e3o Laf\u00f5es<\/span><\/p>\n\t\t<\/div>\n\t\t\t\t<div id=\"wd-6852c24b36663\" class=\"wd-text-block wd-wpb reset-last-child wd-rs-6852c24b36663 wd-width-100 text-left \">\n\t\t\t<p><strong>Ricardo Pocinho<\/strong> | President of the National Association of Social Gerontology<\/p>\n\t\t<\/div>\n\t\t\t\t<div id=\"wd-6852c25275cd0\" class=\"wd-text-block wd-wpb reset-last-child wd-rs-6852c25275cd0 wd-width-100 text-left \">\n\t\t\t<p><strong>Filipe Almeida<\/strong> | President of Portugal Inova\u00e7\u00e3o Social<\/p>\n\t\t<\/div>\n\t\t\n\t\t<div id=\"wd-6852c4493590e\" class=\"title-wrapper wd-wpb set-mb-s reset-last-child  wd-rs-6852c4493590e wd-title-color-default wd-title-style-bordered wd-width-100 text-left  wd-underline-colored\">\n\t\t\t\n\t\t\t<div class=\"liner-continer\">\n\t\t\t\t<h4 class=\"woodmart-title-container title  wd-font-weight-800 wd-fontsize-m\" >10:15 | Partnerships for Social Innovation<\/h4>\n\t\t\t\t\t\t\t<\/div>\n\t\t\t\n\t\t\t\n\t\t\t\n\t\t<\/div>\n\t\t\n\t\t\t\t<div id=\"wd-6852c27c83081\" class=\"wd-text-block wd-wpb reset-last-child wd-rs-6852c27c83081 wd-width-100 text-left \">\n\t\t\t<p><strong>Moderator:<\/strong> Marta Rosa<\/p>\n\t\t<\/div>\n\t\t\t\t<div id=\"wd-6852c25b35a7c\" class=\"wd-text-block wd-wpb reset-last-child wd-rs-6852c25b35a7c wd-width-100 text-left \">\n\t\t\t<p><strong>Mafalda Vicente<\/strong> | President of the Beira Aguieira Association for the Visually Impaired<\/p>\n\t\t<\/div>\n\t\t\t\t<div id=\"wd-6852c38f84223\" class=\"wd-text-block wd-wpb reset-last-child wd-rs-6852c38f84223 wd-width-100 text-left \">\n\t\t\t<p><strong>Ricardo Pardal<\/strong> | Mayor of Mort\u00e1gua (To be confirmed)<\/p>\n\t\t<\/div>\n\t\t\t\t<div id=\"wd-6852c2682dc40\" class=\"wd-text-block wd-wpb reset-last-child wd-rs-6852c2682dc40 wd-width-100 text-left \">\n\t\t\t<p><strong>Tiago Batista<\/strong> | Managing Partner of Gardipet, Solu\u00e7\u00f5es Profissionais Agro e Vet<\/p>\n\t\t<\/div>\n\t\t\n\t\t<div id=\"wd-6852c4ab1fd3a\" class=\"title-wrapper wd-wpb set-mb-s reset-last-child  wd-rs-6852c4ab1fd3a wd-title-color-default wd-title-style-bordered wd-width-100 text-left  wd-underline-colored\">\n\t\t\t\n\t\t\t<div class=\"liner-continer\">\n\t\t\t\t<h4 class=\"woodmart-title-container title  wd-font-weight-800 wd-fontsize-m\" >11:15 | Coffee break<\/h4>\n\t\t\t\t\t\t\t<\/div>\n\t\t\t\n\t\t\t\n\t\t\t\n\t\t<\/div>\n\t\t\n\t\t[\/vc_column][vc_column width=&#8221;1\/2&#8243; css=&#8221;.vc_custom_1484657123074{padding-top: 0px !important;}&#8221;]\n\t\t<div id=\"wd-685aadacbf513\" class=\"title-wrapper wd-wpb set-mb-s reset-last-child  wd-rs-685aadacbf513 wd-title-color-default wd-title-style-bordered wd-width-100 text-left  wd-underline-colored\">\n\t\t\t\n\t\t\t<div class=\"liner-continer\">\n\t\t\t\t<h4 class=\"woodmart-title-container title  wd-font-weight-800 wd-fontsize-m\" >11:35 | Cultural moment<\/h4>\n\t\t\t\t\t\t\t<\/div>\n\t\t\t\n\t\t\t\n\t\t\t\n\t\t<\/div>\n\t\t\n\t\t\t\t<div id=\"wd-685aadc011b31\" class=\"wd-text-block wd-wpb reset-last-child wd-rs-685aadc011b31 wd-width-100 text-left \">\n\t\t\t<p>Assol users and students from the Universidade S\u00e9nior de S\u00e3o Pedro do Sul with a performance entitled the Scream<\/p>\n\t\t<\/div>\n\t\t\n\t\t<div id=\"wd-6852c451a535e\" class=\"title-wrapper wd-wpb set-mb-s reset-last-child  wd-rs-6852c451a535e wd-title-color-default wd-title-style-bordered wd-width-100 text-left  wd-underline-colored\">\n\t\t\t\n\t\t\t<div class=\"liner-continer\">\n\t\t\t\t<h4 class=\"woodmart-title-container title  wd-font-weight-800 wd-fontsize-m\" >11:45 | Center for Impact Entrepreneurship<\/h4>\n\t\t\t\t\t\t\t<\/div>\n\t\t\t\n\t\t\t\n\t\t\t\n\t\t<\/div>\n\t\t\n\t\t\t\t<div id=\"wd-6852c272ab2cc\" class=\"wd-text-block wd-wpb reset-last-child wd-rs-6852c272ab2cc wd-width-100 text-left \">\n\t\t\t<p><strong>Moderator:<\/strong> Lu\u00edsa Bernardes<\/p>\n\t\t<\/div>\n\t\t\t\t<div id=\"wd-6852c28831708\" class=\"wd-text-block wd-wpb reset-last-child wd-rs-6852c28831708 wd-width-100 text-left \">\n\t\t\t<p><strong>Ricardo Pocinho<\/strong> | President of ANGES<\/p>\n\t\t<\/div>\n\t\t\t\t<div id=\"wd-6852c28fba875\" class=\"wd-text-block wd-wpb reset-last-child wd-rs-6852c28fba875 wd-width-100 text-left \">\n\t\t\t<p><strong>Leonor Barata<\/strong> | Viseu City Councillor (To be confirmed)<\/p>\n\t\t<\/div>\n\t\t\t\t<div id=\"wd-6852c295889ab\" class=\"wd-text-block wd-wpb reset-last-child wd-rs-6852c295889ab wd-width-100 text-left \">\n\t\t\t<p><strong>Ot\u00e1vio Ferreira<\/strong> | Marketing Director of Talinamed, Unip Lda<\/p>\n\t\t<\/div>\n\t\t\n\t\t<div id=\"wd-6852bc51d21eb\" class=\"title-wrapper wd-wpb set-mb-s reset-last-child  wd-rs-6852bc51d21eb wd-title-color-default wd-title-style-bordered wd-width-100 text-left  wd-underline-colored\">\n\t\t\t\n\t\t\t<div class=\"liner-continer\">\n\t\t\t\t<h4 class=\"woodmart-title-container title  wd-font-weight-800 wd-fontsize-m\" >12:30 | Importance of networking in innovation and social entrepreneurship<\/h4>\n\t\t\t\t\t\t\t<\/div>\n\t\t\t\n\t\t\t\n\t\t\t\n\t\t<\/div>\n\t\t\n\t\t\t\t<div id=\"wd-6852c2ac46f9a\" class=\"wd-text-block wd-wpb reset-last-child wd-rs-6852c2ac46f9a wd-width-100 text-left \">\n\t\t\t<p><strong>Hugo Carvalho<\/strong> | ISCIA &#8211; Instituto Superior de Ci\u00eancias da Informa\u00e7\u00e3o e da Administra\u00e7\u00e3o<\/p>\n\t\t<\/div>\n\t\t\n\t\t<div id=\"wd-6852bcb709783\" class=\"title-wrapper wd-wpb set-mb-s reset-last-child  wd-rs-6852bcb709783 wd-title-color-default wd-title-style-bordered wd-width-100 text-left  wd-underline-colored\">\n\t\t\t\n\t\t\t<div class=\"liner-continer\">\n\t\t\t\t<h4 class=\"woodmart-title-container title  wd-font-weight-800 wd-fontsize-m\" >12:45 | Closing Session<\/h4>\n\t\t\t\t\t\t\t<\/div>\n\t\t\t\n\t\t\t\n\t\t\t\n\t\t<\/div>\n\t\t\n\t\t\t\t<div id=\"wd-6852c2bdeb823\" class=\"wd-text-block wd-wpb reset-last-child wd-rs-6852c2bdeb823 wd-width-100 text-left \">\n\t\t\t<p><strong>Fernando Ruas<\/strong> | Mayor of Viseu (To be confirmed)<\/p>\n\t\t<\/div>\n\t\t[\/vc_column][\/vc_row][vc_row css=&#8221;.vc_custom_1739046686631{margin-top: 30px !important;margin-bottom: 20px !important;}&#8221; woodmart_css_id=&#8221;67a7bf17d3881&#8243; responsive_spacing=&#8221;eyJwYXJhbV90eXBlIjoid29vZG1hcnRfcmVzcG9uc2l2ZV9zcGFjaW5nIiwic2VsZWN0b3JfaWQiOiI2N2E3YmYxN2QzODgxIiwic2hvcnRjb2RlIjoidmNfcm93IiwiZGF0YSI6eyJ0YWJsZXQiOnt9LCJtb2JpbGUiOnt9fX0=&#8221; mobile_bg_img_hidden=&#8221;no&#8221; tablet_bg_img_hidden=&#8221;no&#8221; woodmart_parallax=&#8221;0&#8243; woodmart_gradient_switch=&#8221;no&#8221; woodmart_box_shadow=&#8221;no&#8221; wd_z_index=&#8221;no&#8221; woodmart_disable_overflow=&#8221;0&#8243; row_reverse_mobile=&#8221;0&#8243; row_reverse_tablet=&#8221;0&#8243;][vc_column css=&#8221;.vc_custom_1484657273903{padding-top: 0px !important;}&#8221;]\n\t\t<div id=\"wd-685022f3072ad\" class=\"title-wrapper wd-wpb set-mb-s reset-last-child  wd-rs-685022f3072ad wd-title-color-default wd-title-style-bordered wd-width-100 text-left vc_custom_1750082302619 wd-underline-colored\">\n\t\t\t\n\t\t\t<div class=\"liner-continer\">\n\t\t\t\t<h4 class=\"woodmart-title-container title  wd-font-weight- wd-fontsize-l\" >ORGANIZATION<\/h4>\n\t\t\t\t\t\t\t<\/div>\n\t\t\t\n\t\t\t\n\t\t\t\n\t\t<\/div>\n\t\t\n\t\t[\/vc_column][\/vc_row][vc_row woodmart_css_id=&#8221;679a434a955ea&#8221; responsive_spacing=&#8221;eyJwYXJhbV90eXBlIjoid29vZG1hcnRfcmVzcG9uc2l2ZV9zcGFjaW5nIiwic2VsZWN0b3JfaWQiOiI2NzlhNDM0YTk1NWVhIiwic2hvcnRjb2RlIjoidmNfcm93IiwiZGF0YSI6eyJ0YWJsZXQiOnt9LCJtb2JpbGUiOnt9fX0=&#8221; mobile_bg_img_hidden=&#8221;no&#8221; tablet_bg_img_hidden=&#8221;no&#8221; woodmart_parallax=&#8221;0&#8243; woodmart_gradient_switch=&#8221;no&#8221; woodmart_box_shadow=&#8221;no&#8221; wd_z_index=&#8221;no&#8221; woodmart_disable_overflow=&#8221;0&#8243; row_reverse_mobile=&#8221;0&#8243; row_reverse_tablet=&#8221;0&#8243;][vc_column width=&#8221;1\/5&#8243;][vc_single_image image=&#8221;8984&#8243; img_size=&#8221;medium&#8221; alignment=&#8221;center&#8221; onclick=&#8221;custom_link&#8221; img_link_target=&#8221;_blank&#8221; css=&#8221;&#8221; parallax_scroll=&#8221;no&#8221; woodmart_inline=&#8221;no&#8221; link=&#8221;https:\/\/anges.pt\/en\/&#8221;][\/vc_column][vc_column width=&#8221;1\/5&#8243;][vc_single_image image=&#8221;9113&#8243; img_size=&#8221;medium&#8221; alignment=&#8221;center&#8221; onclick=&#8221;custom_link&#8221; img_link_target=&#8221;_blank&#8221; css=&#8221;&#8221; parallax_scroll=&#8221;no&#8221; woodmart_inline=&#8221;no&#8221; link=&#8221;https:\/\/www.cimvdl.pt\/&#8221;][\/vc_column][vc_column width=&#8221;1\/5&#8243;][vc_single_image image=&#8221;9100&#8243; img_size=&#8221;medium&#8221; alignment=&#8221;center&#8221; onclick=&#8221;custom_link&#8221; img_link_target=&#8221;_blank&#8221; css=&#8221;&#8221; parallax_scroll=&#8221;no&#8221; woodmart_inline=&#8221;no&#8221; link=&#8221;https:\/\/inovacaosocial.portugal2020.pt\/portugal-2030\/&#8221;][\/vc_column][vc_column width=&#8221;1\/5&#8243;][\/vc_column][vc_column width=&#8221;1\/5&#8243;][\/vc_column][\/vc_row][vc_row woodmart_css_id=&#8221;67a7c5267f951&#8243; responsive_spacing=&#8221;eyJwYXJhbV90eXBlIjoid29vZG1hcnRfcmVzcG9uc2l2ZV9zcGFjaW5nIiwic2VsZWN0b3JfaWQiOiI2N2E3YzUyNjdmOTUxIiwic2hvcnRjb2RlIjoidmNfcm93IiwiZGF0YSI6eyJ0YWJsZXQiOnt9LCJtb2JpbGUiOnt9fX0=&#8221; mobile_bg_img_hidden=&#8221;no&#8221; tablet_bg_img_hidden=&#8221;no&#8221; woodmart_parallax=&#8221;0&#8243; woodmart_gradient_switch=&#8221;no&#8221; woodmart_box_shadow=&#8221;no&#8221; wd_z_index=&#8221;no&#8221; woodmart_disable_overflow=&#8221;0&#8243; row_reverse_mobile=&#8221;0&#8243; row_reverse_tablet=&#8221;0&#8243;][vc_column][vc_btn title=&#8221;REGISTRATION&#8221; style=&#8221;classic&#8221; size=&#8221;lg&#8221; align=&#8221;center&#8221; i_icon_fontawesome=&#8221;fas fa-file-signature&#8221; css=&#8221;&#8221; add_icon=&#8221;true&#8221; link=&#8221;url:https%3A%2F%2Fdocs.google.com%2Fforms%2Fd%2Fe%2F1FAIpQLSeLJNsUjyPEe388nZw4CkpMHLALmdLYvUFxGwLMnywc57-8jQ%2Fviewform|target:_blank|&#8221;][\/vc_column][\/vc_row]<\/p>\n<\/div>","protected":false},"excerpt":{"rendered":"<p>[vc_row css=&#8221;.vc_custom_1739048382548{margin-bottom: 20px !important;}&#8221; woodmart_css_id=&#8221;67a7c5b50a95d&#8221; responsive_spacing=&#8221;eyJwYXJhbV90eXBlIjoid29vZG1hcnRfcmVzcG9uc2l2ZV9zcGFjaW5nIiwic2VsZWN0b3JfaWQiOiI2N2E3YzViNTBhOTVkIiwic2hvcnRjb2RlIjoidmNfcm93IiwiZGF0YSI6eyJ0YWJsZXQiOnt9LCJtb2JpbGUiOnt9fX0=&#8221; mobile_bg_img_hidden=&#8221;no&#8221; tablet_bg_img_hidden=&#8221;no&#8221; woodmart_parallax=&#8221;0&#8243; woodmart_gradient_switch=&#8221;no&#8221; woodmart_box_shadow=&#8221;no&#8221; wd_z_index=&#8221;no&#8221; woodmart_disable_overflow=&#8221;0&#8243; row_reverse_mobile=&#8221;0&#8243; row_reverse_tablet=&#8221;0&#8243;][vc_column][\/vc_column][\/vc_row][vc_row woodmart_css_id=&#8221;67a7c5c5da65f&#8221; responsive_spacing=&#8221;eyJwYXJhbV90eXBlIjoid29vZG1hcnRfcmVzcG9uc2l2ZV9zcGFjaW5nIiwic2VsZWN0b3JfaWQiOiI2N2E3YzVjNWRhNjVmIiwic2hvcnRjb2RlIjoidmNfcm93IiwiZGF0YSI6eyJ0YWJsZXQiOnt9LCJtb2JpbGUiOnt9fX0=&#8221; mobile_bg_img_hidden=&#8221;no&#8221; tablet_bg_img_hidden=&#8221;no&#8221; woodmart_parallax=&#8221;0&#8243;<\/p>\n","protected":false},"author":1,"featured_media":0,"parent":0,"menu_order":0,"comment_status":"closed","ping_status":"closed","template":"","meta":{"footnotes":""},"class_list":["post-18505","page","type-page","status-publish","hentry"],"yoast_head":"<!-- This site is optimized with the Yoast SEO Premium plugin v27.5 (Yoast SEO v27.5) - https:\/\/yoast.com\/product\/yoast-seo-premium-wordpress\/ -->\n<title>Entrepreneurship and Social Innovation Seminar - Anges<\/title>\n<meta name=\"robots\" content=\"index, follow, max-snippet:-1, max-image-preview:large, max-video-preview:-1\" \/>\n<link rel=\"canonical\" href=\"https:\/\/anges.pt\/en\/ageingazores2025-3\/\" \/>\n<meta property=\"og:locale\" content=\"en_US\" \/>\n<meta property=\"og:type\" content=\"article\" \/>\n<meta property=\"og:title\" content=\"Entrepreneurship and Social Innovation Seminar\" \/>\n<meta property=\"og:description\" content=\"[vc_row css=&#8221;.vc_custom_1739048382548{margin-bottom: 20px !important;}&#8221; woodmart_css_id=&#8221;67a7c5b50a95d&#8221; responsive_spacing=&#8221;eyJwYXJhbV90eXBlIjoid29vZG1hcnRfcmVzcG9uc2l2ZV9zcGFjaW5nIiwic2VsZWN0b3JfaWQiOiI2N2E3YzViNTBhOTVkIiwic2hvcnRjb2RlIjoidmNfcm93IiwiZGF0YSI6eyJ0YWJsZXQiOnt9LCJtb2JpbGUiOnt9fX0=&#8221; mobile_bg_img_hidden=&#8221;no&#8221; tablet_bg_img_hidden=&#8221;no&#8221; woodmart_parallax=&#8221;0&#8243; woodmart_gradient_switch=&#8221;no&#8221; woodmart_box_shadow=&#8221;no&#8221; wd_z_index=&#8221;no&#8221; woodmart_disable_overflow=&#8221;0&#8243; row_reverse_mobile=&#8221;0&#8243; row_reverse_tablet=&#8221;0&#8243;][vc_column][\/vc_column][\/vc_row][vc_row woodmart_css_id=&#8221;67a7c5c5da65f&#8221; responsive_spacing=&#8221;eyJwYXJhbV90eXBlIjoid29vZG1hcnRfcmVzcG9uc2l2ZV9zcGFjaW5nIiwic2VsZWN0b3JfaWQiOiI2N2E3YzVjNWRhNjVmIiwic2hvcnRjb2RlIjoidmNfcm93IiwiZGF0YSI6eyJ0YWJsZXQiOnt9LCJtb2JpbGUiOnt9fX0=&#8221; mobile_bg_img_hidden=&#8221;no&#8221; tablet_bg_img_hidden=&#8221;no&#8221; woodmart_parallax=&#8221;0&#8243;\" \/>\n<meta property=\"og:url\" content=\"https:\/\/anges.pt\/en\/ageingazores2025-3\/\" \/>\n<meta property=\"og:site_name\" content=\"Anges\" \/>\n<meta property=\"article:publisher\" content=\"https:\/\/www.facebook.com\/anges.pt\" \/>\n<meta property=\"article:modified_time\" content=\"2025-06-24T13:55:25+00:00\" \/>\n<meta name=\"twitter:card\" content=\"summary_large_image\" \/>\n<meta name=\"twitter:label1\" content=\"Est. reading time\" \/>\n\t<meta name=\"twitter:data1\" content=\"15 minutes\" \/>\n<script type=\"application\/ld+json\" class=\"yoast-schema-graph\">{\"@context\":\"https:\\\/\\\/schema.org\",\"@graph\":[{\"@type\":\"WebPage\",\"@id\":\"https:\\\/\\\/anges.pt\\\/en\\\/ageingazores2025-3\\\/\",\"url\":\"https:\\\/\\\/anges.pt\\\/en\\\/ageingazores2025-3\\\/\",\"name\":\"Entrepreneurship and Social Innovation Seminar - Anges\",\"isPartOf\":{\"@id\":\"https:\\\/\\\/anges.pt\\\/en\\\/#website\"},\"datePublished\":\"2025-06-04T22:02:51+00:00\",\"dateModified\":\"2025-06-24T13:55:25+00:00\",\"breadcrumb\":{\"@id\":\"https:\\\/\\\/anges.pt\\\/en\\\/ageingazores2025-3\\\/#breadcrumb\"},\"inLanguage\":\"en-US\",\"potentialAction\":[{\"@type\":\"ReadAction\",\"target\":[\"https:\\\/\\\/anges.pt\\\/en\\\/ageingazores2025-3\\\/\"]}]},{\"@type\":\"BreadcrumbList\",\"@id\":\"https:\\\/\\\/anges.pt\\\/en\\\/ageingazores2025-3\\\/#breadcrumb\",\"itemListElement\":[{\"@type\":\"ListItem\",\"position\":1,\"name\":\"In\u00edcio\",\"item\":\"https:\\\/\\\/anges.pt\\\/en\\\/home\\\/\"},{\"@type\":\"ListItem\",\"position\":2,\"name\":\"Entrepreneurship and Social Innovation Seminar\"}]},{\"@type\":\"WebSite\",\"@id\":\"https:\\\/\\\/anges.pt\\\/en\\\/#website\",\"url\":\"https:\\\/\\\/anges.pt\\\/en\\\/\",\"name\":\"Anges\",\"description\":\"Associa\u00e7\u00e3o Nacional de Gerontologia Social\",\"publisher\":{\"@id\":\"https:\\\/\\\/anges.pt\\\/en\\\/#organization\"},\"alternateName\":\"Associa\u00e7\u00e3o Nacional de Gerontologia Social\",\"potentialAction\":[{\"@type\":\"SearchAction\",\"target\":{\"@type\":\"EntryPoint\",\"urlTemplate\":\"https:\\\/\\\/anges.pt\\\/en\\\/?s={search_term_string}\"},\"query-input\":{\"@type\":\"PropertyValueSpecification\",\"valueRequired\":true,\"valueName\":\"search_term_string\"}}],\"inLanguage\":\"en-US\"},{\"@type\":\"Organization\",\"@id\":\"https:\\\/\\\/anges.pt\\\/en\\\/#organization\",\"name\":\"Anges\",\"alternateName\":\"Associa\u00e7\u00e3o Nacional de Gerontologia Social\",\"url\":\"https:\\\/\\\/anges.pt\\\/en\\\/\",\"logo\":{\"@type\":\"ImageObject\",\"inLanguage\":\"en-US\",\"@id\":\"https:\\\/\\\/anges.pt\\\/en\\\/#\\\/schema\\\/logo\\\/image\\\/\",\"url\":\"https:\\\/\\\/anges.pt\\\/wp-content\\\/uploads\\\/2024\\\/08\\\/Dimensoes-personalizadas-3x2-cm-4.jpeg\",\"contentUrl\":\"https:\\\/\\\/anges.pt\\\/wp-content\\\/uploads\\\/2024\\\/08\\\/Dimensoes-personalizadas-3x2-cm-4.jpeg\",\"width\":170,\"height\":114,\"caption\":\"Anges\"},\"image\":{\"@id\":\"https:\\\/\\\/anges.pt\\\/en\\\/#\\\/schema\\\/logo\\\/image\\\/\"},\"sameAs\":[\"https:\\\/\\\/www.facebook.com\\\/anges.pt\",\"https:\\\/\\\/www.instagram.com\\\/associacaoanges\\\/\"]}]}<\/script>\n<!-- \/ Yoast SEO Premium plugin. -->","yoast_head_json":{"title":"Entrepreneurship and Social Innovation Seminar - Anges","robots":{"index":"index","follow":"follow","max-snippet":"max-snippet:-1","max-image-preview":"max-image-preview:large","max-video-preview":"max-video-preview:-1"},"canonical":"https:\/\/anges.pt\/en\/ageingazores2025-3\/","og_locale":"en_US","og_type":"article","og_title":"Entrepreneurship and Social Innovation Seminar","og_description":"[vc_row css=&#8221;.vc_custom_1739048382548{margin-bottom: 20px !important;}&#8221; woodmart_css_id=&#8221;67a7c5b50a95d&#8221; responsive_spacing=&#8221;eyJwYXJhbV90eXBlIjoid29vZG1hcnRfcmVzcG9uc2l2ZV9zcGFjaW5nIiwic2VsZWN0b3JfaWQiOiI2N2E3YzViNTBhOTVkIiwic2hvcnRjb2RlIjoidmNfcm93IiwiZGF0YSI6eyJ0YWJsZXQiOnt9LCJtb2JpbGUiOnt9fX0=&#8221; mobile_bg_img_hidden=&#8221;no&#8221; tablet_bg_img_hidden=&#8221;no&#8221; woodmart_parallax=&#8221;0&#8243; woodmart_gradient_switch=&#8221;no&#8221; woodmart_box_shadow=&#8221;no&#8221; wd_z_index=&#8221;no&#8221; woodmart_disable_overflow=&#8221;0&#8243; row_reverse_mobile=&#8221;0&#8243; row_reverse_tablet=&#8221;0&#8243;][vc_column][\/vc_column][\/vc_row][vc_row woodmart_css_id=&#8221;67a7c5c5da65f&#8221; responsive_spacing=&#8221;eyJwYXJhbV90eXBlIjoid29vZG1hcnRfcmVzcG9uc2l2ZV9zcGFjaW5nIiwic2VsZWN0b3JfaWQiOiI2N2E3YzVjNWRhNjVmIiwic2hvcnRjb2RlIjoidmNfcm93IiwiZGF0YSI6eyJ0YWJsZXQiOnt9LCJtb2JpbGUiOnt9fX0=&#8221; mobile_bg_img_hidden=&#8221;no&#8221; tablet_bg_img_hidden=&#8221;no&#8221; woodmart_parallax=&#8221;0&#8243;","og_url":"https:\/\/anges.pt\/en\/ageingazores2025-3\/","og_site_name":"Anges","article_publisher":"https:\/\/www.facebook.com\/anges.pt","article_modified_time":"2025-06-24T13:55:25+00:00","twitter_card":"summary_large_image","twitter_misc":{"Est. reading time":"15 minutes"},"schema":{"@context":"https:\/\/schema.org","@graph":[{"@type":"WebPage","@id":"https:\/\/anges.pt\/en\/ageingazores2025-3\/","url":"https:\/\/anges.pt\/en\/ageingazores2025-3\/","name":"Entrepreneurship and Social Innovation Seminar - Anges","isPartOf":{"@id":"https:\/\/anges.pt\/en\/#website"},"datePublished":"2025-06-04T22:02:51+00:00","dateModified":"2025-06-24T13:55:25+00:00","breadcrumb":{"@id":"https:\/\/anges.pt\/en\/ageingazores2025-3\/#breadcrumb"},"inLanguage":"en-US","potentialAction":[{"@type":"ReadAction","target":["https:\/\/anges.pt\/en\/ageingazores2025-3\/"]}]},{"@type":"BreadcrumbList","@id":"https:\/\/anges.pt\/en\/ageingazores2025-3\/#breadcrumb","itemListElement":[{"@type":"ListItem","position":1,"name":"In\u00edcio","item":"https:\/\/anges.pt\/en\/home\/"},{"@type":"ListItem","position":2,"name":"Entrepreneurship and Social Innovation Seminar"}]},{"@type":"WebSite","@id":"https:\/\/anges.pt\/en\/#website","url":"https:\/\/anges.pt\/en\/","name":"Anges","description":"Associa\u00e7\u00e3o Nacional de Gerontologia Social","publisher":{"@id":"https:\/\/anges.pt\/en\/#organization"},"alternateName":"Associa\u00e7\u00e3o Nacional de Gerontologia Social","potentialAction":[{"@type":"SearchAction","target":{"@type":"EntryPoint","urlTemplate":"https:\/\/anges.pt\/en\/?s={search_term_string}"},"query-input":{"@type":"PropertyValueSpecification","valueRequired":true,"valueName":"search_term_string"}}],"inLanguage":"en-US"},{"@type":"Organization","@id":"https:\/\/anges.pt\/en\/#organization","name":"Anges","alternateName":"Associa\u00e7\u00e3o Nacional de Gerontologia Social","url":"https:\/\/anges.pt\/en\/","logo":{"@type":"ImageObject","inLanguage":"en-US","@id":"https:\/\/anges.pt\/en\/#\/schema\/logo\/image\/","url":"https:\/\/anges.pt\/wp-content\/uploads\/2024\/08\/Dimensoes-personalizadas-3x2-cm-4.jpeg","contentUrl":"https:\/\/anges.pt\/wp-content\/uploads\/2024\/08\/Dimensoes-personalizadas-3x2-cm-4.jpeg","width":170,"height":114,"caption":"Anges"},"image":{"@id":"https:\/\/anges.pt\/en\/#\/schema\/logo\/image\/"},"sameAs":["https:\/\/www.facebook.com\/anges.pt","https:\/\/www.instagram.com\/associacaoanges\/"]}]}},"_links":{"self":[{"href":"https:\/\/anges.pt\/en\/wp-json\/wp\/v2\/pages\/18505","targetHints":{"allow":["GET"]}}],"collection":[{"href":"https:\/\/anges.pt\/en\/wp-json\/wp\/v2\/pages"}],"about":[{"href":"https:\/\/anges.pt\/en\/wp-json\/wp\/v2\/types\/page"}],"author":[{"embeddable":true,"href":"https:\/\/anges.pt\/en\/wp-json\/wp\/v2\/users\/1"}],"replies":[{"embeddable":true,"href":"https:\/\/anges.pt\/en\/wp-json\/wp\/v2\/comments?post=18505"}],"version-history":[{"count":111,"href":"https:\/\/anges.pt\/en\/wp-json\/wp\/v2\/pages\/18505\/revisions"}],"predecessor-version":[{"id":19258,"href":"https:\/\/anges.pt\/en\/wp-json\/wp\/v2\/pages\/18505\/revisions\/19258"}],"wp:attachment":[{"href":"https:\/\/anges.pt\/en\/wp-json\/wp\/v2\/media?parent=18505"}],"curies":[{"name":"wp","href":"https:\/\/api.w.org\/{rel}","templated":true}]}}