{"id":14070,"date":"2023-09-28T09:41:14","date_gmt":"2023-09-28T09:41:14","guid":{"rendered":"https:\/\/anges.pt\/2nd-congress-looks-at-palliative-care\/"},"modified":"2025-02-22T09:41:32","modified_gmt":"2025-02-22T09:41:32","slug":"2nd-congress-looks-at-palliative-care","status":"publish","type":"page","link":"https:\/\/anges.pt\/en\/2nd-congress-looks-at-palliative-care\/","title":{"rendered":"2nd Congress, look(s) at palliative care"},"content":{"rendered":"<div class=\"wpb-content-wrapper\"><p>[vc_row][vc_column]\n\t\t<div id=\"wd-6548a65c9e62d\" class=\"title-wrapper wd-wpb set-mb-s reset-last-child  wd-rs-6548a65c9e62d wd-title-color-primary wd-title-style-bordered wd-width-100 text-center vc_custom_1699259999466 wd-underline-colored\">\n\t\t\t\n\t\t\t<div class=\"liner-continer\">\n\t\t\t\t<h4 class=\"woodmart-title-container title  wd-font-weight- wd-fontsize-l\" ><strong>2nd CONGRESS, LOOK(S) AT PALLIATIVE CARE<\/strong><\/p>\n<p>November 16 - Free Communications | ONLINE<\/p>\n<p>November 17 - Instituto Superior de Engenharia de Coimbra and ONLINE<\/h4>\n\t\t\t\t\t\t\t<\/div>\n\t\t\t\n\t\t\t\n\t\t\t\n\t\t<\/div>\n\t\t\n\t\t[\/vc_column][vc_column][vc_empty_space woodmart_hide_large=&#8221;0&#8243; woodmart_hide_medium=&#8221;0&#8243; woodmart_hide_small=&#8221;0&#8243; woodmart_hide_extra_small=&#8221;0&#8243;][\/vc_column][\/vc_row][vc_row][vc_column]\t\t\t<div class=\"wd-countdown-timer  color-scheme-light text-center timer-size-xlarge timer-style-active\">\n\t\t\t\t<div class=\"wd-timer woodmart-timer\" data-end-date=\"2023-11-16 09:00\" data-timezone=\"GMT\"><\/div>\n\t\t\t<\/div>\n\t\t[\/vc_column][\/vc_row][vc_row][vc_column][vc_empty_space woodmart_hide_large=&#8221;0&#8243; woodmart_hide_medium=&#8221;0&#8243; woodmart_hide_small=&#8221;0&#8243; woodmart_hide_extra_small=&#8221;0&#8243;][\/vc_column][\/vc_row][vc_row][vc_column][vc_cta h2=&#8221;November 16, 2023 &#8211; FREE ONLINE COMMUNICATIONS &#8211; SUBMISSION OF ABSTRACTS BY NOVEMBER 12&#8243; h4=&#8221;Publication in the journal RIAGE (international and ISI indexed) https:\/\/www.riagejournal.com&#8221; txt_align=&#8221;center&#8221;][PT]  Information, write to riage@anges.pt<\/p>\n<p>[ES] Informaci\u00f3n, escribir a riage@anges.pt<\/p>\n<p>[EN] Information, write to riage@anges.pt[\/vc_cta][\/vc_column][\/vc_row][vc_row][vc_column][vc_btn title=&#8221;PROGRAM DAY 16 &#8211; FREE PAPERS | ONLINE&#8221; color=&#8221;warning&#8221; size=&#8221;lg&#8221; align=&#8221;center&#8221;][\/vc_column][\/vc_row][vc_row][vc_column][vc_separator][vc_column_text woodmart_inline=&#8221;no&#8221; text_larger=&#8221;no&#8221;]<\/p>\n<table width=\"1855\">\n<tbody>\n<tr>\n<td colspan=\"4\" width=\"1855\"><\/td>\n<\/tr>\n<tr>\n<td>Timetable<\/td>\n<td>Communication title<\/td>\n<td>Presented by<\/td>\n<td>Authors<\/td>\n<\/tr>\n<tr>\n<td>10h00<\/td>\n<td>Intervention by the palliative care team in a residential facility for the elderly &#8211; a clinical case<\/td>\n<td>Helena Magalh\u00e3es<\/td>\n<td width=\"857\">Monica Guardado; Lu\u00edsa Empis; Helena Magalh\u00e3es; Andreia Coutinho<\/td>\n<\/tr>\n<tr>\n<td>10h15<\/td>\n<td width=\"742\">Level of knowledge in palliative care, preparedness and capacity for end-of-life care by health professionals<\/td>\n<td>Lurdes Martins<\/td>\n<td width=\"857\">Maria de Lurdes da Costa Martins; Ana Paula Rodrigues; Carlos Duarte Coelho Peixeira Marques; Rui Miguel Barros Cunha Carvalho<\/td>\n<\/tr>\n<tr>\n<td>10h30<\/td>\n<td width=\"742\">Management teams in palliative care &#8211; a path to staying at home<\/td>\n<td>Cristina Cunha<\/td>\n<td width=\"857\">Cristina Cunha; Paulo Zo\u00e9 Costa; Rui Teixeira; Rui Ven\u00e2ncio; Sofia Ramos; S\u00f3nia Rodrigues; Susana Abreu; Cec\u00edlia Almeida<\/td>\n<\/tr>\n<tr>\n<td>10h45<\/td>\n<td>The perception of call in palliative care professionals and the effect on their professional practices<\/td>\n<td>Telma Alves<\/td>\n<td width=\"857\">Carla Pinto; Telma Alves<\/td>\n<\/tr>\n<tr>\n<td>11h00<\/td>\n<td>Palliative approach to people with dementia living in erpi &#8211; a psychological intervention protocol<\/td>\n<td>Vera Fialho Martins<\/td>\n<td width=\"857\">V. Martins; I. Amorim; C. Martins; M.A. Silva; A.R. Alves; A.C Alexandre; G. Cerullo<\/td>\n<\/tr>\n<tr>\n<td>11h15<\/td>\n<td>Communicating bad news in palliative care<\/td>\n<td>Catarina Mateus<\/td>\n<td width=\"857\">Catarina Mateus; C\u00e1tia Ganchinho; Margarida Arez; Raquel Lopes ; Raquel Natal<\/td>\n<\/tr>\n<tr>\n<td>11h30<\/td>\n<td>Deprescribing in polymedicated elderly: a person-centered care program (dePresCriPtOld)<\/td>\n<td>Olivia Pereira<\/td>\n<td width=\"857\">Mariana Silva Rocha; Liseta Gon\u00e7alves; Hugo Ribeiro; In\u00eas Rodrigues; Isabel Pinto; Lu\u00eds Miguel Nascimento; Carlos Pires Magalh\u00e3es; Ol\u00edvia R. Pereira<\/td>\n<\/tr>\n<tr>\n<td>11h45<\/td>\n<td>Bioethical principles in the communication process in palliative care<\/td>\n<td>Sofia Pinto Bernardino<\/td>\n<td width=\"857\">C\u00e1tia Sofia Rodrigues; Sofia Pinto Bernardino<\/td>\n<\/tr>\n<tr>\n<td>12h00<\/td>\n<td>Intervention for caregivers of dependent elderly people with dementia<\/td>\n<td>Silvia Pacheco<\/td>\n<td>Silvia Pacheco; Jo\u00e3o Roque<\/td>\n<\/tr>\n<tr>\n<td>12h15<\/td>\n<td>Palliative care in the central region of the country, proposal to improve its operation with the integration of ERPIs new paradigm.<\/td>\n<td>Laura Sousa<\/td>\n<td>Laura Sousa<\/td>\n<\/tr>\n<tr>\n<td colspan=\"4\"><\/td>\n<\/tr>\n<tr>\n<td>14h00<\/td>\n<td>Palliative care in intensive care, what are the opportunities?<\/td>\n<td>Helena Pires<\/td>\n<td>Helena Pires; Vera Bizarro; Ana Margarida Andrade Costa Fran\u00e7a; L\u00facia Maria Sim\u00f5es Martins; Pedro Manuel de Matos Lopes Pinto; Cristina Isabel Gaspar Santos&#8221;<\/td>\n<\/tr>\n<tr>\n<td>14h15<\/td>\n<td>Promoting emotional well-being in the palliative patient<\/td>\n<td>Rita Figueiredo<\/td>\n<td width=\"857\">Ana Rita Sousa Figueiredo; Lu\u00eds Miguel Mendes Canas; Nuno Filipe Raposeiro Torres; Tiago Emanuel Pais Alves; Jo\u00e3o Daniel Carvalho Borges; Alexandre David Rosa Frutuoso; Eduardo Manuel Figueiredo Cardoso<\/td>\n<\/tr>\n<tr>\n<td>14h30<\/td>\n<td>Project: music + palliate = well-being<\/td>\n<td>Ana Galv\u00e3o<\/td>\n<td width=\"857\">Vasco Alves; Maria Jos\u00e9 Gomes; Ana Galv\u00e3o; Gorete Batista<\/td>\n<\/tr>\n<tr>\n<td>14h45<\/td>\n<td>Literacy in humanistic skills in the context of palliative care: scoping review<\/td>\n<td>Ana Galv\u00e3o<\/td>\n<td width=\"857\">Gorete Batista; Ana Galv\u00e3o; Maria Jos\u00e9 Gomes<\/td>\n<\/tr>\n<tr>\n<td>15h00<\/td>\n<td>Pediatric palliative care at home: what challenges?<\/td>\n<td>Vera Bizarro<\/td>\n<td width=\"857\">Helena Pires; Pedro Pinto; Sandra Lopes; Tiago Fl\u00f3rido; Vera Bizarro<\/td>\n<\/tr>\n<tr>\n<td>15h15<\/td>\n<td>Referral to an ECSCP &#8211; how many looks?<\/td>\n<td>Sara Carvalho<\/td>\n<td width=\"857\">Sara Carvalho; C\u00e9lia Oliveira<\/td>\n<\/tr>\n<tr>\n<td>15h30<\/td>\n<td>What are the emotional management experiences of parents\/caregivers in the context of pediatric palliative care? A systematic review of the literature&#8221; <\/td>\n<td>Catarina Ferraz<\/td>\n<td width=\"857\">Catarina Ferraz; In\u00eas Saraiva; Nice Estevens; Wandi Camala; Andreia Ferreri Cerqueira<\/td>\n<\/tr>\n<tr>\n<td>15h45<\/td>\n<td>Emergency in palliative care &#8211; contextual variables in the act of palliating&#8221;<\/td>\n<td>Mariana Rodrigues<\/td>\n<td width=\"857\">Rodrigues, M. J. R.; Branco, M. A. R. V.; Rodrigues, S. F. G. B<\/td>\n<\/tr>\n<\/tbody>\n<\/table>\n<p>[\/vc_column_text][vc_separator][\/vc_column][\/vc_row][vc_row][vc_column][vc_btn title=&#8221;PROGRAM DAY 16 &#8211; CONGRESS | IN PERSON AND ONLINE&#8221; color=&#8221;warning&#8221; size=&#8221;lg&#8221; align=&#8221;center&#8221;][\/vc_column][\/vc_row][vc_row][vc_column][vc_separator][vc_column_text woodmart_inline=&#8221;no&#8221; text_larger=&#8221;no&#8221;]<strong>Program<\/strong><\/p>\n<p><strong>8:30 a.m. &#8211; Opening of the secretariat<\/strong><\/p>\n<p><strong>9h00 &#8211; Opening Session<\/strong><\/p>\n<p>Congress President &#8211; Nurse Andreia Andrade &#8211; IPOCFG \/ ANGES<\/p>\n<p>Portuguese Palliative Care Association &#8211; Nurse Joana Rente<\/p>\n<p>Coimbra City Council Councillor &#8211; Dr. Ana Cortez Vaz<\/p>\n<p>President of ISEC &#8211; Instituto Superior de Engenharia do Polit\u00e9cnico de Coimbra &#8211; Professor M\u00e1rio Velindro<\/p>\n<p><strong>9:30 a.m. &#8211; Panel I<\/strong><\/p>\n<p>Moderator: Nurse Nuno Salgado &#8211; IPOCFG<\/p>\n<p>Complex chronic patient: the current challenge for professionals &#8211; Dr. F\u00e1tima Seabra, Unidade Local de Sa\u00fade de Matosinhos<\/p>\n<p>Transition to Palliative Care &#8211; Dr. Marta Amaral, IPOCFG<\/p>\n<p>Frailty of the Elderly &#8211; Professor Anabela Pereira, University of Aveiro<\/p>\n<p><strong>11h00 &#8211; Coffee break<\/strong><\/p>\n<p><strong>11:15 a.m. &#8211; Performance by the AGEING@Lab Choir &#8211; Pombal Education Center  <\/strong><\/p>\n<p><strong>11:30 a.m. &#8211; Panel II<\/strong><\/p>\n<p>Moderator: Nurse Andreia Andrade &#8211; IPOCFG \/ ANGES<\/p>\n<p>Palliative emergencies, bridges to response &#8211; Nurse Rui Campos, INEM &#8211; National Institute for Medical Emergencies<\/p>\n<p>Magic Ambulance &#8211; Portuguese Red Cross &#8211; Coimbra<\/p>\n<p>Leiria Compassiva &#8211; With Passion for Yours! &#8211; Palliative Care Service of the Leiria Hospital Center <\/p>\n<p>Conversations with Life &#8211; Palliative Care Unit of the Baixo Vouga Hospital Center<\/p>\n<p>Humanitude &#8211; Nurse Liliana Henriques, Gineste-Marescotti Institute Portugal<\/p>\n<p>&#8220;Via Verde: Palliative Care&#8221;, Nurse Joana Rente, Hospital Dr. Francisco Zagalo de Ovar<\/p>\n<p>MiMI Project &#8211; Dr. Rui Carneiro, Luz Arr\u00e1bida Hospital<\/p>\n<p><strong>13.00 &#8211; Lunch break <\/strong>(free)<\/p>\n<p><strong>14.30 &#8211; Panel III<\/strong><\/p>\n<p>Moderator: Dr. Sara Gordo &#8211; ANGES<\/p>\n<p>Building the spirit of teamwork &#8211; Professor Pedro Melo ESEP &#8211; Escola Superior de Enfermagem do Porto<\/p>\n<p>Team talent management &#8211; Nurse S\u00edlvia Gomes &#8211; Advisory Menber Cleveland Clinic London<\/p>\n<p>Taking care (also) of myself &#8211; Dr. Patr\u00edcia Neves (Growinner)<\/p>\n<p><strong>15h45 &#8211; Coffee break<\/strong><\/p>\n<p><strong>16h &#8211; Panel IV<\/strong><\/p>\n<p>Moderator: Professor Cristiana Mid\u00f5es &#8211; Escola Superior de Sa\u00fade do Instituto Polit\u00e9cnico da Guarda<\/p>\n<p>Health literacy: opportunities and challenges &#8211; Nurse T\u00e2nia Morgado, Portuguese Society for Health Literacy<\/p>\n<p>Promoting Palliative Care Literacy &#8211; Nurse Margarida Alvarenga &#8211; IPO do Porto<\/p>\n<p>The contribution of the media to literacy &#8211; Professor Miguel Mid\u00f5es, Escola Supervisor de Educa\u00e7\u00e3o de Viseu \/Faculdade de Letras da Universidade de Coimbra<\/p>\n<p><strong>17h:00- Closing session and awarding of best free papers<br \/>\n<\/strong><\/p>\n<p>Professor Ricardo Pocinho &#8211; President of ANGES<\/p>\n<p>Congress President &#8211; Andreia Andrade &#8211; IPOCFG \/ ANGES[\/vc_column_text][vc_separator][\/vc_column][\/vc_row][vc_row][vc_column][vc_btn title=&#8221;REGISTRATION&#8221; color=&#8221;violet&#8221; align=&#8221;center&#8221; link=&#8221;url:https%3A%2F%2Fanges.pt%2Fproduto%2Fcongressopaliativos%2F|&#8221;][\/vc_column][\/vc_row][vc_row][vc_column][vc_empty_space woodmart_hide_large=&#8221;0&#8243; woodmart_hide_medium=&#8221;0&#8243; woodmart_hide_small=&#8221;0&#8243; woodmart_hide_extra_small=&#8221;0&#8243;][\/vc_column][\/vc_row][vc_row][vc_column][vc_separator][vc_cta h2=&#8221;ORGANIZING COMMITTEE&#8221; txt_align=&#8221;center&#8221;]<a href=\"http:\/\/www.anges.pt\">ANGES &#8211; National Association of Social Gerontology<\/a><\/p>\n<p>[\/vc_cta][\/vc_column][\/vc_row][vc_row][vc_column][vc_empty_space woodmart_hide_large=&#8221;0&#8243; woodmart_hide_medium=&#8221;0&#8243; woodmart_hide_small=&#8221;0&#8243; woodmart_hide_extra_small=&#8221;0&#8243;][\/vc_column][\/vc_row][vc_row][vc_column][vc_cta h2=&#8221;SCIENTIFIC COMMITTEE&#8221; txt_align=&#8221;center&#8221;]<a href=\"https:\/\/www.cics.nova.fcsh.unl.pt\/polos\/cics-nova-ipleiria\">CICS.NOVA.IPLeiria<\/a><\/p>\n<p>[\/vc_cta][\/vc_column][\/vc_row]<\/p>\n<\/div>","protected":false},"excerpt":{"rendered":"<p>[vc_row][vc_column][\/vc_column][vc_column][vc_empty_space woodmart_hide_large=&#8221;0&#8243; woodmart_hide_medium=&#8221;0&#8243; woodmart_hide_small=&#8221;0&#8243; woodmart_hide_extra_small=&#8221;0&#8243;][\/vc_column][\/vc_row][vc_row][vc_column][\/vc_column][\/vc_row][vc_row][vc_column][vc_empty_space woodmart_hide_large=&#8221;0&#8243; woodmart_hide_medium=&#8221;0&#8243; woodmart_hide_small=&#8221;0&#8243; woodmart_hide_extra_small=&#8221;0&#8243;][\/vc_column][\/vc_row][vc_row][vc_column][vc_cta h2=&#8221;November 16, 2023 &#8211; FREE ONLINE COMMUNICATIONS &#8211; SUBMISSION OF ABSTRACTS<\/p>\n","protected":false},"author":1,"featured_media":0,"parent":0,"menu_order":0,"comment_status":"closed","ping_status":"closed","template":"","meta":{"footnotes":""},"class_list":["post-14070","page","type-page","status-publish","hentry"],"yoast_head":"<!-- This site is optimized with the Yoast SEO Premium plugin v27.2 (Yoast SEO v27.2) - https:\/\/yoast.com\/product\/yoast-seo-premium-wordpress\/ -->\n<title>2nd Congress, look(s) at palliative care - Anges<\/title>\n<meta name=\"robots\" content=\"index, follow, max-snippet:-1, max-image-preview:large, max-video-preview:-1\" \/>\n<link rel=\"canonical\" href=\"https:\/\/anges.pt\/en\/2nd-congress-looks-at-palliative-care\/\" \/>\n<meta property=\"og:locale\" content=\"en_US\" \/>\n<meta property=\"og:type\" content=\"article\" \/>\n<meta property=\"og:title\" content=\"2nd Congress, look(s) at palliative care\" \/>\n<meta property=\"og:description\" content=\"[vc_row][vc_column][\/vc_column][vc_column][vc_empty_space woodmart_hide_large=&#8221;0&#8243; woodmart_hide_medium=&#8221;0&#8243; woodmart_hide_small=&#8221;0&#8243; woodmart_hide_extra_small=&#8221;0&#8243;][\/vc_column][\/vc_row][vc_row][vc_column][\/vc_column][\/vc_row][vc_row][vc_column][vc_empty_space woodmart_hide_large=&#8221;0&#8243; woodmart_hide_medium=&#8221;0&#8243; woodmart_hide_small=&#8221;0&#8243; woodmart_hide_extra_small=&#8221;0&#8243;][\/vc_column][\/vc_row][vc_row][vc_column][vc_cta h2=&#8221;November 16, 2023 &#8211; FREE ONLINE COMMUNICATIONS &#8211; SUBMISSION OF ABSTRACTS\" \/>\n<meta property=\"og:url\" content=\"https:\/\/anges.pt\/en\/2nd-congress-looks-at-palliative-care\/\" \/>\n<meta property=\"og:site_name\" content=\"Anges\" \/>\n<meta property=\"article:publisher\" content=\"https:\/\/www.facebook.com\/anges.pt\" \/>\n<meta property=\"article:modified_time\" content=\"2025-02-22T09:41:32+00:00\" \/>\n<meta name=\"twitter:card\" content=\"summary_large_image\" \/>\n<meta name=\"twitter:label1\" content=\"Est. reading time\" \/>\n\t<meta name=\"twitter:data1\" content=\"6 minutes\" \/>\n<script type=\"application\/ld+json\" class=\"yoast-schema-graph\">{\"@context\":\"https:\/\/schema.org\",\"@graph\":[{\"@type\":\"WebPage\",\"@id\":\"https:\/\/anges.pt\/en\/2nd-congress-looks-at-palliative-care\/\",\"url\":\"https:\/\/anges.pt\/en\/2nd-congress-looks-at-palliative-care\/\",\"name\":\"2nd Congress, look(s) at palliative care - Anges\",\"isPartOf\":{\"@id\":\"https:\/\/anges.pt\/en\/#website\"},\"datePublished\":\"2023-09-28T09:41:14+00:00\",\"dateModified\":\"2025-02-22T09:41:32+00:00\",\"breadcrumb\":{\"@id\":\"https:\/\/anges.pt\/en\/2nd-congress-looks-at-palliative-care\/#breadcrumb\"},\"inLanguage\":\"en-US\",\"potentialAction\":[{\"@type\":\"ReadAction\",\"target\":[\"https:\/\/anges.pt\/en\/2nd-congress-looks-at-palliative-care\/\"]}]},{\"@type\":\"BreadcrumbList\",\"@id\":\"https:\/\/anges.pt\/en\/2nd-congress-looks-at-palliative-care\/#breadcrumb\",\"itemListElement\":[{\"@type\":\"ListItem\",\"position\":1,\"name\":\"In\u00edcio\",\"item\":\"https:\/\/anges.pt\/en\/home\/\"},{\"@type\":\"ListItem\",\"position\":2,\"name\":\"2nd Congress, look(s) at palliative care\"}]},{\"@type\":\"WebSite\",\"@id\":\"https:\/\/anges.pt\/en\/#website\",\"url\":\"https:\/\/anges.pt\/en\/\",\"name\":\"Anges\",\"description\":\"Associa\u00e7\u00e3o Nacional de Gerontologia Social\",\"publisher\":{\"@id\":\"https:\/\/anges.pt\/en\/#organization\"},\"alternateName\":\"Associa\u00e7\u00e3o Nacional de Gerontologia Social\",\"potentialAction\":[{\"@type\":\"SearchAction\",\"target\":{\"@type\":\"EntryPoint\",\"urlTemplate\":\"https:\/\/anges.pt\/en\/?s={search_term_string}\"},\"query-input\":{\"@type\":\"PropertyValueSpecification\",\"valueRequired\":true,\"valueName\":\"search_term_string\"}}],\"inLanguage\":\"en-US\"},{\"@type\":\"Organization\",\"@id\":\"https:\/\/anges.pt\/en\/#organization\",\"name\":\"Anges\",\"alternateName\":\"Associa\u00e7\u00e3o Nacional de Gerontologia Social\",\"url\":\"https:\/\/anges.pt\/en\/\",\"logo\":{\"@type\":\"ImageObject\",\"inLanguage\":\"en-US\",\"@id\":\"https:\/\/anges.pt\/en\/#\/schema\/logo\/image\/\",\"url\":\"https:\/\/anges.pt\/wp-content\/uploads\/2024\/08\/Dimensoes-personalizadas-3x2-cm-4.jpeg\",\"contentUrl\":\"https:\/\/anges.pt\/wp-content\/uploads\/2024\/08\/Dimensoes-personalizadas-3x2-cm-4.jpeg\",\"width\":170,\"height\":114,\"caption\":\"Anges\"},\"image\":{\"@id\":\"https:\/\/anges.pt\/en\/#\/schema\/logo\/image\/\"},\"sameAs\":[\"https:\/\/www.facebook.com\/anges.pt\",\"https:\/\/www.instagram.com\/associacaoanges\/\"]}]}<\/script>\n<!-- \/ Yoast SEO Premium plugin. -->","yoast_head_json":{"title":"2nd Congress, look(s) at palliative care - Anges","robots":{"index":"index","follow":"follow","max-snippet":"max-snippet:-1","max-image-preview":"max-image-preview:large","max-video-preview":"max-video-preview:-1"},"canonical":"https:\/\/anges.pt\/en\/2nd-congress-looks-at-palliative-care\/","og_locale":"en_US","og_type":"article","og_title":"2nd Congress, look(s) at palliative care","og_description":"[vc_row][vc_column][\/vc_column][vc_column][vc_empty_space woodmart_hide_large=&#8221;0&#8243; woodmart_hide_medium=&#8221;0&#8243; woodmart_hide_small=&#8221;0&#8243; woodmart_hide_extra_small=&#8221;0&#8243;][\/vc_column][\/vc_row][vc_row][vc_column][\/vc_column][\/vc_row][vc_row][vc_column][vc_empty_space woodmart_hide_large=&#8221;0&#8243; woodmart_hide_medium=&#8221;0&#8243; woodmart_hide_small=&#8221;0&#8243; woodmart_hide_extra_small=&#8221;0&#8243;][\/vc_column][\/vc_row][vc_row][vc_column][vc_cta h2=&#8221;November 16, 2023 &#8211; FREE ONLINE COMMUNICATIONS &#8211; SUBMISSION OF ABSTRACTS","og_url":"https:\/\/anges.pt\/en\/2nd-congress-looks-at-palliative-care\/","og_site_name":"Anges","article_publisher":"https:\/\/www.facebook.com\/anges.pt","article_modified_time":"2025-02-22T09:41:32+00:00","twitter_card":"summary_large_image","twitter_misc":{"Est. reading time":"6 minutes"},"schema":{"@context":"https:\/\/schema.org","@graph":[{"@type":"WebPage","@id":"https:\/\/anges.pt\/en\/2nd-congress-looks-at-palliative-care\/","url":"https:\/\/anges.pt\/en\/2nd-congress-looks-at-palliative-care\/","name":"2nd Congress, look(s) at palliative care - Anges","isPartOf":{"@id":"https:\/\/anges.pt\/en\/#website"},"datePublished":"2023-09-28T09:41:14+00:00","dateModified":"2025-02-22T09:41:32+00:00","breadcrumb":{"@id":"https:\/\/anges.pt\/en\/2nd-congress-looks-at-palliative-care\/#breadcrumb"},"inLanguage":"en-US","potentialAction":[{"@type":"ReadAction","target":["https:\/\/anges.pt\/en\/2nd-congress-looks-at-palliative-care\/"]}]},{"@type":"BreadcrumbList","@id":"https:\/\/anges.pt\/en\/2nd-congress-looks-at-palliative-care\/#breadcrumb","itemListElement":[{"@type":"ListItem","position":1,"name":"In\u00edcio","item":"https:\/\/anges.pt\/en\/home\/"},{"@type":"ListItem","position":2,"name":"2nd Congress, look(s) at palliative care"}]},{"@type":"WebSite","@id":"https:\/\/anges.pt\/en\/#website","url":"https:\/\/anges.pt\/en\/","name":"Anges","description":"Associa\u00e7\u00e3o Nacional de Gerontologia Social","publisher":{"@id":"https:\/\/anges.pt\/en\/#organization"},"alternateName":"Associa\u00e7\u00e3o Nacional de Gerontologia Social","potentialAction":[{"@type":"SearchAction","target":{"@type":"EntryPoint","urlTemplate":"https:\/\/anges.pt\/en\/?s={search_term_string}"},"query-input":{"@type":"PropertyValueSpecification","valueRequired":true,"valueName":"search_term_string"}}],"inLanguage":"en-US"},{"@type":"Organization","@id":"https:\/\/anges.pt\/en\/#organization","name":"Anges","alternateName":"Associa\u00e7\u00e3o Nacional de Gerontologia Social","url":"https:\/\/anges.pt\/en\/","logo":{"@type":"ImageObject","inLanguage":"en-US","@id":"https:\/\/anges.pt\/en\/#\/schema\/logo\/image\/","url":"https:\/\/anges.pt\/wp-content\/uploads\/2024\/08\/Dimensoes-personalizadas-3x2-cm-4.jpeg","contentUrl":"https:\/\/anges.pt\/wp-content\/uploads\/2024\/08\/Dimensoes-personalizadas-3x2-cm-4.jpeg","width":170,"height":114,"caption":"Anges"},"image":{"@id":"https:\/\/anges.pt\/en\/#\/schema\/logo\/image\/"},"sameAs":["https:\/\/www.facebook.com\/anges.pt","https:\/\/www.instagram.com\/associacaoanges\/"]}]}},"_links":{"self":[{"href":"https:\/\/anges.pt\/en\/wp-json\/wp\/v2\/pages\/14070","targetHints":{"allow":["GET"]}}],"collection":[{"href":"https:\/\/anges.pt\/en\/wp-json\/wp\/v2\/pages"}],"about":[{"href":"https:\/\/anges.pt\/en\/wp-json\/wp\/v2\/types\/page"}],"author":[{"embeddable":true,"href":"https:\/\/anges.pt\/en\/wp-json\/wp\/v2\/users\/1"}],"replies":[{"embeddable":true,"href":"https:\/\/anges.pt\/en\/wp-json\/wp\/v2\/comments?post=14070"}],"version-history":[{"count":10,"href":"https:\/\/anges.pt\/en\/wp-json\/wp\/v2\/pages\/14070\/revisions"}],"predecessor-version":[{"id":14112,"href":"https:\/\/anges.pt\/en\/wp-json\/wp\/v2\/pages\/14070\/revisions\/14112"}],"wp:attachment":[{"href":"https:\/\/anges.pt\/en\/wp-json\/wp\/v2\/media?parent=14070"}],"curies":[{"name":"wp","href":"https:\/\/api.w.org\/{rel}","templated":true}]}}